{"id":4089,"date":"2021-05-23T19:04:27","date_gmt":"2021-05-23T17:04:27","guid":{"rendered":"https:\/\/sapor.pl\/refleksole-120\/"},"modified":"2023-10-29T16:18:31","modified_gmt":"2023-10-29T15:18:31","slug":"refleksole-120","status":"publish","type":"page","link":"https:\/\/sapor.pl\/de\/refleksole-120\/","title":{"rendered":"Refleksole 120"},"content":{"rendered":"<div class=\"fusion-fullwidth fullwidth-box fusion-builder-row-1 fusion-flex-container nonhundred-percent-fullwidth non-hundred-percent-height-scrolling\" style=\"--awb-border-radius-top-left:0px;--awb-border-radius-top-right:0px;--awb-border-radius-bottom-right:0px;--awb-border-radius-bottom-left:0px;--awb-flex-wrap:wrap;\" ><div class=\"fusion-builder-row fusion-row fusion-flex-align-items-flex-start fusion-flex-content-wrap\" style=\"max-width:1528.8px;margin-left: calc(-4% \/ 2 );margin-right: calc(-4% \/ 2 );\"><div class=\"fusion-layout-column fusion_builder_column fusion-builder-column-0 fusion_builder_column_1_1 1_1 fusion-flex-column\" style=\"--awb-bg-size:cover;--awb-width-large:100%;--awb-margin-top-large:0px;--awb-spacing-right-large:1.92%;--awb-margin-bottom-large:20px;--awb-spacing-left-large:1.92%;--awb-width-medium:100%;--awb-order-medium:0;--awb-spacing-right-medium:1.92%;--awb-spacing-left-medium:1.92%;--awb-width-small:100%;--awb-order-small:0;--awb-spacing-right-small:1.92%;--awb-spacing-left-small:1.92%;\"><div class=\"fusion-column-wrapper fusion-column-has-shadow fusion-flex-justify-content-flex-start fusion-content-layout-column\"><div class=\"fusion-text fusion-text-1\"><h2><span style=\"font-weight: 400;\">Verdunklungstechnik Refleksole 120<br \/>\n<\/span><\/h2>\n<\/div><div class=\"fusion-text fusion-text-2\"><h4><span style=\"font-weight: 400;\">Effizienz und Lichtsteuerung | fortschrittliche L\u00f6sungen f\u00fcr Komfort und Privatsph\u00e4re<\/span><\/h4>\n<\/div><\/div><\/div><div class=\"fusion-layout-column fusion_builder_column fusion-builder-column-1 fusion_builder_column_1_2 1_2 fusion-flex-column fusion-flex-align-self-center fusion-animated\" style=\"--awb-bg-size:cover;--awb-width-large:50%;--awb-margin-top-large:0px;--awb-spacing-right-large:3.84%;--awb-margin-bottom-large:20px;--awb-spacing-left-large:3.84%;--awb-width-medium:50%;--awb-order-medium:0;--awb-spacing-right-medium:3.84%;--awb-spacing-left-medium:3.84%;--awb-width-small:100%;--awb-order-small:0;--awb-spacing-right-small:1.92%;--awb-spacing-left-small:1.92%;\" data-animationType=\"slideInLeft\" data-animationDuration=\"0.9\" data-animationOffset=\"top-into-view\"><div class=\"fusion-column-wrapper fusion-column-has-shadow fusion-flex-justify-content-flex-start fusion-content-layout-column\"><div class=\"fusion-image-element \" style=\"--awb-caption-title-font-family:var(--h2_typography-font-family);--awb-caption-title-font-weight:var(--h2_typography-font-weight);--awb-caption-title-font-style:var(--h2_typography-font-style);--awb-caption-title-size:var(--h2_typography-font-size);--awb-caption-title-transform:var(--h2_typography-text-transform);--awb-caption-title-line-height:var(--h2_typography-line-height);--awb-caption-title-letter-spacing:var(--h2_typography-letter-spacing);\"><span class=\" fusion-imageframe imageframe-none imageframe-1 hover-type-zoomin\"><a href=\"https:\/\/sapor.pl\/wp-content\/uploads\/2021\/05\/refleksole-120-2.jpg\" class=\"fusion-lightbox\" data-rel=\"iLightbox[73d71f619fb1f418e88]\" data-title=\"refleksole-120-2\" title=\"refleksole-120-2\"><img decoding=\"async\" width=\"1000\" height=\"667\" src=\"https:\/\/sapor.pl\/wp-content\/uploads\/2021\/05\/refleksole-120-2.jpg\" data-orig-src=\"https:\/\/sapor.pl\/wp-content\/uploads\/2021\/05\/refleksole-120-2.jpg\" alt class=\"lazyload img-responsive wp-image-859\" srcset=\"data:image\/svg+xml,%3Csvg%20xmlns%3D%27http%3A%2F%2Fwww.w3.org%2F2000%2Fsvg%27%20width%3D%271000%27%20height%3D%27667%27%20viewBox%3D%270%200%201000%20667%27%3E%3Crect%20width%3D%271000%27%20height%3D%27667%27%20fill-opacity%3D%220%22%2F%3E%3C%2Fsvg%3E\" data-srcset=\"https:\/\/sapor.pl\/wp-content\/uploads\/2021\/05\/refleksole-120-2-200x133.jpg 200w, https:\/\/sapor.pl\/wp-content\/uploads\/2021\/05\/refleksole-120-2-400x267.jpg 400w, https:\/\/sapor.pl\/wp-content\/uploads\/2021\/05\/refleksole-120-2-600x400.jpg 600w, https:\/\/sapor.pl\/wp-content\/uploads\/2021\/05\/refleksole-120-2-800x534.jpg 800w, https:\/\/sapor.pl\/wp-content\/uploads\/2021\/05\/refleksole-120-2.jpg 1000w\" data-sizes=\"auto\" data-orig-sizes=\"(max-width: 640px) 100vw, 800px\" \/><\/a><\/span><\/div><\/div><\/div><div class=\"fusion-layout-column fusion_builder_column fusion-builder-column-2 fusion_builder_column_1_2 1_2 fusion-flex-column fusion-animated\" style=\"--awb-bg-size:cover;--awb-width-large:50%;--awb-margin-top-large:0px;--awb-spacing-right-large:3.84%;--awb-margin-bottom-large:20px;--awb-spacing-left-large:3.84%;--awb-width-medium:50%;--awb-order-medium:0;--awb-spacing-right-medium:3.84%;--awb-spacing-left-medium:3.84%;--awb-width-small:100%;--awb-order-small:0;--awb-spacing-right-small:1.92%;--awb-spacing-left-small:1.92%;\" data-animationType=\"slideInRight\" data-animationDuration=\"0.3\" data-animationOffset=\"top-into-view\"><div class=\"fusion-column-wrapper fusion-column-has-shadow fusion-flex-justify-content-flex-start fusion-content-layout-column\">\n<div class=\"table-2\">\n<div class=\"table-2\">\n<div class=\"table-2\">\n<div class=\"table-2\">\n<div class=\"table-2\">\n<table width=\"100%\">\n<thead>\n<tr>\n<th align=\"left\">Allgemeine Informationen<\/th>\n<th align=\"left\"><\/th>\n<\/tr>\n<\/thead>\n<tbody>\n<tr>\n<td align=\"left\"><strong>Art der Verdunklungstechnik<\/strong><\/td>\n<td align=\"left\">Refleksole 120<\/td>\n<\/tr>\n<tr>\n<td align=\"left\"><strong>Einsatz<\/strong><\/td>\n<td align=\"left\">Fenster, Terrassen, Verglasungen<\/td>\n<\/tr>\n<tr>\n<td align=\"left\"><strong>Materialien<\/strong><\/td>\n<td align=\"left\">Gewebe mit metallisierter Beschichtung<\/td>\n<\/tr>\n<tr>\n<td align=\"left\"><strong>Farben<\/strong><\/td>\n<td align=\"left\">RAL und verschiedene Designs<\/td>\n<\/tr>\n<tr>\n<td align=\"left\"><strong>Au\u00dfenmontage<\/strong><\/td>\n<td align=\"left\">Innen- oder<\/td>\n<\/tr>\n<tr>\n<td align=\"left\"><strong>Wetterbest\u00e4ndig<\/strong><\/td>\n<td align=\"left\">Ja<\/td>\n<\/tr>\n<tr>\n<td align=\"left\"><strong>UV-best\u00e4ndig<\/strong><\/td>\n<td align=\"left\">Ja<\/td>\n<\/tr>\n<tr>\n<td align=\"left\"><strong>Feuchtigkeitsresistent<\/strong><\/td>\n<td align=\"left\">Ja<\/td>\n<\/tr>\n<tr>\n<td align=\"left\"><strong>Verf\u00fcgbare Gr\u00f6\u00dfen<\/strong><\/td>\n<td align=\"left\">angepasst an die Fensterabmessungen<\/td>\n<\/tr>\n<tr>\n<td align=\"left\"><strong>Unterputzkassette aus<\/strong><\/td>\n<td align=\"left\">Aluminiumblech mit einer \u00d6ffnung f\u00fcr Au\u00dfenputz<\/td>\n<\/tr>\n<tr>\n<td align=\"left\"><strong>Kassette f\u00fcr die Unterputz- oder Fassadenmontage<\/strong><\/td>\n<td align=\"left\">Stranggepresstes Aluminium<\/td>\n<\/tr>\n<tr>\n<td align=\"left\"><strong>Leistenf\u00fchrung<\/strong><\/td>\n<td align=\"left\">Aluminium oder Edelstahlseil<\/td>\n<\/tr>\n<\/tbody>\n<\/table>\n<\/div>\n<\/div>\n<\/div>\n<\/div>\n<\/div>\n<\/div><\/div><div class=\"fusion-layout-column fusion_builder_column fusion-builder-column-3 fusion_builder_column_1_2 1_2 fusion-flex-column fusion-flex-align-self-center fusion-animated\" style=\"--awb-bg-size:cover;--awb-width-large:50%;--awb-margin-top-large:0px;--awb-spacing-right-large:3.84%;--awb-margin-bottom-large:20px;--awb-spacing-left-large:3.84%;--awb-width-medium:50%;--awb-order-medium:0;--awb-spacing-right-medium:3.84%;--awb-spacing-left-medium:3.84%;--awb-width-small:100%;--awb-order-small:0;--awb-spacing-right-small:1.92%;--awb-spacing-left-small:1.92%;\" data-animationType=\"slideInLeft\" data-animationDuration=\"0.3\" data-animationOffset=\"top-into-view\"><div class=\"fusion-column-wrapper fusion-column-has-shadow fusion-flex-justify-content-flex-start fusion-content-layout-column\">\n<div class=\"table-2\">\n<div class=\"table-2\">\n<div class=\"table-2\">\n<div class=\"table-2\">\n<table width=\"100%\">\n<thead>\n<tr>\n<th align=\"left\">Technische Daten<\/th>\n<th align=\"left\"><\/th>\n<\/tr>\n<\/thead>\n<tbody>\n<tr>\n<td align=\"left\"><strong>Lichtreflexionsfaktor<\/strong><\/td>\n<td align=\"left\">80%<\/td>\n<\/tr>\n<tr>\n<td align=\"left\"><strong>Lichtdurchl\u00e4ssigkeitskoeffizient<\/strong><\/td>\n<td align=\"left\">20%<\/td>\n<\/tr>\n<tr>\n<td align=\"left\"><strong>\u00d6ffnungsfaktor<\/strong><\/td>\n<td align=\"left\">1-99%<\/td>\n<\/tr>\n<tr>\n<td align=\"left\"><strong>Windwiderstandsklasse bis<\/strong><\/td>\n<td align=\"left\">zu 70 km\/h<\/td>\n<\/tr>\n<tr>\n<td align=\"left\"><strong>Elektrischer Antrieb<\/strong><\/td>\n<td align=\"left\">Ja<\/td>\n<\/tr>\n<tr>\n<td align=\"left\"><strong>Manueller Antrieb<\/strong><\/td>\n<td align=\"left\">Nein<\/td>\n<\/tr>\n<tr>\n<td align=\"left\"><strong>Anwendung externe stranggepresste<\/strong><\/td>\n<td align=\"left\">Schienen<\/td>\n<\/tr>\n<tr>\n<td align=\"left\"><strong>Maximale Breite<\/strong><\/td>\n<td align=\"left\">4.0 m<\/td>\n<\/tr>\n<tr>\n<td align=\"left\"><strong>Maximale H\u00f6he<\/strong><\/td>\n<td align=\"left\">4.0 m<\/td>\n<\/tr>\n<tr>\n<td align=\"left\"><strong>Verwendung von externen<\/strong><\/td>\n<td align=\"left\">Drahtf\u00fchrungen<\/td>\n<\/tr>\n<tr>\n<td align=\"left\"><strong>Maximale Breite<\/strong><\/td>\n<td align=\"left\">3.5 m<\/td>\n<\/tr>\n<tr>\n<td align=\"left\"><strong>Maximale H\u00f6he<\/strong><\/td>\n<td align=\"left\">3.0 m<\/td>\n<\/tr>\n<tr>\n<td align=\"left\"><strong>Verwendung von internen stranggepressten<\/strong><\/td>\n<td align=\"left\">Schienen<\/td>\n<\/tr>\n<tr>\n<td align=\"left\"><strong>Maximale Breite<\/strong><\/td>\n<td align=\"left\">4.0 m<\/td>\n<\/tr>\n<tr>\n<td align=\"left\"><strong>Maximale H\u00f6he<\/strong><\/td>\n<td align=\"left\">4.0 m<\/td>\n<\/tr>\n<tr>\n<td align=\"left\"><strong>Verwendung von innenliegenden<\/strong><\/td>\n<td align=\"left\">Schienen<\/td>\n<\/tr>\n<tr>\n<td align=\"left\"><strong>Maximale Breite<\/strong><\/td>\n<td align=\"left\">4.0 m<\/td>\n<\/tr>\n<tr>\n<td align=\"left\"><strong>Maximale H\u00f6he<\/strong><\/td>\n<td align=\"left\">4.0 m<\/td>\n<\/tr>\n<\/tbody>\n<\/table>\n<\/div>\n<\/div>\n<\/div>\n<\/div>\n<\/div><\/div><div class=\"fusion-layout-column fusion_builder_column fusion-builder-column-4 fusion_builder_column_1_2 1_2 fusion-flex-column fusion-flex-align-self-center fusion-animated\" style=\"--awb-bg-size:cover;--awb-width-large:50%;--awb-margin-top-large:0px;--awb-spacing-right-large:3.84%;--awb-margin-bottom-large:20px;--awb-spacing-left-large:3.84%;--awb-width-medium:50%;--awb-order-medium:0;--awb-spacing-right-medium:3.84%;--awb-spacing-left-medium:3.84%;--awb-width-small:100%;--awb-order-small:0;--awb-spacing-right-small:1.92%;--awb-spacing-left-small:1.92%;\" data-animationType=\"slideInRight\" data-animationDuration=\"0.9\" data-animationOffset=\"top-into-view\"><div class=\"fusion-column-wrapper fusion-column-has-shadow fusion-flex-justify-content-flex-start fusion-content-layout-column\"><div class=\"fusion-image-element \" style=\"--awb-caption-title-font-family:var(--h2_typography-font-family);--awb-caption-title-font-weight:var(--h2_typography-font-weight);--awb-caption-title-font-style:var(--h2_typography-font-style);--awb-caption-title-size:var(--h2_typography-font-size);--awb-caption-title-transform:var(--h2_typography-text-transform);--awb-caption-title-line-height:var(--h2_typography-line-height);--awb-caption-title-letter-spacing:var(--h2_typography-letter-spacing);\"><span class=\" fusion-imageframe imageframe-none imageframe-2 hover-type-zoomin\"><a href=\"https:\/\/sapor.pl\/wp-content\/uploads\/2021\/05\/refleksole-120-3.jpg\" class=\"fusion-lightbox\" data-rel=\"iLightbox[1ee7bd1358965b10b3e]\" data-title=\"refleksole-120-3\" title=\"refleksole-120-3\"><img decoding=\"async\" width=\"1500\" height=\"1000\" src=\"https:\/\/sapor.pl\/wp-content\/uploads\/2021\/05\/refleksole-120-3.jpg\" data-orig-src=\"https:\/\/sapor.pl\/wp-content\/uploads\/2021\/05\/refleksole-120-3.jpg\" alt class=\"lazyload img-responsive wp-image-863\" srcset=\"data:image\/svg+xml,%3Csvg%20xmlns%3D%27http%3A%2F%2Fwww.w3.org%2F2000%2Fsvg%27%20width%3D%271500%27%20height%3D%271000%27%20viewBox%3D%270%200%201500%201000%27%3E%3Crect%20width%3D%271500%27%20height%3D%271000%27%20fill-opacity%3D%220%22%2F%3E%3C%2Fsvg%3E\" data-srcset=\"https:\/\/sapor.pl\/wp-content\/uploads\/2021\/05\/refleksole-120-3-200x133.jpg 200w, https:\/\/sapor.pl\/wp-content\/uploads\/2021\/05\/refleksole-120-3-400x267.jpg 400w, https:\/\/sapor.pl\/wp-content\/uploads\/2021\/05\/refleksole-120-3-600x400.jpg 600w, https:\/\/sapor.pl\/wp-content\/uploads\/2021\/05\/refleksole-120-3-800x533.jpg 800w, https:\/\/sapor.pl\/wp-content\/uploads\/2021\/05\/refleksole-120-3-1200x800.jpg 1200w, https:\/\/sapor.pl\/wp-content\/uploads\/2021\/05\/refleksole-120-3.jpg 1500w\" data-sizes=\"auto\" data-orig-sizes=\"(max-width: 640px) 100vw, 800px\" \/><\/a><\/span><\/div><\/div><\/div><div class=\"fusion-layout-column fusion_builder_column fusion-builder-column-5 fusion_builder_column_1_1 1_1 fusion-flex-column\" style=\"--awb-bg-size:cover;--awb-width-large:100%;--awb-margin-top-large:0px;--awb-spacing-right-large:1.92%;--awb-margin-bottom-large:20px;--awb-spacing-left-large:1.92%;--awb-width-medium:100%;--awb-order-medium:0;--awb-spacing-right-medium:1.92%;--awb-spacing-left-medium:1.92%;--awb-width-small:100%;--awb-order-small:0;--awb-spacing-right-small:1.92%;--awb-spacing-left-small:1.92%;\"><div class=\"fusion-column-wrapper fusion-column-has-shadow fusion-flex-justify-content-flex-start fusion-content-layout-column\"><div class=\"fusion-text fusion-text-3\"><h3>Erfahren Sie mehr \u00fcber die Reflex 120 Verdunklungstechnologie<\/h3>\n<p>Die Verdunklungstechnologie Refleksole 120 ist eine moderne L\u00f6sung f\u00fcr alle, die eine effektive Lichtkontrolle und Privatsph\u00e4re in ihrem Innenraum w\u00fcnschen. Der Refleksole 120 Sonnenschutz aus Stoff mit einer metallisierten Beschichtung zeichnet sich durch seine hohe Lichtreflexion aus, die einen wirksamen Schutz vor \u00fcberm\u00e4\u00dfiger Sonneneinstrahlung und \u00dcberhitzung erm\u00f6glicht. Die Vielfalt an Designs und Farben erm\u00f6glicht die Anpassung an individuelle Vorlieben und die Innenraumgestaltung.<\/p>\n<h3>Einsatz der Verdunklungstechnik Refleksole 120:<\/h3>\n<p>&#8211; In Fenstern, um den Lichteinfall zu steuern und die richtige Temperatur in Innenr\u00e4umen zu erhalten.<br \/>\n&#8211; Auf Terrassen und Verglasungen, um gem\u00fctliche R\u00e4ume f\u00fcr Ruhe und Entspannung zu schaffen.<br \/>\n&#8211; In R\u00e4umen, in denen Sie Ihre Privatsph\u00e4re sch\u00fctzen m\u00f6chten, bieten sie einen wirksamen Schutz vor neugierigen Blicken von Au\u00dfenstehenden.<\/p>\n<h3>Wem empfehlen wir die Reflex 120 Verdunklungstechnologie?<\/h3>\n<p>Personen, die auf der Suche nach einer effektiven und funktionalen Beschattungstechnologie sind, mit der sie die Lichtmenge an ihre Bed\u00fcrfnisse anpassen k\u00f6nnen.<br \/>\nInvestoren und Architekten, die \u00c4sthetik und innovative L\u00f6sungen f\u00fcr den Innenraumschutz sch\u00e4tzen.<\/p>\n<h3>F\u00fcr welchen Endkunden ist die Reflex 120 Abschirmtechnologie interessant?<\/h3>\n<p>F\u00fcr Kunden, die komfortable und klimatisierte Innenr\u00e4ume schaffen m\u00f6chten und dabei auf den Schutz vor \u00fcberm\u00e4\u00dfiger Sonneneinstrahlung achten.<br \/>\nF\u00fcr Personen, die nach einer effektiven L\u00f6sung suchen, die Privatsph\u00e4re und Komfort bietet.<\/p>\n<h3>Eine gute Alternative zur Verdunklungstechnik Reflex 120 \u2013 die Soltis 86<\/h3>\n<p>Wenn Sie an einer noch besseren Kontrolle des einfallenden Lichts und einer h\u00f6heren Energieeffizienz interessiert sind, sollten Sie die Alternative Soltis 86 Verdunklungtechnologie in Betracht ziehen. Dieses Modell bietet fortschrittliche L\u00f6sungen und zus\u00e4tzlichen UV-Schutz.<\/p>\n<h3>Mehr \u00fcber den Hersteller der Verdunklungstechnik Refleksole 120<\/h3>\n<p>Die Firma Refleksole ist ein angesehener Hersteller von innovativer Beschattungstechnologie, der sich der Qualit\u00e4t und Funktionalit\u00e4t seiner Produkte verschrieben hat. Die Verdunklungstechnologie Refleksole 120 ist das Ergebnis ihres Engagements, einzigartige L\u00f6sungen f\u00fcr ihre Kunden zu schaffen.<\/p>\n<h4>Erfahren Sie mehr \u00fcber die St\u00e4rken der Reflex 120 Abschirmtechnologie:<\/h4>\n<p>&#8211; Hohe Lichtreflexion f\u00fcr eine effektive Regulierung von Sonnenlicht und Innentemperatur.<br \/>\n&#8211; Strapazierf\u00e4higer Stoff mit metallisierter Beschichtung, resistent gegen Feuchtigkeit und UV-Strahlung.<\/p>\n<h3>Zusammenfassung der Verdunklungstechnik Reflektoren 120:<\/h3>\n<p>Die Refleksole 120 Verdunklungstechnik ist die perfekte L\u00f6sung f\u00fcr alle, die einen wirksamen Schutz vor \u00fcberm\u00e4\u00dfiger Sonneneinstrahlung und Privatsph\u00e4re in ihrem Innenraum w\u00fcnschen. Dank seiner fortschrittlichen technischen Eigenschaften garantiert dieser Sonnenschutz Komfort und Bequemlichkeit. Entscheiden Sie sich f\u00fcr die Refleksole 120 Verdunklungstechnik, um Funktionalit\u00e4t, \u00c4sthetik und Energieeinsparungen zu genie\u00dfen und gleichzeitig angenehme und harmonische Innenr\u00e4ume zu schaffen.<\/p>\n<\/div><\/div><\/div><\/div><\/div>\n","protected":false},"excerpt":{"rendered":"","protected":false},"author":1,"featured_media":0,"parent":0,"menu_order":0,"comment_status":"closed","ping_status":"closed","template":"","meta":{"footnotes":""},"class_list":["post-4089","page","type-page","status-publish","hentry"],"yoast_head":"<!-- This site is optimized with the Yoast SEO plugin v26.5 - https:\/\/yoast.com\/wordpress\/plugins\/seo\/ -->\n<title>Refleksole 120 - Sapor<\/title>\n<meta name=\"robots\" content=\"index, follow, max-snippet:-1, max-image-preview:large, max-video-preview:-1\" \/>\n<link rel=\"canonical\" href=\"https:\/\/sapor.pl\/refleksole-120\/\" \/>\n<meta property=\"og:locale\" content=\"de_DE\" \/>\n<meta property=\"og:type\" content=\"article\" \/>\n<meta property=\"og:title\" content=\"Refleksole 120 - Sapor\" \/>\n<meta property=\"og:url\" content=\"https:\/\/sapor.pl\/refleksole-120\/\" \/>\n<meta property=\"og:site_name\" content=\"Sapor\" \/>\n<meta property=\"article:publisher\" content=\"https:\/\/www.facebook.com\/SAPOR.Fabryka.okien.i.drzwi\/\" \/>\n<meta property=\"article:modified_time\" content=\"2023-10-29T15:18:31+00:00\" \/>\n<meta name=\"twitter:card\" content=\"summary_large_image\" \/>\n<meta name=\"twitter:label1\" content=\"Gesch\u00e4tzte Lesezeit\" \/>\n\t<meta name=\"twitter:data1\" content=\"9\u00a0Minuten\" \/>\n<script type=\"application\/ld+json\" class=\"yoast-schema-graph\">{\"@context\":\"https:\/\/schema.org\",\"@graph\":[{\"@type\":\"WebPage\",\"@id\":\"https:\/\/sapor.pl\/refleksole-120\/\",\"url\":\"https:\/\/sapor.pl\/refleksole-120\/\",\"name\":\"Refleksole 120 - Sapor\",\"isPartOf\":{\"@id\":\"https:\/\/sapor.pl\/en\/#website\"},\"datePublished\":\"2021-05-23T17:04:27+00:00\",\"dateModified\":\"2023-10-29T15:18:31+00:00\",\"breadcrumb\":{\"@id\":\"https:\/\/sapor.pl\/refleksole-120\/#breadcrumb\"},\"inLanguage\":\"de\",\"potentialAction\":[{\"@type\":\"ReadAction\",\"target\":[\"https:\/\/sapor.pl\/refleksole-120\/\"]}]},{\"@type\":\"BreadcrumbList\",\"@id\":\"https:\/\/sapor.pl\/refleksole-120\/#breadcrumb\",\"itemListElement\":[{\"@type\":\"ListItem\",\"position\":1,\"name\":\"Startseite\",\"item\":\"https:\/\/sapor.pl\/de\/\"},{\"@type\":\"ListItem\",\"position\":2,\"name\":\"Refleksole 120\"}]},{\"@type\":\"WebSite\",\"@id\":\"https:\/\/sapor.pl\/en\/#website\",\"url\":\"https:\/\/sapor.pl\/en\/\",\"name\":\"Sapor\",\"description\":\"\",\"publisher\":{\"@id\":\"https:\/\/sapor.pl\/en\/#organization\"},\"potentialAction\":[{\"@type\":\"SearchAction\",\"target\":{\"@type\":\"EntryPoint\",\"urlTemplate\":\"https:\/\/sapor.pl\/en\/?s={search_term_string}\"},\"query-input\":{\"@type\":\"PropertyValueSpecification\",\"valueRequired\":true,\"valueName\":\"search_term_string\"}}],\"inLanguage\":\"de\"},{\"@type\":\"Organization\",\"@id\":\"https:\/\/sapor.pl\/en\/#organization\",\"name\":\"Sapor Sp. z o. o.\",\"url\":\"https:\/\/sapor.pl\/en\/\",\"logo\":{\"@type\":\"ImageObject\",\"inLanguage\":\"de\",\"@id\":\"https:\/\/sapor.pl\/en\/#\/schema\/logo\/image\/\",\"url\":\"https:\/\/sapor.pl\/wp-content\/uploads\/2021\/04\/logo-sapor-e1618419520128.png\",\"contentUrl\":\"https:\/\/sapor.pl\/wp-content\/uploads\/2021\/04\/logo-sapor-e1618419520128.png\",\"width\":140,\"height\":67,\"caption\":\"Sapor Sp. z o. o.\"},\"image\":{\"@id\":\"https:\/\/sapor.pl\/en\/#\/schema\/logo\/image\/\"},\"sameAs\":[\"https:\/\/www.facebook.com\/SAPOR.Fabryka.okien.i.drzwi\/\"]}]}<\/script>\n<!-- \/ Yoast SEO plugin. -->","yoast_head_json":{"title":"Refleksole 120 - Sapor","robots":{"index":"index","follow":"follow","max-snippet":"max-snippet:-1","max-image-preview":"max-image-preview:large","max-video-preview":"max-video-preview:-1"},"canonical":"https:\/\/sapor.pl\/refleksole-120\/","og_locale":"de_DE","og_type":"article","og_title":"Refleksole 120 - Sapor","og_url":"https:\/\/sapor.pl\/refleksole-120\/","og_site_name":"Sapor","article_publisher":"https:\/\/www.facebook.com\/SAPOR.Fabryka.okien.i.drzwi\/","article_modified_time":"2023-10-29T15:18:31+00:00","twitter_card":"summary_large_image","twitter_misc":{"Gesch\u00e4tzte Lesezeit":"9\u00a0Minuten"},"schema":{"@context":"https:\/\/schema.org","@graph":[{"@type":"WebPage","@id":"https:\/\/sapor.pl\/refleksole-120\/","url":"https:\/\/sapor.pl\/refleksole-120\/","name":"Refleksole 120 - Sapor","isPartOf":{"@id":"https:\/\/sapor.pl\/en\/#website"},"datePublished":"2021-05-23T17:04:27+00:00","dateModified":"2023-10-29T15:18:31+00:00","breadcrumb":{"@id":"https:\/\/sapor.pl\/refleksole-120\/#breadcrumb"},"inLanguage":"de","potentialAction":[{"@type":"ReadAction","target":["https:\/\/sapor.pl\/refleksole-120\/"]}]},{"@type":"BreadcrumbList","@id":"https:\/\/sapor.pl\/refleksole-120\/#breadcrumb","itemListElement":[{"@type":"ListItem","position":1,"name":"Startseite","item":"https:\/\/sapor.pl\/de\/"},{"@type":"ListItem","position":2,"name":"Refleksole 120"}]},{"@type":"WebSite","@id":"https:\/\/sapor.pl\/en\/#website","url":"https:\/\/sapor.pl\/en\/","name":"Sapor","description":"","publisher":{"@id":"https:\/\/sapor.pl\/en\/#organization"},"potentialAction":[{"@type":"SearchAction","target":{"@type":"EntryPoint","urlTemplate":"https:\/\/sapor.pl\/en\/?s={search_term_string}"},"query-input":{"@type":"PropertyValueSpecification","valueRequired":true,"valueName":"search_term_string"}}],"inLanguage":"de"},{"@type":"Organization","@id":"https:\/\/sapor.pl\/en\/#organization","name":"Sapor Sp. z o. o.","url":"https:\/\/sapor.pl\/en\/","logo":{"@type":"ImageObject","inLanguage":"de","@id":"https:\/\/sapor.pl\/en\/#\/schema\/logo\/image\/","url":"https:\/\/sapor.pl\/wp-content\/uploads\/2021\/04\/logo-sapor-e1618419520128.png","contentUrl":"https:\/\/sapor.pl\/wp-content\/uploads\/2021\/04\/logo-sapor-e1618419520128.png","width":140,"height":67,"caption":"Sapor Sp. z o. o."},"image":{"@id":"https:\/\/sapor.pl\/en\/#\/schema\/logo\/image\/"},"sameAs":["https:\/\/www.facebook.com\/SAPOR.Fabryka.okien.i.drzwi\/"]}]}},"_links":{"self":[{"href":"https:\/\/sapor.pl\/de\/wp-json\/wp\/v2\/pages\/4089","targetHints":{"allow":["GET"]}}],"collection":[{"href":"https:\/\/sapor.pl\/de\/wp-json\/wp\/v2\/pages"}],"about":[{"href":"https:\/\/sapor.pl\/de\/wp-json\/wp\/v2\/types\/page"}],"author":[{"embeddable":true,"href":"https:\/\/sapor.pl\/de\/wp-json\/wp\/v2\/users\/1"}],"replies":[{"embeddable":true,"href":"https:\/\/sapor.pl\/de\/wp-json\/wp\/v2\/comments?post=4089"}],"version-history":[{"count":1,"href":"https:\/\/sapor.pl\/de\/wp-json\/wp\/v2\/pages\/4089\/revisions"}],"predecessor-version":[{"id":4090,"href":"https:\/\/sapor.pl\/de\/wp-json\/wp\/v2\/pages\/4089\/revisions\/4090"}],"wp:attachment":[{"href":"https:\/\/sapor.pl\/de\/wp-json\/wp\/v2\/media?parent=4089"}],"curies":[{"name":"wp","href":"https:\/\/api.w.org\/{rel}","templated":true}]}}