{"id":4099,"date":"2021-05-23T19:04:12","date_gmt":"2021-05-23T17:04:12","guid":{"rendered":"https:\/\/sapor.pl\/system-veranda\/"},"modified":"2023-12-05T15:39:14","modified_gmt":"2023-12-05T14:39:14","slug":"system-veranda","status":"publish","type":"page","link":"https:\/\/sapor.pl\/de\/system-veranda\/","title":{"rendered":"System Veranda"},"content":{"rendered":"<div class=\"fusion-fullwidth fullwidth-box fusion-builder-row-1 fusion-flex-container nonhundred-percent-fullwidth non-hundred-percent-height-scrolling\" style=\"--awb-border-radius-top-left:0px;--awb-border-radius-top-right:0px;--awb-border-radius-bottom-right:0px;--awb-border-radius-bottom-left:0px;--awb-flex-wrap:wrap;\" ><div class=\"fusion-builder-row fusion-row fusion-flex-align-items-flex-start fusion-flex-content-wrap\" style=\"max-width:1528.8px;margin-left: calc(-4% \/ 2 );margin-right: calc(-4% \/ 2 );\"><div class=\"fusion-layout-column fusion_builder_column fusion-builder-column-0 fusion_builder_column_1_1 1_1 fusion-flex-column\" style=\"--awb-bg-size:cover;--awb-width-large:100%;--awb-margin-top-large:0px;--awb-spacing-right-large:1.92%;--awb-margin-bottom-large:20px;--awb-spacing-left-large:1.92%;--awb-width-medium:100%;--awb-order-medium:0;--awb-spacing-right-medium:1.92%;--awb-spacing-left-medium:1.92%;--awb-width-small:100%;--awb-order-small:0;--awb-spacing-right-small:1.92%;--awb-spacing-left-small:1.92%;\"><div class=\"fusion-column-wrapper fusion-column-has-shadow fusion-flex-justify-content-flex-start fusion-content-layout-column\"><div class=\"fusion-text fusion-text-1\"><h2><span style=\"font-weight: 400;\">Verdunklungstechnik System Veranda<\/span><\/h2>\n<\/div><div class=\"fusion-text fusion-text-2\"><h4><span style=\"font-weight: 400;\">Eleganz und Witterungsschutz | perfekter Au\u00dfenbereich<\/span><\/h4>\n<\/div><\/div><\/div><div class=\"fusion-layout-column fusion_builder_column fusion-builder-column-1 fusion_builder_column_1_2 1_2 fusion-flex-column fusion-animated\" style=\"--awb-bg-size:cover;--awb-width-large:50%;--awb-margin-top-large:0px;--awb-spacing-right-large:3.84%;--awb-margin-bottom-large:20px;--awb-spacing-left-large:3.84%;--awb-width-medium:50%;--awb-order-medium:0;--awb-spacing-right-medium:3.84%;--awb-spacing-left-medium:3.84%;--awb-width-small:100%;--awb-order-small:0;--awb-spacing-right-small:1.92%;--awb-spacing-left-small:1.92%;\" data-animationType=\"slideInLeft\" data-animationDuration=\"0.9\" data-animationOffset=\"top-into-view\"><div class=\"fusion-column-wrapper fusion-column-has-shadow fusion-flex-justify-content-flex-start fusion-content-layout-column\"><div class=\"fusion-image-element \" style=\"--awb-caption-title-font-family:var(--h2_typography-font-family);--awb-caption-title-font-weight:var(--h2_typography-font-weight);--awb-caption-title-font-style:var(--h2_typography-font-style);--awb-caption-title-size:var(--h2_typography-font-size);--awb-caption-title-transform:var(--h2_typography-text-transform);--awb-caption-title-line-height:var(--h2_typography-line-height);--awb-caption-title-letter-spacing:var(--h2_typography-letter-spacing);\"><span class=\" fusion-imageframe imageframe-none imageframe-1 hover-type-zoomin\"><a href=\"https:\/\/sapor.pl\/wp-content\/uploads\/2021\/05\/system-veranda-1.jpg\" class=\"fusion-lightbox\" data-rel=\"iLightbox[feac3b6d4b027b6246e]\" data-title=\"system-veranda-1\" title=\"system-veranda-1\"><img decoding=\"async\" width=\"1000\" height=\"667\" src=\"https:\/\/sapor.pl\/wp-content\/uploads\/2021\/05\/system-veranda-1.jpg\" data-orig-src=\"https:\/\/sapor.pl\/wp-content\/uploads\/2021\/05\/system-veranda-1.jpg\" alt class=\"lazyload img-responsive wp-image-847\" srcset=\"data:image\/svg+xml,%3Csvg%20xmlns%3D%27http%3A%2F%2Fwww.w3.org%2F2000%2Fsvg%27%20width%3D%271000%27%20height%3D%27667%27%20viewBox%3D%270%200%201000%20667%27%3E%3Crect%20width%3D%271000%27%20height%3D%27667%27%20fill-opacity%3D%220%22%2F%3E%3C%2Fsvg%3E\" data-srcset=\"https:\/\/sapor.pl\/wp-content\/uploads\/2021\/05\/system-veranda-1-200x133.jpg 200w, https:\/\/sapor.pl\/wp-content\/uploads\/2021\/05\/system-veranda-1-400x267.jpg 400w, https:\/\/sapor.pl\/wp-content\/uploads\/2021\/05\/system-veranda-1-600x400.jpg 600w, https:\/\/sapor.pl\/wp-content\/uploads\/2021\/05\/system-veranda-1-800x534.jpg 800w, https:\/\/sapor.pl\/wp-content\/uploads\/2021\/05\/system-veranda-1.jpg 1000w\" data-sizes=\"auto\" data-orig-sizes=\"(max-width: 640px) 100vw, 800px\" \/><\/a><\/span><\/div><\/div><\/div><div class=\"fusion-layout-column fusion_builder_column fusion-builder-column-2 fusion_builder_column_1_2 1_2 fusion-flex-column fusion-animated\" style=\"--awb-bg-size:cover;--awb-width-large:50%;--awb-margin-top-large:0px;--awb-spacing-right-large:3.84%;--awb-margin-bottom-large:20px;--awb-spacing-left-large:3.84%;--awb-width-medium:50%;--awb-order-medium:0;--awb-spacing-right-medium:3.84%;--awb-spacing-left-medium:3.84%;--awb-width-small:100%;--awb-order-small:0;--awb-spacing-right-small:1.92%;--awb-spacing-left-small:1.92%;\" data-animationType=\"slideInRight\" data-animationDuration=\"0.3\" data-animationOffset=\"top-into-view\"><div class=\"fusion-column-wrapper fusion-column-has-shadow fusion-flex-justify-content-flex-start fusion-content-layout-column\">\n<div class=\"table-2\">\n<table width=\"100%\">\n<thead>\n<tr>\n<th align=\"left\">Allgemeine Informationen<\/th>\n<th align=\"left\"><\/th>\n<\/tr>\n<\/thead>\n<tbody>\n<tr>\n<td align=\"left\"><strong>Art der Verdunklungstechnik<\/strong><\/td>\n<td align=\"left\">System Veranda<\/td>\n<\/tr>\n<tr>\n<td align=\"left\"><strong>Einsatzgebiet<\/strong><\/td>\n<td align=\"left\">Terrassen, Balkone, Au\u00dfenbereiche<\/td>\n<\/tr>\n<tr>\n<td align=\"left\"><strong>Material<\/strong><\/td>\n<td align=\"left\">Aluminiumprofile und hochwertige Stoffe<\/td>\n<\/tr>\n<tr>\n<td align=\"left\"><strong>Farbe<\/strong><\/td>\n<td align=\"left\">verschiedene Farben zur Auswahl<\/td>\n<\/tr>\n<tr>\n<td align=\"left\"><strong>Installation<\/strong><\/td>\n<td align=\"left\">au\u00dfen<\/td>\n<\/tr>\n<tr>\n<td align=\"left\"><strong>Wetterbest\u00e4ndigkeit<\/strong><\/td>\n<td align=\"left\">Ja<\/td>\n<\/tr>\n<tr>\n<td align=\"left\"><strong>UV-Best\u00e4ndigkeit<\/strong><\/td>\n<td align=\"left\">Ja<\/td>\n<\/tr>\n<tr>\n<td align=\"left\"><strong>Feuchtigkeitsresistenz<\/strong><\/td>\n<td align=\"left\">Ja<\/td>\n<\/tr>\n<tr>\n<td align=\"left\"><strong>Verf\u00fcgbare Gr\u00f6\u00dfen<\/strong><\/td>\n<td align=\"left\">anpassbar an die Abmessungen von Terrasse und Balkon<\/td>\n<\/tr>\n<\/tbody>\n<\/table>\n<\/div>\n<\/div><\/div><div class=\"fusion-layout-column fusion_builder_column fusion-builder-column-3 fusion_builder_column_1_2 1_2 fusion-flex-column fusion-flex-align-self-center fusion-animated\" style=\"--awb-bg-size:cover;--awb-width-large:50%;--awb-margin-top-large:0px;--awb-spacing-right-large:3.84%;--awb-margin-bottom-large:20px;--awb-spacing-left-large:3.84%;--awb-width-medium:50%;--awb-order-medium:0;--awb-spacing-right-medium:3.84%;--awb-spacing-left-medium:3.84%;--awb-width-small:100%;--awb-order-small:0;--awb-spacing-right-small:1.92%;--awb-spacing-left-small:1.92%;\" data-animationType=\"slideInLeft\" data-animationDuration=\"0.3\" data-animationOffset=\"top-into-view\"><div class=\"fusion-column-wrapper fusion-column-has-shadow fusion-flex-justify-content-flex-start fusion-content-layout-column\">\n<div class=\"table-2\">\n<table width=\"100%\">\n<thead>\n<tr>\n<th align=\"left\">Technische Daten<\/th>\n<th align=\"left\"><\/th>\n<\/tr>\n<\/thead>\n<tbody>\n<tr>\n<td align=\"left\"><strong>Bauh\u00f6he<\/strong><\/td>\n<td align=\"left\">ma\u00dfgeschneidert<\/td>\n<\/tr>\n<tr>\n<td align=\"left\"><strong>Maximale Breite<\/strong><\/td>\n<td align=\"left\">bis zu 6 Meter<\/td>\n<\/tr>\n<tr>\n<td align=\"left\"><strong>Maximaler \u00dcberhang<\/strong><\/td>\n<td align=\"left\">bis zu 4 Meter<\/td>\n<\/tr>\n<tr>\n<td align=\"left\"><strong>Windwiderstandsklasse<\/strong><\/td>\n<td align=\"left\">bis zu 120 km\/h<\/td>\n<\/tr>\n<tr>\n<td align=\"left\"><strong>Maximale H\u00f6he der Terrasse<\/strong><\/td>\n<td align=\"left\">ma\u00dfgeschneidert<\/td>\n<\/tr>\n<\/tbody>\n<\/table>\n<\/div>\n<\/div><\/div><div class=\"fusion-layout-column fusion_builder_column fusion-builder-column-4 fusion_builder_column_1_2 1_2 fusion-flex-column fusion-animated\" style=\"--awb-bg-size:cover;--awb-width-large:50%;--awb-margin-top-large:0px;--awb-spacing-right-large:3.84%;--awb-margin-bottom-large:20px;--awb-spacing-left-large:3.84%;--awb-width-medium:50%;--awb-order-medium:0;--awb-spacing-right-medium:3.84%;--awb-spacing-left-medium:3.84%;--awb-width-small:100%;--awb-order-small:0;--awb-spacing-right-small:1.92%;--awb-spacing-left-small:1.92%;\" data-animationType=\"slideInRight\" data-animationDuration=\"0.9\" data-animationOffset=\"top-into-view\"><div class=\"fusion-column-wrapper fusion-column-has-shadow fusion-flex-justify-content-flex-start fusion-content-layout-column\"><div class=\"fusion-image-element \" style=\"--awb-caption-title-font-family:var(--h2_typography-font-family);--awb-caption-title-font-weight:var(--h2_typography-font-weight);--awb-caption-title-font-style:var(--h2_typography-font-style);--awb-caption-title-size:var(--h2_typography-font-size);--awb-caption-title-transform:var(--h2_typography-text-transform);--awb-caption-title-line-height:var(--h2_typography-line-height);--awb-caption-title-letter-spacing:var(--h2_typography-letter-spacing);\"><span class=\" fusion-imageframe imageframe-none imageframe-2 hover-type-zoomin\"><a href=\"https:\/\/sapor.pl\/wp-content\/uploads\/2021\/05\/system-veranda-2.jpg\" class=\"fusion-lightbox\" data-rel=\"iLightbox[233baa49ee0bab3ce41]\" data-title=\"system-veranda-2\" title=\"system-veranda-2\"><img decoding=\"async\" width=\"1000\" height=\"667\" src=\"https:\/\/sapor.pl\/wp-content\/uploads\/2021\/05\/system-veranda-2.jpg\" data-orig-src=\"https:\/\/sapor.pl\/wp-content\/uploads\/2021\/05\/system-veranda-2.jpg\" alt class=\"lazyload img-responsive wp-image-851\" srcset=\"data:image\/svg+xml,%3Csvg%20xmlns%3D%27http%3A%2F%2Fwww.w3.org%2F2000%2Fsvg%27%20width%3D%271000%27%20height%3D%27667%27%20viewBox%3D%270%200%201000%20667%27%3E%3Crect%20width%3D%271000%27%20height%3D%27667%27%20fill-opacity%3D%220%22%2F%3E%3C%2Fsvg%3E\" data-srcset=\"https:\/\/sapor.pl\/wp-content\/uploads\/2021\/05\/system-veranda-2-200x133.jpg 200w, https:\/\/sapor.pl\/wp-content\/uploads\/2021\/05\/system-veranda-2-400x267.jpg 400w, https:\/\/sapor.pl\/wp-content\/uploads\/2021\/05\/system-veranda-2-600x400.jpg 600w, https:\/\/sapor.pl\/wp-content\/uploads\/2021\/05\/system-veranda-2-800x534.jpg 800w, https:\/\/sapor.pl\/wp-content\/uploads\/2021\/05\/system-veranda-2.jpg 1000w\" data-sizes=\"auto\" data-orig-sizes=\"(max-width: 640px) 100vw, 800px\" \/><\/a><\/span><\/div><\/div><\/div><div class=\"fusion-layout-column fusion_builder_column fusion-builder-column-5 fusion_builder_column_1_1 1_1 fusion-flex-column\" style=\"--awb-bg-size:cover;--awb-width-large:100%;--awb-margin-top-large:0px;--awb-spacing-right-large:1.92%;--awb-margin-bottom-large:20px;--awb-spacing-left-large:1.92%;--awb-width-medium:100%;--awb-order-medium:0;--awb-spacing-right-medium:1.92%;--awb-spacing-left-medium:1.92%;--awb-width-small:100%;--awb-order-small:0;--awb-spacing-right-small:1.92%;--awb-spacing-left-small:1.92%;\"><div class=\"fusion-column-wrapper fusion-column-has-shadow fusion-flex-justify-content-flex-start fusion-content-layout-column\"><div class=\"fusion-text fusion-text-3\"><h2><span style=\"font-weight: 400;\">Entdecken Sie die Verdunklungstechnik System Veranda<\/span><\/h2>\n<p><span style=\"font-weight: 400;\">Die Verdunklungstechnik System Veranda ist eine einzigartige L\u00f6sung f\u00fcr alle, die elegante und funktionale R\u00e4ume im Freien schaffen m\u00f6chten. Dank seiner Aluminiumprofile und hochwertigen Stoffe bietet das Veranda-System nicht nur Schutz vor dem Wetter, sondern schafft auch einen einzigartigen Ort zum Entspannen und Erholen im Freien. Eine Vielzahl von Farben und ma\u00dfgeschneiderten Gr\u00f6\u00dfen erm\u00f6glichen eine vollst\u00e4ndige Personalisierung, die auf die individuellen Bed\u00fcrfnisse der Kunden zugeschnitten ist.<\/span><\/p>\n<h3><\/h3>\n<h2><span style=\"font-weight: 400;\">Anwendung der Verdunklungstechnik System Veranda:<\/span><\/h2>\n<p><span style=\"font-weight: 400;\">&#8211; Auf Terrassen und Balkonen, um einen gem\u00fctlichen und eleganten Raum zum Entspannen und Zusammensein mit Familie und Freunden zu schaffen.<\/span><span style=\"font-weight: 400;\"><br \/>\n<\/span><span style=\"font-weight: 400;\">&#8211; In Caf\u00e9s und Restaurants, um den Kunden einen komfortablen Au\u00dfenbereich, unabh\u00e4ngig von den Wetterbedingungen zu bieten.<\/span><span style=\"font-weight: 400;\"><br \/>\n<\/span><span style=\"font-weight: 400;\">&#8211; In \u00f6ffentlichen R\u00e4umen wie Hotels, Parks oder Pl\u00e4tzen, um den Benutzern Schutz und Komfort zu bieten.<\/span><\/p>\n<h3><\/h3>\n<h2><span style=\"font-weight: 400;\">Wem empfehlen wir die System Veranda Verdunklungstechnik?<\/span><\/h2>\n<p><span style=\"font-weight: 400;\">Personen, die ein elegantes Design und Funktionalit\u00e4t zu sch\u00e4tzen wissen und beides in der perfekten Gestaltung des Au\u00dfenbereichs kombinieren.<\/span><\/p>\n<p><span style=\"font-weight: 400;\">Eigent\u00fcmern von Restaurants, Hotels und anderen Dienstleistungsbetrieben, die ihren Kunden eine komfortable Umgebung im Freien bieten m\u00f6chten.<\/span><\/p>\n<h3><\/h3>\n<h2><span style=\"font-weight: 400;\">F\u00fcr welche Endkunden ist die Verdunklungstechnik von System Veranda interessant?<\/span><\/h2>\n<p><span style=\"font-weight: 400;\">F\u00fcr Kunden, die davon tr\u00e4umen, einen gro\u00dfz\u00fcgigen und stilvollen Raum auf ihrer Terrasse oder ihrem Balkon zu schaffen, der es ihnen erm\u00f6glicht, das Beste aus ihrem Au\u00dfenbereich zu machen.<\/span><span style=\"font-weight: 400;\"><br \/>\n<\/span><span style=\"font-weight: 400;\">F\u00fcr Personen, die einen einzigartigen Au\u00dfenbereich schaffen m\u00f6chten, der sowohl \u00e4sthetischen als auch funktionalen Anspr\u00fcchen gerecht wird.<\/span><\/p>\n<h3><\/h3>\n<h2><span style=\"font-weight: 400;\">Eine gute Alternative zur Verdunklungstechnik Veranda System &#8211; Pergotenda Corradi<\/span><\/h2>\n<p><span style=\"font-weight: 400;\">Sollten Sie an noch fortschrittlicherer Technologie und Design interessiert sein, ist die Alternative der Verdunklungstechnik von Pergotenda Corradi eine \u00dcberlegung wert. Dieses Modell bietet innovative L\u00f6sungen und einzigartige Anpassungsm\u00f6glichkeiten.<\/span><\/p>\n<h3><\/h3>\n<h2><span style=\"font-weight: 400;\">Mehr \u00fcber den Hersteller der Verdunklungstechnik System Veranda<\/span><\/h2>\n<p><span style=\"font-weight: 400;\">Der Produzent von System Veranda ist ein angesehener Hersteller von qualitativ hochwertiger Verdunklungstechnik, der f\u00fcr seine Innovation und Liebe zum Detail bekannt ist. Die Verdunklungstechnik System Veranda ist das Ergebnis der Leidenschaft des Unternehmens f\u00fcr die Gestaltung von Au\u00dfenbereichen.<\/span><\/p>\n<h3><\/h3>\n<h2><span style=\"font-weight: 400;\">Lesen Sie mehr \u00fcber die St\u00e4rken der Verdunklungstechnik System Veranda:<\/span><\/h2>\n<p><span style=\"font-weight: 400;\">&#8211; Robuste Aluminiumprofilkonstruktion f\u00fcr Langlebigkeit und Wetterbest\u00e4ndigkeit.<\/span><span style=\"font-weight: 400;\"><br \/>\n<\/span><span style=\"font-weight: 400;\">&#8211; Hochwertige Stoffe, resistent gegen UV-Strahlung und Feuchtigkeit.<\/span><\/p>\n<h3><\/h3>\n<h3><span style=\"font-weight: 400;\">Zusammenfassung der Verdunklungstechnik System Veranda:<\/span><\/h3>\n<p><span style=\"font-weight: 400;\">Die Verdunklungstechnik System Veranda ist die perfekte L\u00f6sung f\u00fcr alle, die funktionelle und elegante R\u00e4ume im Au\u00dfenbereich ihres Hauses oder Grundst\u00fccks schaffen m\u00f6chten. Dank seiner fortschrittlichen technischen Parameter garantiert diese \u00dcberdachung Komfort und Bequemlichkeit f\u00fcr Privat- und Gesch\u00e4ftskunden. Entscheiden Sie sich f\u00fcr die Verdunklungstechnik System Veranda, um die Sch\u00f6nheit und den Schutz des Au\u00dfenbereichs zu genie\u00dfen und eine einzigartige Atmosph\u00e4re zu schaffen, um Zeit auf Ihrer Terrasse oder Ihrem Balkon zu verbringen.<\/span><\/p>\n<\/div><\/div><\/div><\/div><\/div>\n","protected":false},"excerpt":{"rendered":"","protected":false},"author":1,"featured_media":0,"parent":0,"menu_order":0,"comment_status":"closed","ping_status":"closed","template":"","meta":{"footnotes":""},"class_list":["post-4099","page","type-page","status-publish","hentry"],"yoast_head":"<!-- This site is optimized with the Yoast SEO plugin v26.5 - https:\/\/yoast.com\/wordpress\/plugins\/seo\/ -->\n<title>System Veranda - Sapor<\/title>\n<meta name=\"robots\" content=\"index, follow, max-snippet:-1, max-image-preview:large, max-video-preview:-1\" \/>\n<link rel=\"canonical\" href=\"https:\/\/sapor.pl\/system-veranda\/\" \/>\n<meta property=\"og:locale\" content=\"de_DE\" \/>\n<meta property=\"og:type\" content=\"article\" \/>\n<meta property=\"og:title\" content=\"System Veranda - Sapor\" \/>\n<meta property=\"og:url\" content=\"https:\/\/sapor.pl\/system-veranda\/\" \/>\n<meta property=\"og:site_name\" content=\"Sapor\" \/>\n<meta property=\"article:publisher\" content=\"https:\/\/www.facebook.com\/SAPOR.Fabryka.okien.i.drzwi\/\" \/>\n<meta property=\"article:modified_time\" content=\"2023-12-05T14:39:14+00:00\" \/>\n<meta name=\"twitter:card\" content=\"summary_large_image\" \/>\n<meta name=\"twitter:label1\" content=\"Gesch\u00e4tzte Lesezeit\" \/>\n\t<meta name=\"twitter:data1\" content=\"9\u00a0Minuten\" \/>\n<script type=\"application\/ld+json\" class=\"yoast-schema-graph\">{\"@context\":\"https:\/\/schema.org\",\"@graph\":[{\"@type\":\"WebPage\",\"@id\":\"https:\/\/sapor.pl\/system-veranda\/\",\"url\":\"https:\/\/sapor.pl\/system-veranda\/\",\"name\":\"System Veranda - Sapor\",\"isPartOf\":{\"@id\":\"https:\/\/sapor.pl\/en\/#website\"},\"datePublished\":\"2021-05-23T17:04:12+00:00\",\"dateModified\":\"2023-12-05T14:39:14+00:00\",\"breadcrumb\":{\"@id\":\"https:\/\/sapor.pl\/system-veranda\/#breadcrumb\"},\"inLanguage\":\"de\",\"potentialAction\":[{\"@type\":\"ReadAction\",\"target\":[\"https:\/\/sapor.pl\/system-veranda\/\"]}]},{\"@type\":\"BreadcrumbList\",\"@id\":\"https:\/\/sapor.pl\/system-veranda\/#breadcrumb\",\"itemListElement\":[{\"@type\":\"ListItem\",\"position\":1,\"name\":\"Startseite\",\"item\":\"https:\/\/sapor.pl\/de\/\"},{\"@type\":\"ListItem\",\"position\":2,\"name\":\"System Veranda\"}]},{\"@type\":\"WebSite\",\"@id\":\"https:\/\/sapor.pl\/en\/#website\",\"url\":\"https:\/\/sapor.pl\/en\/\",\"name\":\"Sapor\",\"description\":\"\",\"publisher\":{\"@id\":\"https:\/\/sapor.pl\/en\/#organization\"},\"potentialAction\":[{\"@type\":\"SearchAction\",\"target\":{\"@type\":\"EntryPoint\",\"urlTemplate\":\"https:\/\/sapor.pl\/en\/?s={search_term_string}\"},\"query-input\":{\"@type\":\"PropertyValueSpecification\",\"valueRequired\":true,\"valueName\":\"search_term_string\"}}],\"inLanguage\":\"de\"},{\"@type\":\"Organization\",\"@id\":\"https:\/\/sapor.pl\/en\/#organization\",\"name\":\"Sapor Sp. z o. o.\",\"url\":\"https:\/\/sapor.pl\/en\/\",\"logo\":{\"@type\":\"ImageObject\",\"inLanguage\":\"de\",\"@id\":\"https:\/\/sapor.pl\/en\/#\/schema\/logo\/image\/\",\"url\":\"https:\/\/sapor.pl\/wp-content\/uploads\/2021\/04\/logo-sapor-e1618419520128.png\",\"contentUrl\":\"https:\/\/sapor.pl\/wp-content\/uploads\/2021\/04\/logo-sapor-e1618419520128.png\",\"width\":140,\"height\":67,\"caption\":\"Sapor Sp. z o. o.\"},\"image\":{\"@id\":\"https:\/\/sapor.pl\/en\/#\/schema\/logo\/image\/\"},\"sameAs\":[\"https:\/\/www.facebook.com\/SAPOR.Fabryka.okien.i.drzwi\/\"]}]}<\/script>\n<!-- \/ Yoast SEO plugin. -->","yoast_head_json":{"title":"System Veranda - Sapor","robots":{"index":"index","follow":"follow","max-snippet":"max-snippet:-1","max-image-preview":"max-image-preview:large","max-video-preview":"max-video-preview:-1"},"canonical":"https:\/\/sapor.pl\/system-veranda\/","og_locale":"de_DE","og_type":"article","og_title":"System Veranda - Sapor","og_url":"https:\/\/sapor.pl\/system-veranda\/","og_site_name":"Sapor","article_publisher":"https:\/\/www.facebook.com\/SAPOR.Fabryka.okien.i.drzwi\/","article_modified_time":"2023-12-05T14:39:14+00:00","twitter_card":"summary_large_image","twitter_misc":{"Gesch\u00e4tzte Lesezeit":"9\u00a0Minuten"},"schema":{"@context":"https:\/\/schema.org","@graph":[{"@type":"WebPage","@id":"https:\/\/sapor.pl\/system-veranda\/","url":"https:\/\/sapor.pl\/system-veranda\/","name":"System Veranda - Sapor","isPartOf":{"@id":"https:\/\/sapor.pl\/en\/#website"},"datePublished":"2021-05-23T17:04:12+00:00","dateModified":"2023-12-05T14:39:14+00:00","breadcrumb":{"@id":"https:\/\/sapor.pl\/system-veranda\/#breadcrumb"},"inLanguage":"de","potentialAction":[{"@type":"ReadAction","target":["https:\/\/sapor.pl\/system-veranda\/"]}]},{"@type":"BreadcrumbList","@id":"https:\/\/sapor.pl\/system-veranda\/#breadcrumb","itemListElement":[{"@type":"ListItem","position":1,"name":"Startseite","item":"https:\/\/sapor.pl\/de\/"},{"@type":"ListItem","position":2,"name":"System Veranda"}]},{"@type":"WebSite","@id":"https:\/\/sapor.pl\/en\/#website","url":"https:\/\/sapor.pl\/en\/","name":"Sapor","description":"","publisher":{"@id":"https:\/\/sapor.pl\/en\/#organization"},"potentialAction":[{"@type":"SearchAction","target":{"@type":"EntryPoint","urlTemplate":"https:\/\/sapor.pl\/en\/?s={search_term_string}"},"query-input":{"@type":"PropertyValueSpecification","valueRequired":true,"valueName":"search_term_string"}}],"inLanguage":"de"},{"@type":"Organization","@id":"https:\/\/sapor.pl\/en\/#organization","name":"Sapor Sp. z o. o.","url":"https:\/\/sapor.pl\/en\/","logo":{"@type":"ImageObject","inLanguage":"de","@id":"https:\/\/sapor.pl\/en\/#\/schema\/logo\/image\/","url":"https:\/\/sapor.pl\/wp-content\/uploads\/2021\/04\/logo-sapor-e1618419520128.png","contentUrl":"https:\/\/sapor.pl\/wp-content\/uploads\/2021\/04\/logo-sapor-e1618419520128.png","width":140,"height":67,"caption":"Sapor Sp. z o. o."},"image":{"@id":"https:\/\/sapor.pl\/en\/#\/schema\/logo\/image\/"},"sameAs":["https:\/\/www.facebook.com\/SAPOR.Fabryka.okien.i.drzwi\/"]}]}},"_links":{"self":[{"href":"https:\/\/sapor.pl\/de\/wp-json\/wp\/v2\/pages\/4099","targetHints":{"allow":["GET"]}}],"collection":[{"href":"https:\/\/sapor.pl\/de\/wp-json\/wp\/v2\/pages"}],"about":[{"href":"https:\/\/sapor.pl\/de\/wp-json\/wp\/v2\/types\/page"}],"author":[{"embeddable":true,"href":"https:\/\/sapor.pl\/de\/wp-json\/wp\/v2\/users\/1"}],"replies":[{"embeddable":true,"href":"https:\/\/sapor.pl\/de\/wp-json\/wp\/v2\/comments?post=4099"}],"version-history":[{"count":2,"href":"https:\/\/sapor.pl\/de\/wp-json\/wp\/v2\/pages\/4099\/revisions"}],"predecessor-version":[{"id":7680,"href":"https:\/\/sapor.pl\/de\/wp-json\/wp\/v2\/pages\/4099\/revisions\/7680"}],"wp:attachment":[{"href":"https:\/\/sapor.pl\/de\/wp-json\/wp\/v2\/media?parent=4099"}],"curies":[{"name":"wp","href":"https:\/\/api.w.org\/{rel}","templated":true}]}}