{"id":4103,"date":"2021-05-23T19:05:09","date_gmt":"2021-05-23T17:05:09","guid":{"rendered":"https:\/\/sapor.pl\/zaluzje-fasadowe-c80\/"},"modified":"2023-12-03T15:49:02","modified_gmt":"2023-12-03T14:49:02","slug":"fassadenjalousien-c80","status":"publish","type":"page","link":"https:\/\/sapor.pl\/de\/fassadenjalousien-c80\/","title":{"rendered":"Fassadenjalousien C80"},"content":{"rendered":"<div class=\"fusion-fullwidth fullwidth-box fusion-builder-row-1 fusion-flex-container nonhundred-percent-fullwidth non-hundred-percent-height-scrolling\" style=\"--awb-border-radius-top-left:0px;--awb-border-radius-top-right:0px;--awb-border-radius-bottom-right:0px;--awb-border-radius-bottom-left:0px;--awb-flex-wrap:wrap;\" ><div class=\"fusion-builder-row fusion-row fusion-flex-align-items-flex-start fusion-flex-content-wrap\" style=\"max-width:1528.8px;margin-left: calc(-4% \/ 2 );margin-right: calc(-4% \/ 2 );\"><div class=\"fusion-layout-column fusion_builder_column fusion-builder-column-0 fusion_builder_column_1_1 1_1 fusion-flex-column\" style=\"--awb-bg-size:cover;--awb-width-large:100%;--awb-margin-top-large:0px;--awb-spacing-right-large:1.92%;--awb-margin-bottom-large:20px;--awb-spacing-left-large:1.92%;--awb-width-medium:100%;--awb-order-medium:0;--awb-spacing-right-medium:1.92%;--awb-spacing-left-medium:1.92%;--awb-width-small:100%;--awb-order-small:0;--awb-spacing-right-small:1.92%;--awb-spacing-left-small:1.92%;\"><div class=\"fusion-column-wrapper fusion-column-has-shadow fusion-flex-justify-content-flex-start fusion-content-layout-column\"><div class=\"fusion-text fusion-text-1\"><h2><span style=\"font-weight: 400;\">Verdunklungstechnik Fassadenjalousien C80<\/span><\/h2>\n<\/div><div class=\"fusion-text fusion-text-2\"><h4><span style=\"font-weight: 400;\">Modernes Design und pr\u00e4zise Lichtsteuerung | Funktionalit\u00e4t auf hohem Niveau<\/span><\/h4>\n<\/div><\/div><\/div><div class=\"fusion-layout-column fusion_builder_column fusion-builder-column-1 fusion_builder_column_1_2 1_2 fusion-flex-column fusion-flex-align-self-center fusion-animated\" style=\"--awb-bg-size:cover;--awb-width-large:50%;--awb-margin-top-large:0px;--awb-spacing-right-large:3.84%;--awb-margin-bottom-large:20px;--awb-spacing-left-large:3.84%;--awb-width-medium:50%;--awb-order-medium:0;--awb-spacing-right-medium:3.84%;--awb-spacing-left-medium:3.84%;--awb-width-small:100%;--awb-order-small:0;--awb-spacing-right-small:1.92%;--awb-spacing-left-small:1.92%;\" data-animationType=\"slideInLeft\" data-animationDuration=\"0.9\" data-animationOffset=\"top-into-view\"><div class=\"fusion-column-wrapper fusion-column-has-shadow fusion-flex-justify-content-flex-start fusion-content-layout-column\"><div class=\"fusion-image-element \" style=\"--awb-caption-title-font-family:var(--h2_typography-font-family);--awb-caption-title-font-weight:var(--h2_typography-font-weight);--awb-caption-title-font-style:var(--h2_typography-font-style);--awb-caption-title-size:var(--h2_typography-font-size);--awb-caption-title-transform:var(--h2_typography-text-transform);--awb-caption-title-line-height:var(--h2_typography-line-height);--awb-caption-title-letter-spacing:var(--h2_typography-letter-spacing);\"><span class=\" fusion-imageframe imageframe-none imageframe-1 hover-type-zoomin\"><a href=\"https:\/\/sapor.pl\/wp-content\/uploads\/2021\/05\/zaluzje-fasadowe-c80-1.jpg\" class=\"fusion-lightbox\" data-rel=\"iLightbox[3dbd47b862b846c286f]\" data-title=\"zaluzje-fasadowe-c80-1\" title=\"zaluzje-fasadowe-c80-1\"><img decoding=\"async\" width=\"1200\" height=\"800\" src=\"https:\/\/sapor.pl\/wp-content\/uploads\/2021\/05\/zaluzje-fasadowe-c80-1.jpg\" data-orig-src=\"https:\/\/sapor.pl\/wp-content\/uploads\/2021\/05\/zaluzje-fasadowe-c80-1.jpg\" alt class=\"lazyload img-responsive wp-image-875\" srcset=\"data:image\/svg+xml,%3Csvg%20xmlns%3D%27http%3A%2F%2Fwww.w3.org%2F2000%2Fsvg%27%20width%3D%271200%27%20height%3D%27800%27%20viewBox%3D%270%200%201200%20800%27%3E%3Crect%20width%3D%271200%27%20height%3D%27800%27%20fill-opacity%3D%220%22%2F%3E%3C%2Fsvg%3E\" data-srcset=\"https:\/\/sapor.pl\/wp-content\/uploads\/2021\/05\/zaluzje-fasadowe-c80-1-200x133.jpg 200w, https:\/\/sapor.pl\/wp-content\/uploads\/2021\/05\/zaluzje-fasadowe-c80-1-400x267.jpg 400w, https:\/\/sapor.pl\/wp-content\/uploads\/2021\/05\/zaluzje-fasadowe-c80-1-600x400.jpg 600w, https:\/\/sapor.pl\/wp-content\/uploads\/2021\/05\/zaluzje-fasadowe-c80-1-800x533.jpg 800w, https:\/\/sapor.pl\/wp-content\/uploads\/2021\/05\/zaluzje-fasadowe-c80-1.jpg 1200w\" data-sizes=\"auto\" data-orig-sizes=\"(max-width: 640px) 100vw, 800px\" \/><\/a><\/span><\/div><\/div><\/div><div class=\"fusion-layout-column fusion_builder_column fusion-builder-column-2 fusion_builder_column_1_2 1_2 fusion-flex-column fusion-animated\" style=\"--awb-bg-size:cover;--awb-width-large:50%;--awb-margin-top-large:0px;--awb-spacing-right-large:3.84%;--awb-margin-bottom-large:20px;--awb-spacing-left-large:3.84%;--awb-width-medium:50%;--awb-order-medium:0;--awb-spacing-right-medium:3.84%;--awb-spacing-left-medium:3.84%;--awb-width-small:100%;--awb-order-small:0;--awb-spacing-right-small:1.92%;--awb-spacing-left-small:1.92%;\" data-animationType=\"slideInRight\" data-animationDuration=\"0.3\" data-animationOffset=\"top-into-view\"><div class=\"fusion-column-wrapper fusion-column-has-shadow fusion-flex-justify-content-flex-start fusion-content-layout-column\">\n<div class=\"table-2\">\n<div class=\"table-2\">\n<div class=\"table-2\">\n<div class=\"table-2\">\n<table width=\"100%\">\n<thead>\n<tr>\n<th align=\"left\">Allgemeine Informationen<\/th>\n<th align=\"left\"><\/th>\n<\/tr>\n<\/thead>\n<tbody>\n<tr>\n<td align=\"left\"><strong>Art der Verdunklungstechnik<\/strong><\/td>\n<td align=\"left\">Fassadenjalousien C80<\/td>\n<\/tr>\n<tr>\n<td align=\"left\"><strong>Anwendung<\/strong><\/td>\n<td align=\"left\">Verglasung, Fassade<\/td>\n<\/tr>\n<tr>\n<td align=\"left\"><strong>Materialien<\/strong><\/td>\n<td align=\"left\">Kassette aus stranggepresstem Aluminium oder Abdeckung aus Blech<\/td>\n<\/tr>\n<tr>\n<td align=\"left\"><strong>Farben<\/strong><\/td>\n<td align=\"left\">RAL-Palette<\/td>\n<\/tr>\n<tr>\n<td align=\"left\"><strong>Externe<\/strong><\/td>\n<td align=\"left\">Montage<\/td>\n<\/tr>\n<tr>\n<td align=\"left\"><strong>Witterungsbest\u00e4ndig<\/strong><\/td>\n<td align=\"left\">Ja<\/td>\n<\/tr>\n<tr>\n<td align=\"left\"><strong>UV-best\u00e4ndig<\/strong><\/td>\n<td align=\"left\">Ja<\/td>\n<\/tr>\n<tr>\n<td align=\"left\"><strong>Feuchtigkeitsresistent<\/strong><\/td>\n<td align=\"left\">Ja<\/td>\n<\/tr>\n<tr>\n<td align=\"left\"><strong>Verf\u00fcgbare Gr\u00f6\u00dfen<\/strong><\/td>\n<td align=\"left\">je nach Fassade und Abmessungen der Fassade<\/td>\n<\/tr>\n<\/tbody>\n<\/table>\n<\/div>\n<\/div>\n<\/div>\n<\/div>\n<\/div><\/div><div class=\"fusion-layout-column fusion_builder_column fusion-builder-column-3 fusion_builder_column_1_2 1_2 fusion-flex-column fusion-flex-align-self-center fusion-animated\" style=\"--awb-bg-size:cover;--awb-width-large:50%;--awb-margin-top-large:0px;--awb-spacing-right-large:3.84%;--awb-margin-bottom-large:20px;--awb-spacing-left-large:3.84%;--awb-width-medium:50%;--awb-order-medium:0;--awb-spacing-right-medium:3.84%;--awb-spacing-left-medium:3.84%;--awb-width-small:100%;--awb-order-small:0;--awb-spacing-right-small:1.92%;--awb-spacing-left-small:1.92%;\" data-animationType=\"slideInLeft\" data-animationDuration=\"0.3\" data-animationOffset=\"top-into-view\"><div class=\"fusion-column-wrapper fusion-column-has-shadow fusion-flex-justify-content-flex-start fusion-content-layout-column\">\n<div class=\"table-2\">\n<div class=\"table-2\">\n<div class=\"table-2\">\n<table width=\"100%\">\n<thead>\n<tr>\n<th align=\"left\">Technische Daten<\/th>\n<th align=\"left\"><\/th>\n<\/tr>\n<\/thead>\n<tbody>\n<tr>\n<td align=\"left\"><strong>Ma\u00dfgeschneiderte<\/strong><\/td>\n<td align=\"left\">Rastergr\u00f6\u00dfen<\/td>\n<\/tr>\n<tr>\n<td align=\"left\"><strong>Maximale Breite<br \/>\n<\/strong><\/td>\n<td align=\"left\">bis zu 4,5 Meter<\/td>\n<\/tr>\n<tr>\n<td align=\"left\"><strong>Maximale Ausladung<\/strong><\/td>\n<td align=\"left\">bis zu 5 Meter<\/td>\n<\/tr>\n<tr>\n<td align=\"left\"><strong>Windwiderstandsklasse<\/strong><\/td>\n<td align=\"left\">bis zu 120 km\/h<\/td>\n<\/tr>\n<tr>\n<td align=\"left\"><strong>Maximale H\u00f6he<\/strong><\/td>\n<td align=\"left\">der Terrasse nach Ma\u00df<\/td>\n<\/tr>\n<tr>\n<td align=\"left\"><strong>Elektrischer Antrieb<\/strong><\/td>\n<td align=\"left\">Ja<\/td>\n<\/tr>\n<tr>\n<td align=\"left\"><strong>Manueller Antrieb<\/strong><\/td>\n<td align=\"left\">Ja<\/td>\n<\/tr>\n<tr>\n<td align=\"left\"><strong>Form der Lamellen<\/strong><\/td>\n<td align=\"left\">C<\/td>\n<\/tr>\n<tr>\n<td align=\"left\"><strong>Verstellung des Lamellenwinkels<\/strong><\/td>\n<td align=\"left\">von 0 bis 180 Grad<\/td>\n<\/tr>\n<\/tbody>\n<\/table>\n<\/div>\n<\/div>\n<\/div>\n<\/div><\/div><div class=\"fusion-layout-column fusion_builder_column fusion-builder-column-4 fusion_builder_column_1_2 1_2 fusion-flex-column fusion-animated\" style=\"--awb-bg-size:cover;--awb-width-large:50%;--awb-margin-top-large:0px;--awb-spacing-right-large:3.84%;--awb-margin-bottom-large:20px;--awb-spacing-left-large:3.84%;--awb-width-medium:50%;--awb-order-medium:0;--awb-spacing-right-medium:3.84%;--awb-spacing-left-medium:3.84%;--awb-width-small:100%;--awb-order-small:0;--awb-spacing-right-small:1.92%;--awb-spacing-left-small:1.92%;\" data-animationType=\"slideInRight\" data-animationDuration=\"0.9\" data-animationOffset=\"top-into-view\"><div class=\"fusion-column-wrapper fusion-column-has-shadow fusion-flex-justify-content-flex-start fusion-content-layout-column\"><div class=\"fusion-image-element \" style=\"--awb-caption-title-font-family:var(--h2_typography-font-family);--awb-caption-title-font-weight:var(--h2_typography-font-weight);--awb-caption-title-font-style:var(--h2_typography-font-style);--awb-caption-title-size:var(--h2_typography-font-size);--awb-caption-title-transform:var(--h2_typography-text-transform);--awb-caption-title-line-height:var(--h2_typography-line-height);--awb-caption-title-letter-spacing:var(--h2_typography-letter-spacing);\"><span class=\" fusion-imageframe imageframe-none imageframe-2 hover-type-zoomin\"><a href=\"https:\/\/sapor.pl\/wp-content\/uploads\/2021\/05\/zaluzje-fasadowe-c80-5.jpg\" class=\"fusion-lightbox\" data-rel=\"iLightbox[b1f036c4cedcf879ec2]\" data-title=\"zaluzje-fasadowe-c80-5\" title=\"zaluzje-fasadowe-c80-5\"><img decoding=\"async\" width=\"1200\" height=\"800\" src=\"https:\/\/sapor.pl\/wp-content\/uploads\/2021\/05\/zaluzje-fasadowe-c80-5.jpg\" data-orig-src=\"https:\/\/sapor.pl\/wp-content\/uploads\/2021\/05\/zaluzje-fasadowe-c80-5.jpg\" alt class=\"lazyload img-responsive wp-image-879\" srcset=\"data:image\/svg+xml,%3Csvg%20xmlns%3D%27http%3A%2F%2Fwww.w3.org%2F2000%2Fsvg%27%20width%3D%271200%27%20height%3D%27800%27%20viewBox%3D%270%200%201200%20800%27%3E%3Crect%20width%3D%271200%27%20height%3D%27800%27%20fill-opacity%3D%220%22%2F%3E%3C%2Fsvg%3E\" data-srcset=\"https:\/\/sapor.pl\/wp-content\/uploads\/2021\/05\/zaluzje-fasadowe-c80-5-200x133.jpg 200w, https:\/\/sapor.pl\/wp-content\/uploads\/2021\/05\/zaluzje-fasadowe-c80-5-400x267.jpg 400w, https:\/\/sapor.pl\/wp-content\/uploads\/2021\/05\/zaluzje-fasadowe-c80-5-600x400.jpg 600w, https:\/\/sapor.pl\/wp-content\/uploads\/2021\/05\/zaluzje-fasadowe-c80-5-800x533.jpg 800w, https:\/\/sapor.pl\/wp-content\/uploads\/2021\/05\/zaluzje-fasadowe-c80-5.jpg 1200w\" data-sizes=\"auto\" data-orig-sizes=\"(max-width: 640px) 100vw, 800px\" \/><\/a><\/span><\/div><\/div><\/div><div class=\"fusion-layout-column fusion_builder_column fusion-builder-column-5 fusion_builder_column_1_1 1_1 fusion-flex-column\" style=\"--awb-bg-size:cover;--awb-width-large:100%;--awb-margin-top-large:0px;--awb-spacing-right-large:1.92%;--awb-margin-bottom-large:20px;--awb-spacing-left-large:1.92%;--awb-width-medium:100%;--awb-order-medium:0;--awb-spacing-right-medium:1.92%;--awb-spacing-left-medium:1.92%;--awb-width-small:100%;--awb-order-small:0;--awb-spacing-right-small:1.92%;--awb-spacing-left-small:1.92%;\"><div class=\"fusion-column-wrapper fusion-column-has-shadow fusion-flex-justify-content-flex-start fusion-content-layout-column\"><div class=\"fusion-text fusion-text-3\"><h3>Entdecken Sie die Verdunklungstechnik Fassadenjalousien C80<\/h3>\n<p>Die Verdunklungstechnik C80-Fassadenjalousien sind eine innovative L\u00f6sung f\u00fcr alle, die einen funktionalen Schutz vor \u00fcberm\u00e4\u00dfiger Sonneneinstrahlung und eine pr\u00e4zise Regulierung der einfallenden Lichtmenge w\u00fcnschen. Die aus Aluminium gefertigten C80-Jalousien zeichnen sich durch ein modernes Design aus, das sich perfekt in verschiedene Fassadentypen und Fassaden einf\u00fcgt. Dank der M\u00f6glichkeit, den Winkel der Jalousien von 0 bis 180 Grad zu verstellen, kann der Benutzer die Innenbeleuchtung nach seinen Vorlieben einstellen und so Intimit\u00e4t und Komfort in den R\u00e4umen erreichen.<\/p>\n<h3>Einsatz der Verdunklungstechnik Fassadenjalousien C80:<\/h3>\n<p>&#8211; An den Fassaden von Geb\u00e4uden, um die Sonneneinstrahlung und die Temperatur in den Innenr\u00e4umen zu regulieren und gleichzeitig ein \u00e4sthetisch ansprechendes \u00c4u\u00dferes zu schaffen.<br \/>\n&#8211; In gro\u00dfen Verglasungen, um die Menge des einfallenden Lichts effektiv zu regulieren und einen \u00fcberm\u00e4\u00dfigen W\u00e4rmegewinn zu verhindern.<br \/>\n&#8211; An den Fassaden von \u00f6ffentlichen Geb\u00e4uden wie B\u00fcros, Hotels oder Einkaufszentren, um ein professionelles und modernes Erscheinungsbild zu schaffen.<\/p>\n<h3>Wem empfehlen wir die Verdunklungstechnik C80 Fassadenjalousie<\/h3>\n<p>Personen, die modernes Design und Funktionalit\u00e4t in einer einzigen L\u00f6sung sch\u00e4tzen.<br \/>\nArchitekten und Bauherren, die innovative und \u00e4sthetisch ansprechende L\u00f6sungen in die von ihnen entworfenen Geb\u00e4ude<\/p>\n<h3>F\u00fcr welche Art von Endkunden ist die Verdunklungstechnik C80 Fassadenjalousie interessant?<\/h3>\n<p>F\u00fcr Kunden, die von einer pr\u00e4zisen Lichtsteuerung und Privatsph\u00e4re im Inneren ihrer Wohnung oder ihres B\u00fcros tr\u00e4umen.<br \/>\nF\u00fcr Personen, die eine L\u00f6sung suchen, die R\u00e4ume effektiv vor \u00fcberm\u00e4\u00dfiger Sonneneinstrahlung und Hitze sch\u00fctzt.<\/p>\n<h3>Eine gute Alternative zur Verdunklungstechnik Fassadenjalousien C80 &#8211; Reynaers Fassadenpaneele<\/h3>\n<p>Wenn Sie an einer noch gr\u00f6\u00dferen Designflexibilit\u00e4t und fortschrittlichen technischen L\u00f6sungen interessiert sind, sollten Sie die Reynaers Fassadenpaneele als Alternative in Betracht ziehen. Dieses Modell bietet moderne L\u00f6sungen und einzigartige Personalisierungsm\u00f6glichkeiten.<\/p>\n<h3>Mehr \u00fcber den Hersteller der Verdunklungstechnik Fassadenjalousien C80<\/h3>\n<p>Der Produzent der Fassadenjalousien C80 ist ein angesehener Hersteller von innovativer Verdunklungstechnik, der f\u00fcr seine hohe Qualit\u00e4t und Professionalit\u00e4t bekannt ist. Die Verdunklungstechnik von C80 Fassadenjalousien ist das Ergebnis des Engagements des Unternehmens, hervorragende L\u00f6sungen f\u00fcr seine Kunden zu entwickeln.<\/p>\n<h4>Mehr \u00fcber die St\u00e4rken der Verdunklungstechnik Fassadenjalousien C80:<\/h4>\n<p>&#8211; Strapazierf\u00e4higes Aluminium, feuchtigkeits- und UV-best\u00e4ndig f\u00fcr dauerhafte Funktionalit\u00e4t und \u00c4sthetik.<br \/>\n&#8211; Pr\u00e4zise Einstellung des Lamellenwinkels, sodass Sie die volle Kontrolle \u00fcber die Lichtmenge in den R\u00e4umen haben.<\/p>\n<h3>Zusammenfassung Verdunklungstechnik Fassadenjalousien C80:<\/h3>\n<p>Die Verdunklungstechnik Fassadenjalousie C80 ist die perfekte L\u00f6sung f\u00fcr alle, die sich einen fortschrittlichen Sonnenschutz und ein modernes Design f\u00fcr Fassaden w\u00fcnschen. Dank ihrer fortschrittlichen technischen Parameter garantiert diese Verdunklung Komfort und Bequemlichkeit und schafft gleichzeitig ein professionelles Erscheinungsbild f\u00fcr das Geb\u00e4ude. Entscheiden Sie sich f\u00fcr die Verdunklungstechnik Fassadenjalousien C80 und genie\u00dfen Sie Effizienz und Eleganz bei Ihren architektonischen Projekten<\/p>\n<\/div><\/div><\/div><\/div><\/div>\n","protected":false},"excerpt":{"rendered":"","protected":false},"author":1,"featured_media":0,"parent":0,"menu_order":0,"comment_status":"closed","ping_status":"closed","template":"","meta":{"footnotes":""},"class_list":["post-4103","page","type-page","status-publish","hentry"],"yoast_head":"<!-- This site is optimized with the Yoast SEO plugin v26.5 - https:\/\/yoast.com\/wordpress\/plugins\/seo\/ -->\n<title>Fassadenjalousien C80 - Sapor<\/title>\n<meta name=\"robots\" content=\"index, follow, max-snippet:-1, max-image-preview:large, max-video-preview:-1\" \/>\n<link rel=\"canonical\" href=\"https:\/\/sapor.pl\/zaluzje-fasadowe-c80\/\" \/>\n<meta property=\"og:locale\" content=\"de_DE\" \/>\n<meta property=\"og:type\" content=\"article\" \/>\n<meta property=\"og:title\" content=\"Fassadenjalousien C80 - Sapor\" \/>\n<meta property=\"og:url\" content=\"https:\/\/sapor.pl\/zaluzje-fasadowe-c80\/\" \/>\n<meta property=\"og:site_name\" content=\"Sapor\" \/>\n<meta property=\"article:publisher\" content=\"https:\/\/www.facebook.com\/SAPOR.Fabryka.okien.i.drzwi\/\" \/>\n<meta property=\"article:modified_time\" content=\"2023-12-03T14:49:02+00:00\" \/>\n<meta name=\"twitter:card\" content=\"summary_large_image\" \/>\n<meta name=\"twitter:label1\" content=\"Gesch\u00e4tzte Lesezeit\" \/>\n\t<meta name=\"twitter:data1\" content=\"9\u00a0Minuten\" \/>\n<script type=\"application\/ld+json\" class=\"yoast-schema-graph\">{\"@context\":\"https:\/\/schema.org\",\"@graph\":[{\"@type\":\"WebPage\",\"@id\":\"https:\/\/sapor.pl\/zaluzje-fasadowe-c80\/\",\"url\":\"https:\/\/sapor.pl\/zaluzje-fasadowe-c80\/\",\"name\":\"Fassadenjalousien C80 - Sapor\",\"isPartOf\":{\"@id\":\"https:\/\/sapor.pl\/en\/#website\"},\"datePublished\":\"2021-05-23T17:05:09+00:00\",\"dateModified\":\"2023-12-03T14:49:02+00:00\",\"breadcrumb\":{\"@id\":\"https:\/\/sapor.pl\/zaluzje-fasadowe-c80\/#breadcrumb\"},\"inLanguage\":\"de\",\"potentialAction\":[{\"@type\":\"ReadAction\",\"target\":[\"https:\/\/sapor.pl\/zaluzje-fasadowe-c80\/\"]}]},{\"@type\":\"BreadcrumbList\",\"@id\":\"https:\/\/sapor.pl\/zaluzje-fasadowe-c80\/#breadcrumb\",\"itemListElement\":[{\"@type\":\"ListItem\",\"position\":1,\"name\":\"Startseite\",\"item\":\"https:\/\/sapor.pl\/de\/\"},{\"@type\":\"ListItem\",\"position\":2,\"name\":\"Fassadenjalousien C80\"}]},{\"@type\":\"WebSite\",\"@id\":\"https:\/\/sapor.pl\/en\/#website\",\"url\":\"https:\/\/sapor.pl\/en\/\",\"name\":\"Sapor\",\"description\":\"\",\"publisher\":{\"@id\":\"https:\/\/sapor.pl\/en\/#organization\"},\"potentialAction\":[{\"@type\":\"SearchAction\",\"target\":{\"@type\":\"EntryPoint\",\"urlTemplate\":\"https:\/\/sapor.pl\/en\/?s={search_term_string}\"},\"query-input\":{\"@type\":\"PropertyValueSpecification\",\"valueRequired\":true,\"valueName\":\"search_term_string\"}}],\"inLanguage\":\"de\"},{\"@type\":\"Organization\",\"@id\":\"https:\/\/sapor.pl\/en\/#organization\",\"name\":\"Sapor Sp. z o. o.\",\"url\":\"https:\/\/sapor.pl\/en\/\",\"logo\":{\"@type\":\"ImageObject\",\"inLanguage\":\"de\",\"@id\":\"https:\/\/sapor.pl\/en\/#\/schema\/logo\/image\/\",\"url\":\"https:\/\/sapor.pl\/wp-content\/uploads\/2021\/04\/logo-sapor-e1618419520128.png\",\"contentUrl\":\"https:\/\/sapor.pl\/wp-content\/uploads\/2021\/04\/logo-sapor-e1618419520128.png\",\"width\":140,\"height\":67,\"caption\":\"Sapor Sp. z o. o.\"},\"image\":{\"@id\":\"https:\/\/sapor.pl\/en\/#\/schema\/logo\/image\/\"},\"sameAs\":[\"https:\/\/www.facebook.com\/SAPOR.Fabryka.okien.i.drzwi\/\"]}]}<\/script>\n<!-- \/ Yoast SEO plugin. -->","yoast_head_json":{"title":"Fassadenjalousien C80 - Sapor","robots":{"index":"index","follow":"follow","max-snippet":"max-snippet:-1","max-image-preview":"max-image-preview:large","max-video-preview":"max-video-preview:-1"},"canonical":"https:\/\/sapor.pl\/zaluzje-fasadowe-c80\/","og_locale":"de_DE","og_type":"article","og_title":"Fassadenjalousien C80 - Sapor","og_url":"https:\/\/sapor.pl\/zaluzje-fasadowe-c80\/","og_site_name":"Sapor","article_publisher":"https:\/\/www.facebook.com\/SAPOR.Fabryka.okien.i.drzwi\/","article_modified_time":"2023-12-03T14:49:02+00:00","twitter_card":"summary_large_image","twitter_misc":{"Gesch\u00e4tzte Lesezeit":"9\u00a0Minuten"},"schema":{"@context":"https:\/\/schema.org","@graph":[{"@type":"WebPage","@id":"https:\/\/sapor.pl\/zaluzje-fasadowe-c80\/","url":"https:\/\/sapor.pl\/zaluzje-fasadowe-c80\/","name":"Fassadenjalousien C80 - Sapor","isPartOf":{"@id":"https:\/\/sapor.pl\/en\/#website"},"datePublished":"2021-05-23T17:05:09+00:00","dateModified":"2023-12-03T14:49:02+00:00","breadcrumb":{"@id":"https:\/\/sapor.pl\/zaluzje-fasadowe-c80\/#breadcrumb"},"inLanguage":"de","potentialAction":[{"@type":"ReadAction","target":["https:\/\/sapor.pl\/zaluzje-fasadowe-c80\/"]}]},{"@type":"BreadcrumbList","@id":"https:\/\/sapor.pl\/zaluzje-fasadowe-c80\/#breadcrumb","itemListElement":[{"@type":"ListItem","position":1,"name":"Startseite","item":"https:\/\/sapor.pl\/de\/"},{"@type":"ListItem","position":2,"name":"Fassadenjalousien C80"}]},{"@type":"WebSite","@id":"https:\/\/sapor.pl\/en\/#website","url":"https:\/\/sapor.pl\/en\/","name":"Sapor","description":"","publisher":{"@id":"https:\/\/sapor.pl\/en\/#organization"},"potentialAction":[{"@type":"SearchAction","target":{"@type":"EntryPoint","urlTemplate":"https:\/\/sapor.pl\/en\/?s={search_term_string}"},"query-input":{"@type":"PropertyValueSpecification","valueRequired":true,"valueName":"search_term_string"}}],"inLanguage":"de"},{"@type":"Organization","@id":"https:\/\/sapor.pl\/en\/#organization","name":"Sapor Sp. z o. o.","url":"https:\/\/sapor.pl\/en\/","logo":{"@type":"ImageObject","inLanguage":"de","@id":"https:\/\/sapor.pl\/en\/#\/schema\/logo\/image\/","url":"https:\/\/sapor.pl\/wp-content\/uploads\/2021\/04\/logo-sapor-e1618419520128.png","contentUrl":"https:\/\/sapor.pl\/wp-content\/uploads\/2021\/04\/logo-sapor-e1618419520128.png","width":140,"height":67,"caption":"Sapor Sp. z o. o."},"image":{"@id":"https:\/\/sapor.pl\/en\/#\/schema\/logo\/image\/"},"sameAs":["https:\/\/www.facebook.com\/SAPOR.Fabryka.okien.i.drzwi\/"]}]}},"_links":{"self":[{"href":"https:\/\/sapor.pl\/de\/wp-json\/wp\/v2\/pages\/4103","targetHints":{"allow":["GET"]}}],"collection":[{"href":"https:\/\/sapor.pl\/de\/wp-json\/wp\/v2\/pages"}],"about":[{"href":"https:\/\/sapor.pl\/de\/wp-json\/wp\/v2\/types\/page"}],"author":[{"embeddable":true,"href":"https:\/\/sapor.pl\/de\/wp-json\/wp\/v2\/users\/1"}],"replies":[{"embeddable":true,"href":"https:\/\/sapor.pl\/de\/wp-json\/wp\/v2\/comments?post=4103"}],"version-history":[{"count":3,"href":"https:\/\/sapor.pl\/de\/wp-json\/wp\/v2\/pages\/4103\/revisions"}],"predecessor-version":[{"id":7285,"href":"https:\/\/sapor.pl\/de\/wp-json\/wp\/v2\/pages\/4103\/revisions\/7285"}],"wp:attachment":[{"href":"https:\/\/sapor.pl\/de\/wp-json\/wp\/v2\/media?parent=4103"}],"curies":[{"name":"wp","href":"https:\/\/api.w.org\/{rel}","templated":true}]}}