{"id":4108,"date":"2021-05-23T19:05:27","date_gmt":"2021-05-23T17:05:27","guid":{"rendered":"https:\/\/sapor.pl\/zaluzje-fasadowe-z90\/"},"modified":"2023-12-03T15:49:31","modified_gmt":"2023-12-03T14:49:31","slug":"fassadenjalousien-z90","status":"publish","type":"page","link":"https:\/\/sapor.pl\/de\/fassadenjalousien-z90\/","title":{"rendered":"Fassadenjalousien Z90"},"content":{"rendered":"<div class=\"fusion-fullwidth fullwidth-box fusion-builder-row-1 fusion-flex-container nonhundred-percent-fullwidth non-hundred-percent-height-scrolling\" style=\"--awb-border-radius-top-left:0px;--awb-border-radius-top-right:0px;--awb-border-radius-bottom-right:0px;--awb-border-radius-bottom-left:0px;--awb-flex-wrap:wrap;\" ><div class=\"fusion-builder-row fusion-row fusion-flex-align-items-flex-start fusion-flex-content-wrap\" style=\"max-width:1528.8px;margin-left: calc(-4% \/ 2 );margin-right: calc(-4% \/ 2 );\"><div class=\"fusion-layout-column fusion_builder_column fusion-builder-column-0 fusion_builder_column_1_1 1_1 fusion-flex-column\" style=\"--awb-bg-size:cover;--awb-width-large:100%;--awb-margin-top-large:0px;--awb-spacing-right-large:1.92%;--awb-margin-bottom-large:20px;--awb-spacing-left-large:1.92%;--awb-width-medium:100%;--awb-order-medium:0;--awb-spacing-right-medium:1.92%;--awb-spacing-left-medium:1.92%;--awb-width-small:100%;--awb-order-small:0;--awb-spacing-right-small:1.92%;--awb-spacing-left-small:1.92%;\"><div class=\"fusion-column-wrapper fusion-column-has-shadow fusion-flex-justify-content-flex-start fusion-content-layout-column\"><div class=\"fusion-text fusion-text-1\"><h2><span style=\"font-weight: 400;\">Verdunklungstechnik Fassadenjalousien Z90<\/span><\/h2>\n<\/div><div class=\"fusion-text fusion-text-2\"><h4><span style=\"font-weight: 400;\">Modernit\u00e4t und Effizienz | die perfekte L\u00f6sung f\u00fcr gro\u00dfe verglaste Fl\u00e4chen<br \/>\n<\/span><\/h4>\n<\/div><\/div><\/div><div class=\"fusion-layout-column fusion_builder_column fusion-builder-column-1 fusion_builder_column_1_2 1_2 fusion-flex-column fusion-flex-align-self-center fusion-animated\" style=\"--awb-bg-size:cover;--awb-width-large:50%;--awb-margin-top-large:0px;--awb-spacing-right-large:3.84%;--awb-margin-bottom-large:20px;--awb-spacing-left-large:3.84%;--awb-width-medium:50%;--awb-order-medium:0;--awb-spacing-right-medium:3.84%;--awb-spacing-left-medium:3.84%;--awb-width-small:100%;--awb-order-small:0;--awb-spacing-right-small:1.92%;--awb-spacing-left-small:1.92%;\" data-animationType=\"slideInLeft\" data-animationDuration=\"0.9\" data-animationOffset=\"top-into-view\"><div class=\"fusion-column-wrapper fusion-column-has-shadow fusion-flex-justify-content-flex-start fusion-content-layout-column\"><div class=\"fusion-image-element \" style=\"--awb-caption-title-font-family:var(--h2_typography-font-family);--awb-caption-title-font-weight:var(--h2_typography-font-weight);--awb-caption-title-font-style:var(--h2_typography-font-style);--awb-caption-title-size:var(--h2_typography-font-size);--awb-caption-title-transform:var(--h2_typography-text-transform);--awb-caption-title-line-height:var(--h2_typography-line-height);--awb-caption-title-letter-spacing:var(--h2_typography-letter-spacing);\"><span class=\" fusion-imageframe imageframe-none imageframe-1 hover-type-zoomin\"><a href=\"https:\/\/sapor.pl\/wp-content\/uploads\/2021\/05\/zaluzje-fasadowe-c80-3.jpg\" class=\"fusion-lightbox\" data-rel=\"iLightbox[30ca95f9011c7cb5fab]\" data-title=\"zaluzje-fasadowe-c80-3\" title=\"zaluzje-fasadowe-c80-3\"><img decoding=\"async\" width=\"1200\" height=\"797\" src=\"https:\/\/sapor.pl\/wp-content\/uploads\/2021\/05\/zaluzje-fasadowe-c80-3.jpg\" data-orig-src=\"https:\/\/sapor.pl\/wp-content\/uploads\/2021\/05\/zaluzje-fasadowe-c80-3.jpg\" alt class=\"lazyload img-responsive wp-image-885\" srcset=\"data:image\/svg+xml,%3Csvg%20xmlns%3D%27http%3A%2F%2Fwww.w3.org%2F2000%2Fsvg%27%20width%3D%271200%27%20height%3D%27797%27%20viewBox%3D%270%200%201200%20797%27%3E%3Crect%20width%3D%271200%27%20height%3D%27797%27%20fill-opacity%3D%220%22%2F%3E%3C%2Fsvg%3E\" data-srcset=\"https:\/\/sapor.pl\/wp-content\/uploads\/2021\/05\/zaluzje-fasadowe-c80-3-200x133.jpg 200w, https:\/\/sapor.pl\/wp-content\/uploads\/2021\/05\/zaluzje-fasadowe-c80-3-400x266.jpg 400w, https:\/\/sapor.pl\/wp-content\/uploads\/2021\/05\/zaluzje-fasadowe-c80-3-600x399.jpg 600w, https:\/\/sapor.pl\/wp-content\/uploads\/2021\/05\/zaluzje-fasadowe-c80-3-800x531.jpg 800w, https:\/\/sapor.pl\/wp-content\/uploads\/2021\/05\/zaluzje-fasadowe-c80-3.jpg 1200w\" data-sizes=\"auto\" data-orig-sizes=\"(max-width: 640px) 100vw, 800px\" \/><\/a><\/span><\/div><\/div><\/div><div class=\"fusion-layout-column fusion_builder_column fusion-builder-column-2 fusion_builder_column_1_2 1_2 fusion-flex-column fusion-animated\" style=\"--awb-bg-size:cover;--awb-width-large:50%;--awb-margin-top-large:0px;--awb-spacing-right-large:3.84%;--awb-margin-bottom-large:20px;--awb-spacing-left-large:3.84%;--awb-width-medium:50%;--awb-order-medium:0;--awb-spacing-right-medium:3.84%;--awb-spacing-left-medium:3.84%;--awb-width-small:100%;--awb-order-small:0;--awb-spacing-right-small:1.92%;--awb-spacing-left-small:1.92%;\" data-animationType=\"slideInRight\" data-animationDuration=\"0.3\" data-animationOffset=\"top-into-view\"><div class=\"fusion-column-wrapper fusion-column-has-shadow fusion-flex-justify-content-flex-start fusion-content-layout-column\">\n<div class=\"table-2\">\n<div class=\"table-2\">\n<div class=\"table-2\">\n<table width=\"100%\">\n<thead>\n<tr>\n<th align=\"left\">Allgemeine Informationen<\/th>\n<th align=\"left\"><\/th>\n<\/tr>\n<\/thead>\n<tbody>\n<tr>\n<td align=\"left\"><strong>Art der Verdunklungstechnik<\/strong><\/td>\n<td align=\"left\">Fassadenjalousien Z90<\/td>\n<\/tr>\n<tr>\n<td align=\"left\"><strong>Anwendung<\/strong><\/td>\n<td align=\"left\">Gro\u00dfe verglaste Fl\u00e4chen, Fassaden<\/td>\n<\/tr>\n<tr>\n<td align=\"left\"><strong>Material<\/strong><\/td>\n<td align=\"left\">stranggepresstes Aluminium<\/td>\n<\/tr>\n<tr>\n<td align=\"left\"><strong>Farbe<\/strong><\/td>\n<td align=\"left\">RAL-Palette<\/td>\n<\/tr>\n<tr>\n<td align=\"left\"><strong>Montage<\/strong><\/td>\n<td align=\"left\">au\u00dfen<\/td>\n<\/tr>\n<tr>\n<td align=\"left\"><strong>Wetterbest\u00e4ndig<\/strong><\/td>\n<td align=\"left\">Ja<\/td>\n<\/tr>\n<tr>\n<td align=\"left\"><strong>UV-best\u00e4ndig<\/strong><\/td>\n<td align=\"left\">Ja<\/td>\n<\/tr>\n<tr>\n<td align=\"left\"><strong>Feuchtigkeitsresistent<\/strong><\/td>\n<td align=\"left\">Ja<\/td>\n<\/tr>\n<tr>\n<td align=\"left\"><strong>Abmessungen<\/strong><\/td>\n<td align=\"left\">f\u00fcr gro\u00dfe Fassaden und Verglasungen verf\u00fcgbar<\/td>\n<\/tr>\n<\/tbody>\n<\/table>\n<\/div>\n<\/div>\n<\/div>\n<\/div><\/div><div class=\"fusion-layout-column fusion_builder_column fusion-builder-column-3 fusion_builder_column_1_2 1_2 fusion-flex-column fusion-flex-align-self-center fusion-animated\" style=\"--awb-bg-size:cover;--awb-width-large:50%;--awb-margin-top-large:0px;--awb-spacing-right-large:3.84%;--awb-margin-bottom-large:20px;--awb-spacing-left-large:3.84%;--awb-width-medium:50%;--awb-order-medium:0;--awb-spacing-right-medium:3.84%;--awb-spacing-left-medium:3.84%;--awb-width-small:100%;--awb-order-small:0;--awb-spacing-right-small:1.92%;--awb-spacing-left-small:1.92%;\" data-animationType=\"slideInLeft\" data-animationDuration=\"0.3\" data-animationOffset=\"top-into-view\"><div class=\"fusion-column-wrapper fusion-column-has-shadow fusion-flex-justify-content-flex-start fusion-content-layout-column\">\n<div class=\"table-2\">\n<div class=\"table-2\">\n<table width=\"100%\">\n<thead>\n<tr>\n<th align=\"left\">Technische Daten<\/th>\n<th align=\"left\"><\/th>\n<\/tr>\n<\/thead>\n<tbody>\n<tr>\n<td align=\"left\"><strong>Individuelle<\/strong><\/td>\n<td align=\"left\">Gr\u00f6\u00dfen<\/td>\n<\/tr>\n<tr>\n<td align=\"left\"><strong>Maximale Breite<\/strong><\/td>\n<td align=\"left\">bis zu 4,5 Meter<\/td>\n<\/tr>\n<tr>\n<td align=\"left\"><strong>Maximale Ausladung<\/strong><\/td>\n<td align=\"left\">bis zu 5 Meter<\/td>\n<\/tr>\n<tr>\n<td align=\"left\"><strong>Windwiderstandsklasse<\/strong><\/td>\n<td align=\"left\">bis zu 160 km\/h<\/td>\n<\/tr>\n<tr>\n<td align=\"left\"><strong>Maximale H\u00f6he<\/strong><\/td>\n<td align=\"left\">der Terrasse nach Ma\u00df<\/td>\n<\/tr>\n<tr>\n<td align=\"left\"><strong>Elektrischer Antrieb<\/strong><\/td>\n<td align=\"left\">Ja<\/td>\n<\/tr>\n<tr>\n<td align=\"left\"><strong>Manueller Antrieb<\/strong><\/td>\n<td align=\"left\">Ja<\/td>\n<\/tr>\n<tr>\n<td align=\"left\"><strong>Form der Lamellen<\/strong><\/td>\n<td align=\"left\">Z<\/td>\n<\/tr>\n<tr>\n<td align=\"left\"><strong>Verstellung des Lamellenwinkels<\/strong><\/td>\n<td align=\"left\">von 0 bis 135 Grad<\/td>\n<\/tr>\n<\/tbody>\n<\/table>\n<\/div>\n<\/div>\n<\/div><\/div><div class=\"fusion-layout-column fusion_builder_column fusion-builder-column-4 fusion_builder_column_1_2 1_2 fusion-flex-column fusion-animated\" style=\"--awb-bg-size:cover;--awb-width-large:50%;--awb-margin-top-large:0px;--awb-spacing-right-large:3.84%;--awb-margin-bottom-large:20px;--awb-spacing-left-large:3.84%;--awb-width-medium:50%;--awb-order-medium:0;--awb-spacing-right-medium:3.84%;--awb-spacing-left-medium:3.84%;--awb-width-small:100%;--awb-order-small:0;--awb-spacing-right-small:1.92%;--awb-spacing-left-small:1.92%;\" data-animationType=\"slideInRight\" data-animationDuration=\"0.9\" data-animationOffset=\"top-into-view\"><div class=\"fusion-column-wrapper fusion-column-has-shadow fusion-flex-justify-content-flex-start fusion-content-layout-column\"><div class=\"fusion-image-element \" style=\"--awb-caption-title-font-family:var(--h2_typography-font-family);--awb-caption-title-font-weight:var(--h2_typography-font-weight);--awb-caption-title-font-style:var(--h2_typography-font-style);--awb-caption-title-size:var(--h2_typography-font-size);--awb-caption-title-transform:var(--h2_typography-text-transform);--awb-caption-title-line-height:var(--h2_typography-line-height);--awb-caption-title-letter-spacing:var(--h2_typography-letter-spacing);\"><span class=\" fusion-imageframe imageframe-none imageframe-2 hover-type-zoomin\"><a href=\"https:\/\/sapor.pl\/wp-content\/uploads\/2021\/05\/zaluzje-fasadowe-c80-2.jpg\" class=\"fusion-lightbox\" data-rel=\"iLightbox[ffc7733259178eb4f26]\" data-title=\"zaluzje-fasadowe-c80-2\" title=\"zaluzje-fasadowe-c80-2\"><img decoding=\"async\" width=\"1200\" height=\"800\" src=\"https:\/\/sapor.pl\/wp-content\/uploads\/2021\/05\/zaluzje-fasadowe-c80-2.jpg\" data-orig-src=\"https:\/\/sapor.pl\/wp-content\/uploads\/2021\/05\/zaluzje-fasadowe-c80-2.jpg\" alt class=\"lazyload img-responsive wp-image-889\" srcset=\"data:image\/svg+xml,%3Csvg%20xmlns%3D%27http%3A%2F%2Fwww.w3.org%2F2000%2Fsvg%27%20width%3D%271200%27%20height%3D%27800%27%20viewBox%3D%270%200%201200%20800%27%3E%3Crect%20width%3D%271200%27%20height%3D%27800%27%20fill-opacity%3D%220%22%2F%3E%3C%2Fsvg%3E\" data-srcset=\"https:\/\/sapor.pl\/wp-content\/uploads\/2021\/05\/zaluzje-fasadowe-c80-2-200x133.jpg 200w, https:\/\/sapor.pl\/wp-content\/uploads\/2021\/05\/zaluzje-fasadowe-c80-2-400x267.jpg 400w, https:\/\/sapor.pl\/wp-content\/uploads\/2021\/05\/zaluzje-fasadowe-c80-2-600x400.jpg 600w, https:\/\/sapor.pl\/wp-content\/uploads\/2021\/05\/zaluzje-fasadowe-c80-2-800x533.jpg 800w, https:\/\/sapor.pl\/wp-content\/uploads\/2021\/05\/zaluzje-fasadowe-c80-2.jpg 1200w\" data-sizes=\"auto\" data-orig-sizes=\"(max-width: 640px) 100vw, 800px\" \/><\/a><\/span><\/div><\/div><\/div><div class=\"fusion-layout-column fusion_builder_column fusion-builder-column-5 fusion_builder_column_1_1 1_1 fusion-flex-column\" style=\"--awb-bg-size:cover;--awb-width-large:100%;--awb-margin-top-large:0px;--awb-spacing-right-large:1.92%;--awb-margin-bottom-large:20px;--awb-spacing-left-large:1.92%;--awb-width-medium:100%;--awb-order-medium:0;--awb-spacing-right-medium:1.92%;--awb-spacing-left-medium:1.92%;--awb-width-small:100%;--awb-order-small:0;--awb-spacing-right-small:1.92%;--awb-spacing-left-small:1.92%;\"><div class=\"fusion-column-wrapper fusion-column-has-shadow fusion-flex-justify-content-flex-start fusion-content-layout-column\"><div class=\"fusion-text fusion-text-3\"><h3>Entdecken Sie die Verdunklungstechnik Fassadenjalousien Z90<\/h3>\n<p>Die Verdunklungstechnik Fassadenjalousien\u00a0 Z90 ist eine innovative L\u00f6sung f\u00fcr alle, die eine moderne und effiziente Beschattung f\u00fcr gro\u00dfe Glasfl\u00e4chen suchen. Die aus Aluminium gefertigten Z90-Jalousien bieten einen ausgezeichneten Schutz vor \u00fcberm\u00e4\u00dfiger Sonneneinstrahlung und k\u00f6nnen gleichzeitig die einfallende Lichtmenge pr\u00e4zise regulieren. Die Verwendung von Fassadenjalousien Z90 ist besonders vorteilhaft f\u00fcr gro\u00dfe Fassaden und Verglasungen, bei denen es nicht nur wichtig ist, vor Sonnenstrahlen zu sch\u00fctzen, sondern auch ein modernes und elegantes Aussehen des Geb\u00e4udes zu erhalten.<\/p>\n<h3>Einsatz der Verdunklungstechnik Fassadenjalousien Z90:<\/h3>\n<p>&#8211; In B\u00fcrogeb\u00e4uden und \u00f6ffentlichen Geb\u00e4uden, um einen wirksamen Schutz vor der Sonneneinstrahlung zu bieten und eine angenehme Arbeits- und Nutzungsumgebung zu gew\u00e4hrleisten.<br \/>\n&#8211; In gro\u00dfen Einkaufskomplexen und Einkaufszentren, wo die Fassaden einen gro\u00dfen Teil der Geb\u00e4udefl\u00e4che ausmachen und ein angemessener Schutz vor UV-Strahlen und Hitzestau gew\u00e4hrleistet sein muss.<\/p>\n<p>&#8211; In Freizeiteinrichtungen wie Schwimmb\u00e4dern oder Sportzentren, um eine komfortable und \u00e4sthetisch ansprechende Umgebung f\u00fcr Besucher zu schaffen.<\/p>\n<h3>Wem empfehlen wir die Verdunklungstechnik Fassadenjalousie Z90?<\/h3>\n<p>Personen, die nach fortschrittlichen L\u00f6sungen zum Schutz gro\u00dfer verglaster Fl\u00e4chen suchen.<br \/>\nInvestoren, Architekten und Bauherren, die moderne und funktionelle Geb\u00e4ude schaffen m\u00f6chten, die hohen \u00e4sthetischen Anspr\u00fcchen gen\u00fcgen.<\/p>\n<h3>F\u00fcr welche Endkunden ist die Verdunklungstechnik Z90 interessant?<\/h3>\n<p>F\u00fcr Kunden, die eine perfekte Lichtsteuerung w\u00fcnschen und die volle Kontrolle \u00fcber das Sonnenlicht in den Innenr\u00e4umen ihres Geb\u00e4udes behalten m\u00f6chten.<br \/>\nF\u00fcr Personen, die ein modernes Design sch\u00e4tzen und den einzigartigen Charakter ihres Projekts betonen m\u00f6chten.<\/p>\n<h3>Eine gute Alternative zur Verdunklungstechnik Fassadenjalousien Z90 &#8211;\u00a0 die Fassadenjalousien Z70<\/h3>\n<p>Wenn Sie an einer noch gr\u00f6\u00dferen Flexibilit\u00e4t bei der Einstellung des Lamellenwinkels interessiert sind, sollten Sie die Alternative der Z70-Fassadenjalousie in Betracht ziehen. Dieses Modell bietet \u00e4hnliche Vorteile, erm\u00f6glicht aber eine noch pr\u00e4zisere Einstellung der Beleuchtung im Innenraum.<\/p>\n<h3>Mehr \u00fcber den Hersteller der Verdunklungstechnik Fassadenjalousien Z90<\/h3>\n<p>Der Produzent der Fassadenjalousien Z90 ist ein angesehener Hersteller von innovativer Verdunklungstechnik, der f\u00fcr seine hohe Qualit\u00e4t und Professionalit\u00e4t bekannt ist. Die Verdunklungstechnik Fassadenjalousien Z90 ist das Ergebnis des Engagements des Unternehmens, hervorragende L\u00f6sungen f\u00fcr seine Kunden zu entwickeln.<\/p>\n<h4>Mehr \u00fcber die St\u00e4rken der Verdunklungstechnik Fassadenjalousien Z90:<\/h4>\n<p>&#8211; Strapazierf\u00e4higes Aluminium und wetterfest f\u00fcr dauerhafte Funktionalit\u00e4t.<br \/>\n&#8211; Hocheffiziente Lichtsteuerung, mit der die Lichtmenge in den R\u00e4umen an die individuellen Vorlieben angepasst werden kann.<\/p>\n<h3>Zusammenfassung der Verdunklungstechnik Fassadenjalousien Z90:<\/h3>\n<p>Die Verdunklungstechnik Fassadenjalousie Z90 ist die perfekte L\u00f6sung f\u00fcr alle, die fortschrittliche L\u00f6sungen zum Schutz gro\u00dfer Glasfl\u00e4chen w\u00fcnschen. Dank ihrer fortschrittlichen technischen Parameter garantiert diese Beschattung Leistung und hervorragendes Design und verleiht dem Geb\u00e4ude eine moderne und professionelle \u00c4sthetik. Entscheiden Sie sich f\u00fcr die Verdunklungstechnik Fassadenjalousie Z90, um nicht nur einen wirksamen Schutz vor der Sonne zu genie\u00dfen, sondern auch das moderne und elegante Aussehen Ihrer Architektur zu erhalten.<\/p>\n<\/div><\/div><\/div><\/div><\/div>\n","protected":false},"excerpt":{"rendered":"","protected":false},"author":1,"featured_media":0,"parent":0,"menu_order":0,"comment_status":"closed","ping_status":"closed","template":"","meta":{"footnotes":""},"class_list":["post-4108","page","type-page","status-publish","hentry"],"yoast_head":"<!-- This site is optimized with the Yoast SEO plugin v26.5 - https:\/\/yoast.com\/wordpress\/plugins\/seo\/ -->\n<title>Fassadenjalousien Z90 - Sapor<\/title>\n<meta name=\"robots\" content=\"index, follow, max-snippet:-1, max-image-preview:large, max-video-preview:-1\" \/>\n<link rel=\"canonical\" href=\"https:\/\/sapor.pl\/zaluzje-fasadowe-z90\/\" \/>\n<meta property=\"og:locale\" content=\"de_DE\" \/>\n<meta property=\"og:type\" content=\"article\" \/>\n<meta property=\"og:title\" content=\"Fassadenjalousien Z90 - Sapor\" \/>\n<meta property=\"og:url\" content=\"https:\/\/sapor.pl\/zaluzje-fasadowe-z90\/\" \/>\n<meta property=\"og:site_name\" content=\"Sapor\" \/>\n<meta property=\"article:publisher\" content=\"https:\/\/www.facebook.com\/SAPOR.Fabryka.okien.i.drzwi\/\" \/>\n<meta property=\"article:modified_time\" content=\"2023-12-03T14:49:31+00:00\" \/>\n<meta name=\"twitter:card\" content=\"summary_large_image\" \/>\n<meta name=\"twitter:label1\" content=\"Gesch\u00e4tzte Lesezeit\" \/>\n\t<meta name=\"twitter:data1\" content=\"9\u00a0Minuten\" \/>\n<script type=\"application\/ld+json\" class=\"yoast-schema-graph\">{\"@context\":\"https:\/\/schema.org\",\"@graph\":[{\"@type\":\"WebPage\",\"@id\":\"https:\/\/sapor.pl\/zaluzje-fasadowe-z90\/\",\"url\":\"https:\/\/sapor.pl\/zaluzje-fasadowe-z90\/\",\"name\":\"Fassadenjalousien Z90 - Sapor\",\"isPartOf\":{\"@id\":\"https:\/\/sapor.pl\/en\/#website\"},\"datePublished\":\"2021-05-23T17:05:27+00:00\",\"dateModified\":\"2023-12-03T14:49:31+00:00\",\"breadcrumb\":{\"@id\":\"https:\/\/sapor.pl\/zaluzje-fasadowe-z90\/#breadcrumb\"},\"inLanguage\":\"de\",\"potentialAction\":[{\"@type\":\"ReadAction\",\"target\":[\"https:\/\/sapor.pl\/zaluzje-fasadowe-z90\/\"]}]},{\"@type\":\"BreadcrumbList\",\"@id\":\"https:\/\/sapor.pl\/zaluzje-fasadowe-z90\/#breadcrumb\",\"itemListElement\":[{\"@type\":\"ListItem\",\"position\":1,\"name\":\"Startseite\",\"item\":\"https:\/\/sapor.pl\/de\/\"},{\"@type\":\"ListItem\",\"position\":2,\"name\":\"Fassadenjalousien Z90\"}]},{\"@type\":\"WebSite\",\"@id\":\"https:\/\/sapor.pl\/en\/#website\",\"url\":\"https:\/\/sapor.pl\/en\/\",\"name\":\"Sapor\",\"description\":\"\",\"publisher\":{\"@id\":\"https:\/\/sapor.pl\/en\/#organization\"},\"potentialAction\":[{\"@type\":\"SearchAction\",\"target\":{\"@type\":\"EntryPoint\",\"urlTemplate\":\"https:\/\/sapor.pl\/en\/?s={search_term_string}\"},\"query-input\":{\"@type\":\"PropertyValueSpecification\",\"valueRequired\":true,\"valueName\":\"search_term_string\"}}],\"inLanguage\":\"de\"},{\"@type\":\"Organization\",\"@id\":\"https:\/\/sapor.pl\/en\/#organization\",\"name\":\"Sapor Sp. z o. o.\",\"url\":\"https:\/\/sapor.pl\/en\/\",\"logo\":{\"@type\":\"ImageObject\",\"inLanguage\":\"de\",\"@id\":\"https:\/\/sapor.pl\/en\/#\/schema\/logo\/image\/\",\"url\":\"https:\/\/sapor.pl\/wp-content\/uploads\/2021\/04\/logo-sapor-e1618419520128.png\",\"contentUrl\":\"https:\/\/sapor.pl\/wp-content\/uploads\/2021\/04\/logo-sapor-e1618419520128.png\",\"width\":140,\"height\":67,\"caption\":\"Sapor Sp. z o. o.\"},\"image\":{\"@id\":\"https:\/\/sapor.pl\/en\/#\/schema\/logo\/image\/\"},\"sameAs\":[\"https:\/\/www.facebook.com\/SAPOR.Fabryka.okien.i.drzwi\/\"]}]}<\/script>\n<!-- \/ Yoast SEO plugin. -->","yoast_head_json":{"title":"Fassadenjalousien Z90 - Sapor","robots":{"index":"index","follow":"follow","max-snippet":"max-snippet:-1","max-image-preview":"max-image-preview:large","max-video-preview":"max-video-preview:-1"},"canonical":"https:\/\/sapor.pl\/zaluzje-fasadowe-z90\/","og_locale":"de_DE","og_type":"article","og_title":"Fassadenjalousien Z90 - Sapor","og_url":"https:\/\/sapor.pl\/zaluzje-fasadowe-z90\/","og_site_name":"Sapor","article_publisher":"https:\/\/www.facebook.com\/SAPOR.Fabryka.okien.i.drzwi\/","article_modified_time":"2023-12-03T14:49:31+00:00","twitter_card":"summary_large_image","twitter_misc":{"Gesch\u00e4tzte Lesezeit":"9\u00a0Minuten"},"schema":{"@context":"https:\/\/schema.org","@graph":[{"@type":"WebPage","@id":"https:\/\/sapor.pl\/zaluzje-fasadowe-z90\/","url":"https:\/\/sapor.pl\/zaluzje-fasadowe-z90\/","name":"Fassadenjalousien Z90 - Sapor","isPartOf":{"@id":"https:\/\/sapor.pl\/en\/#website"},"datePublished":"2021-05-23T17:05:27+00:00","dateModified":"2023-12-03T14:49:31+00:00","breadcrumb":{"@id":"https:\/\/sapor.pl\/zaluzje-fasadowe-z90\/#breadcrumb"},"inLanguage":"de","potentialAction":[{"@type":"ReadAction","target":["https:\/\/sapor.pl\/zaluzje-fasadowe-z90\/"]}]},{"@type":"BreadcrumbList","@id":"https:\/\/sapor.pl\/zaluzje-fasadowe-z90\/#breadcrumb","itemListElement":[{"@type":"ListItem","position":1,"name":"Startseite","item":"https:\/\/sapor.pl\/de\/"},{"@type":"ListItem","position":2,"name":"Fassadenjalousien Z90"}]},{"@type":"WebSite","@id":"https:\/\/sapor.pl\/en\/#website","url":"https:\/\/sapor.pl\/en\/","name":"Sapor","description":"","publisher":{"@id":"https:\/\/sapor.pl\/en\/#organization"},"potentialAction":[{"@type":"SearchAction","target":{"@type":"EntryPoint","urlTemplate":"https:\/\/sapor.pl\/en\/?s={search_term_string}"},"query-input":{"@type":"PropertyValueSpecification","valueRequired":true,"valueName":"search_term_string"}}],"inLanguage":"de"},{"@type":"Organization","@id":"https:\/\/sapor.pl\/en\/#organization","name":"Sapor Sp. z o. o.","url":"https:\/\/sapor.pl\/en\/","logo":{"@type":"ImageObject","inLanguage":"de","@id":"https:\/\/sapor.pl\/en\/#\/schema\/logo\/image\/","url":"https:\/\/sapor.pl\/wp-content\/uploads\/2021\/04\/logo-sapor-e1618419520128.png","contentUrl":"https:\/\/sapor.pl\/wp-content\/uploads\/2021\/04\/logo-sapor-e1618419520128.png","width":140,"height":67,"caption":"Sapor Sp. z o. o."},"image":{"@id":"https:\/\/sapor.pl\/en\/#\/schema\/logo\/image\/"},"sameAs":["https:\/\/www.facebook.com\/SAPOR.Fabryka.okien.i.drzwi\/"]}]}},"_links":{"self":[{"href":"https:\/\/sapor.pl\/de\/wp-json\/wp\/v2\/pages\/4108","targetHints":{"allow":["GET"]}}],"collection":[{"href":"https:\/\/sapor.pl\/de\/wp-json\/wp\/v2\/pages"}],"about":[{"href":"https:\/\/sapor.pl\/de\/wp-json\/wp\/v2\/types\/page"}],"author":[{"embeddable":true,"href":"https:\/\/sapor.pl\/de\/wp-json\/wp\/v2\/users\/1"}],"replies":[{"embeddable":true,"href":"https:\/\/sapor.pl\/de\/wp-json\/wp\/v2\/comments?post=4108"}],"version-history":[{"count":2,"href":"https:\/\/sapor.pl\/de\/wp-json\/wp\/v2\/pages\/4108\/revisions"}],"predecessor-version":[{"id":7286,"href":"https:\/\/sapor.pl\/de\/wp-json\/wp\/v2\/pages\/4108\/revisions\/7286"}],"wp:attachment":[{"href":"https:\/\/sapor.pl\/de\/wp-json\/wp\/v2\/media?parent=4108"}],"curies":[{"name":"wp","href":"https:\/\/api.w.org\/{rel}","templated":true}]}}