{"id":6784,"date":"2021-05-16T18:19:23","date_gmt":"2021-05-16T16:19:23","guid":{"rendered":"https:\/\/sapor.pl\/natynkowe\/"},"modified":"2023-12-05T16:16:02","modified_gmt":"2023-12-05T15:16:02","slug":"vorsatzrollladen","status":"publish","type":"page","link":"https:\/\/sapor.pl\/de\/vorsatzrollladen\/","title":{"rendered":"Vorsatzrolll\u00e4den"},"content":{"rendered":"<div class=\"fusion-fullwidth fullwidth-box fusion-builder-row-1 fusion-flex-container nonhundred-percent-fullwidth non-hundred-percent-height-scrolling\" style=\"--awb-border-radius-top-left:0px;--awb-border-radius-top-right:0px;--awb-border-radius-bottom-right:0px;--awb-border-radius-bottom-left:0px;--awb-flex-wrap:wrap;\" ><div class=\"fusion-builder-row fusion-row fusion-flex-align-items-flex-start fusion-flex-content-wrap\" style=\"max-width:1528.8px;margin-left: calc(-4% \/ 2 );margin-right: calc(-4% \/ 2 );\"><div class=\"fusion-layout-column fusion_builder_column fusion-builder-column-0 fusion_builder_column_1_1 1_1 fusion-flex-column\" style=\"--awb-bg-size:cover;--awb-width-large:100%;--awb-margin-top-large:0px;--awb-spacing-right-large:1.92%;--awb-margin-bottom-large:20px;--awb-spacing-left-large:1.92%;--awb-width-medium:100%;--awb-order-medium:0;--awb-spacing-right-medium:1.92%;--awb-spacing-left-medium:1.92%;--awb-width-small:100%;--awb-order-small:0;--awb-spacing-right-small:1.92%;--awb-spacing-left-small:1.92%;\"><div class=\"fusion-column-wrapper fusion-column-has-shadow fusion-flex-justify-content-flex-start fusion-content-layout-column\"><div class=\"fusion-text fusion-text-1\"><h2 class=\"fusion-responsive-typography-calculated\" style=\"--fontsize: 40; line-height: 1.2;\" data-fontsize=\"40\" data-lineheight=\"48px\"><span style=\"font-weight: 400;\">Aufputz-Rolll\u00e4den StandardBox<br \/>\n<\/span><\/h2>\n<\/div><div class=\"fusion-text fusion-text-2\"><h4><span style=\"font-weight: 400;\">Kompaktes Design und einfache Installation | Funktionalit\u00e4t in eleganter Form<\/span><\/h4>\n<\/div><\/div><\/div><div class=\"fusion-layout-column fusion_builder_column fusion-builder-column-1 fusion_builder_column_1_2 1_2 fusion-flex-column fusion-flex-align-self-center fusion-animated\" style=\"--awb-bg-size:cover;--awb-width-large:50%;--awb-margin-top-large:0px;--awb-spacing-right-large:3.84%;--awb-margin-bottom-large:20px;--awb-spacing-left-large:3.84%;--awb-width-medium:50%;--awb-order-medium:0;--awb-spacing-right-medium:3.84%;--awb-spacing-left-medium:3.84%;--awb-width-small:100%;--awb-order-small:0;--awb-spacing-right-small:1.92%;--awb-spacing-left-small:1.92%;\" data-animationType=\"slideInLeft\" data-animationDuration=\"0.9\" data-animationOffset=\"top-into-view\"><div class=\"fusion-column-wrapper fusion-column-has-shadow fusion-flex-justify-content-flex-start fusion-content-layout-column\"><div class=\"fusion-text fusion-text-3\" style=\"--awb-font-size:18px;--awb-margin-top:-30px;\"><p><span style=\"font-weight: 400;\">Die StandardBox Aufputz-Rolll\u00e4den sind die perfekte L\u00f6sung f\u00fcr alle, die auf der Suche nach funktionalen und eleganten Fensterabdeckungen sind. Mit ihrem kompakten Design und den externen Montagem\u00f6glichkeiten zeichnen sich diese Rolll\u00e4den durch ihre einfache Installation und ihr \u00e4sthetisch ansprechendes Aussehen aus. Die aus Aluminium oder hochwertigem Stoff gefertigten StandardBox Aufputz-Rolll\u00e4den bieten einen ausgezeichneten Schutz vor \u00fcberm\u00e4\u00dfiger Sonneneinstrahlung und sorgen gleichzeitig f\u00fcr Privatsph\u00e4re und Beschattung in Innenr\u00e4umen.<\/span><\/p>\n<\/div><\/div><\/div><div class=\"fusion-layout-column fusion_builder_column fusion-builder-column-2 fusion_builder_column_1_2 1_2 fusion-flex-column fusion-animated\" style=\"--awb-padding-top-small:0px;--awb-bg-size:cover;--awb-width-large:50%;--awb-margin-top-large:0px;--awb-spacing-right-large:3.84%;--awb-margin-bottom-large:20px;--awb-spacing-left-large:3.84%;--awb-width-medium:50%;--awb-order-medium:0;--awb-spacing-right-medium:3.84%;--awb-spacing-left-medium:3.84%;--awb-width-small:100%;--awb-order-small:0;--awb-spacing-right-small:1.92%;--awb-spacing-left-small:1.92%;\" data-animationType=\"slideInRight\" data-animationDuration=\"0.9\" data-animationOffset=\"top-into-view\"><div class=\"fusion-column-wrapper fusion-column-has-shadow fusion-flex-justify-content-flex-start fusion-content-layout-column\"><div class=\"fusion-image-element \" style=\"text-align:center;--awb-max-width:450px;--awb-caption-title-font-family:var(--h2_typography-font-family);--awb-caption-title-font-weight:var(--h2_typography-font-weight);--awb-caption-title-font-style:var(--h2_typography-font-style);--awb-caption-title-size:var(--h2_typography-font-size);--awb-caption-title-transform:var(--h2_typography-text-transform);--awb-caption-title-line-height:var(--h2_typography-line-height);--awb-caption-title-letter-spacing:var(--h2_typography-letter-spacing);\"><span class=\" fusion-imageframe imageframe-none imageframe-1 hover-type-none\"><img decoding=\"async\" width=\"800\" height=\"800\" title=\"standardbox\" src=\"https:\/\/sapor.pl\/wp-content\/uploads\/2021\/05\/standardbox.png\" data-orig-src=\"https:\/\/sapor.pl\/wp-content\/uploads\/2021\/05\/standardbox.png\" alt class=\"lazyload img-responsive wp-image-649\" srcset=\"data:image\/svg+xml,%3Csvg%20xmlns%3D%27http%3A%2F%2Fwww.w3.org%2F2000%2Fsvg%27%20width%3D%27800%27%20height%3D%27800%27%20viewBox%3D%270%200%20800%20800%27%3E%3Crect%20width%3D%27800%27%20height%3D%27800%27%20fill-opacity%3D%220%22%2F%3E%3C%2Fsvg%3E\" data-srcset=\"https:\/\/sapor.pl\/wp-content\/uploads\/2021\/05\/standardbox-200x200.png 200w, https:\/\/sapor.pl\/wp-content\/uploads\/2021\/05\/standardbox-400x400.png 400w, https:\/\/sapor.pl\/wp-content\/uploads\/2021\/05\/standardbox-600x600.png 600w, https:\/\/sapor.pl\/wp-content\/uploads\/2021\/05\/standardbox.png 800w\" data-sizes=\"auto\" data-orig-sizes=\"(max-width: 640px) 100vw, 800px\" \/><\/span><\/div><\/div><\/div><div class=\"fusion-layout-column fusion_builder_column fusion-builder-column-3 fusion_builder_column_1_2 1_2 fusion-flex-column fusion-animated\" style=\"--awb-bg-size:cover;--awb-width-large:50%;--awb-margin-top-large:0px;--awb-spacing-right-large:3.84%;--awb-margin-bottom-large:20px;--awb-spacing-left-large:3.84%;--awb-width-medium:50%;--awb-order-medium:0;--awb-spacing-right-medium:3.84%;--awb-spacing-left-medium:3.84%;--awb-width-small:100%;--awb-order-small:0;--awb-spacing-right-small:1.92%;--awb-spacing-left-small:1.92%;\" data-animationType=\"slideInLeft\" data-animationDuration=\"0.9\" data-animationOffset=\"top-into-view\"><div class=\"fusion-column-wrapper fusion-column-has-shadow fusion-flex-justify-content-flex-start fusion-content-layout-column\"><div class=\"fusion-image-element \" style=\"text-align:center;--awb-max-width:450px;--awb-caption-title-font-family:var(--h2_typography-font-family);--awb-caption-title-font-weight:var(--h2_typography-font-weight);--awb-caption-title-font-style:var(--h2_typography-font-style);--awb-caption-title-size:var(--h2_typography-font-size);--awb-caption-title-transform:var(--h2_typography-text-transform);--awb-caption-title-line-height:var(--h2_typography-line-height);--awb-caption-title-letter-spacing:var(--h2_typography-letter-spacing);\"><span class=\" fusion-imageframe imageframe-none imageframe-2 hover-type-none\"><img decoding=\"async\" width=\"567\" height=\"800\" title=\"standardbox_zabudowa\" src=\"https:\/\/sapor.pl\/wp-content\/uploads\/2021\/05\/standardbox_zabudowa.png\" data-orig-src=\"https:\/\/sapor.pl\/wp-content\/uploads\/2021\/05\/standardbox_zabudowa.png\" alt class=\"lazyload img-responsive wp-image-683\" srcset=\"data:image\/svg+xml,%3Csvg%20xmlns%3D%27http%3A%2F%2Fwww.w3.org%2F2000%2Fsvg%27%20width%3D%27567%27%20height%3D%27800%27%20viewBox%3D%270%200%20567%20800%27%3E%3Crect%20width%3D%27567%27%20height%3D%27800%27%20fill-opacity%3D%220%22%2F%3E%3C%2Fsvg%3E\" data-srcset=\"https:\/\/sapor.pl\/wp-content\/uploads\/2021\/05\/standardbox_zabudowa-200x282.png 200w, https:\/\/sapor.pl\/wp-content\/uploads\/2021\/05\/standardbox_zabudowa-400x564.png 400w, https:\/\/sapor.pl\/wp-content\/uploads\/2021\/05\/standardbox_zabudowa.png 567w\" data-sizes=\"auto\" data-orig-sizes=\"(max-width: 640px) 100vw, 567px\" \/><\/span><\/div><\/div><\/div><div class=\"fusion-layout-column fusion_builder_column fusion-builder-column-4 fusion_builder_column_1_2 1_2 fusion-flex-column fusion-animated\" style=\"--awb-bg-size:cover;--awb-width-large:50%;--awb-margin-top-large:80px;--awb-spacing-right-large:3.84%;--awb-margin-bottom-large:20px;--awb-spacing-left-large:3.84%;--awb-width-medium:50%;--awb-order-medium:0;--awb-spacing-right-medium:3.84%;--awb-spacing-left-medium:3.84%;--awb-width-small:100%;--awb-order-small:0;--awb-spacing-right-small:1.92%;--awb-spacing-left-small:1.92%;\" data-animationType=\"slideInLeft\" data-animationDuration=\"0.9\" data-animationOffset=\"top-into-view\"><div class=\"fusion-column-wrapper fusion-column-has-shadow fusion-flex-justify-content-flex-start fusion-content-layout-column\">\n<div class=\"table-2\">\n<div class=\"table-2\">\n<div class=\"table-2\">\n<div class=\"table-2\">\n<div class=\"table-2\">\n<table style=\"height: 345px;\" width=\"900\">\n<thead>\n<tr>\n<th align=\"left\">Allgemeine Informationen<\/th>\n<th align=\"left\"><\/th>\n<\/tr>\n<\/thead>\n<tbody>\n<tr>\n<td align=\"left\"><strong>Art der Verdunkelungstechnik<\/strong><\/td>\n<td align=\"left\">StandardBox Aufsatzrolll\u00e4den<\/td>\n<\/tr>\n<tr>\n<td align=\"left\"><strong>Anwendung<\/strong><\/td>\n<td align=\"left\">Fenster, Balkont\u00fcren, Verglasungen<\/td>\n<\/tr>\n<tr>\n<td align=\"left\"><strong>Material<\/strong><\/td>\n<td align=\"left\">Aluminium, hochwertiges Gewebe<\/td>\n<\/tr>\n<tr>\n<td align=\"left\"><strong>Farben<\/strong><\/td>\n<td align=\"left\">Verschiedene Muster und Farben zur Auswahl<\/td>\n<\/tr>\n<tr>\n<td align=\"left\"><strong>Montageart<\/strong><\/td>\n<td align=\"left\">Aufputzmontage (Au\u00dfenmontage)<\/td>\n<\/tr>\n<tr>\n<td align=\"left\"><strong>Wetterbest\u00e4ndigkeit<\/strong><\/td>\n<td align=\"left\">Ja<\/td>\n<\/tr>\n<tr>\n<td align=\"left\"><strong>UV-Best\u00e4ndigkeit<\/strong><\/td>\n<td align=\"left\">Ja<\/td>\n<\/tr>\n<tr>\n<td align=\"left\"><strong>Feuchtigkeitsresistenz<\/strong><\/td>\n<td align=\"left\">Ja<\/td>\n<\/tr>\n<tr>\n<td align=\"left\"><strong>Verf\u00fcgbare Gr\u00f6\u00dfen<\/strong><\/td>\n<td align=\"left\">Anpassbar an die Ma\u00dfe von Fenstern und Balkont\u00fcren<\/td>\n<\/tr>\n<\/tbody>\n<\/table>\n<\/div>\n<\/div>\n<\/div>\n<\/div>\n<\/div>\n<\/div><\/div><div class=\"fusion-layout-column fusion_builder_column fusion-builder-column-5 fusion_builder_column_1_1 1_1 fusion-flex-column\" style=\"--awb-bg-size:cover;--awb-width-large:100%;--awb-margin-top-large:0px;--awb-spacing-right-large:1.92%;--awb-margin-bottom-large:20px;--awb-spacing-left-large:1.92%;--awb-width-medium:100%;--awb-order-medium:0;--awb-spacing-right-medium:1.92%;--awb-spacing-left-medium:1.92%;--awb-width-small:100%;--awb-order-small:0;--awb-spacing-right-small:1.92%;--awb-spacing-left-small:1.92%;\"><div class=\"fusion-column-wrapper fusion-column-has-shadow fusion-flex-justify-content-flex-start fusion-content-layout-column\">\n<div class=\"table-2\">\n<div class=\"table-2\">\n<div class=\"table-2\">\n<div class=\"table-2\">\n<div class=\"table-2\">\n<div class=\"table-2\">\n<table style=\"height: 345px;\" width=\"900\">\n<thead>\n<tr>\n<th align=\"left\">Technische Daten<\/th>\n<th align=\"left\"><\/th>\n<\/tr>\n<\/thead>\n<tbody>\n<tr>\n<td align=\"left\"><strong>Rolladenbreite<\/strong><\/td>\n<td align=\"left\">Ma\u00dfgeschneidert nach Kundenwunsch<\/td>\n<\/tr>\n<tr>\n<td align=\"left\"><strong>Rolladenh\u00f6he<\/strong><\/td>\n<td align=\"left\">Ma\u00dfgeschneidert auf die individuellen Anforderungen<\/td>\n<\/tr>\n<tr>\n<td align=\"left\"><strong>Steuerung<\/strong><\/td>\n<td align=\"left\">Manuell oder elektrisch (mit Fernbedienungsoption)<\/td>\n<\/tr>\n<tr>\n<td align=\"left\"><strong>Windwiderstand<\/strong><\/td>\n<td align=\"left\">Bis zu 80 km\/h<\/td>\n<\/tr>\n<\/tbody>\n<\/table>\n<\/div>\n<\/div>\n<\/div>\n<\/div>\n<\/div>\n<\/div>\n<div class=\"fusion-text fusion-text-4\"><h3><strong>Entdecken Sie die StandardBox Aufputz-Roll\u00e4den<\/strong><\/h3>\n<p><span style=\"font-weight: 400;\">Die StandardBox Aufputz-Rolll\u00e4den sind die perfekte L\u00f6sung f\u00fcr alle, die auf der Suche nach funktionalen und eleganten Fensterabdeckungen sind. Mit ihrem kompakten Design und den externen Montagem\u00f6glichkeiten zeichnen sich diese Rolll\u00e4den durch ihre einfache Installation und ihr \u00e4sthetisch ansprechendes Aussehen aus. Die aus Aluminium oder hochwertigem Stoff gefertigten StandardBox Aufputz-Rolll\u00e4den bieten einen ausgezeichneten Schutz vor \u00fcberm\u00e4\u00dfiger Sonneneinstrahlung und sorgen gleichzeitig f\u00fcr Privatsph\u00e4re und Beschattung in Innenr\u00e4umen.<\/span><\/p>\n<h3 class=\"fusion-responsive-typography-calculated\" style=\"--fontsize: 32; line-height: 1.3;\" data-fontsize=\"32\" data-lineheight=\"41.6px\"><\/h3>\n<h3><strong>Einsatz der StandardBox Aufputz-Rolll\u00e4den:<\/strong><\/h3>\n<p><span style=\"font-weight: 400;\">&#8211; In H\u00e4usern und Wohnungen, um f\u00fcr angenehme Ruhe und ruhigen Schlaf zu sorgen, indem Sie den Lichteinfall in den Innenraum steuern.<\/span><span style=\"font-weight: 400;\"><br \/>\n<\/span><span style=\"font-weight: 400;\">&#8211; In B\u00fcros und Gesch\u00e4ftsr\u00e4umen, um geeignete Arbeitsbedingungen zu schaffen und Blendung auf Computermonitoren zu vermeiden.<\/span><span style=\"font-weight: 400;\"><br \/>\n<\/span><span style=\"font-weight: 400;\">&#8211; In Bereichen, die einen wirksamen UV-Schutz erfordern, wie z.B. R\u00e4ume mit empfindlichen Materialien oder Ausstellungsfl\u00e4chen.<\/span><\/p>\n<h3 class=\"fusion-responsive-typography-calculated\" style=\"--fontsize: 32; line-height: 1.3;\" data-fontsize=\"32\" data-lineheight=\"41.6px\"><\/h3>\n<h3><strong>Wem empfehlen wir StandardBox Aufputz-Rolll\u00e4den?<\/strong><\/h3>\n<p><span style=\"font-weight: 400;\">Personen, die Einfachheit und Funktionalit\u00e4t in einem Produkt sch\u00e4tzen.<\/span><span style=\"font-weight: 400;\"><br \/>\n<\/span><span style=\"font-weight: 400;\">Immobilienbesitzern und Architekten, die harmonische und \u00e4sthetisch ansprechende R\u00e4ume schaffen m\u00f6chten.<\/span><\/p>\n<h3 class=\"fusion-responsive-typography-calculated\" style=\"--fontsize: 32; line-height: 1.3;\" data-fontsize=\"32\" data-lineheight=\"41.6px\"><\/h3>\n<h3><strong>F\u00fcr welchen Endkunden sind die StandardBox Aufputz-Rolll\u00e4den interessant?<\/strong><\/h3>\n<p><span style=\"font-weight: 400;\">F\u00fcr Kunden, die ihre Innenr\u00e4ume individuell gestalten und sich um die Funktionalit\u00e4t ihres Hauses oder B\u00fcros k\u00fcmmern m\u00f6chten.<\/span><span style=\"font-weight: 400;\"><br \/>\n<\/span><span style=\"font-weight: 400;\">F\u00fcr Personen, die nach Fensterabdeckungen suchen, die \u00c4sthetik und effektiven Sonnenschutz kombinieren.<\/span><\/p>\n<h3 class=\"fusion-responsive-typography-calculated\" style=\"--fontsize: 32; line-height: 1.3;\" data-fontsize=\"32\" data-lineheight=\"41.6px\"><\/h3>\n<h3><strong>Eine gute Alternative zu StandardBox Aufputz-Rolll\u00e4den &#8211; MiniBox Rolll\u00e4den<\/strong><\/h3>\n<p><span style=\"font-weight: 400;\">Wenn Sie an einem noch minimalistischeren Design und einer platzsparenden Bauweise interessiert sind, sollten Sie den MiniBox-Rollladen als Alternative in Betracht ziehen. Dieses Modell bietet kompakte Abmessungen und eine elegante Form, die sich perfekt in eine Vielzahl von Innenr\u00e4umen einf\u00fcgt.<\/span><\/p>\n<h3 class=\"fusion-responsive-typography-calculated\" style=\"--fontsize: 32; line-height: 1.3;\" data-fontsize=\"32\" data-lineheight=\"41.6px\"><\/h3>\n<h3><strong>Mehr \u00fcber den Hersteller der StandardBox Aufputz-Rolll\u00e4den<\/strong><\/h3>\n<p><span style=\"font-weight: 400;\">Die Firma StandardBox Aufputz-Rolll\u00e4den ist ein angesehener Hersteller von hochwertigen Fensterabdeckungen, der f\u00fcr seine pr\u00e4zise Handwerkskunst und seine hervorragenden Materialien bekannt ist. StandardBox Aufputz-Rolll\u00e4den sind das Ergebnis ihres Engagements, praktische und stilvolle L\u00f6sungen f\u00fcr ihre Kunden zu schaffen.<\/span><\/p>\n<h3 class=\"fusion-responsive-typography-calculated\" style=\"--fontsize: 32; line-height: 1.3;\" data-fontsize=\"32\" data-lineheight=\"41.6px\"><\/h3>\n<h4><strong>Erfahren Sie mehr \u00fcber die St\u00e4rken der StandardBox Aufputz-Rolll\u00e4den:<\/strong><\/h4>\n<p><span style=\"font-weight: 400;\">&#8211; Die M\u00f6glichkeit, eine Vielzahl von Materialien und Farben zu verwenden, wodurch sich die Jalousien an jeden Einrichtungsstil anpassen k\u00f6nnen.<\/span><span style=\"font-weight: 400;\"><br \/>\n<\/span><span style=\"font-weight: 400;\">&#8211; Strapazierf\u00e4higes Aluminium und witterungsbest\u00e4ndiger Stoff, um dauerhafte Funktionalit\u00e4t und \u00c4sthetik zu gew\u00e4hrleisten.<\/span><\/p>\n<h3 class=\"fusion-responsive-typography-calculated\" style=\"--fontsize: 32; line-height: 1.3;\" data-fontsize=\"32\" data-lineheight=\"41.6px\"><\/h3>\n<h3><strong>Zusammenfassung der StandardBox Aufputz-Rolll\u00e4den:<\/strong><\/h3>\n<p><span style=\"font-weight: 400;\">Die Aufputz-Roll\u00e4den von StandardBox sind eine elegante und funktionelle L\u00f6sung f\u00fcr alle, die sich Schutz vor der Sonne und Privatsph\u00e4re im Innenbereich w\u00fcnschen. Mit fortschrittlichen technischen Merkmalen bieten diese Rolll\u00e4den einen hohen Bedienungskomfort und ein hervorragendes Design.<\/span><\/p>\n<\/div><div class=\"fusion-text fusion-text-5\"><\/div><\/div><\/div><\/div><\/div>\n","protected":false},"excerpt":{"rendered":"","protected":false},"author":1,"featured_media":0,"parent":0,"menu_order":0,"comment_status":"closed","ping_status":"closed","template":"","meta":{"footnotes":""},"class_list":["post-6784","page","type-page","status-publish","hentry"],"yoast_head":"<!-- This site is optimized with the Yoast SEO plugin v26.5 - https:\/\/yoast.com\/wordpress\/plugins\/seo\/ -->\n<title>Vorsatzrolll\u00e4den - Sapor<\/title>\n<meta name=\"robots\" content=\"index, follow, max-snippet:-1, max-image-preview:large, max-video-preview:-1\" \/>\n<link rel=\"canonical\" href=\"https:\/\/sapor.pl\/natynkowe\/\" \/>\n<meta property=\"og:locale\" content=\"de_DE\" \/>\n<meta property=\"og:type\" content=\"article\" \/>\n<meta property=\"og:title\" content=\"Vorsatzrolll\u00e4den - Sapor\" \/>\n<meta property=\"og:url\" content=\"https:\/\/sapor.pl\/natynkowe\/\" \/>\n<meta property=\"og:site_name\" content=\"Sapor\" \/>\n<meta property=\"article:publisher\" content=\"https:\/\/www.facebook.com\/SAPOR.Fabryka.okien.i.drzwi\/\" \/>\n<meta property=\"article:modified_time\" content=\"2023-12-05T15:16:02+00:00\" \/>\n<meta name=\"twitter:card\" content=\"summary_large_image\" \/>\n<meta name=\"twitter:label1\" content=\"Gesch\u00e4tzte Lesezeit\" \/>\n\t<meta name=\"twitter:data1\" content=\"8\u00a0Minuten\" \/>\n<script type=\"application\/ld+json\" class=\"yoast-schema-graph\">{\"@context\":\"https:\/\/schema.org\",\"@graph\":[{\"@type\":\"WebPage\",\"@id\":\"https:\/\/sapor.pl\/natynkowe\/\",\"url\":\"https:\/\/sapor.pl\/natynkowe\/\",\"name\":\"Vorsatzrolll\u00e4den - Sapor\",\"isPartOf\":{\"@id\":\"https:\/\/sapor.pl\/en\/#website\"},\"datePublished\":\"2021-05-16T16:19:23+00:00\",\"dateModified\":\"2023-12-05T15:16:02+00:00\",\"breadcrumb\":{\"@id\":\"https:\/\/sapor.pl\/natynkowe\/#breadcrumb\"},\"inLanguage\":\"de\",\"potentialAction\":[{\"@type\":\"ReadAction\",\"target\":[\"https:\/\/sapor.pl\/natynkowe\/\"]}]},{\"@type\":\"BreadcrumbList\",\"@id\":\"https:\/\/sapor.pl\/natynkowe\/#breadcrumb\",\"itemListElement\":[{\"@type\":\"ListItem\",\"position\":1,\"name\":\"Startseite\",\"item\":\"https:\/\/sapor.pl\/de\/\"},{\"@type\":\"ListItem\",\"position\":2,\"name\":\"Vorsatzrolll\u00e4den\"}]},{\"@type\":\"WebSite\",\"@id\":\"https:\/\/sapor.pl\/en\/#website\",\"url\":\"https:\/\/sapor.pl\/en\/\",\"name\":\"Sapor\",\"description\":\"\",\"publisher\":{\"@id\":\"https:\/\/sapor.pl\/en\/#organization\"},\"potentialAction\":[{\"@type\":\"SearchAction\",\"target\":{\"@type\":\"EntryPoint\",\"urlTemplate\":\"https:\/\/sapor.pl\/en\/?s={search_term_string}\"},\"query-input\":{\"@type\":\"PropertyValueSpecification\",\"valueRequired\":true,\"valueName\":\"search_term_string\"}}],\"inLanguage\":\"de\"},{\"@type\":\"Organization\",\"@id\":\"https:\/\/sapor.pl\/en\/#organization\",\"name\":\"Sapor Sp. z o. o.\",\"url\":\"https:\/\/sapor.pl\/en\/\",\"logo\":{\"@type\":\"ImageObject\",\"inLanguage\":\"de\",\"@id\":\"https:\/\/sapor.pl\/en\/#\/schema\/logo\/image\/\",\"url\":\"https:\/\/sapor.pl\/wp-content\/uploads\/2021\/04\/logo-sapor-e1618419520128.png\",\"contentUrl\":\"https:\/\/sapor.pl\/wp-content\/uploads\/2021\/04\/logo-sapor-e1618419520128.png\",\"width\":140,\"height\":67,\"caption\":\"Sapor Sp. z o. o.\"},\"image\":{\"@id\":\"https:\/\/sapor.pl\/en\/#\/schema\/logo\/image\/\"},\"sameAs\":[\"https:\/\/www.facebook.com\/SAPOR.Fabryka.okien.i.drzwi\/\"]}]}<\/script>\n<!-- \/ Yoast SEO plugin. -->","yoast_head_json":{"title":"Vorsatzrolll\u00e4den - Sapor","robots":{"index":"index","follow":"follow","max-snippet":"max-snippet:-1","max-image-preview":"max-image-preview:large","max-video-preview":"max-video-preview:-1"},"canonical":"https:\/\/sapor.pl\/natynkowe\/","og_locale":"de_DE","og_type":"article","og_title":"Vorsatzrolll\u00e4den - Sapor","og_url":"https:\/\/sapor.pl\/natynkowe\/","og_site_name":"Sapor","article_publisher":"https:\/\/www.facebook.com\/SAPOR.Fabryka.okien.i.drzwi\/","article_modified_time":"2023-12-05T15:16:02+00:00","twitter_card":"summary_large_image","twitter_misc":{"Gesch\u00e4tzte Lesezeit":"8\u00a0Minuten"},"schema":{"@context":"https:\/\/schema.org","@graph":[{"@type":"WebPage","@id":"https:\/\/sapor.pl\/natynkowe\/","url":"https:\/\/sapor.pl\/natynkowe\/","name":"Vorsatzrolll\u00e4den - Sapor","isPartOf":{"@id":"https:\/\/sapor.pl\/en\/#website"},"datePublished":"2021-05-16T16:19:23+00:00","dateModified":"2023-12-05T15:16:02+00:00","breadcrumb":{"@id":"https:\/\/sapor.pl\/natynkowe\/#breadcrumb"},"inLanguage":"de","potentialAction":[{"@type":"ReadAction","target":["https:\/\/sapor.pl\/natynkowe\/"]}]},{"@type":"BreadcrumbList","@id":"https:\/\/sapor.pl\/natynkowe\/#breadcrumb","itemListElement":[{"@type":"ListItem","position":1,"name":"Startseite","item":"https:\/\/sapor.pl\/de\/"},{"@type":"ListItem","position":2,"name":"Vorsatzrolll\u00e4den"}]},{"@type":"WebSite","@id":"https:\/\/sapor.pl\/en\/#website","url":"https:\/\/sapor.pl\/en\/","name":"Sapor","description":"","publisher":{"@id":"https:\/\/sapor.pl\/en\/#organization"},"potentialAction":[{"@type":"SearchAction","target":{"@type":"EntryPoint","urlTemplate":"https:\/\/sapor.pl\/en\/?s={search_term_string}"},"query-input":{"@type":"PropertyValueSpecification","valueRequired":true,"valueName":"search_term_string"}}],"inLanguage":"de"},{"@type":"Organization","@id":"https:\/\/sapor.pl\/en\/#organization","name":"Sapor Sp. z o. o.","url":"https:\/\/sapor.pl\/en\/","logo":{"@type":"ImageObject","inLanguage":"de","@id":"https:\/\/sapor.pl\/en\/#\/schema\/logo\/image\/","url":"https:\/\/sapor.pl\/wp-content\/uploads\/2021\/04\/logo-sapor-e1618419520128.png","contentUrl":"https:\/\/sapor.pl\/wp-content\/uploads\/2021\/04\/logo-sapor-e1618419520128.png","width":140,"height":67,"caption":"Sapor Sp. z o. o."},"image":{"@id":"https:\/\/sapor.pl\/en\/#\/schema\/logo\/image\/"},"sameAs":["https:\/\/www.facebook.com\/SAPOR.Fabryka.okien.i.drzwi\/"]}]}},"_links":{"self":[{"href":"https:\/\/sapor.pl\/de\/wp-json\/wp\/v2\/pages\/6784","targetHints":{"allow":["GET"]}}],"collection":[{"href":"https:\/\/sapor.pl\/de\/wp-json\/wp\/v2\/pages"}],"about":[{"href":"https:\/\/sapor.pl\/de\/wp-json\/wp\/v2\/types\/page"}],"author":[{"embeddable":true,"href":"https:\/\/sapor.pl\/de\/wp-json\/wp\/v2\/users\/1"}],"replies":[{"embeddable":true,"href":"https:\/\/sapor.pl\/de\/wp-json\/wp\/v2\/comments?post=6784"}],"version-history":[{"count":4,"href":"https:\/\/sapor.pl\/de\/wp-json\/wp\/v2\/pages\/6784\/revisions"}],"predecessor-version":[{"id":7696,"href":"https:\/\/sapor.pl\/de\/wp-json\/wp\/v2\/pages\/6784\/revisions\/7696"}],"wp:attachment":[{"href":"https:\/\/sapor.pl\/de\/wp-json\/wp\/v2\/media?parent=6784"}],"curies":[{"name":"wp","href":"https:\/\/api.w.org\/{rel}","templated":true}]}}