{"id":8161,"date":"2024-03-02T20:25:52","date_gmt":"2024-03-02T19:25:52","guid":{"rendered":"https:\/\/sapor.pl\/gealan-linear\/"},"modified":"2024-03-02T20:38:49","modified_gmt":"2024-03-02T19:38:49","slug":"gealan-linear","status":"publish","type":"page","link":"https:\/\/sapor.pl\/de\/gealan-linear\/","title":{"rendered":"Gealan Linear"},"content":{"rendered":"<div class=\"fusion-fullwidth fullwidth-box fusion-builder-row-1 fusion-flex-container nonhundred-percent-fullwidth non-hundred-percent-height-scrolling\" style=\"--awb-border-radius-top-left:0px;--awb-border-radius-top-right:0px;--awb-border-radius-bottom-right:0px;--awb-border-radius-bottom-left:0px;--awb-flex-wrap:wrap;\" ><div class=\"fusion-builder-row fusion-row fusion-flex-align-items-flex-start fusion-flex-content-wrap\" style=\"max-width:1528.8px;margin-left: calc(-4% \/ 2 );margin-right: calc(-4% \/ 2 );\"><div class=\"fusion-layout-column fusion_builder_column fusion-builder-column-0 fusion_builder_column_1_1 1_1 fusion-flex-column\" style=\"--awb-bg-size:cover;--awb-width-large:100%;--awb-margin-top-large:0px;--awb-spacing-right-large:1.92%;--awb-margin-bottom-large:20px;--awb-spacing-left-large:1.92%;--awb-width-medium:100%;--awb-order-medium:0;--awb-spacing-right-medium:1.92%;--awb-spacing-left-medium:1.92%;--awb-width-small:100%;--awb-order-small:0;--awb-spacing-right-small:1.92%;--awb-spacing-left-small:1.92%;\"><div class=\"fusion-column-wrapper fusion-column-has-shadow fusion-flex-justify-content-flex-start fusion-content-layout-column\"><div class=\"fusion-text fusion-text-1\"><h2 class=\"fusion-responsive-typography-calculated\" style=\"--fontsize: 40; line-height: 1.2;\" data-fontsize=\"40\" data-lineheight=\"48px\"><strong>PVC Gealan Linear Fenster<\/strong><\/h2>\n<\/div><div class=\"fusion-text fusion-text-2 fusion-animated\" data-animationType=\"slideInUp\" data-animationDuration=\"0.9\" data-animationOffset=\"top-into-view\"><p>\u00d6kologie und Aluminium-Imitation auf h\u00f6chstem Niveau | Premium-Fenster ideal f\u00fcr das Programm &#8222;Saubere Luft&#8220;<\/p>\n<\/div><\/div><\/div><div class=\"fusion-layout-column fusion_builder_column fusion-builder-column-1 fusion_builder_column_1_1 1_1 fusion-flex-column\" style=\"--awb-bg-size:cover;--awb-width-large:100%;--awb-margin-top-large:0px;--awb-spacing-right-large:1.92%;--awb-margin-bottom-large:20px;--awb-spacing-left-large:1.92%;--awb-width-medium:100%;--awb-order-medium:0;--awb-spacing-right-medium:1.92%;--awb-spacing-left-medium:1.92%;--awb-width-small:100%;--awb-order-small:0;--awb-spacing-right-small:1.92%;--awb-spacing-left-small:1.92%;\"><div class=\"fusion-column-wrapper fusion-column-has-shadow fusion-flex-justify-content-flex-start fusion-content-layout-column\"><div class=\"fusion-text fusion-text-3\"><p>Gealan Linear PVC-Fenster, mit einer Profiltiefe von 74 mm, verbinden die Vorteile modernen Designs mit hoher Funktionalit\u00e4t. Ihr innovatives Design bietet eine hervorragende W\u00e4rmed\u00e4mmung durch den Einsatz einer fortschrittlichen Dichtungstechnologie und ein Profil mit optimierter Geometrie. Das System zeichnet sich durch sein minimalistisches Design aus, das es erm\u00f6glicht, gro\u00dfe Verglasungen zu realisieren, die mehr Licht in die Innenr\u00e4ume lassen und bessere Aussichten bieten. Dank der Technologie, bei der das Glas mit dem Rahmen verklebt wird, bieten diese Fenster eine h\u00f6here Stabilit\u00e4t und bessere Isolierleistung. Gealan Linear ist die ideale L\u00f6sung f\u00fcr alle, die moderne, langlebige und energieeffiziente Fenster f\u00fcr ihr Haus suchen.<\/p>\n<\/div><\/div><\/div><div class=\"fusion-layout-column fusion_builder_column fusion-builder-column-2 fusion_builder_column_1_3 1_3 fusion-flex-column\" style=\"--awb-bg-size:cover;--awb-width-large:33.333333333333%;--awb-margin-top-large:0px;--awb-spacing-right-large:5.76%;--awb-margin-bottom-large:20px;--awb-spacing-left-large:5.76%;--awb-width-medium:33.333333333333%;--awb-order-medium:0;--awb-spacing-right-medium:5.76%;--awb-spacing-left-medium:5.76%;--awb-width-small:100%;--awb-order-small:0;--awb-spacing-right-small:1.92%;--awb-spacing-left-small:1.92%;\"><div class=\"fusion-column-wrapper fusion-column-has-shadow fusion-flex-justify-content-flex-start fusion-content-layout-column\"><div class=\"fusion-image-element \" style=\"text-align:center;--awb-caption-title-font-family:var(--h2_typography-font-family);--awb-caption-title-font-weight:var(--h2_typography-font-weight);--awb-caption-title-font-style:var(--h2_typography-font-style);--awb-caption-title-size:var(--h2_typography-font-size);--awb-caption-title-transform:var(--h2_typography-text-transform);--awb-caption-title-line-height:var(--h2_typography-line-height);--awb-caption-title-letter-spacing:var(--h2_typography-letter-spacing);\"><span class=\" fusion-imageframe imageframe-none imageframe-1 hover-type-none fusion-animated\" data-animationType=\"slideInRight\" data-animationDuration=\"0.3\" data-animationOffset=\"top-into-view\"><img decoding=\"async\" width=\"1080\" height=\"1080\" alt=\"gealan linear\" title=\"sapor (1)\" src=\"https:\/\/sapor.pl\/wp-content\/uploads\/2024\/03\/sapor-1.png\" data-orig-src=\"https:\/\/sapor.pl\/wp-content\/uploads\/2024\/03\/sapor-1.png\" class=\"lazyload img-responsive wp-image-8191\" srcset=\"data:image\/svg+xml,%3Csvg%20xmlns%3D%27http%3A%2F%2Fwww.w3.org%2F2000%2Fsvg%27%20width%3D%271080%27%20height%3D%271080%27%20viewBox%3D%270%200%201080%201080%27%3E%3Crect%20width%3D%271080%27%20height%3D%271080%27%20fill-opacity%3D%220%22%2F%3E%3C%2Fsvg%3E\" data-srcset=\"https:\/\/sapor.pl\/wp-content\/uploads\/2024\/03\/sapor-1-200x200.png 200w, https:\/\/sapor.pl\/wp-content\/uploads\/2024\/03\/sapor-1-400x400.png 400w, https:\/\/sapor.pl\/wp-content\/uploads\/2024\/03\/sapor-1-600x600.png 600w, https:\/\/sapor.pl\/wp-content\/uploads\/2024\/03\/sapor-1-800x800.png 800w, https:\/\/sapor.pl\/wp-content\/uploads\/2024\/03\/sapor-1.png 1080w\" data-sizes=\"auto\" data-orig-sizes=\"(max-width: 640px) 100vw, 600px\" \/><\/span><\/div><\/div><\/div><div class=\"fusion-layout-column fusion_builder_column fusion-builder-column-3 fusion_builder_column_1_3 1_3 fusion-flex-column\" style=\"--awb-bg-size:cover;--awb-width-large:33.333333333333%;--awb-margin-top-large:0px;--awb-spacing-right-large:5.76%;--awb-margin-bottom-large:20px;--awb-spacing-left-large:5.76%;--awb-width-medium:33.333333333333%;--awb-order-medium:0;--awb-spacing-right-medium:5.76%;--awb-spacing-left-medium:5.76%;--awb-width-small:100%;--awb-order-small:0;--awb-spacing-right-small:1.92%;--awb-spacing-left-small:1.92%;\"><div class=\"fusion-column-wrapper fusion-column-has-shadow fusion-flex-justify-content-flex-start fusion-content-layout-column\"><div class=\"fusion-image-element \" style=\"--awb-caption-title-font-family:var(--h2_typography-font-family);--awb-caption-title-font-weight:var(--h2_typography-font-weight);--awb-caption-title-font-style:var(--h2_typography-font-style);--awb-caption-title-size:var(--h2_typography-font-size);--awb-caption-title-transform:var(--h2_typography-text-transform);--awb-caption-title-line-height:var(--h2_typography-line-height);--awb-caption-title-letter-spacing:var(--h2_typography-letter-spacing);\"><span class=\" fusion-imageframe imageframe-none imageframe-2 hover-type-none\"><img decoding=\"async\" width=\"1080\" height=\"1080\" alt=\"gealan linear\" title=\"sapor\" src=\"https:\/\/sapor.pl\/wp-content\/uploads\/2024\/03\/sapor.png\" data-orig-src=\"https:\/\/sapor.pl\/wp-content\/uploads\/2024\/03\/sapor.png\" class=\"lazyload img-responsive wp-image-8186\" srcset=\"data:image\/svg+xml,%3Csvg%20xmlns%3D%27http%3A%2F%2Fwww.w3.org%2F2000%2Fsvg%27%20width%3D%271080%27%20height%3D%271080%27%20viewBox%3D%270%200%201080%201080%27%3E%3Crect%20width%3D%271080%27%20height%3D%271080%27%20fill-opacity%3D%220%22%2F%3E%3C%2Fsvg%3E\" data-srcset=\"https:\/\/sapor.pl\/wp-content\/uploads\/2024\/03\/sapor-200x200.png 200w, https:\/\/sapor.pl\/wp-content\/uploads\/2024\/03\/sapor-400x400.png 400w, https:\/\/sapor.pl\/wp-content\/uploads\/2024\/03\/sapor-600x600.png 600w, https:\/\/sapor.pl\/wp-content\/uploads\/2024\/03\/sapor-800x800.png 800w, https:\/\/sapor.pl\/wp-content\/uploads\/2024\/03\/sapor.png 1080w\" data-sizes=\"auto\" data-orig-sizes=\"(max-width: 640px) 100vw, 600px\" \/><\/span><\/div><\/div><\/div><div class=\"fusion-layout-column fusion_builder_column fusion-builder-column-4 fusion_builder_column_1_3 1_3 fusion-flex-column\" style=\"--awb-bg-size:cover;--awb-width-large:33.333333333333%;--awb-margin-top-large:0px;--awb-spacing-right-large:5.76%;--awb-margin-bottom-large:20px;--awb-spacing-left-large:5.76%;--awb-width-medium:33.333333333333%;--awb-order-medium:0;--awb-spacing-right-medium:5.76%;--awb-spacing-left-medium:5.76%;--awb-width-small:100%;--awb-order-small:0;--awb-spacing-right-small:1.92%;--awb-spacing-left-small:1.92%;\"><div class=\"fusion-column-wrapper fusion-column-has-shadow fusion-flex-justify-content-flex-start fusion-content-layout-column\"><div class=\"fusion-image-element \" style=\"--awb-caption-title-font-family:var(--h2_typography-font-family);--awb-caption-title-font-weight:var(--h2_typography-font-weight);--awb-caption-title-font-style:var(--h2_typography-font-style);--awb-caption-title-size:var(--h2_typography-font-size);--awb-caption-title-transform:var(--h2_typography-text-transform);--awb-caption-title-line-height:var(--h2_typography-line-height);--awb-caption-title-letter-spacing:var(--h2_typography-letter-spacing);\"><span class=\" fusion-imageframe imageframe-none imageframe-3 hover-type-none\"><img decoding=\"async\" width=\"1080\" height=\"1080\" alt=\"gealan linear\" title=\"4\" src=\"https:\/\/sapor.pl\/wp-content\/uploads\/2024\/03\/4.png\" data-orig-src=\"https:\/\/sapor.pl\/wp-content\/uploads\/2024\/03\/4.png\" class=\"lazyload img-responsive wp-image-8180\" srcset=\"data:image\/svg+xml,%3Csvg%20xmlns%3D%27http%3A%2F%2Fwww.w3.org%2F2000%2Fsvg%27%20width%3D%271080%27%20height%3D%271080%27%20viewBox%3D%270%200%201080%201080%27%3E%3Crect%20width%3D%271080%27%20height%3D%271080%27%20fill-opacity%3D%220%22%2F%3E%3C%2Fsvg%3E\" data-srcset=\"https:\/\/sapor.pl\/wp-content\/uploads\/2024\/03\/4-200x200.png 200w, https:\/\/sapor.pl\/wp-content\/uploads\/2024\/03\/4-400x400.png 400w, https:\/\/sapor.pl\/wp-content\/uploads\/2024\/03\/4-600x600.png 600w, https:\/\/sapor.pl\/wp-content\/uploads\/2024\/03\/4-800x800.png 800w, https:\/\/sapor.pl\/wp-content\/uploads\/2024\/03\/4.png 1080w\" data-sizes=\"auto\" data-orig-sizes=\"(max-width: 640px) 100vw, 600px\" \/><\/span><\/div><\/div><\/div><div class=\"fusion-layout-column fusion_builder_column fusion-builder-column-5 fusion_builder_column_1_1 1_1 fusion-flex-column\" style=\"--awb-bg-size:cover;--awb-width-large:100%;--awb-margin-top-large:0px;--awb-spacing-right-large:1.92%;--awb-margin-bottom-large:20px;--awb-spacing-left-large:1.92%;--awb-width-medium:100%;--awb-order-medium:0;--awb-spacing-right-medium:1.92%;--awb-spacing-left-medium:1.92%;--awb-width-small:100%;--awb-order-small:0;--awb-spacing-right-small:1.92%;--awb-spacing-left-small:1.92%;\"><div class=\"fusion-column-wrapper fusion-column-has-shadow fusion-flex-justify-content-flex-start fusion-content-layout-column\">\n<div class=\"table-2\">\n<table style=\"height: 345px;\" width=\"900\">\n<thead>\n<tr>\n<th align=\"left\">Hintergrundinformationen<\/th>\n<th align=\"left\"><\/th>\n<\/tr>\n<\/thead>\n<tbody>\n<tr>\n<td align=\"left\"><strong>Anzahl der Fensterscheiben<\/strong><\/td>\n<td align=\"left\">3<\/td>\n<\/tr>\n<tr>\n<td align=\"left\"><strong>Anzahl der Siegel<\/strong><\/td>\n<td align=\"left\">3<\/td>\n<\/tr>\n<tr>\n<td align=\"left\"><strong>Uw-Koeffizient<\/strong><\/td>\n<td align=\"left\">0.78<\/td>\n<\/tr>\n<tr>\n<td align=\"left\"><strong>Tiefe des Profils<\/strong><\/td>\n<td align=\"left\">74 mm<\/td>\n<\/tr>\n<tr>\n<td align=\"left\"><strong>Schwei\u00dfen<\/strong><\/td>\n<td align=\"left\">V-Perfect<\/td>\n<\/tr>\n<\/tbody>\n<\/table>\n<\/div>\n\n<div class=\"table-2 fusion-no-medium-visibility\">\n<table style=\"height: 222px;\" width=\"1200\">\n<thead>\n<tr>\n<th align=\"left\">Technische Daten<\/th>\n<th align=\"left\"><\/th>\n<\/tr>\n<\/thead>\n<tbody>\n<tr>\n<td align=\"left\"><strong>Material<\/strong><\/td>\n<td align=\"left\">PVC<\/td>\n<\/tr>\n<tr>\n<td align=\"left\"><strong>Marke<\/strong><\/td>\n<td align=\"left\">Gealan<\/td>\n<\/tr>\n<tr>\n<td align=\"left\"><strong>Uf<\/strong><\/td>\n<td align=\"left\">1.0<\/td>\n<\/tr>\n<tr>\n<td align=\"left\"><strong>Ug<\/strong><\/td>\n<td align=\"left\">0.5<\/td>\n<\/tr>\n<tr>\n<td align=\"left\"><strong>Uw<\/strong><\/td>\n<td align=\"left\">0.78<\/td>\n<\/tr>\n<tr>\n<td align=\"left\"><strong>Tiefe des Rahmens<\/strong><\/td>\n<td align=\"left\">74 mm<\/td>\n<\/tr>\n<tr>\n<td align=\"left\"><strong>Tiefe des Fl\u00fcgels<\/strong><\/td>\n<td align=\"left\">74 mm<\/td>\n<\/tr>\n<tr>\n<td align=\"left\"><strong>Maximales Fl\u00fcgelma\u00df<\/strong><\/td>\n<td align=\"left\">2,5 m2<\/td>\n<\/tr>\n<tr>\n<td align=\"left\"><strong>Max. Fl\u00fcgelgewicht<\/strong><\/td>\n<td align=\"left\">130 kg<\/td>\n<\/tr>\n<\/tbody>\n<\/table>\n<\/div>\n<div class=\"fusion-text fusion-text-4 fusion-animated\" data-animationType=\"slideInUp\" data-animationDuration=\"0.3\" data-animationOffset=\"top-into-view\"><h1>Lernen Sie das PVC-Fensterprofil kennen &#8211; Gealan Linear<\/h1>\n<p><em>Energieeffizienz, modernes Design und die M\u00f6glichkeit einer Finanzierung durch das Programm f\u00fcr saubere Luft.<\/em><\/p>\n<p>Gealan Linear Fenster sind die ideale L\u00f6sung f\u00fcr Projekte, die ein modernes Design und eine hohe Energieeffizienz erfordern. Dank der fortschrittlichen Produktionstechnologie und der Verwendung einer innovativen Mitteldichtung sind diese PVC-Fenster nicht nur energieeffizient, sondern bieten auch ein au\u00dfergew\u00f6hnliches Design.<\/p>\n<h2>Wem empfehlen wir die linearen PVC-Fenster von Gealan?<\/h2>\n<p>PVC-Fenster von Gealan Linear sind besonders f\u00fcr Investoren und Bauherren zu empfehlen, die moderne, \u00e4sthetische und energieeffiziente Fensterl\u00f6sungen f\u00fcr ihre Projekte suchen. Sie sind ideal f\u00fcr alle, die Minimalismus und Eleganz sch\u00e4tzen, aber auch f\u00fcr diejenigen, die Wert auf \u00f6kologische und \u00f6konomische Aspekte des Bauens legen. Das System ist ideal f\u00fcr moderne Wohn-, B\u00fcro- und Gesch\u00e4ftsgeb\u00e4ude, bei denen sowohl \u00c4sthetik als auch hohe W\u00e4rmed\u00e4mmung wichtig sind.<\/p>\n<h2>Welche Art von Endkunden sollte an Gealan Linear-Fenstern interessiert sein?<\/h2>\n<p>Der Endkunde, der sich f\u00fcr die Gealan Linearfenster interessieren sollte, ist jemand, der hochwertige Fenster sucht, die modernes Design mit Funktionalit\u00e4t verbinden. Ideal f\u00fcr alle, die \u00c4sthetik und Minimalismus sch\u00e4tzen, aber nicht auf eine hohe Energieeffizienz verzichten wollen. Dank der Verwendung von recycelten Materialien ist Gealan Linear auch eine ausgezeichnete Wahl f\u00fcr umweltbewusste Menschen. Kunden, die Langlebigkeit, Zuverl\u00e4ssigkeit und Komfort bei gleichzeitiger Umweltfreundlichkeit w\u00fcnschen, finden in Gealan Linear die Antwort auf ihre Bed\u00fcrfnisse.<\/p>\n<h2>Bieten Sie Gealan Linear denjenigen Kunden an, die darauf Wert legen:<\/h2>\n<p>Bieten Sie Gealan Linear jenen Kunden an, die Wert auf modernes Design, Energieeffizienz und umweltfreundliche Baul\u00f6sungen legen. Ideal f\u00fcr alle, die hoch w\u00e4rmeisolierende Fenster suchen und gleichzeitig wollen, dass sich ihr Haus oder Geb\u00e4ude durch eine aluminium\u00e4hnliche \u00c4sthetik auszeichnet. Das System richtet sich auch an diejenigen, die Wert auf Langlebigkeit und geringen Wartungsaufwand legen und bietet hochwertige Produkte zu einem vern\u00fcnftigen Preis.<\/p>\n<h2>Eine gute Alternative zu Gealan Linear-Fenstern &#8211; VEKA SOFTLINE 82MD<\/h2>\n<p>Gealan Linear Fenster sind die perfekte Wahl f\u00fcr alle, die Wert auf Modernit\u00e4t und Energieeffizienz legen. Alternativ k\u00f6nnen VEKA SOFTLINE 82MD Fenster auch eine hohe W\u00e4rmed\u00e4mmung und ein \u00e4sthetisch ansprechendes, modernes Design bieten. VEKA SOFTLINE 82MD ist die L\u00f6sung f\u00fcr Kunden, die Fenster mit etwas anderen technischen Parametern suchen, die vielleicht sogar besser an die spezifischen Bed\u00fcrfnisse ihrer Projekte angepasst sind.<\/p>\n<h2>Mehr \u00fcber den Hersteller von Gealan Linear Fenstern<\/h2>\n<div class=\"flex-1 overflow-hidden\">\n<div class=\"react-scroll-to-bottom--css-czanw-79elbk h-full\">\n<div class=\"react-scroll-to-bottom--css-czanw-1n7m0yu\">\n<div class=\"flex flex-col text-sm pb-9\">\n<div class=\"w-full text-token-text-primary\" data-testid=\"conversation-turn-48\">\n<div class=\"px-4 py-2 justify-center text-base md:gap-6 m-auto\">\n<div class=\"flex flex-1 text-base mx-auto gap-3 md:px-5 lg:px-1 xl:px-5 md:max-w-3xl lg:max-w-&#091;40rem&#093; xl:max-w-&#091;48rem&#093; group final-completion\">\n<div class=\"relative flex w-full flex-col agent-turn\">\n<div class=\"flex-col gap-1 md:gap-3\">\n<div class=\"flex flex-grow flex-col max-w-full\">\n<div class=\"min-h-&#091;20px&#093; text-message flex flex-col items-start gap-3 whitespace-pre-wrap break-words &#091;.text-message+&amp;&#093;:mt-5 overflow-x-auto\" data-message-author-role=\"assistant\" data-message-id=\"c3883817-ab43-4d35-b5c6-286e39b400b8\">\n<div class=\"markdown prose w-full break-words dark:prose-invert dark\">\n<p>GEALAN ist ein etablierter Hersteller von PVC-Fenster- und T\u00fcrsystemen, der f\u00fcr seine Innovation und sein Engagement f\u00fcr Nachhaltigkeit bekannt ist. Das Unternehmen bietet eine breite Palette von Produkten an, die den Anforderungen des modernen Bauwesens gerecht werden, wobei der Schwerpunkt auf Energieeffizienz, Haltbarkeit und \u00c4sthetik liegt. Dank des Engagements f\u00fcr die kontinuierliche Weiterentwicklung und Verbesserung seiner Produkte behauptet GEALAN seine Position als Marktf\u00fchrer und bietet L\u00f6sungen, die hohen Qualit\u00e4ts- und Umweltstandards entsprechen.<\/p>\n<\/div>\n<\/div>\n<\/div>\n<\/div>\n<\/div>\n<\/div>\n<\/div>\n<\/div>\n<\/div>\n<\/div>\n<\/div>\n<\/div>\n<h3>Mehr \u00fcber die St\u00e4rken der linearen Fenster von Gealan<\/h3>\n<p>Die St\u00e4rken des Gealan Linear-Fensters liegen vor allem in der modernen \u00c4sthetik und der hohen W\u00e4rmed\u00e4mmung, wodurch es sich perfekt f\u00fcr die Anforderungen des energieeffizienten Bauens eignet. Die innovative Mitteldichtung verbessert die thermische Leistung erheblich und der Einsatz der STV\u00ae-Technologie (trockene Verklebung des Glases) erh\u00f6ht die Stabilit\u00e4t des gesamten Fensters. Dar\u00fcber hinaus ist das System umweltfreundlich und damit eine ausgezeichnete Wahl f\u00fcr alle, die Wert auf die Umwelt legen.<\/p>\n<h2>Zusammenfassung der linearen Fenster von Gealan<\/h2>\n<div class=\"flex-1 overflow-hidden\">\n<div class=\"react-scroll-to-bottom--css-czanw-79elbk h-full\">\n<div class=\"react-scroll-to-bottom--css-czanw-1n7m0yu\">\n<div class=\"flex flex-col text-sm pb-9\">\n<div class=\"w-full text-token-text-primary\" data-testid=\"conversation-turn-54\">\n<div class=\"px-4 py-2 justify-center text-base md:gap-6 m-auto\">\n<div class=\"flex flex-1 text-base mx-auto gap-3 md:px-5 lg:px-1 xl:px-5 md:max-w-3xl lg:max-w-&#091;40rem&#093; xl:max-w-&#091;48rem&#093; group final-completion\">\n<div class=\"relative flex w-full flex-col agent-turn\">\n<div class=\"flex-col gap-1 md:gap-3\">\n<div class=\"flex flex-grow flex-col max-w-full\">\n<div class=\"min-h-&#091;20px&#093; text-message flex flex-col items-start gap-3 whitespace-pre-wrap break-words &#091;.text-message+&amp;&#093;:mt-5 overflow-x-auto\" data-message-author-role=\"assistant\" data-message-id=\"7385f17f-051d-4a7e-898f-1af8d6788fc1\">\n<div class=\"markdown prose w-full break-words dark:prose-invert dark\">\n<p>Die linearen Fenster von Gealan sind die ideale Kombination aus Modernit\u00e4t, Energieeffizienz und Umweltfreundlichkeit. Ihre Hightech-Merkmale, wie innovative Dichtungen und die STV\u00ae-Technologie, sorgen f\u00fcr eine au\u00dfergew\u00f6hnliche W\u00e4rmed\u00e4mmung und Stabilit\u00e4t. Au\u00dferdem sind sie aufgrund ihrer F\u00e4higkeit, recycelte Materialien zu verwenden, eine umweltfreundliche Wahl f\u00fcr modernes Bauen. Das System Gealan Linear ist dank seiner \u00c4sthetik und seiner Parameter die perfekte L\u00f6sung f\u00fcr alle, die PVC-Fenster mit einer hochwertigen, an Aluminium erinnernden Optik suchen, ohne auf wirtschaftliche und \u00f6kologische Vorteile verzichten zu wollen.<\/p>\n<\/div>\n<\/div>\n<\/div>\n<\/div>\n<\/div>\n<\/div>\n<\/div>\n<\/div>\n<\/div>\n<\/div>\n<\/div>\n<\/div>\n<\/div><\/div><\/div><\/div><\/div>\n","protected":false},"excerpt":{"rendered":"","protected":false},"author":1,"featured_media":0,"parent":0,"menu_order":0,"comment_status":"closed","ping_status":"closed","template":"","meta":{"footnotes":""},"class_list":["post-8161","page","type-page","status-publish","hentry"],"yoast_head":"<!-- This site is optimized with the Yoast SEO plugin v26.5 - https:\/\/yoast.com\/wordpress\/plugins\/seo\/ -->\n<title>Gealan Linear - Sapor<\/title>\n<meta name=\"robots\" content=\"index, follow, max-snippet:-1, max-image-preview:large, max-video-preview:-1\" \/>\n<link rel=\"canonical\" href=\"https:\/\/sapor.pl\/gealan-linear\/\" \/>\n<meta property=\"og:locale\" content=\"de_DE\" \/>\n<meta property=\"og:type\" content=\"article\" \/>\n<meta property=\"og:title\" content=\"Gealan Linear - Sapor\" \/>\n<meta property=\"og:url\" content=\"https:\/\/sapor.pl\/gealan-linear\/\" \/>\n<meta property=\"og:site_name\" content=\"Sapor\" \/>\n<meta property=\"article:publisher\" content=\"https:\/\/www.facebook.com\/SAPOR.Fabryka.okien.i.drzwi\/\" \/>\n<meta property=\"article:modified_time\" content=\"2024-03-02T19:38:49+00:00\" \/>\n<meta name=\"twitter:card\" content=\"summary_large_image\" \/>\n<meta name=\"twitter:label1\" content=\"Gesch\u00e4tzte Lesezeit\" \/>\n\t<meta name=\"twitter:data1\" content=\"19\u00a0Minuten\" \/>\n<script type=\"application\/ld+json\" class=\"yoast-schema-graph\">{\"@context\":\"https:\/\/schema.org\",\"@graph\":[{\"@type\":\"WebPage\",\"@id\":\"https:\/\/sapor.pl\/gealan-linear\/\",\"url\":\"https:\/\/sapor.pl\/gealan-linear\/\",\"name\":\"Gealan Linear - Sapor\",\"isPartOf\":{\"@id\":\"https:\/\/sapor.pl\/en\/#website\"},\"datePublished\":\"2024-03-02T19:25:52+00:00\",\"dateModified\":\"2024-03-02T19:38:49+00:00\",\"breadcrumb\":{\"@id\":\"https:\/\/sapor.pl\/gealan-linear\/#breadcrumb\"},\"inLanguage\":\"de\",\"potentialAction\":[{\"@type\":\"ReadAction\",\"target\":[\"https:\/\/sapor.pl\/gealan-linear\/\"]}]},{\"@type\":\"BreadcrumbList\",\"@id\":\"https:\/\/sapor.pl\/gealan-linear\/#breadcrumb\",\"itemListElement\":[{\"@type\":\"ListItem\",\"position\":1,\"name\":\"Startseite\",\"item\":\"https:\/\/sapor.pl\/de\/\"},{\"@type\":\"ListItem\",\"position\":2,\"name\":\"Gealan Linear\"}]},{\"@type\":\"WebSite\",\"@id\":\"https:\/\/sapor.pl\/en\/#website\",\"url\":\"https:\/\/sapor.pl\/en\/\",\"name\":\"Sapor\",\"description\":\"\",\"publisher\":{\"@id\":\"https:\/\/sapor.pl\/en\/#organization\"},\"potentialAction\":[{\"@type\":\"SearchAction\",\"target\":{\"@type\":\"EntryPoint\",\"urlTemplate\":\"https:\/\/sapor.pl\/en\/?s={search_term_string}\"},\"query-input\":{\"@type\":\"PropertyValueSpecification\",\"valueRequired\":true,\"valueName\":\"search_term_string\"}}],\"inLanguage\":\"de\"},{\"@type\":\"Organization\",\"@id\":\"https:\/\/sapor.pl\/en\/#organization\",\"name\":\"Sapor Sp. z o. o.\",\"url\":\"https:\/\/sapor.pl\/en\/\",\"logo\":{\"@type\":\"ImageObject\",\"inLanguage\":\"de\",\"@id\":\"https:\/\/sapor.pl\/en\/#\/schema\/logo\/image\/\",\"url\":\"https:\/\/sapor.pl\/wp-content\/uploads\/2021\/04\/logo-sapor-e1618419520128.png\",\"contentUrl\":\"https:\/\/sapor.pl\/wp-content\/uploads\/2021\/04\/logo-sapor-e1618419520128.png\",\"width\":140,\"height\":67,\"caption\":\"Sapor Sp. z o. o.\"},\"image\":{\"@id\":\"https:\/\/sapor.pl\/en\/#\/schema\/logo\/image\/\"},\"sameAs\":[\"https:\/\/www.facebook.com\/SAPOR.Fabryka.okien.i.drzwi\/\"]}]}<\/script>\n<!-- \/ Yoast SEO plugin. -->","yoast_head_json":{"title":"Gealan Linear - Sapor","robots":{"index":"index","follow":"follow","max-snippet":"max-snippet:-1","max-image-preview":"max-image-preview:large","max-video-preview":"max-video-preview:-1"},"canonical":"https:\/\/sapor.pl\/gealan-linear\/","og_locale":"de_DE","og_type":"article","og_title":"Gealan Linear - Sapor","og_url":"https:\/\/sapor.pl\/gealan-linear\/","og_site_name":"Sapor","article_publisher":"https:\/\/www.facebook.com\/SAPOR.Fabryka.okien.i.drzwi\/","article_modified_time":"2024-03-02T19:38:49+00:00","twitter_card":"summary_large_image","twitter_misc":{"Gesch\u00e4tzte Lesezeit":"19\u00a0Minuten"},"schema":{"@context":"https:\/\/schema.org","@graph":[{"@type":"WebPage","@id":"https:\/\/sapor.pl\/gealan-linear\/","url":"https:\/\/sapor.pl\/gealan-linear\/","name":"Gealan Linear - Sapor","isPartOf":{"@id":"https:\/\/sapor.pl\/en\/#website"},"datePublished":"2024-03-02T19:25:52+00:00","dateModified":"2024-03-02T19:38:49+00:00","breadcrumb":{"@id":"https:\/\/sapor.pl\/gealan-linear\/#breadcrumb"},"inLanguage":"de","potentialAction":[{"@type":"ReadAction","target":["https:\/\/sapor.pl\/gealan-linear\/"]}]},{"@type":"BreadcrumbList","@id":"https:\/\/sapor.pl\/gealan-linear\/#breadcrumb","itemListElement":[{"@type":"ListItem","position":1,"name":"Startseite","item":"https:\/\/sapor.pl\/de\/"},{"@type":"ListItem","position":2,"name":"Gealan Linear"}]},{"@type":"WebSite","@id":"https:\/\/sapor.pl\/en\/#website","url":"https:\/\/sapor.pl\/en\/","name":"Sapor","description":"","publisher":{"@id":"https:\/\/sapor.pl\/en\/#organization"},"potentialAction":[{"@type":"SearchAction","target":{"@type":"EntryPoint","urlTemplate":"https:\/\/sapor.pl\/en\/?s={search_term_string}"},"query-input":{"@type":"PropertyValueSpecification","valueRequired":true,"valueName":"search_term_string"}}],"inLanguage":"de"},{"@type":"Organization","@id":"https:\/\/sapor.pl\/en\/#organization","name":"Sapor Sp. z o. o.","url":"https:\/\/sapor.pl\/en\/","logo":{"@type":"ImageObject","inLanguage":"de","@id":"https:\/\/sapor.pl\/en\/#\/schema\/logo\/image\/","url":"https:\/\/sapor.pl\/wp-content\/uploads\/2021\/04\/logo-sapor-e1618419520128.png","contentUrl":"https:\/\/sapor.pl\/wp-content\/uploads\/2021\/04\/logo-sapor-e1618419520128.png","width":140,"height":67,"caption":"Sapor Sp. z o. o."},"image":{"@id":"https:\/\/sapor.pl\/en\/#\/schema\/logo\/image\/"},"sameAs":["https:\/\/www.facebook.com\/SAPOR.Fabryka.okien.i.drzwi\/"]}]}},"_links":{"self":[{"href":"https:\/\/sapor.pl\/de\/wp-json\/wp\/v2\/pages\/8161","targetHints":{"allow":["GET"]}}],"collection":[{"href":"https:\/\/sapor.pl\/de\/wp-json\/wp\/v2\/pages"}],"about":[{"href":"https:\/\/sapor.pl\/de\/wp-json\/wp\/v2\/types\/page"}],"author":[{"embeddable":true,"href":"https:\/\/sapor.pl\/de\/wp-json\/wp\/v2\/users\/1"}],"replies":[{"embeddable":true,"href":"https:\/\/sapor.pl\/de\/wp-json\/wp\/v2\/comments?post=8161"}],"version-history":[{"count":3,"href":"https:\/\/sapor.pl\/de\/wp-json\/wp\/v2\/pages\/8161\/revisions"}],"predecessor-version":[{"id":8204,"href":"https:\/\/sapor.pl\/de\/wp-json\/wp\/v2\/pages\/8161\/revisions\/8204"}],"wp:attachment":[{"href":"https:\/\/sapor.pl\/de\/wp-json\/wp\/v2\/media?parent=8161"}],"curies":[{"name":"wp","href":"https:\/\/api.w.org\/{rel}","templated":true}]}}