{"id":8947,"date":"2024-04-14T18:16:25","date_gmt":"2024-04-14T16:16:25","guid":{"rendered":"https:\/\/sapor.pl\/aluminium\/aluminium-fenster\/mb-60-hi\/"},"modified":"2024-04-14T18:18:01","modified_gmt":"2024-04-14T16:18:01","slug":"mb-60-hi","status":"publish","type":"page","link":"https:\/\/sapor.pl\/de\/aluminium\/aluminium-fenster\/mb-60-hi\/","title":{"rendered":"MB-60 HI"},"content":{"rendered":"<div class=\"fusion-fullwidth fullwidth-box fusion-builder-row-1 fusion-flex-container nonhundred-percent-fullwidth non-hundred-percent-height-scrolling\" style=\"--awb-border-radius-top-left:0px;--awb-border-radius-top-right:0px;--awb-border-radius-bottom-right:0px;--awb-border-radius-bottom-left:0px;--awb-flex-wrap:wrap;\" ><div class=\"fusion-builder-row fusion-row fusion-flex-align-items-flex-start fusion-flex-content-wrap\" style=\"max-width:1528.8px;margin-left: calc(-4% \/ 2 );margin-right: calc(-4% \/ 2 );\"><div class=\"fusion-layout-column fusion_builder_column fusion-builder-column-0 fusion_builder_column_2_3 2_3 fusion-flex-column fusion-flex-align-self-center fusion-animated\" style=\"--awb-bg-size:cover;--awb-width-large:66.666666666667%;--awb-margin-top-large:0px;--awb-spacing-right-large:2.88%;--awb-margin-bottom-large:20px;--awb-spacing-left-large:2.88%;--awb-width-medium:66.666666666667%;--awb-order-medium:0;--awb-spacing-right-medium:2.88%;--awb-spacing-left-medium:2.88%;--awb-width-small:100%;--awb-order-small:0;--awb-spacing-right-small:1.92%;--awb-spacing-left-small:1.92%;\" data-animationType=\"slideInLeft\" data-animationDuration=\"0.9\" data-animationOffset=\"top-into-view\"><div class=\"fusion-column-wrapper fusion-column-has-shadow fusion-flex-justify-content-flex-start fusion-content-layout-column\"><div class=\"fusion-text fusion-text-1\" style=\"--awb-font-size:18px;--awb-margin-right:10px;--awb-margin-left:10px;\"><p>Das MB-60HI-System ist eine fortschrittliche Fenster- und T\u00fcrl\u00f6sung mit hoher W\u00e4rmed\u00e4mmung, ideal f\u00fcr modernes energieeffizientes Bauen. Es zeichnet sich durch verst\u00e4rkte Profile mit Isoliereins\u00e4tzen zur Minimierung von W\u00e4rmeverlusten aus und ist daher die bevorzugte Wahl f\u00fcr Projekte, bei denen es auf hervorragende Energieeffizienz und \u00e4sthetisches Design ankommt.<\/p>\n<\/div><\/div><\/div><div class=\"fusion-layout-column fusion_builder_column fusion-builder-column-1 fusion_builder_column_1_3 1_3 fusion-flex-column fusion-animated\" style=\"--awb-padding-top-small:0px;--awb-bg-size:cover;--awb-width-large:33.333333333333%;--awb-margin-top-large:0px;--awb-spacing-right-large:5.76%;--awb-margin-bottom-large:20px;--awb-spacing-left-large:5.76%;--awb-width-medium:33.333333333333%;--awb-order-medium:0;--awb-spacing-right-medium:5.76%;--awb-spacing-left-medium:5.76%;--awb-width-small:100%;--awb-order-small:0;--awb-spacing-right-small:1.92%;--awb-spacing-left-small:1.92%;\" data-animationType=\"slideInRight\" data-animationDuration=\"0.9\" data-animationOffset=\"top-into-view\"><div class=\"fusion-column-wrapper fusion-column-has-shadow fusion-flex-justify-content-flex-start fusion-content-layout-column\"><div class=\"fusion-image-element \" style=\"text-align:center;--awb-max-width:450px;--awb-caption-title-font-family:var(--h2_typography-font-family);--awb-caption-title-font-weight:var(--h2_typography-font-weight);--awb-caption-title-font-style:var(--h2_typography-font-style);--awb-caption-title-size:var(--h2_typography-font-size);--awb-caption-title-transform:var(--h2_typography-text-transform);--awb-caption-title-line-height:var(--h2_typography-line-height);--awb-caption-title-letter-spacing:var(--h2_typography-letter-spacing);\"><span class=\" fusion-imageframe imageframe-none imageframe-1 hover-type-none\"><img decoding=\"async\" width=\"1200\" height=\"1200\" alt=\"MB60 HI\" title=\"1\" src=\"https:\/\/sapor.pl\/wp-content\/uploads\/2024\/04\/1-3.png\" data-orig-src=\"https:\/\/sapor.pl\/wp-content\/uploads\/2024\/04\/1-3.png\" class=\"lazyload img-responsive wp-image-8923\" srcset=\"data:image\/svg+xml,%3Csvg%20xmlns%3D%27http%3A%2F%2Fwww.w3.org%2F2000%2Fsvg%27%20width%3D%271200%27%20height%3D%271200%27%20viewBox%3D%270%200%201200%201200%27%3E%3Crect%20width%3D%271200%27%20height%3D%271200%27%20fill-opacity%3D%220%22%2F%3E%3C%2Fsvg%3E\" data-srcset=\"https:\/\/sapor.pl\/wp-content\/uploads\/2024\/04\/1-3-200x200.png 200w, https:\/\/sapor.pl\/wp-content\/uploads\/2024\/04\/1-3-400x400.png 400w, https:\/\/sapor.pl\/wp-content\/uploads\/2024\/04\/1-3-600x600.png 600w, https:\/\/sapor.pl\/wp-content\/uploads\/2024\/04\/1-3-800x800.png 800w, https:\/\/sapor.pl\/wp-content\/uploads\/2024\/04\/1-3.png 1200w\" data-sizes=\"auto\" data-orig-sizes=\"(max-width: 640px) 100vw, 600px\" \/><\/span><\/div><\/div><\/div><div class=\"fusion-layout-column fusion_builder_column fusion-builder-column-2 fusion_builder_column_1_2 1_2 fusion-flex-column fusion-animated\" style=\"--awb-padding-top-small:0px;--awb-bg-size:cover;--awb-width-large:50%;--awb-margin-top-large:0px;--awb-spacing-right-large:3.84%;--awb-margin-bottom-large:20px;--awb-spacing-left-large:3.84%;--awb-width-medium:50%;--awb-order-medium:0;--awb-spacing-right-medium:3.84%;--awb-spacing-left-medium:3.84%;--awb-width-small:100%;--awb-order-small:0;--awb-spacing-right-small:1.92%;--awb-spacing-left-small:1.92%;\" data-animationType=\"slideInRight\" data-animationDuration=\"0.9\" data-animationOffset=\"top-into-view\"><div class=\"fusion-column-wrapper fusion-column-has-shadow fusion-flex-justify-content-flex-start fusion-content-layout-column\"><div class=\"fusion-image-element \" style=\"text-align:center;--awb-max-width:450px;--awb-caption-title-font-family:var(--h2_typography-font-family);--awb-caption-title-font-weight:var(--h2_typography-font-weight);--awb-caption-title-font-style:var(--h2_typography-font-style);--awb-caption-title-size:var(--h2_typography-font-size);--awb-caption-title-transform:var(--h2_typography-text-transform);--awb-caption-title-line-height:var(--h2_typography-line-height);--awb-caption-title-letter-spacing:var(--h2_typography-letter-spacing);\"><span class=\" fusion-imageframe imageframe-none imageframe-2 hover-type-none\"><img decoding=\"async\" width=\"1200\" height=\"1200\" title=\"2\" src=\"https:\/\/sapor.pl\/wp-content\/uploads\/2024\/04\/2-3.png\" data-orig-src=\"https:\/\/sapor.pl\/wp-content\/uploads\/2024\/04\/2-3.png\" alt class=\"lazyload img-responsive wp-image-8928\" srcset=\"data:image\/svg+xml,%3Csvg%20xmlns%3D%27http%3A%2F%2Fwww.w3.org%2F2000%2Fsvg%27%20width%3D%271200%27%20height%3D%271200%27%20viewBox%3D%270%200%201200%201200%27%3E%3Crect%20width%3D%271200%27%20height%3D%271200%27%20fill-opacity%3D%220%22%2F%3E%3C%2Fsvg%3E\" data-srcset=\"https:\/\/sapor.pl\/wp-content\/uploads\/2024\/04\/2-3-200x200.png 200w, https:\/\/sapor.pl\/wp-content\/uploads\/2024\/04\/2-3-400x400.png 400w, https:\/\/sapor.pl\/wp-content\/uploads\/2024\/04\/2-3-600x600.png 600w, https:\/\/sapor.pl\/wp-content\/uploads\/2024\/04\/2-3-800x800.png 800w, https:\/\/sapor.pl\/wp-content\/uploads\/2024\/04\/2-3.png 1200w\" data-sizes=\"auto\" data-orig-sizes=\"(max-width: 640px) 100vw, 800px\" \/><\/span><\/div><\/div><\/div><div class=\"fusion-layout-column fusion_builder_column fusion-builder-column-3 fusion_builder_column_1_2 1_2 fusion-flex-column fusion-animated\" style=\"--awb-padding-top-small:0px;--awb-bg-size:cover;--awb-width-large:50%;--awb-margin-top-large:0px;--awb-spacing-right-large:3.84%;--awb-margin-bottom-large:20px;--awb-spacing-left-large:3.84%;--awb-width-medium:50%;--awb-order-medium:0;--awb-spacing-right-medium:3.84%;--awb-spacing-left-medium:3.84%;--awb-width-small:100%;--awb-order-small:0;--awb-spacing-right-small:1.92%;--awb-spacing-left-small:1.92%;\" data-animationType=\"slideInRight\" data-animationDuration=\"0.9\" data-animationOffset=\"top-into-view\"><div class=\"fusion-column-wrapper fusion-column-has-shadow fusion-flex-justify-content-flex-start fusion-content-layout-column\"><div class=\"fusion-image-element \" style=\"text-align:center;--awb-max-width:450px;--awb-caption-title-font-family:var(--h2_typography-font-family);--awb-caption-title-font-weight:var(--h2_typography-font-weight);--awb-caption-title-font-style:var(--h2_typography-font-style);--awb-caption-title-size:var(--h2_typography-font-size);--awb-caption-title-transform:var(--h2_typography-text-transform);--awb-caption-title-line-height:var(--h2_typography-line-height);--awb-caption-title-letter-spacing:var(--h2_typography-letter-spacing);\"><span class=\" fusion-imageframe imageframe-none imageframe-3 hover-type-none\"><img decoding=\"async\" width=\"1200\" height=\"1200\" title=\"3\" src=\"https:\/\/sapor.pl\/wp-content\/uploads\/2024\/04\/3-3.png\" data-orig-src=\"https:\/\/sapor.pl\/wp-content\/uploads\/2024\/04\/3-3.png\" alt class=\"lazyload img-responsive wp-image-8933\" srcset=\"data:image\/svg+xml,%3Csvg%20xmlns%3D%27http%3A%2F%2Fwww.w3.org%2F2000%2Fsvg%27%20width%3D%271200%27%20height%3D%271200%27%20viewBox%3D%270%200%201200%201200%27%3E%3Crect%20width%3D%271200%27%20height%3D%271200%27%20fill-opacity%3D%220%22%2F%3E%3C%2Fsvg%3E\" data-srcset=\"https:\/\/sapor.pl\/wp-content\/uploads\/2024\/04\/3-3-200x200.png 200w, https:\/\/sapor.pl\/wp-content\/uploads\/2024\/04\/3-3-400x400.png 400w, https:\/\/sapor.pl\/wp-content\/uploads\/2024\/04\/3-3-600x600.png 600w, https:\/\/sapor.pl\/wp-content\/uploads\/2024\/04\/3-3-800x800.png 800w, https:\/\/sapor.pl\/wp-content\/uploads\/2024\/04\/3-3.png 1200w\" data-sizes=\"auto\" data-orig-sizes=\"(max-width: 640px) 100vw, 800px\" \/><\/span><\/div><\/div><\/div><div class=\"fusion-layout-column fusion_builder_column fusion-builder-column-4 fusion_builder_column_1_2 1_2 fusion-flex-column fusion-flex-align-self-center fusion-animated\" style=\"--awb-bg-size:cover;--awb-width-large:50%;--awb-margin-top-large:0px;--awb-spacing-right-large:3.84%;--awb-margin-bottom-large:20px;--awb-spacing-left-large:3.84%;--awb-width-medium:50%;--awb-order-medium:0;--awb-spacing-right-medium:3.84%;--awb-spacing-left-medium:3.84%;--awb-width-small:100%;--awb-order-small:0;--awb-spacing-right-small:1.92%;--awb-spacing-left-small:1.92%;\" data-animationType=\"slideInLeft\" data-animationDuration=\"0.9\" data-animationOffset=\"top-into-view\"><div class=\"fusion-column-wrapper fusion-column-has-shadow fusion-flex-justify-content-flex-start fusion-content-layout-column\"><div class=\"fusion-image-element \" style=\"text-align:center;--awb-caption-title-font-family:var(--h2_typography-font-family);--awb-caption-title-font-weight:var(--h2_typography-font-weight);--awb-caption-title-font-style:var(--h2_typography-font-style);--awb-caption-title-size:var(--h2_typography-font-size);--awb-caption-title-transform:var(--h2_typography-text-transform);--awb-caption-title-line-height:var(--h2_typography-line-height);--awb-caption-title-letter-spacing:var(--h2_typography-letter-spacing);\"><span class=\" fusion-imageframe imageframe-none imageframe-4 hover-type-none\"><img decoding=\"async\" width=\"300\" height=\"400\" title=\"mb-60hi-3\" src=\"https:\/\/sapor.pl\/wp-content\/uploads\/2021\/06\/mb-60hi-3.jpg\" data-orig-src=\"https:\/\/sapor.pl\/wp-content\/uploads\/2021\/06\/mb-60hi-3.jpg\" alt class=\"lazyload img-responsive wp-image-1868\" srcset=\"data:image\/svg+xml,%3Csvg%20xmlns%3D%27http%3A%2F%2Fwww.w3.org%2F2000%2Fsvg%27%20width%3D%27300%27%20height%3D%27400%27%20viewBox%3D%270%200%20300%20400%27%3E%3Crect%20width%3D%27300%27%20height%3D%27400%27%20fill-opacity%3D%220%22%2F%3E%3C%2Fsvg%3E\" data-srcset=\"https:\/\/sapor.pl\/wp-content\/uploads\/2021\/06\/mb-60hi-3-200x267.jpg 200w, https:\/\/sapor.pl\/wp-content\/uploads\/2021\/06\/mb-60hi-3.jpg 300w\" data-sizes=\"auto\" data-orig-sizes=\"(max-width: 640px) 100vw, 300px\" \/><\/span><\/div><\/div><\/div><div class=\"fusion-layout-column fusion_builder_column fusion-builder-column-5 fusion_builder_column_1_2 1_2 fusion-flex-column fusion-flex-align-self-center fusion-animated\" style=\"--awb-bg-size:cover;--awb-width-large:50%;--awb-margin-top-large:0px;--awb-spacing-right-large:3.84%;--awb-margin-bottom-large:20px;--awb-spacing-left-large:3.84%;--awb-width-medium:20%;--awb-order-medium:0;--awb-spacing-right-medium:9.6%;--awb-spacing-left-medium:9.6%;--awb-width-small:100%;--awb-order-small:0;--awb-spacing-right-small:1.92%;--awb-spacing-left-small:1.92%;\" data-animationType=\"slideInRight\" data-animationDuration=\"0.9\" data-animationOffset=\"top-into-view\"><div class=\"fusion-column-wrapper fusion-column-has-shadow fusion-flex-justify-content-flex-start fusion-content-layout-column\"><div style=\"text-align:center;\"><a class=\"fusion-button button-flat fusion-button-default-size button-custom fusion-button-default button-1 fusion-button-default-span fusion-button-default-type\" style=\"--button_accent_color:#ffffff;--button_accent_hover_color:#ffffff;--button_border_hover_color:#780404;--button-border-radius-top-left:0;--button-border-radius-top-right:0;--button-border-radius-bottom-right:0;--button-border-radius-bottom-left:0;--button_gradient_top_color:var(--awb-custom_color_1);--button_gradient_bottom_color:var(--awb-custom_color_1);--button_gradient_top_color_hover:var(--awb-custom_color_2);--button_gradient_bottom_color_hover:var(--awb-custom_color_2);\" target=\"_blank\" rel=\"noopener noreferrer\" href=\"\/wp-content\/uploads\/2021\/06\/atest-pzh-systeme-mb.pdf\"><i class=\"fa-file-pdf fas awb-button__icon awb-button__icon--default button-icon-left\" aria-hidden=\"true\"><\/i><span class=\"fusion-button-text awb-button__text awb-button__text--default\">PZH-Zulassung f\u00fcr MB-Systeme<\/span><\/a><\/div><div style=\"text-align:center;\"><a class=\"fusion-button button-flat fusion-button-default-size button-custom fusion-button-default button-2 fusion-button-default-span fusion-button-default-type\" style=\"--button_accent_color:#ffffff;--button_accent_hover_color:#ffffff;--button_border_hover_color:#780404;--button-border-radius-top-left:0;--button-border-radius-top-right:0;--button-border-radius-bottom-right:0;--button-border-radius-bottom-left:0;--button_gradient_top_color:var(--awb-custom_color_1);--button_gradient_bottom_color:var(--awb-custom_color_1);--button_gradient_top_color_hover:var(--awb-custom_color_2);--button_gradient_bottom_color_hover:var(--awb-custom_color_2);--button_margin-top:15px;\" target=\"_blank\" rel=\"noopener noreferrer\" href=\"\/wp-content\/uploads\/2021\/06\/blattsammlung-MB-60.pdf\"><i class=\"fa-file-pdf fas awb-button__icon awb-button__icon--default button-icon-left\" aria-hidden=\"true\"><\/i><span class=\"fusion-button-text awb-button__text awb-button__text--default\">Merkblatt MB-60HI<\/span><\/a><\/div><div style=\"text-align:center;\"><a class=\"fusion-button button-flat fusion-button-default-size button-custom fusion-button-default button-3 fusion-button-default-span fusion-button-default-type\" style=\"--button_accent_color:#ffffff;--button_accent_hover_color:#ffffff;--button_border_hover_color:#780404;--button-border-radius-top-left:0;--button-border-radius-top-right:0;--button-border-radius-bottom-right:0;--button-border-radius-bottom-left:0;--button_gradient_top_color:var(--awb-custom_color_1);--button_gradient_bottom_color:var(--awb-custom_color_1);--button_gradient_top_color_hover:var(--awb-custom_color_2);--button_gradient_bottom_color_hover:var(--awb-custom_color_2);--button_margin-top:15px;\" target=\"_blank\" rel=\"noopener noreferrer\" href=\"\/wp-content\/uploads\/2021\/06\/blatt-schiebetuer-und-harmonisch.pdf\"><i class=\"fa-file-pdf fas awb-button__icon awb-button__icon--default button-icon-left\" aria-hidden=\"true\"><\/i><span class=\"fusion-button-text awb-button__text awb-button__text--default\">Schiebe- und Faltsysteme<\/span><\/a><\/div><\/div><\/div><div class=\"fusion-layout-column fusion_builder_column fusion-builder-column-6 fusion_builder_column_1_1 1_1 fusion-flex-column fusion-flex-align-self-center fusion-animated\" style=\"--awb-bg-size:cover;--awb-width-large:100%;--awb-margin-top-large:0px;--awb-spacing-right-large:1.92%;--awb-margin-bottom-large:20px;--awb-spacing-left-large:1.92%;--awb-width-medium:100%;--awb-order-medium:0;--awb-spacing-right-medium:1.92%;--awb-spacing-left-medium:1.92%;--awb-width-small:100%;--awb-order-small:0;--awb-spacing-right-small:1.92%;--awb-spacing-left-small:1.92%;\" data-animationType=\"slideInLeft\" data-animationDuration=\"0.9\" data-animationOffset=\"top-into-view\"><div class=\"fusion-column-wrapper fusion-column-has-shadow fusion-flex-justify-content-flex-start fusion-content-layout-column\"><div class=\"fusion-text fusion-text-2 fusion-text-no-margin\" style=\"--awb-font-size:18px;--awb-margin-top:20px;--awb-margin-bottom:20px;\"><h2><strong>Lernen Sie das MB-60HI Fenster- und T\u00fcrsystem kennen<\/strong><\/h2>\n<p>Das Fenster- und T\u00fcrsystem MB-60HI ist eine L\u00f6sung mit hoher W\u00e4rmed\u00e4mmung, eine Antwort auf die wachsenden Anforderungen an die Energieeffizienz im Bauwesen. Basierend auf dem bew\u00e4hrten System MB-60 und seinen Varianten zeichnet sich das MB-60HI durch eine verbesserte D\u00e4mmleistung durch den Einsatz spezieller Einlagen in den Profilkammern aus, die den Uf-Wert auf 1,48 W\/(m2*K) erh\u00f6ht.<\/p>\n<h2><strong>Wem empfehlen wir das MB-60HI System?<\/strong><\/h2>\n<p>Architekten und Bauherren, die nach technologisch fortschrittlichen Fensterl\u00f6sungen suchen, die sowohl \u00c4sthetik als auch au\u00dfergew\u00f6hnliche D\u00e4mmleistung bieten.<\/p>\n<h2><strong>Eine gute Alternative<\/strong><\/h2>\n<p>F\u00fcr diejenigen, die eine noch h\u00f6here W\u00e4rmed\u00e4mmung w\u00fcnschen, kann das System MB-SR50 HI eine gute Wahl sein, das zus\u00e4tzliche D\u00e4mmungsm\u00f6glichkeiten in Riegel- und S\u00e4ulenfassaden bietet.<\/p>\n<h2><strong>Mehr \u00fcber das MB-60HI-System<\/strong><\/h2>\n<p>Das System MB-60HI eignet sich sowohl f\u00fcr den Einsatz in einzelnen H\u00e4usern als auch im Rahmen gr\u00f6\u00dferer Fassadenprojekte. Eine bessere W\u00e4rmed\u00e4mmung f\u00fchrt zu niedrigeren Energiekosten und mehr Komfort.<\/p>\n<p>Um dem Bedarf an Baumaterialien mit hoher W\u00e4rmed\u00e4mmung gerecht zu werden, wurden verschiedene Fenstersysteme mit einer thermischen Trennung entwickelt. Ihr Design folgt auf die Basissysteme MB-60, MB-60US, MB-60E und MB-60EF, die hoch angesehen und zuverl\u00e4ssig sind. Unter ihnen sticht das MB-60HI besonders hervor.<\/p>\n<p>Vorteile des MB-60HI-Systems<\/p>\n<p>Bei einer Konstruktion mit dem System MB-60HI liegt der Uf-Koeffizient bei 1,48 W\/(m2*K) und h\u00e4ngt davon ab, welches Zubeh\u00f6r und welche Profile verwendet wurden.<\/p>\n<p>Um die W\u00e4rmed\u00e4mmung zu erh\u00f6hen, sollten die Einlagen in den mittleren Kammern der Aluminiumprofile angebracht werden. Die speziellen Eins\u00e4tze haben einen niedrigen W\u00e4rmeleitkoeffizienten und minimieren so den W\u00e4rmefluss. Durch die zentrale Anordnung der Patronen werden au\u00dferdem W\u00e4rmestrahlung und Konvektion reduziert.<\/p>\n<p>Identisch mit dem Basissystem werden MB-60HI-Fenster erfolgreich in individuellen Geb\u00e4uden und Aluminiumfassaden eingesetzt. Wenn sie als F\u00fcllung in einer Riegel-S\u00e4ulenwand eingebaut werden, ist es ratsam, sie mit MB-SR50 HI zu kombinieren &#8211; einem System mit erh\u00f6hter W\u00e4rmed\u00e4mmung.<\/p>\n<h2><strong>Zusammenfassung<\/strong><\/h2>\n<p>Das MB-60HI ist eine ausgezeichnete Wahl f\u00fcr Projekte, bei denen Energieeinsparungen Priorit\u00e4t haben, ohne dass dabei Kompromisse beim Design eingegangen werden m\u00fcssen. Diese L\u00f6sung verbindet technische Innovation mit Funktionalit\u00e4t und ist damit die bevorzugte Wahl im modernen Bauwesen.<\/p>\n<\/div><\/div><\/div><\/div><\/div>\n","protected":false},"excerpt":{"rendered":"","protected":false},"author":1,"featured_media":0,"parent":7220,"menu_order":0,"comment_status":"closed","ping_status":"closed","template":"","meta":{"footnotes":""},"class_list":["post-8947","page","type-page","status-publish","hentry"],"yoast_head":"<!-- This site is optimized with the Yoast SEO plugin v26.5 - https:\/\/yoast.com\/wordpress\/plugins\/seo\/ -->\n<title>MB-60 HI - Sapor<\/title>\n<meta name=\"robots\" content=\"index, follow, max-snippet:-1, max-image-preview:large, max-video-preview:-1\" \/>\n<link rel=\"canonical\" href=\"https:\/\/sapor.pl\/aluminium\/okna-aluminiowe\/mb-60-hi\/\" \/>\n<meta property=\"og:locale\" content=\"de_DE\" \/>\n<meta property=\"og:type\" content=\"article\" \/>\n<meta property=\"og:title\" content=\"MB-60 HI - Sapor\" \/>\n<meta property=\"og:url\" content=\"https:\/\/sapor.pl\/aluminium\/okna-aluminiowe\/mb-60-hi\/\" \/>\n<meta property=\"og:site_name\" content=\"Sapor\" \/>\n<meta property=\"article:publisher\" content=\"https:\/\/www.facebook.com\/SAPOR.Fabryka.okien.i.drzwi\/\" \/>\n<meta property=\"article:modified_time\" content=\"2024-04-14T16:18:01+00:00\" \/>\n<meta name=\"twitter:card\" content=\"summary_large_image\" \/>\n<meta name=\"twitter:label1\" content=\"Gesch\u00e4tzte Lesezeit\" \/>\n\t<meta name=\"twitter:data1\" content=\"21\u00a0Minuten\" \/>\n<script type=\"application\/ld+json\" class=\"yoast-schema-graph\">{\"@context\":\"https:\/\/schema.org\",\"@graph\":[{\"@type\":\"WebPage\",\"@id\":\"https:\/\/sapor.pl\/aluminium\/okna-aluminiowe\/mb-60-hi\/\",\"url\":\"https:\/\/sapor.pl\/aluminium\/okna-aluminiowe\/mb-60-hi\/\",\"name\":\"MB-60 HI - Sapor\",\"isPartOf\":{\"@id\":\"https:\/\/sapor.pl\/en\/#website\"},\"datePublished\":\"2024-04-14T16:16:25+00:00\",\"dateModified\":\"2024-04-14T16:18:01+00:00\",\"breadcrumb\":{\"@id\":\"https:\/\/sapor.pl\/aluminium\/okna-aluminiowe\/mb-60-hi\/#breadcrumb\"},\"inLanguage\":\"de\",\"potentialAction\":[{\"@type\":\"ReadAction\",\"target\":[\"https:\/\/sapor.pl\/aluminium\/okna-aluminiowe\/mb-60-hi\/\"]}]},{\"@type\":\"BreadcrumbList\",\"@id\":\"https:\/\/sapor.pl\/aluminium\/okna-aluminiowe\/mb-60-hi\/#breadcrumb\",\"itemListElement\":[{\"@type\":\"ListItem\",\"position\":1,\"name\":\"Startseite\",\"item\":\"https:\/\/sapor.pl\/de\/\"},{\"@type\":\"ListItem\",\"position\":2,\"name\":\"Aluminium\",\"item\":\"https:\/\/sapor.pl\/de\/aluminium\/\"},{\"@type\":\"ListItem\",\"position\":3,\"name\":\"Aluminium-Fenster\",\"item\":\"https:\/\/sapor.pl\/de\/aluminium\/aluminium-fenster\/\"},{\"@type\":\"ListItem\",\"position\":4,\"name\":\"MB-60 HI\"}]},{\"@type\":\"WebSite\",\"@id\":\"https:\/\/sapor.pl\/en\/#website\",\"url\":\"https:\/\/sapor.pl\/en\/\",\"name\":\"Sapor\",\"description\":\"\",\"publisher\":{\"@id\":\"https:\/\/sapor.pl\/en\/#organization\"},\"potentialAction\":[{\"@type\":\"SearchAction\",\"target\":{\"@type\":\"EntryPoint\",\"urlTemplate\":\"https:\/\/sapor.pl\/en\/?s={search_term_string}\"},\"query-input\":{\"@type\":\"PropertyValueSpecification\",\"valueRequired\":true,\"valueName\":\"search_term_string\"}}],\"inLanguage\":\"de\"},{\"@type\":\"Organization\",\"@id\":\"https:\/\/sapor.pl\/en\/#organization\",\"name\":\"Sapor Sp. z o. o.\",\"url\":\"https:\/\/sapor.pl\/en\/\",\"logo\":{\"@type\":\"ImageObject\",\"inLanguage\":\"de\",\"@id\":\"https:\/\/sapor.pl\/en\/#\/schema\/logo\/image\/\",\"url\":\"https:\/\/sapor.pl\/wp-content\/uploads\/2021\/04\/logo-sapor-e1618419520128.png\",\"contentUrl\":\"https:\/\/sapor.pl\/wp-content\/uploads\/2021\/04\/logo-sapor-e1618419520128.png\",\"width\":140,\"height\":67,\"caption\":\"Sapor Sp. z o. o.\"},\"image\":{\"@id\":\"https:\/\/sapor.pl\/en\/#\/schema\/logo\/image\/\"},\"sameAs\":[\"https:\/\/www.facebook.com\/SAPOR.Fabryka.okien.i.drzwi\/\"]}]}<\/script>\n<!-- \/ Yoast SEO plugin. -->","yoast_head_json":{"title":"MB-60 HI - Sapor","robots":{"index":"index","follow":"follow","max-snippet":"max-snippet:-1","max-image-preview":"max-image-preview:large","max-video-preview":"max-video-preview:-1"},"canonical":"https:\/\/sapor.pl\/aluminium\/okna-aluminiowe\/mb-60-hi\/","og_locale":"de_DE","og_type":"article","og_title":"MB-60 HI - Sapor","og_url":"https:\/\/sapor.pl\/aluminium\/okna-aluminiowe\/mb-60-hi\/","og_site_name":"Sapor","article_publisher":"https:\/\/www.facebook.com\/SAPOR.Fabryka.okien.i.drzwi\/","article_modified_time":"2024-04-14T16:18:01+00:00","twitter_card":"summary_large_image","twitter_misc":{"Gesch\u00e4tzte Lesezeit":"21\u00a0Minuten"},"schema":{"@context":"https:\/\/schema.org","@graph":[{"@type":"WebPage","@id":"https:\/\/sapor.pl\/aluminium\/okna-aluminiowe\/mb-60-hi\/","url":"https:\/\/sapor.pl\/aluminium\/okna-aluminiowe\/mb-60-hi\/","name":"MB-60 HI - Sapor","isPartOf":{"@id":"https:\/\/sapor.pl\/en\/#website"},"datePublished":"2024-04-14T16:16:25+00:00","dateModified":"2024-04-14T16:18:01+00:00","breadcrumb":{"@id":"https:\/\/sapor.pl\/aluminium\/okna-aluminiowe\/mb-60-hi\/#breadcrumb"},"inLanguage":"de","potentialAction":[{"@type":"ReadAction","target":["https:\/\/sapor.pl\/aluminium\/okna-aluminiowe\/mb-60-hi\/"]}]},{"@type":"BreadcrumbList","@id":"https:\/\/sapor.pl\/aluminium\/okna-aluminiowe\/mb-60-hi\/#breadcrumb","itemListElement":[{"@type":"ListItem","position":1,"name":"Startseite","item":"https:\/\/sapor.pl\/de\/"},{"@type":"ListItem","position":2,"name":"Aluminium","item":"https:\/\/sapor.pl\/de\/aluminium\/"},{"@type":"ListItem","position":3,"name":"Aluminium-Fenster","item":"https:\/\/sapor.pl\/de\/aluminium\/aluminium-fenster\/"},{"@type":"ListItem","position":4,"name":"MB-60 HI"}]},{"@type":"WebSite","@id":"https:\/\/sapor.pl\/en\/#website","url":"https:\/\/sapor.pl\/en\/","name":"Sapor","description":"","publisher":{"@id":"https:\/\/sapor.pl\/en\/#organization"},"potentialAction":[{"@type":"SearchAction","target":{"@type":"EntryPoint","urlTemplate":"https:\/\/sapor.pl\/en\/?s={search_term_string}"},"query-input":{"@type":"PropertyValueSpecification","valueRequired":true,"valueName":"search_term_string"}}],"inLanguage":"de"},{"@type":"Organization","@id":"https:\/\/sapor.pl\/en\/#organization","name":"Sapor Sp. z o. o.","url":"https:\/\/sapor.pl\/en\/","logo":{"@type":"ImageObject","inLanguage":"de","@id":"https:\/\/sapor.pl\/en\/#\/schema\/logo\/image\/","url":"https:\/\/sapor.pl\/wp-content\/uploads\/2021\/04\/logo-sapor-e1618419520128.png","contentUrl":"https:\/\/sapor.pl\/wp-content\/uploads\/2021\/04\/logo-sapor-e1618419520128.png","width":140,"height":67,"caption":"Sapor Sp. z o. o."},"image":{"@id":"https:\/\/sapor.pl\/en\/#\/schema\/logo\/image\/"},"sameAs":["https:\/\/www.facebook.com\/SAPOR.Fabryka.okien.i.drzwi\/"]}]}},"_links":{"self":[{"href":"https:\/\/sapor.pl\/de\/wp-json\/wp\/v2\/pages\/8947","targetHints":{"allow":["GET"]}}],"collection":[{"href":"https:\/\/sapor.pl\/de\/wp-json\/wp\/v2\/pages"}],"about":[{"href":"https:\/\/sapor.pl\/de\/wp-json\/wp\/v2\/types\/page"}],"author":[{"embeddable":true,"href":"https:\/\/sapor.pl\/de\/wp-json\/wp\/v2\/users\/1"}],"replies":[{"embeddable":true,"href":"https:\/\/sapor.pl\/de\/wp-json\/wp\/v2\/comments?post=8947"}],"version-history":[{"count":3,"href":"https:\/\/sapor.pl\/de\/wp-json\/wp\/v2\/pages\/8947\/revisions"}],"predecessor-version":[{"id":8952,"href":"https:\/\/sapor.pl\/de\/wp-json\/wp\/v2\/pages\/8947\/revisions\/8952"}],"up":[{"embeddable":true,"href":"https:\/\/sapor.pl\/de\/wp-json\/wp\/v2\/pages\/7220"}],"wp:attachment":[{"href":"https:\/\/sapor.pl\/de\/wp-json\/wp\/v2\/media?parent=8947"}],"curies":[{"name":"wp","href":"https:\/\/api.w.org\/{rel}","templated":true}]}}