{"id":3899,"date":"2021-05-23T19:04:27","date_gmt":"2021-05-23T17:04:27","guid":{"rendered":"https:\/\/sapor.pl\/refleksole-120\/"},"modified":"2023-09-08T13:00:46","modified_gmt":"2023-09-08T11:00:46","slug":"refleksole-120","status":"publish","type":"page","link":"https:\/\/sapor.pl\/fr\/refleksole-120\/","title":{"rendered":"Refleksole 120"},"content":{"rendered":"<div class=\"fusion-fullwidth fullwidth-box fusion-builder-row-1 fusion-flex-container nonhundred-percent-fullwidth non-hundred-percent-height-scrolling\" style=\"--awb-border-radius-top-left:0px;--awb-border-radius-top-right:0px;--awb-border-radius-bottom-right:0px;--awb-border-radius-bottom-left:0px;--awb-flex-wrap:wrap;\" ><div class=\"fusion-builder-row fusion-row fusion-flex-align-items-flex-start fusion-flex-content-wrap\" style=\"max-width:1528.8px;margin-left: calc(-4% \/ 2 );margin-right: calc(-4% \/ 2 );\"><div class=\"fusion-layout-column fusion_builder_column fusion-builder-column-0 fusion_builder_column_1_1 1_1 fusion-flex-column\" style=\"--awb-bg-size:cover;--awb-width-large:100%;--awb-margin-top-large:0px;--awb-spacing-right-large:1.92%;--awb-margin-bottom-large:20px;--awb-spacing-left-large:1.92%;--awb-width-medium:100%;--awb-order-medium:0;--awb-spacing-right-medium:1.92%;--awb-spacing-left-medium:1.92%;--awb-width-small:100%;--awb-order-small:0;--awb-spacing-right-small:1.92%;--awb-spacing-left-small:1.92%;\"><div class=\"fusion-column-wrapper fusion-column-has-shadow fusion-flex-justify-content-flex-start fusion-content-layout-column\"><div class=\"fusion-text fusion-text-1\"><h2><span style=\"font-weight: 400;\">Technique d\u2019ombrage Refleksole 120<\/span><\/h2>\n<\/div><div class=\"fusion-text fusion-text-2\"><h4><span style=\"font-weight: 400;\">Efficacit\u00e9 et r\u00e9glage de lumi\u00e8re | solutions avanc\u00e9es pour confort et privacit\u00e9<br \/>\n<\/span><\/h4>\n<\/div><\/div><\/div><div class=\"fusion-layout-column fusion_builder_column fusion-builder-column-1 fusion_builder_column_1_2 1_2 fusion-flex-column fusion-flex-align-self-center fusion-animated\" style=\"--awb-bg-size:cover;--awb-width-large:50%;--awb-margin-top-large:0px;--awb-spacing-right-large:3.84%;--awb-margin-bottom-large:20px;--awb-spacing-left-large:3.84%;--awb-width-medium:50%;--awb-order-medium:0;--awb-spacing-right-medium:3.84%;--awb-spacing-left-medium:3.84%;--awb-width-small:100%;--awb-order-small:0;--awb-spacing-right-small:1.92%;--awb-spacing-left-small:1.92%;\" data-animationType=\"slideInLeft\" data-animationDuration=\"0.9\" data-animationOffset=\"top-into-view\"><div class=\"fusion-column-wrapper fusion-column-has-shadow fusion-flex-justify-content-flex-start fusion-content-layout-column\"><div class=\"fusion-image-element \" style=\"--awb-caption-title-font-family:var(--h2_typography-font-family);--awb-caption-title-font-weight:var(--h2_typography-font-weight);--awb-caption-title-font-style:var(--h2_typography-font-style);--awb-caption-title-size:var(--h2_typography-font-size);--awb-caption-title-transform:var(--h2_typography-text-transform);--awb-caption-title-line-height:var(--h2_typography-line-height);--awb-caption-title-letter-spacing:var(--h2_typography-letter-spacing);\"><span class=\" fusion-imageframe imageframe-none imageframe-1 hover-type-zoomin\"><a href=\"https:\/\/sapor.pl\/wp-content\/uploads\/2021\/05\/refleksole-120-2.jpg\" class=\"fusion-lightbox\" data-rel=\"iLightbox[73d71f619fb1f418e88]\" data-title=\"refleksole-120-2\" title=\"refleksole-120-2\"><img decoding=\"async\" width=\"1000\" height=\"667\" src=\"https:\/\/sapor.pl\/wp-content\/uploads\/2021\/05\/refleksole-120-2.jpg\" data-orig-src=\"https:\/\/sapor.pl\/wp-content\/uploads\/2021\/05\/refleksole-120-2.jpg\" alt class=\"lazyload img-responsive wp-image-858\" srcset=\"data:image\/svg+xml,%3Csvg%20xmlns%3D%27http%3A%2F%2Fwww.w3.org%2F2000%2Fsvg%27%20width%3D%271000%27%20height%3D%27667%27%20viewBox%3D%270%200%201000%20667%27%3E%3Crect%20width%3D%271000%27%20height%3D%27667%27%20fill-opacity%3D%220%22%2F%3E%3C%2Fsvg%3E\" data-srcset=\"https:\/\/sapor.pl\/wp-content\/uploads\/2021\/05\/refleksole-120-2-200x133.jpg 200w, https:\/\/sapor.pl\/wp-content\/uploads\/2021\/05\/refleksole-120-2-400x267.jpg 400w, https:\/\/sapor.pl\/wp-content\/uploads\/2021\/05\/refleksole-120-2-600x400.jpg 600w, https:\/\/sapor.pl\/wp-content\/uploads\/2021\/05\/refleksole-120-2-800x534.jpg 800w, https:\/\/sapor.pl\/wp-content\/uploads\/2021\/05\/refleksole-120-2.jpg 1000w\" data-sizes=\"auto\" data-orig-sizes=\"(max-width: 640px) 100vw, 800px\" \/><\/a><\/span><\/div><\/div><\/div><div class=\"fusion-layout-column fusion_builder_column fusion-builder-column-2 fusion_builder_column_1_2 1_2 fusion-flex-column fusion-animated\" style=\"--awb-bg-size:cover;--awb-width-large:50%;--awb-margin-top-large:0px;--awb-spacing-right-large:3.84%;--awb-margin-bottom-large:20px;--awb-spacing-left-large:3.84%;--awb-width-medium:50%;--awb-order-medium:0;--awb-spacing-right-medium:3.84%;--awb-spacing-left-medium:3.84%;--awb-width-small:100%;--awb-order-small:0;--awb-spacing-right-small:1.92%;--awb-spacing-left-small:1.92%;\" data-animationType=\"slideInRight\" data-animationDuration=\"0.3\" data-animationOffset=\"top-into-view\"><div class=\"fusion-column-wrapper fusion-column-has-shadow fusion-flex-justify-content-flex-start fusion-content-layout-column\">\n<div class=\"table-2\">\n<div class=\"table-2\">\n<div class=\"table-2\">\n<div class=\"table-2\">\n<div class=\"table-2\">\n<table width=\"100%\">\n<thead>\n<tr>\n<th align=\"left\">Donn\u00e9es essentielles<\/th>\n<th align=\"left\"><\/th>\n<\/tr>\n<\/thead>\n<tbody>\n<tr>\n<td align=\"left\"><strong>Type de technique d\u2019ombrage<\/strong><\/td>\n<td align=\"left\">Refleksole 120<\/td>\n<\/tr>\n<tr>\n<td align=\"left\"><strong>Emploi<\/strong><\/td>\n<td align=\"left\">Fen\u00eatres, terrasses, vitrages<\/td>\n<\/tr>\n<tr>\n<td align=\"left\"><strong>Mat\u00e9riaux<\/strong><\/td>\n<td align=\"left\">tissu dot\u00e9e d\u2019une couche m\u00e9tallis\u00e9e<\/td>\n<\/tr>\n<tr>\n<td align=\"left\"><strong>Coloris<\/strong><\/td>\n<td align=\"left\">palette RAL et diff\u00e9rents motifs<\/td>\n<\/tr>\n<tr>\n<td align=\"left\"><strong>Montage<\/strong><\/td>\n<td align=\"left\">int\u00e9rieur ou ext\u00e9rieur<\/td>\n<\/tr>\n<tr>\n<td align=\"left\"><strong>R\u00e9sistance aux intemp\u00e9ries<\/strong><\/td>\n<td align=\"left\">oui<\/td>\n<\/tr>\n<tr>\n<td align=\"left\"><strong>R\u00e9sistance au rayonnement UV<\/strong><\/td>\n<td align=\"left\">oui<\/td>\n<\/tr>\n<tr>\n<td align=\"left\"><strong>R\u00e9sistance \u00e0 l\u2019humidit\u00e9<\/strong><\/td>\n<td align=\"left\">oui<\/td>\n<\/tr>\n<tr>\n<td align=\"left\"><strong>Tailles disponibles<\/strong><\/td>\n<td align=\"left\">selon les dimensions des fen\u00eatres<\/td>\n<\/tr>\n<tr>\n<td align=\"left\"><strong>Coffre \u00e0 encastrer en<\/strong><\/td>\n<td align=\"left\">T\u00f4le d\u2019aluminium avec une saillie permettant d\u2019appliquer de l\u2019enduit \u00e0 l\u2019ext\u00e9rieur<\/td>\n<\/tr>\n<tr>\n<td align=\"left\"><strong>Coffre \u00e0 encastrer ou \u00e0 installer en applique<\/strong><\/td>\n<td align=\"left\">Aluminium extrud\u00e9<\/td>\n<\/tr>\n<tr>\n<td align=\"left\"><strong>Guidages lin\u00e9aires<\/strong><\/td>\n<td align=\"left\">Aluminium extrud\u00e9 ou corde en acier inox<\/td>\n<\/tr>\n<\/tbody>\n<\/table>\n<\/div>\n<\/div>\n<\/div>\n<\/div>\n<\/div>\n<\/div><\/div><div class=\"fusion-layout-column fusion_builder_column fusion-builder-column-3 fusion_builder_column_1_2 1_2 fusion-flex-column fusion-flex-align-self-center fusion-animated\" style=\"--awb-bg-size:cover;--awb-width-large:50%;--awb-margin-top-large:0px;--awb-spacing-right-large:3.84%;--awb-margin-bottom-large:20px;--awb-spacing-left-large:3.84%;--awb-width-medium:50%;--awb-order-medium:0;--awb-spacing-right-medium:3.84%;--awb-spacing-left-medium:3.84%;--awb-width-small:100%;--awb-order-small:0;--awb-spacing-right-small:1.92%;--awb-spacing-left-small:1.92%;\" data-animationType=\"slideInLeft\" data-animationDuration=\"0.3\" data-animationOffset=\"top-into-view\"><div class=\"fusion-column-wrapper fusion-column-has-shadow fusion-flex-justify-content-flex-start fusion-content-layout-column\">\n<div class=\"table-2\">\n<div class=\"table-2\">\n<div class=\"table-2\">\n<div class=\"table-2\">\n<table width=\"100%\">\n<thead>\n<tr>\n<th align=\"left\">Caract\u00e9ristiques techniques<\/th>\n<th align=\"left\"><\/th>\n<\/tr>\n<\/thead>\n<tbody>\n<tr>\n<td align=\"left\"><strong>Coefficient de r\u00e9flexion de la lumi\u00e8re<\/strong><\/td>\n<td align=\"left\">80%<\/td>\n<\/tr>\n<tr>\n<td align=\"left\"><strong>Coefficient de transmission de la lumi\u00e8re<\/strong><\/td>\n<td align=\"left\">20%<\/td>\n<\/tr>\n<tr>\n<td align=\"left\"><strong>Coefficient d\u2019ouverture<\/strong><\/td>\n<td align=\"left\">1-99%<\/td>\n<\/tr>\n<tr>\n<td align=\"left\"><strong>Classe de r\u00e9sistance au vent jusqu\u2019\u00e0<\/strong><\/td>\n<td align=\"left\">do 70 km\/h<\/td>\n<\/tr>\n<tr>\n<td align=\"left\"><strong>Motorisation \u00e9lectrique<\/strong><\/td>\n<td align=\"left\">oui<\/td>\n<\/tr>\n<tr>\n<td align=\"left\"><strong>Motorisation manuelle<\/strong><\/td>\n<td align=\"left\">non<\/td>\n<\/tr>\n<tr>\n<td align=\"left\"><strong>Utilisation ext\u00e9rieure<\/strong><\/td>\n<td align=\"left\">guidages extrud\u00e9s<\/td>\n<\/tr>\n<tr>\n<td align=\"left\"><strong>largeur maximale<\/strong><\/td>\n<td align=\"left\">4.0 m<\/td>\n<\/tr>\n<tr>\n<td align=\"left\"><strong>hauteur maximale<\/strong><\/td>\n<td align=\"left\">4.0 m<\/td>\n<\/tr>\n<tr>\n<td align=\"left\"><strong>Utilisation ext\u00e9rieure<\/strong><\/td>\n<td align=\"left\">cordes de guidage<\/td>\n<\/tr>\n<tr>\n<td align=\"left\"><strong>largeur maximale<\/strong><\/td>\n<td align=\"left\">3.5 m<\/td>\n<\/tr>\n<tr>\n<td align=\"left\"><strong>hauteur maximale<\/strong><\/td>\n<td align=\"left\">3.0 m<\/td>\n<\/tr>\n<tr>\n<td align=\"left\"><strong>Utilisation int\u00e9rieure<\/strong><\/td>\n<td align=\"left\">guidages extrud\u00e9s<\/td>\n<\/tr>\n<tr>\n<td align=\"left\"><strong>largeur maximale<\/strong><\/td>\n<td align=\"left\">4.0 m<\/td>\n<\/tr>\n<tr>\n<td align=\"left\"><strong>hauteur maximale<\/strong><\/td>\n<td align=\"left\">4.0 m<\/td>\n<\/tr>\n<tr>\n<td align=\"left\"><strong>Utilisation ext\u00e9rieure<\/strong><\/td>\n<td align=\"left\">cordes de guidage<\/td>\n<\/tr>\n<tr>\n<td align=\"left\"><strong>largeur maximale<\/strong><\/td>\n<td align=\"left\">4.0 m<\/td>\n<\/tr>\n<tr>\n<td align=\"left\"><strong>hauteur maximale<\/strong><\/td>\n<td align=\"left\">4.0 m<\/td>\n<\/tr>\n<\/tbody>\n<\/table>\n<\/div>\n<\/div>\n<\/div>\n<\/div>\n<\/div><\/div><div class=\"fusion-layout-column fusion_builder_column fusion-builder-column-4 fusion_builder_column_1_2 1_2 fusion-flex-column fusion-flex-align-self-center fusion-animated\" style=\"--awb-bg-size:cover;--awb-width-large:50%;--awb-margin-top-large:0px;--awb-spacing-right-large:3.84%;--awb-margin-bottom-large:20px;--awb-spacing-left-large:3.84%;--awb-width-medium:50%;--awb-order-medium:0;--awb-spacing-right-medium:3.84%;--awb-spacing-left-medium:3.84%;--awb-width-small:100%;--awb-order-small:0;--awb-spacing-right-small:1.92%;--awb-spacing-left-small:1.92%;\" data-animationType=\"slideInRight\" data-animationDuration=\"0.9\" data-animationOffset=\"top-into-view\"><div class=\"fusion-column-wrapper fusion-column-has-shadow fusion-flex-justify-content-flex-start fusion-content-layout-column\"><div class=\"fusion-image-element \" style=\"--awb-caption-title-font-family:var(--h2_typography-font-family);--awb-caption-title-font-weight:var(--h2_typography-font-weight);--awb-caption-title-font-style:var(--h2_typography-font-style);--awb-caption-title-size:var(--h2_typography-font-size);--awb-caption-title-transform:var(--h2_typography-text-transform);--awb-caption-title-line-height:var(--h2_typography-line-height);--awb-caption-title-letter-spacing:var(--h2_typography-letter-spacing);\"><span class=\" fusion-imageframe imageframe-none imageframe-2 hover-type-zoomin\"><a href=\"https:\/\/sapor.pl\/wp-content\/uploads\/2021\/05\/refleksole-120-3.jpg\" class=\"fusion-lightbox\" data-rel=\"iLightbox[1ee7bd1358965b10b3e]\" data-title=\"refleksole-120-3\" title=\"refleksole-120-3\"><img decoding=\"async\" width=\"1500\" height=\"1000\" src=\"https:\/\/sapor.pl\/wp-content\/uploads\/2021\/05\/refleksole-120-3.jpg\" data-orig-src=\"https:\/\/sapor.pl\/wp-content\/uploads\/2021\/05\/refleksole-120-3.jpg\" alt class=\"lazyload img-responsive wp-image-862\" srcset=\"data:image\/svg+xml,%3Csvg%20xmlns%3D%27http%3A%2F%2Fwww.w3.org%2F2000%2Fsvg%27%20width%3D%271500%27%20height%3D%271000%27%20viewBox%3D%270%200%201500%201000%27%3E%3Crect%20width%3D%271500%27%20height%3D%271000%27%20fill-opacity%3D%220%22%2F%3E%3C%2Fsvg%3E\" data-srcset=\"https:\/\/sapor.pl\/wp-content\/uploads\/2021\/05\/refleksole-120-3-200x133.jpg 200w, https:\/\/sapor.pl\/wp-content\/uploads\/2021\/05\/refleksole-120-3-400x267.jpg 400w, https:\/\/sapor.pl\/wp-content\/uploads\/2021\/05\/refleksole-120-3-600x400.jpg 600w, https:\/\/sapor.pl\/wp-content\/uploads\/2021\/05\/refleksole-120-3-800x533.jpg 800w, https:\/\/sapor.pl\/wp-content\/uploads\/2021\/05\/refleksole-120-3-1200x800.jpg 1200w, https:\/\/sapor.pl\/wp-content\/uploads\/2021\/05\/refleksole-120-3.jpg 1500w\" data-sizes=\"auto\" data-orig-sizes=\"(max-width: 640px) 100vw, 800px\" \/><\/a><\/span><\/div><\/div><\/div><div class=\"fusion-layout-column fusion_builder_column fusion-builder-column-5 fusion_builder_column_1_1 1_1 fusion-flex-column\" style=\"--awb-bg-size:cover;--awb-width-large:100%;--awb-margin-top-large:0px;--awb-spacing-right-large:1.92%;--awb-margin-bottom-large:20px;--awb-spacing-left-large:1.92%;--awb-width-medium:100%;--awb-order-medium:0;--awb-spacing-right-medium:1.92%;--awb-spacing-left-medium:1.92%;--awb-width-small:100%;--awb-order-small:0;--awb-spacing-right-small:1.92%;--awb-spacing-left-small:1.92%;\"><div class=\"fusion-column-wrapper fusion-column-has-shadow fusion-flex-justify-content-flex-start fusion-content-layout-column\"><div class=\"fusion-text fusion-text-3\"><h3>\u00c0 propos de la technique d\u2019ombrage Refleksole 120<\/h3>\n<p>La technique d\u2019ombrage Refleksole 120 est une solution moderne pour ceux qui cherchent une filtration efficace de la lumi\u00e8re et l\u2019intimit\u00e9. Refleksole 120 en tissu dot\u00e9 d\u2019une couche m\u00e9tallis\u00e9e est caract\u00e9ris\u00e9e par un bon rendement en ce qui concerne la r\u00e9flexion de lumi\u00e8re ce qui permet de profiter d\u2019une protection solaire permettant d\u2019\u00e9viter aussi un chauffage excessif des locaux. Elle est facilement adaptable aux pr\u00e9f\u00e9rences individuelles et aux diff\u00e9rents am\u00e9nagement gr\u00e2ce \u00e0 de nombreux motifs et couleurs au choix.<\/p>\n<h3>Mise en place de la technique d\u2019ombrage Refleksole 120 :<\/h3>\n<p>&#8211; Dans les fen\u00eatres pour filtrer la lumi\u00e8re et pour maintenir la temp\u00e9rature souhait\u00e9e.<\/p>\n<p>&#8211; Sur les terrasses et dans les espaces vitr\u00e9s pour cr\u00e9er des zones de repos et de d\u00e9tentes cozy.<\/p>\n<p>&#8211; Pour prot\u00e9ger la vie priv\u00e9e en filtrant les regards.<\/p>\n<h3>\u00c0 qui nous recommandons la technique d\u2019ombrage Refleksole 120 ?<\/h3>\n<p>\u00c0 ceux qui cherchent une technique d\u2019ombrage efficace et fonctionnelle permettant de filtrer la lumi\u00e8re.<\/p>\n<p>Aux investisseurs et architectes qui appr\u00e9cient l\u2019esth\u00e9tique et des solutions innovantes de l\u2019am\u00e9nagements des int\u00e9rieurs.<\/p>\n<h3>La technique d\u2019ombrage Refleksole 120 peut \u00eatre int\u00e9ressante pour quels clients cibles ?<\/h3>\n<p>Pour les clients souhaitant am\u00e9nager des int\u00e9rieurs confortables et climatis\u00e9s pour se prot\u00e9ger contre le soleil.<\/p>\n<p>Pour ceux qui cherche une solution efficace pour prot\u00e9ger leur vie priv\u00e9e et pour profiter du confort.<\/p>\n<h3>Une bonne alternative \u00e0 la technique d\u2019ombrage Refleksole 120\u00a0: Soltis 86<\/h3>\n<p>Si vous aimeriez mieux filtrer la lumi\u00e8re et profiter d\u2019un meilleur rendement \u00e9nerg\u00e9tique, vous devez envisager le choix de la technique d\u2019ombrage Soltis 86. Ce mod\u00e8le propose des solutions avanc\u00e9es et une meilleure protection contre le rayonnement UV.<\/p>\n<h3>Pour en savoir plus \u00e0 propos du fabricant de la technique d\u2019ombrage Refleksole 120<\/h3>\n<p>La soci\u00e9t\u00e9 Refleksole est un fabricant des techniques d\u2019ombrage innovantes appr\u00e9ci\u00e9 se souciant de la qualit\u00e9 et de la fonctionnalit\u00e9 de ses produits. La technique d\u2019ombrage Refleksole 12 est un effet de son implication dans la cr\u00e9ation des solution fonctionnelles et esth\u00e9tiques.<\/p>\n<h4>Pour en savoir plus \u00e0 propos des points forts de la technique d\u2019ombrage Refleksole 120 :<\/h4>\n<p>&#8211; Coefficient de r\u00e9flexion de la lumi\u00e8re \u00e9lev\u00e9 contribuant \u00e0 une filtration efficace de la lumi\u00e8re et au r\u00e9glage de la temp\u00e9rature dans les locaux.<\/p>\n<p>&#8211; Tissu r\u00e9sistant dot\u00e9 d\u2019une couche m\u00e9tallis\u00e9e, r\u00e9sistant \u00e0 l\u2019humidit\u00e9 et au rayonnement UV.<\/p>\n<h3>R\u00e9sum\u00e9 &#8211; technique d\u2019ombrage Refleksole 120 \u00a0:<\/h3>\n<p>La technique d\u2019ombrage Refleksole 120 est une solution parfaite pour ceux qui cherchent une protection solaire efficace et l\u2019intimit\u00e9. Gr\u00e2ce aux caract\u00e9ristiques techniques avanc\u00e9es, cette protection garantit le confort et une utilisation ais\u00e9e. Choisissez la technique d\u2019ombrage Refleksole 120 pour profiter de sa fonctionnalit\u00e9, de son esth\u00e9tique et de l\u2019\u00e9conomie d\u2019\u00e9nergie, et d\u2019un am\u00e9nagement agr\u00e9able et harmonieux.<\/p>\n<\/div><\/div><\/div><\/div><\/div>\n","protected":false},"excerpt":{"rendered":"","protected":false},"author":1,"featured_media":0,"parent":0,"menu_order":0,"comment_status":"closed","ping_status":"closed","template":"","meta":{"footnotes":""},"class_list":["post-3899","page","type-page","status-publish","hentry"],"yoast_head":"<!-- This site is optimized with the Yoast SEO plugin v26.5 - https:\/\/yoast.com\/wordpress\/plugins\/seo\/ -->\n<title>Refleksole 120 - Sapor<\/title>\n<meta name=\"robots\" content=\"index, follow, max-snippet:-1, max-image-preview:large, max-video-preview:-1\" \/>\n<link rel=\"canonical\" href=\"https:\/\/sapor.pl\/refleksole-120\/\" \/>\n<meta property=\"og:locale\" content=\"fr_FR\" \/>\n<meta property=\"og:type\" content=\"article\" \/>\n<meta property=\"og:title\" content=\"Refleksole 120 - Sapor\" \/>\n<meta property=\"og:url\" content=\"https:\/\/sapor.pl\/refleksole-120\/\" \/>\n<meta property=\"og:site_name\" content=\"Sapor\" \/>\n<meta property=\"article:publisher\" content=\"https:\/\/www.facebook.com\/SAPOR.Fabryka.okien.i.drzwi\/\" \/>\n<meta property=\"article:modified_time\" content=\"2023-09-08T11:00:46+00:00\" \/>\n<meta name=\"twitter:card\" content=\"summary_large_image\" \/>\n<meta name=\"twitter:label1\" content=\"Dur\u00e9e de lecture estim\u00e9e\" \/>\n\t<meta name=\"twitter:data1\" content=\"9 minutes\" \/>\n<script type=\"application\/ld+json\" class=\"yoast-schema-graph\">{\"@context\":\"https:\/\/schema.org\",\"@graph\":[{\"@type\":\"WebPage\",\"@id\":\"https:\/\/sapor.pl\/refleksole-120\/\",\"url\":\"https:\/\/sapor.pl\/refleksole-120\/\",\"name\":\"Refleksole 120 - Sapor\",\"isPartOf\":{\"@id\":\"https:\/\/sapor.pl\/en\/#website\"},\"datePublished\":\"2021-05-23T17:04:27+00:00\",\"dateModified\":\"2023-09-08T11:00:46+00:00\",\"breadcrumb\":{\"@id\":\"https:\/\/sapor.pl\/refleksole-120\/#breadcrumb\"},\"inLanguage\":\"fr-FR\",\"potentialAction\":[{\"@type\":\"ReadAction\",\"target\":[\"https:\/\/sapor.pl\/refleksole-120\/\"]}]},{\"@type\":\"BreadcrumbList\",\"@id\":\"https:\/\/sapor.pl\/refleksole-120\/#breadcrumb\",\"itemListElement\":[{\"@type\":\"ListItem\",\"position\":1,\"name\":\"Page d'accueil\",\"item\":\"https:\/\/sapor.pl\/fr\/\"},{\"@type\":\"ListItem\",\"position\":2,\"name\":\"Refleksole 120\"}]},{\"@type\":\"WebSite\",\"@id\":\"https:\/\/sapor.pl\/en\/#website\",\"url\":\"https:\/\/sapor.pl\/en\/\",\"name\":\"Sapor\",\"description\":\"\",\"publisher\":{\"@id\":\"https:\/\/sapor.pl\/en\/#organization\"},\"potentialAction\":[{\"@type\":\"SearchAction\",\"target\":{\"@type\":\"EntryPoint\",\"urlTemplate\":\"https:\/\/sapor.pl\/en\/?s={search_term_string}\"},\"query-input\":{\"@type\":\"PropertyValueSpecification\",\"valueRequired\":true,\"valueName\":\"search_term_string\"}}],\"inLanguage\":\"fr-FR\"},{\"@type\":\"Organization\",\"@id\":\"https:\/\/sapor.pl\/en\/#organization\",\"name\":\"Sapor Sp. z o. o.\",\"url\":\"https:\/\/sapor.pl\/en\/\",\"logo\":{\"@type\":\"ImageObject\",\"inLanguage\":\"fr-FR\",\"@id\":\"https:\/\/sapor.pl\/en\/#\/schema\/logo\/image\/\",\"url\":\"https:\/\/sapor.pl\/wp-content\/uploads\/2021\/04\/logo-sapor-e1618419520128.png\",\"contentUrl\":\"https:\/\/sapor.pl\/wp-content\/uploads\/2021\/04\/logo-sapor-e1618419520128.png\",\"width\":140,\"height\":67,\"caption\":\"Sapor Sp. z o. o.\"},\"image\":{\"@id\":\"https:\/\/sapor.pl\/en\/#\/schema\/logo\/image\/\"},\"sameAs\":[\"https:\/\/www.facebook.com\/SAPOR.Fabryka.okien.i.drzwi\/\"]}]}<\/script>\n<!-- \/ Yoast SEO plugin. -->","yoast_head_json":{"title":"Refleksole 120 - Sapor","robots":{"index":"index","follow":"follow","max-snippet":"max-snippet:-1","max-image-preview":"max-image-preview:large","max-video-preview":"max-video-preview:-1"},"canonical":"https:\/\/sapor.pl\/refleksole-120\/","og_locale":"fr_FR","og_type":"article","og_title":"Refleksole 120 - Sapor","og_url":"https:\/\/sapor.pl\/refleksole-120\/","og_site_name":"Sapor","article_publisher":"https:\/\/www.facebook.com\/SAPOR.Fabryka.okien.i.drzwi\/","article_modified_time":"2023-09-08T11:00:46+00:00","twitter_card":"summary_large_image","twitter_misc":{"Dur\u00e9e de lecture estim\u00e9e":"9 minutes"},"schema":{"@context":"https:\/\/schema.org","@graph":[{"@type":"WebPage","@id":"https:\/\/sapor.pl\/refleksole-120\/","url":"https:\/\/sapor.pl\/refleksole-120\/","name":"Refleksole 120 - Sapor","isPartOf":{"@id":"https:\/\/sapor.pl\/en\/#website"},"datePublished":"2021-05-23T17:04:27+00:00","dateModified":"2023-09-08T11:00:46+00:00","breadcrumb":{"@id":"https:\/\/sapor.pl\/refleksole-120\/#breadcrumb"},"inLanguage":"fr-FR","potentialAction":[{"@type":"ReadAction","target":["https:\/\/sapor.pl\/refleksole-120\/"]}]},{"@type":"BreadcrumbList","@id":"https:\/\/sapor.pl\/refleksole-120\/#breadcrumb","itemListElement":[{"@type":"ListItem","position":1,"name":"Page d'accueil","item":"https:\/\/sapor.pl\/fr\/"},{"@type":"ListItem","position":2,"name":"Refleksole 120"}]},{"@type":"WebSite","@id":"https:\/\/sapor.pl\/en\/#website","url":"https:\/\/sapor.pl\/en\/","name":"Sapor","description":"","publisher":{"@id":"https:\/\/sapor.pl\/en\/#organization"},"potentialAction":[{"@type":"SearchAction","target":{"@type":"EntryPoint","urlTemplate":"https:\/\/sapor.pl\/en\/?s={search_term_string}"},"query-input":{"@type":"PropertyValueSpecification","valueRequired":true,"valueName":"search_term_string"}}],"inLanguage":"fr-FR"},{"@type":"Organization","@id":"https:\/\/sapor.pl\/en\/#organization","name":"Sapor Sp. z o. o.","url":"https:\/\/sapor.pl\/en\/","logo":{"@type":"ImageObject","inLanguage":"fr-FR","@id":"https:\/\/sapor.pl\/en\/#\/schema\/logo\/image\/","url":"https:\/\/sapor.pl\/wp-content\/uploads\/2021\/04\/logo-sapor-e1618419520128.png","contentUrl":"https:\/\/sapor.pl\/wp-content\/uploads\/2021\/04\/logo-sapor-e1618419520128.png","width":140,"height":67,"caption":"Sapor Sp. z o. o."},"image":{"@id":"https:\/\/sapor.pl\/en\/#\/schema\/logo\/image\/"},"sameAs":["https:\/\/www.facebook.com\/SAPOR.Fabryka.okien.i.drzwi\/"]}]}},"_links":{"self":[{"href":"https:\/\/sapor.pl\/fr\/wp-json\/wp\/v2\/pages\/3899","targetHints":{"allow":["GET"]}}],"collection":[{"href":"https:\/\/sapor.pl\/fr\/wp-json\/wp\/v2\/pages"}],"about":[{"href":"https:\/\/sapor.pl\/fr\/wp-json\/wp\/v2\/types\/page"}],"author":[{"embeddable":true,"href":"https:\/\/sapor.pl\/fr\/wp-json\/wp\/v2\/users\/1"}],"replies":[{"embeddable":true,"href":"https:\/\/sapor.pl\/fr\/wp-json\/wp\/v2\/comments?post=3899"}],"version-history":[{"count":1,"href":"https:\/\/sapor.pl\/fr\/wp-json\/wp\/v2\/pages\/3899\/revisions"}],"predecessor-version":[{"id":3900,"href":"https:\/\/sapor.pl\/fr\/wp-json\/wp\/v2\/pages\/3899\/revisions\/3900"}],"wp:attachment":[{"href":"https:\/\/sapor.pl\/fr\/wp-json\/wp\/v2\/media?parent=3899"}],"curies":[{"name":"wp","href":"https:\/\/api.w.org\/{rel}","templated":true}]}}