{"id":3917,"date":"2021-05-23T19:04:12","date_gmt":"2021-05-23T17:04:12","guid":{"rendered":"https:\/\/sapor.pl\/system-veranda\/"},"modified":"2023-11-26T23:34:22","modified_gmt":"2023-11-26T22:34:22","slug":"systeme-veranda","status":"publish","type":"page","link":"https:\/\/sapor.pl\/fr\/systeme-veranda\/","title":{"rendered":"Syst\u00e8me Veranda"},"content":{"rendered":"<div class=\"fusion-fullwidth fullwidth-box fusion-builder-row-1 fusion-flex-container nonhundred-percent-fullwidth non-hundred-percent-height-scrolling\" style=\"--awb-border-radius-top-left:0px;--awb-border-radius-top-right:0px;--awb-border-radius-bottom-right:0px;--awb-border-radius-bottom-left:0px;--awb-flex-wrap:wrap;\" ><div class=\"fusion-builder-row fusion-row fusion-flex-align-items-flex-start fusion-flex-content-wrap\" style=\"max-width:1528.8px;margin-left: calc(-4% \/ 2 );margin-right: calc(-4% \/ 2 );\"><div class=\"fusion-layout-column fusion_builder_column fusion-builder-column-0 fusion_builder_column_1_1 1_1 fusion-flex-column\" style=\"--awb-bg-size:cover;--awb-width-large:100%;--awb-margin-top-large:0px;--awb-spacing-right-large:1.92%;--awb-margin-bottom-large:20px;--awb-spacing-left-large:1.92%;--awb-width-medium:100%;--awb-order-medium:0;--awb-spacing-right-medium:1.92%;--awb-spacing-left-medium:1.92%;--awb-width-small:100%;--awb-order-small:0;--awb-spacing-right-small:1.92%;--awb-spacing-left-small:1.92%;\"><div class=\"fusion-column-wrapper fusion-column-has-shadow fusion-flex-justify-content-flex-start fusion-content-layout-column\"><div class=\"fusion-text fusion-text-1\"><h2><span style=\"font-weight: 400;\">Technique d\u2019ombrage Syst\u00e8me Veranda<\/span><\/h2>\n<\/div><div class=\"fusion-text fusion-text-2\"><h4><span style=\"font-weight: 400;\">\u00c9l\u00e9gance et protection contre les intemp\u00e9ries | excellent espace dehors<\/span><\/h4>\n<\/div><\/div><\/div><div class=\"fusion-layout-column fusion_builder_column fusion-builder-column-1 fusion_builder_column_1_2 1_2 fusion-flex-column fusion-animated\" style=\"--awb-bg-size:cover;--awb-width-large:50%;--awb-margin-top-large:0px;--awb-spacing-right-large:3.84%;--awb-margin-bottom-large:20px;--awb-spacing-left-large:3.84%;--awb-width-medium:50%;--awb-order-medium:0;--awb-spacing-right-medium:3.84%;--awb-spacing-left-medium:3.84%;--awb-width-small:100%;--awb-order-small:0;--awb-spacing-right-small:1.92%;--awb-spacing-left-small:1.92%;\" data-animationType=\"slideInLeft\" data-animationDuration=\"0.9\" data-animationOffset=\"top-into-view\"><div class=\"fusion-column-wrapper fusion-column-has-shadow fusion-flex-justify-content-flex-start fusion-content-layout-column\"><div class=\"fusion-image-element \" style=\"--awb-caption-title-font-family:var(--h2_typography-font-family);--awb-caption-title-font-weight:var(--h2_typography-font-weight);--awb-caption-title-font-style:var(--h2_typography-font-style);--awb-caption-title-size:var(--h2_typography-font-size);--awb-caption-title-transform:var(--h2_typography-text-transform);--awb-caption-title-line-height:var(--h2_typography-line-height);--awb-caption-title-letter-spacing:var(--h2_typography-letter-spacing);\"><span class=\" fusion-imageframe imageframe-none imageframe-1 hover-type-zoomin\"><a href=\"https:\/\/sapor.pl\/wp-content\/uploads\/2021\/05\/system-veranda-1.jpg\" class=\"fusion-lightbox\" data-rel=\"iLightbox[feac3b6d4b027b6246e]\" data-title=\"system-veranda-1\" title=\"system-veranda-1\"><img decoding=\"async\" width=\"1000\" height=\"667\" src=\"https:\/\/sapor.pl\/wp-content\/uploads\/2021\/05\/system-veranda-1.jpg\" data-orig-src=\"https:\/\/sapor.pl\/wp-content\/uploads\/2021\/05\/system-veranda-1.jpg\" alt class=\"lazyload img-responsive wp-image-846\" srcset=\"data:image\/svg+xml,%3Csvg%20xmlns%3D%27http%3A%2F%2Fwww.w3.org%2F2000%2Fsvg%27%20width%3D%271000%27%20height%3D%27667%27%20viewBox%3D%270%200%201000%20667%27%3E%3Crect%20width%3D%271000%27%20height%3D%27667%27%20fill-opacity%3D%220%22%2F%3E%3C%2Fsvg%3E\" data-srcset=\"https:\/\/sapor.pl\/wp-content\/uploads\/2021\/05\/system-veranda-1-200x133.jpg 200w, https:\/\/sapor.pl\/wp-content\/uploads\/2021\/05\/system-veranda-1-400x267.jpg 400w, https:\/\/sapor.pl\/wp-content\/uploads\/2021\/05\/system-veranda-1-600x400.jpg 600w, https:\/\/sapor.pl\/wp-content\/uploads\/2021\/05\/system-veranda-1-800x534.jpg 800w, https:\/\/sapor.pl\/wp-content\/uploads\/2021\/05\/system-veranda-1.jpg 1000w\" data-sizes=\"auto\" data-orig-sizes=\"(max-width: 640px) 100vw, 800px\" \/><\/a><\/span><\/div><\/div><\/div><div class=\"fusion-layout-column fusion_builder_column fusion-builder-column-2 fusion_builder_column_1_2 1_2 fusion-flex-column fusion-animated\" style=\"--awb-bg-size:cover;--awb-width-large:50%;--awb-margin-top-large:0px;--awb-spacing-right-large:3.84%;--awb-margin-bottom-large:20px;--awb-spacing-left-large:3.84%;--awb-width-medium:50%;--awb-order-medium:0;--awb-spacing-right-medium:3.84%;--awb-spacing-left-medium:3.84%;--awb-width-small:100%;--awb-order-small:0;--awb-spacing-right-small:1.92%;--awb-spacing-left-small:1.92%;\" data-animationType=\"slideInRight\" data-animationDuration=\"0.3\" data-animationOffset=\"top-into-view\"><div class=\"fusion-column-wrapper fusion-column-has-shadow fusion-flex-justify-content-flex-start fusion-content-layout-column\">\n<div class=\"table-2\">\n<table width=\"100%\">\n<thead>\n<tr>\n<th align=\"left\">Donn\u00e9es essentielles<\/th>\n<th align=\"left\"><\/th>\n<\/tr>\n<\/thead>\n<tbody>\n<tr>\n<td align=\"left\"><strong>Type de technique d\u2019ombrage<\/strong><\/td>\n<td align=\"left\">Syst\u00e8me Veranda<\/td>\n<\/tr>\n<tr>\n<td align=\"left\"><strong>Emploi<\/strong><\/td>\n<td align=\"left\">Terrasses, balcons, espaces dehors<\/td>\n<\/tr>\n<tr>\n<td align=\"left\"><strong>Mat\u00e9riau<\/strong><\/td>\n<td align=\"left\">profil\u00e9s en aluminium et tissu de qualit\u00e9 sup\u00e9rieure<\/td>\n<\/tr>\n<tr>\n<td align=\"left\"><strong>Coloris<\/strong><\/td>\n<td align=\"left\">de nombreuses couleurs au choix<\/td>\n<\/tr>\n<tr>\n<td align=\"left\"><strong>Montage<\/strong><\/td>\n<td align=\"left\">ext\u00e9rieur<\/td>\n<\/tr>\n<tr>\n<td align=\"left\"><strong>R\u00e9sistance aux intemp\u00e9ries<\/strong><\/td>\n<td align=\"left\">oui<\/td>\n<\/tr>\n<tr>\n<td align=\"left\"><strong>R\u00e9sistance au rayonnement UV<\/strong><\/td>\n<td align=\"left\">oui<\/td>\n<\/tr>\n<tr>\n<td align=\"left\"><strong>R\u00e9sistance \u00e0 l\u2019humidit\u00e9<\/strong><\/td>\n<td align=\"left\">oui<\/td>\n<\/tr>\n<tr>\n<td align=\"left\"><strong>Tailles disponibles<\/strong><\/td>\n<td align=\"left\">selon les tailles des terrasses et des balcons<\/td>\n<\/tr>\n<\/tbody>\n<\/table>\n<\/div>\n<\/div><\/div><div class=\"fusion-layout-column fusion_builder_column fusion-builder-column-3 fusion_builder_column_1_2 1_2 fusion-flex-column fusion-flex-align-self-center fusion-animated\" style=\"--awb-bg-size:cover;--awb-width-large:50%;--awb-margin-top-large:0px;--awb-spacing-right-large:3.84%;--awb-margin-bottom-large:20px;--awb-spacing-left-large:3.84%;--awb-width-medium:50%;--awb-order-medium:0;--awb-spacing-right-medium:3.84%;--awb-spacing-left-medium:3.84%;--awb-width-small:100%;--awb-order-small:0;--awb-spacing-right-small:1.92%;--awb-spacing-left-small:1.92%;\" data-animationType=\"slideInLeft\" data-animationDuration=\"0.3\" data-animationOffset=\"top-into-view\"><div class=\"fusion-column-wrapper fusion-column-has-shadow fusion-flex-justify-content-flex-start fusion-content-layout-column\">\n<div class=\"table-2\">\n<table width=\"100%\">\n<thead>\n<tr>\n<th align=\"left\">Caract\u00e9ristiques techniques<\/th>\n<th align=\"left\"><\/th>\n<\/tr>\n<\/thead>\n<tbody>\n<tr>\n<td align=\"left\"><strong>Hauteur de la structure<\/strong><\/td>\n<td align=\"left\">selon les besoins individuels<\/td>\n<\/tr>\n<tr>\n<td align=\"left\"><strong>Largeur maximale<\/strong><\/td>\n<td align=\"left\">jusqu\u2019\u00e0 6 m\u00e8tres<\/td>\n<\/tr>\n<tr>\n<td align=\"left\"><strong>Port\u00e9e maximale<\/strong><\/td>\n<td align=\"left\">jusqu\u2019\u00e0 4 m\u00e8tres<\/td>\n<\/tr>\n<tr>\n<td align=\"left\"><strong>Classe de r\u00e9sistance au vent<\/strong><\/td>\n<td align=\"left\">jusqu\u2019\u00e0 120 km\/h<\/td>\n<\/tr>\n<tr>\n<td align=\"left\"><strong>Hauteur maximale d\u2019une terrasse<\/strong><\/td>\n<td align=\"left\">selon les besoins des clients<\/td>\n<\/tr>\n<\/tbody>\n<\/table>\n<\/div>\n<\/div><\/div><div class=\"fusion-layout-column fusion_builder_column fusion-builder-column-4 fusion_builder_column_1_2 1_2 fusion-flex-column fusion-animated\" style=\"--awb-bg-size:cover;--awb-width-large:50%;--awb-margin-top-large:0px;--awb-spacing-right-large:3.84%;--awb-margin-bottom-large:20px;--awb-spacing-left-large:3.84%;--awb-width-medium:50%;--awb-order-medium:0;--awb-spacing-right-medium:3.84%;--awb-spacing-left-medium:3.84%;--awb-width-small:100%;--awb-order-small:0;--awb-spacing-right-small:1.92%;--awb-spacing-left-small:1.92%;\" data-animationType=\"slideInRight\" data-animationDuration=\"0.9\" data-animationOffset=\"top-into-view\"><div class=\"fusion-column-wrapper fusion-column-has-shadow fusion-flex-justify-content-flex-start fusion-content-layout-column\"><div class=\"fusion-image-element \" style=\"--awb-caption-title-font-family:var(--h2_typography-font-family);--awb-caption-title-font-weight:var(--h2_typography-font-weight);--awb-caption-title-font-style:var(--h2_typography-font-style);--awb-caption-title-size:var(--h2_typography-font-size);--awb-caption-title-transform:var(--h2_typography-text-transform);--awb-caption-title-line-height:var(--h2_typography-line-height);--awb-caption-title-letter-spacing:var(--h2_typography-letter-spacing);\"><span class=\" fusion-imageframe imageframe-none imageframe-2 hover-type-zoomin\"><a href=\"https:\/\/sapor.pl\/wp-content\/uploads\/2021\/05\/system-veranda-2.jpg\" class=\"fusion-lightbox\" data-rel=\"iLightbox[233baa49ee0bab3ce41]\" data-title=\"system-veranda-2\" title=\"system-veranda-2\"><img decoding=\"async\" width=\"1000\" height=\"667\" src=\"https:\/\/sapor.pl\/wp-content\/uploads\/2021\/05\/system-veranda-2.jpg\" data-orig-src=\"https:\/\/sapor.pl\/wp-content\/uploads\/2021\/05\/system-veranda-2.jpg\" alt class=\"lazyload img-responsive wp-image-850\" srcset=\"data:image\/svg+xml,%3Csvg%20xmlns%3D%27http%3A%2F%2Fwww.w3.org%2F2000%2Fsvg%27%20width%3D%271000%27%20height%3D%27667%27%20viewBox%3D%270%200%201000%20667%27%3E%3Crect%20width%3D%271000%27%20height%3D%27667%27%20fill-opacity%3D%220%22%2F%3E%3C%2Fsvg%3E\" data-srcset=\"https:\/\/sapor.pl\/wp-content\/uploads\/2021\/05\/system-veranda-2-200x133.jpg 200w, https:\/\/sapor.pl\/wp-content\/uploads\/2021\/05\/system-veranda-2-400x267.jpg 400w, https:\/\/sapor.pl\/wp-content\/uploads\/2021\/05\/system-veranda-2-600x400.jpg 600w, https:\/\/sapor.pl\/wp-content\/uploads\/2021\/05\/system-veranda-2-800x534.jpg 800w, https:\/\/sapor.pl\/wp-content\/uploads\/2021\/05\/system-veranda-2.jpg 1000w\" data-sizes=\"auto\" data-orig-sizes=\"(max-width: 640px) 100vw, 800px\" \/><\/a><\/span><\/div><\/div><\/div><div class=\"fusion-layout-column fusion_builder_column fusion-builder-column-5 fusion_builder_column_1_1 1_1 fusion-flex-column\" style=\"--awb-bg-size:cover;--awb-width-large:100%;--awb-margin-top-large:0px;--awb-spacing-right-large:1.92%;--awb-margin-bottom-large:20px;--awb-spacing-left-large:1.92%;--awb-width-medium:100%;--awb-order-medium:0;--awb-spacing-right-medium:1.92%;--awb-spacing-left-medium:1.92%;--awb-width-small:100%;--awb-order-small:0;--awb-spacing-right-small:1.92%;--awb-spacing-left-small:1.92%;\"><div class=\"fusion-column-wrapper fusion-column-has-shadow fusion-flex-justify-content-flex-start fusion-content-layout-column\"><div class=\"fusion-text fusion-text-3\"><h3>\u00c0 propos de la technique d\u2019ombrage Syst\u00e8me Veranda<\/h3>\n<p>La technique d\u2019ombrage Syst\u00e8me Veranda constitue une solution exceptionnelle pour ceux qui souhaitent cr\u00e9er des espaces dehors \u00e9l\u00e9gants et fonctionnels. Gr\u00e2ce aux profil\u00e9s en aluminium et aux tissus de qualit\u00e9 sup\u00e9rieure, Syst\u00e8me Veranda assure non seulement une protection contre les intemp\u00e9ries, mais il permet de profiter d\u2019un espace de d\u00e9tente exceptionnelle en plein air. Un grand choix des couleurs et des tailles permet de personnaliser une r\u00e9alisation selon les besoins des clients.<\/p>\n<h3>Mise en place de la technique d\u2019ombrage Syst\u00e8me Veranda :<\/h3>\n<p>&#8211; Sur les terrasses et balcons pour cr\u00e9er un lieu de repos et de r\u00e9unions en famille cosy et \u00e9l\u00e9gant.<\/p>\n<p>&#8211; Dans les caf\u00e9s et restaurants pour proposer aux clients un espace dehors confortable quel que soit le temps.<\/p>\n<p>&#8211; Dans les espaces publics tels que les h\u00f4tels, les parcs ou les places pour assurer la protection et le confort aux utilisateurs.<\/p>\n<h3>\u00c0 qui nous recommandons la technique d\u2019ombrage Syst\u00e8me Veranda\u00a0?<\/h3>\n<p>\u00c0 ceux qui appr\u00e9cie l\u2019\u00e9l\u00e9gance et la fonctionnalit\u00e9 combin\u00e9es \u00e0 un beau design des espaces dehors.<\/p>\n<p>Aux propri\u00e9taires des restaurants, des h\u00f4tels et d\u2019autres ouvrages tertiaires qui souhaitent assurer \u00e0 leurs clients des conditions confortables dehors.<\/p>\n<h3>La technique d\u2019ombrage Syst\u00e8me Veranda peut \u00eatre int\u00e9ressante pour quels clients cibles ?<\/h3>\n<p>Pour les clients r\u00eavant de disposer d\u2019un espace vaste et styl\u00e9 sur une terrasse ou un balcon permettant de profiter du potentiel d\u2019un espace dehors.<\/p>\n<p>Pour ceux qui aimeraient disposer d\u2018un espace dehors exceptionnel qui serait en m\u00eame temps esth\u00e9tique et fonctionnel.<\/p>\n<h3>Une bonne alternative \u00e0 la technique d\u2019ombrage Syst\u00e8me Veranda\u00a0: Pergotenda Corradi<\/h3>\n<p>Si vous \u00eates int\u00e9ress\u00e9 par une technologie et un design plus avanc\u00e9s, envisagez la technique d\u2019ombrage Pergotenda Corradi. Ce mod\u00e8le propose des solutions innovantes et des possibilit\u00e9s de la personnalisation uniques.<\/p>\n<h3>Pour en savoir plus \u00e0 propos du fabricant\u00a0 de la technique d\u2019ombrage Syst\u00e8me Veranda<\/h3>\n<p>La soci\u00e9t\u00e9 Syst\u00e8me Veranda est un\u00a0 fabricant appr\u00e9ci\u00e9 pour la qualit\u00e9 de ses techniques d\u2019ombrage, renomm\u00e9 pour son innovation et pour son souci de d\u00e9tails. La technique d\u2019ombrage Syst\u00e8me Veranda est l\u2019effet de sa passion pour l\u2019am\u00e9nagement des espaces dehors.<\/p>\n<h4>Pour en savoir plus \u00e0 propos des points forts de la technique d\u2019ombrage Syst\u00e8me Veranda:<\/h4>\n<p>&#8211; Structure en aluminium solide garantissant une longue dur\u00e9e de vie et la r\u00e9sistance aux intemp\u00e9ries.<\/p>\n<p>&#8211; Tissus de qualit\u00e9 r\u00e9sistants au rayonnement UV et \u00e0 l\u2019humidit\u00e9.<\/p>\n<h3>R\u00e9sum\u00e9 &#8211; technique d\u2019ombrage de Syst\u00e8me Veranda :<\/h3>\n<p>La technique d\u2019ombrage Syst\u00e8me Veranda constitue une solution exceptionnelle pour ceux souhaitent am\u00e9nager des espaces dehors \u00e9l\u00e9gants et fonctionnels. Gr\u00e2ce \u00e0 ses caract\u00e9ristiques techniques, cette technique garantit le confort et une utilisation ais\u00e9e aux particuliers aussi bien qu\u2019aux professionnels. Choisissez la technique d\u2019ombrage Syst\u00e8me Veranda pour profiter de la beaut\u00e9 et de la protection en plein air dans une ambiance unique que vous pouvez cr\u00e9er sur votre terrasse ou sur votre balcon<\/p>\n<\/div><\/div><\/div><\/div><\/div>\n","protected":false},"excerpt":{"rendered":"","protected":false},"author":1,"featured_media":0,"parent":0,"menu_order":0,"comment_status":"closed","ping_status":"closed","template":"","meta":{"footnotes":""},"class_list":["post-3917","page","type-page","status-publish","hentry"],"yoast_head":"<!-- This site is optimized with the Yoast SEO plugin v26.5 - https:\/\/yoast.com\/wordpress\/plugins\/seo\/ -->\n<title>Syst\u00e8me Veranda - Sapor<\/title>\n<meta name=\"robots\" content=\"index, follow, max-snippet:-1, max-image-preview:large, max-video-preview:-1\" \/>\n<link rel=\"canonical\" href=\"https:\/\/sapor.pl\/system-veranda\/\" \/>\n<meta property=\"og:locale\" content=\"fr_FR\" \/>\n<meta property=\"og:type\" content=\"article\" \/>\n<meta property=\"og:title\" content=\"Syst\u00e8me Veranda - Sapor\" \/>\n<meta property=\"og:url\" content=\"https:\/\/sapor.pl\/system-veranda\/\" \/>\n<meta property=\"og:site_name\" content=\"Sapor\" \/>\n<meta property=\"article:publisher\" content=\"https:\/\/www.facebook.com\/SAPOR.Fabryka.okien.i.drzwi\/\" \/>\n<meta property=\"article:modified_time\" content=\"2023-11-26T22:34:22+00:00\" \/>\n<meta name=\"twitter:card\" content=\"summary_large_image\" \/>\n<meta name=\"twitter:label1\" content=\"Dur\u00e9e de lecture estim\u00e9e\" \/>\n\t<meta name=\"twitter:data1\" content=\"9 minutes\" \/>\n<script type=\"application\/ld+json\" class=\"yoast-schema-graph\">{\"@context\":\"https:\/\/schema.org\",\"@graph\":[{\"@type\":\"WebPage\",\"@id\":\"https:\/\/sapor.pl\/system-veranda\/\",\"url\":\"https:\/\/sapor.pl\/system-veranda\/\",\"name\":\"Syst\u00e8me Veranda - Sapor\",\"isPartOf\":{\"@id\":\"https:\/\/sapor.pl\/en\/#website\"},\"datePublished\":\"2021-05-23T17:04:12+00:00\",\"dateModified\":\"2023-11-26T22:34:22+00:00\",\"breadcrumb\":{\"@id\":\"https:\/\/sapor.pl\/system-veranda\/#breadcrumb\"},\"inLanguage\":\"fr-FR\",\"potentialAction\":[{\"@type\":\"ReadAction\",\"target\":[\"https:\/\/sapor.pl\/system-veranda\/\"]}]},{\"@type\":\"BreadcrumbList\",\"@id\":\"https:\/\/sapor.pl\/system-veranda\/#breadcrumb\",\"itemListElement\":[{\"@type\":\"ListItem\",\"position\":1,\"name\":\"Page d'accueil\",\"item\":\"https:\/\/sapor.pl\/fr\/\"},{\"@type\":\"ListItem\",\"position\":2,\"name\":\"Syst\u00e8me Veranda\"}]},{\"@type\":\"WebSite\",\"@id\":\"https:\/\/sapor.pl\/en\/#website\",\"url\":\"https:\/\/sapor.pl\/en\/\",\"name\":\"Sapor\",\"description\":\"\",\"publisher\":{\"@id\":\"https:\/\/sapor.pl\/en\/#organization\"},\"potentialAction\":[{\"@type\":\"SearchAction\",\"target\":{\"@type\":\"EntryPoint\",\"urlTemplate\":\"https:\/\/sapor.pl\/en\/?s={search_term_string}\"},\"query-input\":{\"@type\":\"PropertyValueSpecification\",\"valueRequired\":true,\"valueName\":\"search_term_string\"}}],\"inLanguage\":\"fr-FR\"},{\"@type\":\"Organization\",\"@id\":\"https:\/\/sapor.pl\/en\/#organization\",\"name\":\"Sapor Sp. z o. o.\",\"url\":\"https:\/\/sapor.pl\/en\/\",\"logo\":{\"@type\":\"ImageObject\",\"inLanguage\":\"fr-FR\",\"@id\":\"https:\/\/sapor.pl\/en\/#\/schema\/logo\/image\/\",\"url\":\"https:\/\/sapor.pl\/wp-content\/uploads\/2021\/04\/logo-sapor-e1618419520128.png\",\"contentUrl\":\"https:\/\/sapor.pl\/wp-content\/uploads\/2021\/04\/logo-sapor-e1618419520128.png\",\"width\":140,\"height\":67,\"caption\":\"Sapor Sp. z o. o.\"},\"image\":{\"@id\":\"https:\/\/sapor.pl\/en\/#\/schema\/logo\/image\/\"},\"sameAs\":[\"https:\/\/www.facebook.com\/SAPOR.Fabryka.okien.i.drzwi\/\"]}]}<\/script>\n<!-- \/ Yoast SEO plugin. -->","yoast_head_json":{"title":"Syst\u00e8me Veranda - Sapor","robots":{"index":"index","follow":"follow","max-snippet":"max-snippet:-1","max-image-preview":"max-image-preview:large","max-video-preview":"max-video-preview:-1"},"canonical":"https:\/\/sapor.pl\/system-veranda\/","og_locale":"fr_FR","og_type":"article","og_title":"Syst\u00e8me Veranda - Sapor","og_url":"https:\/\/sapor.pl\/system-veranda\/","og_site_name":"Sapor","article_publisher":"https:\/\/www.facebook.com\/SAPOR.Fabryka.okien.i.drzwi\/","article_modified_time":"2023-11-26T22:34:22+00:00","twitter_card":"summary_large_image","twitter_misc":{"Dur\u00e9e de lecture estim\u00e9e":"9 minutes"},"schema":{"@context":"https:\/\/schema.org","@graph":[{"@type":"WebPage","@id":"https:\/\/sapor.pl\/system-veranda\/","url":"https:\/\/sapor.pl\/system-veranda\/","name":"Syst\u00e8me Veranda - Sapor","isPartOf":{"@id":"https:\/\/sapor.pl\/en\/#website"},"datePublished":"2021-05-23T17:04:12+00:00","dateModified":"2023-11-26T22:34:22+00:00","breadcrumb":{"@id":"https:\/\/sapor.pl\/system-veranda\/#breadcrumb"},"inLanguage":"fr-FR","potentialAction":[{"@type":"ReadAction","target":["https:\/\/sapor.pl\/system-veranda\/"]}]},{"@type":"BreadcrumbList","@id":"https:\/\/sapor.pl\/system-veranda\/#breadcrumb","itemListElement":[{"@type":"ListItem","position":1,"name":"Page d'accueil","item":"https:\/\/sapor.pl\/fr\/"},{"@type":"ListItem","position":2,"name":"Syst\u00e8me Veranda"}]},{"@type":"WebSite","@id":"https:\/\/sapor.pl\/en\/#website","url":"https:\/\/sapor.pl\/en\/","name":"Sapor","description":"","publisher":{"@id":"https:\/\/sapor.pl\/en\/#organization"},"potentialAction":[{"@type":"SearchAction","target":{"@type":"EntryPoint","urlTemplate":"https:\/\/sapor.pl\/en\/?s={search_term_string}"},"query-input":{"@type":"PropertyValueSpecification","valueRequired":true,"valueName":"search_term_string"}}],"inLanguage":"fr-FR"},{"@type":"Organization","@id":"https:\/\/sapor.pl\/en\/#organization","name":"Sapor Sp. z o. o.","url":"https:\/\/sapor.pl\/en\/","logo":{"@type":"ImageObject","inLanguage":"fr-FR","@id":"https:\/\/sapor.pl\/en\/#\/schema\/logo\/image\/","url":"https:\/\/sapor.pl\/wp-content\/uploads\/2021\/04\/logo-sapor-e1618419520128.png","contentUrl":"https:\/\/sapor.pl\/wp-content\/uploads\/2021\/04\/logo-sapor-e1618419520128.png","width":140,"height":67,"caption":"Sapor Sp. z o. o."},"image":{"@id":"https:\/\/sapor.pl\/en\/#\/schema\/logo\/image\/"},"sameAs":["https:\/\/www.facebook.com\/SAPOR.Fabryka.okien.i.drzwi\/"]}]}},"_links":{"self":[{"href":"https:\/\/sapor.pl\/fr\/wp-json\/wp\/v2\/pages\/3917","targetHints":{"allow":["GET"]}}],"collection":[{"href":"https:\/\/sapor.pl\/fr\/wp-json\/wp\/v2\/pages"}],"about":[{"href":"https:\/\/sapor.pl\/fr\/wp-json\/wp\/v2\/types\/page"}],"author":[{"embeddable":true,"href":"https:\/\/sapor.pl\/fr\/wp-json\/wp\/v2\/users\/1"}],"replies":[{"embeddable":true,"href":"https:\/\/sapor.pl\/fr\/wp-json\/wp\/v2\/comments?post=3917"}],"version-history":[{"count":2,"href":"https:\/\/sapor.pl\/fr\/wp-json\/wp\/v2\/pages\/3917\/revisions"}],"predecessor-version":[{"id":6877,"href":"https:\/\/sapor.pl\/fr\/wp-json\/wp\/v2\/pages\/3917\/revisions\/6877"}],"wp:attachment":[{"href":"https:\/\/sapor.pl\/fr\/wp-json\/wp\/v2\/media?parent=3917"}],"curies":[{"name":"wp","href":"https:\/\/api.w.org\/{rel}","templated":true}]}}