{"id":3929,"date":"2021-05-23T19:05:27","date_gmt":"2021-05-23T17:05:27","guid":{"rendered":"https:\/\/sapor.pl\/zaluzje-fasadowe-z90\/"},"modified":"2023-11-26T23:33:35","modified_gmt":"2023-11-26T22:33:35","slug":"stores-de-facade-z90","status":"publish","type":"page","link":"https:\/\/sapor.pl\/fr\/stores-de-facade-z90\/","title":{"rendered":"Stores de fa\u00e7ade Z90"},"content":{"rendered":"<div class=\"fusion-fullwidth fullwidth-box fusion-builder-row-1 fusion-flex-container nonhundred-percent-fullwidth non-hundred-percent-height-scrolling\" style=\"--awb-border-radius-top-left:0px;--awb-border-radius-top-right:0px;--awb-border-radius-bottom-right:0px;--awb-border-radius-bottom-left:0px;--awb-flex-wrap:wrap;\" ><div class=\"fusion-builder-row fusion-row fusion-flex-align-items-flex-start fusion-flex-content-wrap\" style=\"max-width:1528.8px;margin-left: calc(-4% \/ 2 );margin-right: calc(-4% \/ 2 );\"><div class=\"fusion-layout-column fusion_builder_column fusion-builder-column-0 fusion_builder_column_1_1 1_1 fusion-flex-column\" style=\"--awb-bg-size:cover;--awb-width-large:100%;--awb-margin-top-large:0px;--awb-spacing-right-large:1.92%;--awb-margin-bottom-large:20px;--awb-spacing-left-large:1.92%;--awb-width-medium:100%;--awb-order-medium:0;--awb-spacing-right-medium:1.92%;--awb-spacing-left-medium:1.92%;--awb-width-small:100%;--awb-order-small:0;--awb-spacing-right-small:1.92%;--awb-spacing-left-small:1.92%;\"><div class=\"fusion-column-wrapper fusion-column-has-shadow fusion-flex-justify-content-flex-start fusion-content-layout-column\"><div class=\"fusion-text fusion-text-1\"><h2><span style=\"font-weight: 400;\">Technique d\u2019ombrage Stores de fa\u00e7ade Z90<\/span><\/h2>\n<\/div><div class=\"fusion-text fusion-text-2\"><h4><span style=\"font-weight: 400;\">Modernes et rentables | excellente solution pour de grandes surfaces vitr\u00e9es<br \/>\n<\/span><\/h4>\n<\/div><\/div><\/div><div class=\"fusion-layout-column fusion_builder_column fusion-builder-column-1 fusion_builder_column_1_2 1_2 fusion-flex-column fusion-flex-align-self-center fusion-animated\" style=\"--awb-bg-size:cover;--awb-width-large:50%;--awb-margin-top-large:0px;--awb-spacing-right-large:3.84%;--awb-margin-bottom-large:20px;--awb-spacing-left-large:3.84%;--awb-width-medium:50%;--awb-order-medium:0;--awb-spacing-right-medium:3.84%;--awb-spacing-left-medium:3.84%;--awb-width-small:100%;--awb-order-small:0;--awb-spacing-right-small:1.92%;--awb-spacing-left-small:1.92%;\" data-animationType=\"slideInLeft\" data-animationDuration=\"0.9\" data-animationOffset=\"top-into-view\"><div class=\"fusion-column-wrapper fusion-column-has-shadow fusion-flex-justify-content-flex-start fusion-content-layout-column\"><div class=\"fusion-image-element \" style=\"--awb-caption-title-font-family:var(--h2_typography-font-family);--awb-caption-title-font-weight:var(--h2_typography-font-weight);--awb-caption-title-font-style:var(--h2_typography-font-style);--awb-caption-title-size:var(--h2_typography-font-size);--awb-caption-title-transform:var(--h2_typography-text-transform);--awb-caption-title-line-height:var(--h2_typography-line-height);--awb-caption-title-letter-spacing:var(--h2_typography-letter-spacing);\"><span class=\" fusion-imageframe imageframe-none imageframe-1 hover-type-zoomin\"><a href=\"https:\/\/sapor.pl\/wp-content\/uploads\/2021\/05\/zaluzje-fasadowe-c80-3.jpg\" class=\"fusion-lightbox\" data-rel=\"iLightbox[30ca95f9011c7cb5fab]\" data-title=\"zaluzje-fasadowe-c80-3\" title=\"zaluzje-fasadowe-c80-3\"><img decoding=\"async\" width=\"1200\" height=\"797\" src=\"https:\/\/sapor.pl\/wp-content\/uploads\/2021\/05\/zaluzje-fasadowe-c80-3.jpg\" data-orig-src=\"https:\/\/sapor.pl\/wp-content\/uploads\/2021\/05\/zaluzje-fasadowe-c80-3.jpg\" alt class=\"lazyload img-responsive wp-image-884\" srcset=\"data:image\/svg+xml,%3Csvg%20xmlns%3D%27http%3A%2F%2Fwww.w3.org%2F2000%2Fsvg%27%20width%3D%271200%27%20height%3D%27797%27%20viewBox%3D%270%200%201200%20797%27%3E%3Crect%20width%3D%271200%27%20height%3D%27797%27%20fill-opacity%3D%220%22%2F%3E%3C%2Fsvg%3E\" data-srcset=\"https:\/\/sapor.pl\/wp-content\/uploads\/2021\/05\/zaluzje-fasadowe-c80-3-200x133.jpg 200w, https:\/\/sapor.pl\/wp-content\/uploads\/2021\/05\/zaluzje-fasadowe-c80-3-400x266.jpg 400w, https:\/\/sapor.pl\/wp-content\/uploads\/2021\/05\/zaluzje-fasadowe-c80-3-600x399.jpg 600w, https:\/\/sapor.pl\/wp-content\/uploads\/2021\/05\/zaluzje-fasadowe-c80-3-800x531.jpg 800w, https:\/\/sapor.pl\/wp-content\/uploads\/2021\/05\/zaluzje-fasadowe-c80-3.jpg 1200w\" data-sizes=\"auto\" data-orig-sizes=\"(max-width: 640px) 100vw, 800px\" \/><\/a><\/span><\/div><\/div><\/div><div class=\"fusion-layout-column fusion_builder_column fusion-builder-column-2 fusion_builder_column_1_2 1_2 fusion-flex-column fusion-animated\" style=\"--awb-bg-size:cover;--awb-width-large:50%;--awb-margin-top-large:0px;--awb-spacing-right-large:3.84%;--awb-margin-bottom-large:20px;--awb-spacing-left-large:3.84%;--awb-width-medium:50%;--awb-order-medium:0;--awb-spacing-right-medium:3.84%;--awb-spacing-left-medium:3.84%;--awb-width-small:100%;--awb-order-small:0;--awb-spacing-right-small:1.92%;--awb-spacing-left-small:1.92%;\" data-animationType=\"slideInRight\" data-animationDuration=\"0.3\" data-animationOffset=\"top-into-view\"><div class=\"fusion-column-wrapper fusion-column-has-shadow fusion-flex-justify-content-flex-start fusion-content-layout-column\">\n<div class=\"table-2\">\n<div class=\"table-2\">\n<div class=\"table-2\">\n<table width=\"100%\">\n<thead>\n<tr>\n<th align=\"left\">Donn\u00e9es essentielles<\/th>\n<th align=\"left\"><\/th>\n<\/tr>\n<\/thead>\n<tbody>\n<tr>\n<td align=\"left\"><strong>Type de technique d\u2019ombrage<\/strong><\/td>\n<td align=\"left\">Stores de fa\u00e7ade Z90<\/td>\n<\/tr>\n<tr>\n<td align=\"left\"><strong>Mise en place<\/strong><\/td>\n<td align=\"left\">Grandes surfaces vitr\u00e9es, fa\u00e7ades<\/td>\n<\/tr>\n<tr>\n<td align=\"left\"><strong>Mat\u00e9riaux<\/strong><\/td>\n<td align=\"left\">aluminium extrud\u00e9<\/td>\n<\/tr>\n<tr>\n<td align=\"left\"><strong>Coloris<\/strong><\/td>\n<td align=\"left\">palette RAL<\/td>\n<\/tr>\n<tr>\n<td align=\"left\"><strong>Montage<\/strong><\/td>\n<td align=\"left\">ext\u00e9rieur<\/td>\n<\/tr>\n<tr>\n<td align=\"left\"><strong>R\u00e9sistance aux intemp\u00e9ries<\/strong><\/td>\n<td align=\"left\">oui<\/td>\n<\/tr>\n<tr>\n<td align=\"left\"><strong>R\u00e9sistance au rayonnement UV<\/strong><\/td>\n<td align=\"left\">oui<\/td>\n<\/tr>\n<tr>\n<td align=\"left\"><strong>R\u00e9sistance \u00e0 l\u2019humidit\u00e9<\/strong><\/td>\n<td align=\"left\">oui<\/td>\n<\/tr>\n<tr>\n<td align=\"left\"><strong>Tailles disponibles<\/strong><\/td>\n<td align=\"left\">selon les dimensions de grandes fa\u00e7ades et de grandes surfaces vitr\u00e9es<\/td>\n<\/tr>\n<\/tbody>\n<\/table>\n<\/div>\n<\/div>\n<\/div>\n<\/div><\/div><div class=\"fusion-layout-column fusion_builder_column fusion-builder-column-3 fusion_builder_column_1_2 1_2 fusion-flex-column fusion-flex-align-self-center fusion-animated\" style=\"--awb-bg-size:cover;--awb-width-large:50%;--awb-margin-top-large:0px;--awb-spacing-right-large:3.84%;--awb-margin-bottom-large:20px;--awb-spacing-left-large:3.84%;--awb-width-medium:50%;--awb-order-medium:0;--awb-spacing-right-medium:3.84%;--awb-spacing-left-medium:3.84%;--awb-width-small:100%;--awb-order-small:0;--awb-spacing-right-small:1.92%;--awb-spacing-left-small:1.92%;\" data-animationType=\"slideInLeft\" data-animationDuration=\"0.3\" data-animationOffset=\"top-into-view\"><div class=\"fusion-column-wrapper fusion-column-has-shadow fusion-flex-justify-content-flex-start fusion-content-layout-column\">\n<div class=\"table-2\">\n<div class=\"table-2\">\n<table width=\"100%\">\n<thead>\n<tr>\n<th align=\"left\">Caract\u00e9ristiques techniques<\/th>\n<th align=\"left\"><\/th>\n<\/tr>\n<\/thead>\n<tbody>\n<tr>\n<td align=\"left\"><strong>Dimensions des stores<\/strong><\/td>\n<td align=\"left\">selon les besoins des clients<\/td>\n<\/tr>\n<tr>\n<td align=\"left\"><strong>Largeur maximale<\/strong><\/td>\n<td align=\"left\">jusqu\u2019\u00e0 4.5 m\u00e8tres<\/td>\n<\/tr>\n<tr>\n<td align=\"left\"><strong>Port\u00e9e maximale<\/strong><\/td>\n<td align=\"left\">jusqu\u2019\u00e0 5 m\u00e8tres<\/td>\n<\/tr>\n<tr>\n<td align=\"left\"><strong>Classe de r\u00e9sistance au vent jusqu<\/strong><\/td>\n<td align=\"left\">160 km\/h<\/td>\n<\/tr>\n<tr>\n<td align=\"left\"><strong>Hauteur maximale d\u2019une terrasse<\/strong><\/td>\n<td align=\"left\">selon les besoins des clients<\/td>\n<\/tr>\n<tr>\n<td align=\"left\"><strong>Motorisation \u00e9lectrique<\/strong><\/td>\n<td align=\"left\">oui<\/td>\n<\/tr>\n<tr>\n<td align=\"left\"><strong>Motorisation manuelle<\/strong><\/td>\n<td align=\"left\">oui<\/td>\n<\/tr>\n<tr>\n<td align=\"left\"><strong>Formes des lamelles<\/strong><\/td>\n<td align=\"left\">Z<\/td>\n<\/tr>\n<tr>\n<td align=\"left\"><strong>R\u00e9glage de l\u2019angle de l\u2019inclinaison des lamelles<\/strong><\/td>\n<td align=\"left\">de 0 \u00e0 135 degr\u00e9s<\/td>\n<\/tr>\n<\/tbody>\n<\/table>\n<\/div>\n<\/div>\n<\/div><\/div><div class=\"fusion-layout-column fusion_builder_column fusion-builder-column-4 fusion_builder_column_1_2 1_2 fusion-flex-column fusion-animated\" style=\"--awb-bg-size:cover;--awb-width-large:50%;--awb-margin-top-large:0px;--awb-spacing-right-large:3.84%;--awb-margin-bottom-large:20px;--awb-spacing-left-large:3.84%;--awb-width-medium:50%;--awb-order-medium:0;--awb-spacing-right-medium:3.84%;--awb-spacing-left-medium:3.84%;--awb-width-small:100%;--awb-order-small:0;--awb-spacing-right-small:1.92%;--awb-spacing-left-small:1.92%;\" data-animationType=\"slideInRight\" data-animationDuration=\"0.9\" data-animationOffset=\"top-into-view\"><div class=\"fusion-column-wrapper fusion-column-has-shadow fusion-flex-justify-content-flex-start fusion-content-layout-column\"><div class=\"fusion-image-element \" style=\"--awb-caption-title-font-family:var(--h2_typography-font-family);--awb-caption-title-font-weight:var(--h2_typography-font-weight);--awb-caption-title-font-style:var(--h2_typography-font-style);--awb-caption-title-size:var(--h2_typography-font-size);--awb-caption-title-transform:var(--h2_typography-text-transform);--awb-caption-title-line-height:var(--h2_typography-line-height);--awb-caption-title-letter-spacing:var(--h2_typography-letter-spacing);\"><span class=\" fusion-imageframe imageframe-none imageframe-2 hover-type-zoomin\"><a href=\"https:\/\/sapor.pl\/wp-content\/uploads\/2021\/05\/zaluzje-fasadowe-c80-2.jpg\" class=\"fusion-lightbox\" data-rel=\"iLightbox[ffc7733259178eb4f26]\" data-title=\"zaluzje-fasadowe-c80-2\" title=\"zaluzje-fasadowe-c80-2\"><img decoding=\"async\" width=\"1200\" height=\"800\" src=\"https:\/\/sapor.pl\/wp-content\/uploads\/2021\/05\/zaluzje-fasadowe-c80-2.jpg\" data-orig-src=\"https:\/\/sapor.pl\/wp-content\/uploads\/2021\/05\/zaluzje-fasadowe-c80-2.jpg\" alt class=\"lazyload img-responsive wp-image-888\" srcset=\"data:image\/svg+xml,%3Csvg%20xmlns%3D%27http%3A%2F%2Fwww.w3.org%2F2000%2Fsvg%27%20width%3D%271200%27%20height%3D%27800%27%20viewBox%3D%270%200%201200%20800%27%3E%3Crect%20width%3D%271200%27%20height%3D%27800%27%20fill-opacity%3D%220%22%2F%3E%3C%2Fsvg%3E\" data-srcset=\"https:\/\/sapor.pl\/wp-content\/uploads\/2021\/05\/zaluzje-fasadowe-c80-2-200x133.jpg 200w, https:\/\/sapor.pl\/wp-content\/uploads\/2021\/05\/zaluzje-fasadowe-c80-2-400x267.jpg 400w, https:\/\/sapor.pl\/wp-content\/uploads\/2021\/05\/zaluzje-fasadowe-c80-2-600x400.jpg 600w, https:\/\/sapor.pl\/wp-content\/uploads\/2021\/05\/zaluzje-fasadowe-c80-2-800x533.jpg 800w, https:\/\/sapor.pl\/wp-content\/uploads\/2021\/05\/zaluzje-fasadowe-c80-2.jpg 1200w\" data-sizes=\"auto\" data-orig-sizes=\"(max-width: 640px) 100vw, 800px\" \/><\/a><\/span><\/div><\/div><\/div><div class=\"fusion-layout-column fusion_builder_column fusion-builder-column-5 fusion_builder_column_1_1 1_1 fusion-flex-column\" style=\"--awb-bg-size:cover;--awb-width-large:100%;--awb-margin-top-large:0px;--awb-spacing-right-large:1.92%;--awb-margin-bottom-large:20px;--awb-spacing-left-large:1.92%;--awb-width-medium:100%;--awb-order-medium:0;--awb-spacing-right-medium:1.92%;--awb-spacing-left-medium:1.92%;--awb-width-small:100%;--awb-order-small:0;--awb-spacing-right-small:1.92%;--awb-spacing-left-small:1.92%;\"><div class=\"fusion-column-wrapper fusion-column-has-shadow fusion-flex-justify-content-flex-start fusion-content-layout-column\"><div class=\"fusion-text fusion-text-3\"><h3>\u00c0 propos de la technique d\u2019ombrage Stores de fa\u00e7ade Z90<\/h3>\n<p>La technique d\u2019ombrage Stores de fa\u00e7ade Z90 est une solution innovante pour ceux qui cherchent une technique d\u2019ombrage moderne et rentable pour de grandes surfaces vitr\u00e9es. Les stores Z90 en aluminium constituent une excellente protection solaire tout en permettant de filtrer la lumi\u00e8re. La mise en place des stores Z90 est particuli\u00e8rement avantageuse en cas de de grandes fa\u00e7ades et de grandes surfaces vitr\u00e9es pour lesquels il est important d\u2019assurer une protection solaire tout en contribuant \u00e0 une pr\u00e9sentation moderne et \u00e9l\u00e9gante d\u2019un b\u00e2timent.<\/p>\n<h3>Mise en place de la technique d\u2019ombrage Z90 :<\/h3>\n<p>&#8211; Dans les bureaux et dans les b\u00e2timents destin\u00e9s au public pour assurer une protection efficace contre le soleil et le confort du travail et de l\u2019utilisation.<\/p>\n<p>&#8211; Dans les centres commerciaux o\u00f9 les b\u00e2timents sont majoritairement constitu\u00e9s de fa\u00e7ades, et il est n\u00e9cessaire d\u2019assurer une bonne protection contre le rayonnement UV et prot\u00e9ger l\u2019int\u00e9rieur contre les temp\u00e9ratures trop \u00e9lev\u00e9es.<\/p>\n<p>&#8211; Dans les zones de loisirs telles que les piscines ou les centres de sport pour assurer les conditions confortables et esth\u00e9tiques pour le public qu\u2019ils accueillent.<\/p>\n<h3>\u00c0 qui nous recommandons la technique d\u2019ombrage Stores de fa\u00e7ade Z90 ?<\/h3>\n<p>\u00c0 ceux qui cherchent des solutions avanc\u00e9es de protection de grandes surfaces vitr\u00e9es.<\/p>\n<p>Aux investisseurs, aux architectes et aux promoteurs immobiliers qui souhaitent cr\u00e9er des b\u00e2timents modernes et fonctionnels r\u00e9pondant aux normes esth\u00e9tiques strictes.<\/p>\n<h3>La technique d\u2019ombrage Stores de fa\u00e7ade Z90 peut \u00eatre int\u00e9ressante pour quels clients cibles ?<\/h3>\n<p>Pour les clients qui cherchent un r\u00e9glage ais\u00e9 de l\u2019\u00e9clairage et de pouvoir contr\u00f4ler l\u2019ensoleillement des int\u00e9rieurs d\u2019un b\u00e2timent.<\/p>\n<p>Pour ceux qui appr\u00e9cient un design moderne et souhaitent mettre en avant un caract\u00e8re exceptionnel de son architecture.<\/p>\n<h3>Une bonne alternative de la technique d\u2019ombrage Stores de fa\u00e7ade Z90\u00a0: Stores de fa\u00e7ade Z70<\/h3>\n<p>Si vous \u00eates int\u00e9ress\u00e9 par un r\u00e9glage de l\u2019inclinaison des lamelles encore plus ais\u00e9, pensez \u00e0 une solution alternative, soit aux stores de fa\u00e7ade Z70. C\u2019est un mod\u00e8le aux caract\u00e9ristiques similaires, toutefois il permet une filtration de la lumi\u00e8re encore plus pr\u00e9cise.<\/p>\n<h3>Pour en savoir plus \u00e0 propos du fabricant de la technique d\u2019ombrage Stores de fa\u00e7ade Z90<\/h3>\n<p>La soci\u00e9t\u00e9 Stores de fa\u00e7ade Z90 est un fabricant des techniques d\u2019ombrage innovantes appr\u00e9ci\u00e9, renomm\u00e9 pour la qualit\u00e9 sup\u00e9rieure de ses produits et pour son professionnalisme. La technique d\u2019ombrage Stores de fa\u00e7ade Z90 est un effet de son implication dans la cr\u00e9ation des solutions parfaites pour les clients.<\/p>\n<h4>Pour en savoir plus \u00e0 propos des points forts du fabricant de la technique d\u2019ombrage Stores de fa\u00e7ade Z90\u00a0:<\/h4>\n<p>&#8211; Aluminium r\u00e9sistant et r\u00e9sistance aux intemp\u00e9ries ce qui garantit une longue dur\u00e9e de vie.<\/p>\n<p>&#8211; Un bon rendement du r\u00e9glage de l\u2019\u00e9clairage permettant de r\u00e9gler l\u2019\u00e9clairage des int\u00e9rieurs selon vos pr\u00e9f\u00e9rences.<\/p>\n<h3>R\u00e9sum\u00e9 &#8211; technique d\u2019ombrage Stores de fa\u00e7ade Z90 :<\/h3>\n<p>La technique d\u2019ombrage Stores de fa\u00e7ade Z90 est une excellente solution pour ceux qui cherchent des solutions avanc\u00e9es pour de grandes surfaces vitr\u00e9es. Gr\u00e2ce aux caract\u00e9ristiques techniques avanc\u00e9es, cette protection est associ\u00e9e \u00e0 un bon rendement et \u00e0 un parfait design tout en contribuant \u00e0 une esth\u00e9tique moderne et professionnelle d\u2019un b\u00e2timent. Choisissez la technique d\u2019ombrage Stores de fa\u00e7ade Z90 pour profiter non seulement d\u2019une bonne protection solaire, mais aussi pour conserver un aspect moderne et \u00e9l\u00e9gant de l\u2019architecture.<\/p>\n<\/div><\/div><\/div><\/div><\/div>\n","protected":false},"excerpt":{"rendered":"","protected":false},"author":1,"featured_media":0,"parent":0,"menu_order":0,"comment_status":"closed","ping_status":"closed","template":"","meta":{"footnotes":""},"class_list":["post-3929","page","type-page","status-publish","hentry"],"yoast_head":"<!-- This site is optimized with the Yoast SEO plugin v26.5 - https:\/\/yoast.com\/wordpress\/plugins\/seo\/ -->\n<title>Stores de fa\u00e7ade Z90 - Sapor<\/title>\n<meta name=\"robots\" content=\"index, follow, max-snippet:-1, max-image-preview:large, max-video-preview:-1\" \/>\n<link rel=\"canonical\" href=\"https:\/\/sapor.pl\/zaluzje-fasadowe-z90\/\" \/>\n<meta property=\"og:locale\" content=\"fr_FR\" \/>\n<meta property=\"og:type\" content=\"article\" \/>\n<meta property=\"og:title\" content=\"Stores de fa\u00e7ade Z90 - Sapor\" \/>\n<meta property=\"og:url\" content=\"https:\/\/sapor.pl\/zaluzje-fasadowe-z90\/\" \/>\n<meta property=\"og:site_name\" content=\"Sapor\" \/>\n<meta property=\"article:publisher\" content=\"https:\/\/www.facebook.com\/SAPOR.Fabryka.okien.i.drzwi\/\" \/>\n<meta property=\"article:modified_time\" content=\"2023-11-26T22:33:35+00:00\" \/>\n<meta name=\"twitter:card\" content=\"summary_large_image\" \/>\n<meta name=\"twitter:label1\" content=\"Dur\u00e9e de lecture estim\u00e9e\" \/>\n\t<meta name=\"twitter:data1\" content=\"10 minutes\" \/>\n<script type=\"application\/ld+json\" class=\"yoast-schema-graph\">{\"@context\":\"https:\/\/schema.org\",\"@graph\":[{\"@type\":\"WebPage\",\"@id\":\"https:\/\/sapor.pl\/zaluzje-fasadowe-z90\/\",\"url\":\"https:\/\/sapor.pl\/zaluzje-fasadowe-z90\/\",\"name\":\"Stores de fa\u00e7ade Z90 - Sapor\",\"isPartOf\":{\"@id\":\"https:\/\/sapor.pl\/en\/#website\"},\"datePublished\":\"2021-05-23T17:05:27+00:00\",\"dateModified\":\"2023-11-26T22:33:35+00:00\",\"breadcrumb\":{\"@id\":\"https:\/\/sapor.pl\/zaluzje-fasadowe-z90\/#breadcrumb\"},\"inLanguage\":\"fr-FR\",\"potentialAction\":[{\"@type\":\"ReadAction\",\"target\":[\"https:\/\/sapor.pl\/zaluzje-fasadowe-z90\/\"]}]},{\"@type\":\"BreadcrumbList\",\"@id\":\"https:\/\/sapor.pl\/zaluzje-fasadowe-z90\/#breadcrumb\",\"itemListElement\":[{\"@type\":\"ListItem\",\"position\":1,\"name\":\"Page d'accueil\",\"item\":\"https:\/\/sapor.pl\/fr\/\"},{\"@type\":\"ListItem\",\"position\":2,\"name\":\"Stores de fa\u00e7ade Z90\"}]},{\"@type\":\"WebSite\",\"@id\":\"https:\/\/sapor.pl\/en\/#website\",\"url\":\"https:\/\/sapor.pl\/en\/\",\"name\":\"Sapor\",\"description\":\"\",\"publisher\":{\"@id\":\"https:\/\/sapor.pl\/en\/#organization\"},\"potentialAction\":[{\"@type\":\"SearchAction\",\"target\":{\"@type\":\"EntryPoint\",\"urlTemplate\":\"https:\/\/sapor.pl\/en\/?s={search_term_string}\"},\"query-input\":{\"@type\":\"PropertyValueSpecification\",\"valueRequired\":true,\"valueName\":\"search_term_string\"}}],\"inLanguage\":\"fr-FR\"},{\"@type\":\"Organization\",\"@id\":\"https:\/\/sapor.pl\/en\/#organization\",\"name\":\"Sapor Sp. z o. o.\",\"url\":\"https:\/\/sapor.pl\/en\/\",\"logo\":{\"@type\":\"ImageObject\",\"inLanguage\":\"fr-FR\",\"@id\":\"https:\/\/sapor.pl\/en\/#\/schema\/logo\/image\/\",\"url\":\"https:\/\/sapor.pl\/wp-content\/uploads\/2021\/04\/logo-sapor-e1618419520128.png\",\"contentUrl\":\"https:\/\/sapor.pl\/wp-content\/uploads\/2021\/04\/logo-sapor-e1618419520128.png\",\"width\":140,\"height\":67,\"caption\":\"Sapor Sp. z o. o.\"},\"image\":{\"@id\":\"https:\/\/sapor.pl\/en\/#\/schema\/logo\/image\/\"},\"sameAs\":[\"https:\/\/www.facebook.com\/SAPOR.Fabryka.okien.i.drzwi\/\"]}]}<\/script>\n<!-- \/ Yoast SEO plugin. -->","yoast_head_json":{"title":"Stores de fa\u00e7ade Z90 - Sapor","robots":{"index":"index","follow":"follow","max-snippet":"max-snippet:-1","max-image-preview":"max-image-preview:large","max-video-preview":"max-video-preview:-1"},"canonical":"https:\/\/sapor.pl\/zaluzje-fasadowe-z90\/","og_locale":"fr_FR","og_type":"article","og_title":"Stores de fa\u00e7ade Z90 - Sapor","og_url":"https:\/\/sapor.pl\/zaluzje-fasadowe-z90\/","og_site_name":"Sapor","article_publisher":"https:\/\/www.facebook.com\/SAPOR.Fabryka.okien.i.drzwi\/","article_modified_time":"2023-11-26T22:33:35+00:00","twitter_card":"summary_large_image","twitter_misc":{"Dur\u00e9e de lecture estim\u00e9e":"10 minutes"},"schema":{"@context":"https:\/\/schema.org","@graph":[{"@type":"WebPage","@id":"https:\/\/sapor.pl\/zaluzje-fasadowe-z90\/","url":"https:\/\/sapor.pl\/zaluzje-fasadowe-z90\/","name":"Stores de fa\u00e7ade Z90 - Sapor","isPartOf":{"@id":"https:\/\/sapor.pl\/en\/#website"},"datePublished":"2021-05-23T17:05:27+00:00","dateModified":"2023-11-26T22:33:35+00:00","breadcrumb":{"@id":"https:\/\/sapor.pl\/zaluzje-fasadowe-z90\/#breadcrumb"},"inLanguage":"fr-FR","potentialAction":[{"@type":"ReadAction","target":["https:\/\/sapor.pl\/zaluzje-fasadowe-z90\/"]}]},{"@type":"BreadcrumbList","@id":"https:\/\/sapor.pl\/zaluzje-fasadowe-z90\/#breadcrumb","itemListElement":[{"@type":"ListItem","position":1,"name":"Page d'accueil","item":"https:\/\/sapor.pl\/fr\/"},{"@type":"ListItem","position":2,"name":"Stores de fa\u00e7ade Z90"}]},{"@type":"WebSite","@id":"https:\/\/sapor.pl\/en\/#website","url":"https:\/\/sapor.pl\/en\/","name":"Sapor","description":"","publisher":{"@id":"https:\/\/sapor.pl\/en\/#organization"},"potentialAction":[{"@type":"SearchAction","target":{"@type":"EntryPoint","urlTemplate":"https:\/\/sapor.pl\/en\/?s={search_term_string}"},"query-input":{"@type":"PropertyValueSpecification","valueRequired":true,"valueName":"search_term_string"}}],"inLanguage":"fr-FR"},{"@type":"Organization","@id":"https:\/\/sapor.pl\/en\/#organization","name":"Sapor Sp. z o. o.","url":"https:\/\/sapor.pl\/en\/","logo":{"@type":"ImageObject","inLanguage":"fr-FR","@id":"https:\/\/sapor.pl\/en\/#\/schema\/logo\/image\/","url":"https:\/\/sapor.pl\/wp-content\/uploads\/2021\/04\/logo-sapor-e1618419520128.png","contentUrl":"https:\/\/sapor.pl\/wp-content\/uploads\/2021\/04\/logo-sapor-e1618419520128.png","width":140,"height":67,"caption":"Sapor Sp. z o. o."},"image":{"@id":"https:\/\/sapor.pl\/en\/#\/schema\/logo\/image\/"},"sameAs":["https:\/\/www.facebook.com\/SAPOR.Fabryka.okien.i.drzwi\/"]}]}},"_links":{"self":[{"href":"https:\/\/sapor.pl\/fr\/wp-json\/wp\/v2\/pages\/3929","targetHints":{"allow":["GET"]}}],"collection":[{"href":"https:\/\/sapor.pl\/fr\/wp-json\/wp\/v2\/pages"}],"about":[{"href":"https:\/\/sapor.pl\/fr\/wp-json\/wp\/v2\/types\/page"}],"author":[{"embeddable":true,"href":"https:\/\/sapor.pl\/fr\/wp-json\/wp\/v2\/users\/1"}],"replies":[{"embeddable":true,"href":"https:\/\/sapor.pl\/fr\/wp-json\/wp\/v2\/comments?post=3929"}],"version-history":[{"count":3,"href":"https:\/\/sapor.pl\/fr\/wp-json\/wp\/v2\/pages\/3929\/revisions"}],"predecessor-version":[{"id":6876,"href":"https:\/\/sapor.pl\/fr\/wp-json\/wp\/v2\/pages\/3929\/revisions\/6876"}],"wp:attachment":[{"href":"https:\/\/sapor.pl\/fr\/wp-json\/wp\/v2\/media?parent=3929"}],"curies":[{"name":"wp","href":"https:\/\/api.w.org\/{rel}","templated":true}]}}