{"id":7079,"date":"2023-11-30T00:33:00","date_gmt":"2023-11-29T23:33:00","guid":{"rendered":"https:\/\/sapor.pl\/?page_id=7079"},"modified":"2023-11-30T00:36:44","modified_gmt":"2023-11-29T23:36:44","slug":"politique-de-confidentialite","status":"publish","type":"page","link":"https:\/\/sapor.pl\/fr\/politique-de-confidentialite\/","title":{"rendered":"Politique de confidentialit\u00e9"},"content":{"rendered":"<p>La politique de confidentialit\u00e9 est un document que tout site Web devrait avoir. Il contient des informations sur qui est l&rsquo;administrateur des donn\u00e9es personnelles, quelles donn\u00e9es des utilisateurs du site Web sont collect\u00e9es, quelle est la finalit\u00e9 du traitement des donn\u00e9es et pour quelle dur\u00e9e les donn\u00e9es seront trait\u00e9es. De plus, il informe sur les cookies et la s\u00e9curit\u00e9 des donn\u00e9es personnelles collect\u00e9es.<\/p>\n<p>Si le site Internet propose \u00e9galement la vente de biens ou de services, il doit \u00e9galement contenir le r\u00e8glement de la boutique en ligne. Par ailleurs, il est recommand\u00e9 que le site Internet dispose \u00e9galement des Conditions G\u00e9n\u00e9rales d\u2019Utilisation du site Internet.<\/p>\n<p>Entrepreneur avec droits de consommateur\u00a0:<\/p>\n<p>Depuis le 1er janvier 2021, une modification de la r\u00e9glementation est entr\u00e9e en vigueur, qui a \u00e9galement \u00e9tendu le champ d&rsquo;application des droits des consommateurs \u00e0 certains entrepreneurs. Ainsi, la protection des consommateurs concernant\u00a0:<\/p>\n<p>retourner les marchandises achet\u00e9es \u00e0 distance, dans un d\u00e9lai de 14 jours, sans indication de motif ;<br \/>\nclauses interdites;<br \/>\nune port\u00e9e plus large des droits au titre de la garantie\u00a0;<br \/>\ncouvert:<\/p>\n<p>les consommateurs existants, entendus comme des personnes physiques qui concluent des transactions juridiques avec l&rsquo;entrepreneur, par ex. achat d&rsquo;une machine \u00e0 laver, d&rsquo;une imprimante, de produits alimentaires, achat de services, etc. (ci-apr\u00e8s : \u00ab consommateur au sens strict \u00bb) ;<br \/>\nles personnes physiques qui concluent un contrat directement li\u00e9 \u00e0 leur activit\u00e9 commerciale, si l&rsquo;activit\u00e9 conclue (par exemple un contrat de vente) n&rsquo;est pas de nature professionnelle pour ces entrepreneurs (ci-apr\u00e8s d\u00e9nomm\u00e9s \u00ab entrepreneur ayant des droits de consommateur \u00bb). L\u2019interpr\u00e9tation selon laquelle l\u2019entrepreneur est couvert ou non par la protection des consommateurs dans un cas donn\u00e9 est bas\u00e9e sur l\u2019objet de l\u2019activit\u00e9 commerciale de l\u2019entrepreneur, divulgu\u00e9 dans le registre CEiDG.<br \/>\nL&rsquo;objectif de l&rsquo;amendement est de compenser la disproportion des droits des entrepreneurs \u2013 personnes physiques qui concluent un contrat avec un autre entrepreneur, sans lien direct avec le secteur ou la sp\u00e9cialisation de ces entrepreneurs \u2013 personnes physiques. Ainsi, dans le cadre de contrats qui ne sont pas directement li\u00e9s \u00e0 leur secteur ou \u00e0 leur sp\u00e9cialisation, ils ne sont plus trait\u00e9s comme des \u00ab\u00a0professionnels\u00a0\u00bb qui doivent avoir plus de connaissances, par ex. un ouvrier du b\u00e2timent qui ach\u00e8te des mat\u00e9riaux de construction dans le cadre d&rsquo;une activit\u00e9 commerciale sera toujours consid\u00e9r\u00e9 comme une entit\u00e9 professionnelle (et non comme un consommateur). Cependant, si le m\u00eame ouvrier du b\u00e2timent ach\u00e8te des biens class\u00e9s comme non professionnels, par ex. une machine \u00e0 caf\u00e9 de bureau, il sera trait\u00e9 comme une personne non professionnelle (consommateur).<\/p>\n<p>Cependant, comme le souligne unanimement la doctrine juridique (y compris le Commentaire sur la loi sur les droits des consommateurs \u00e9dit\u00e9 par Osajda 2020, \u00e9d. 3\/P. Mik\u0142aszewicz), une personne exer\u00e7ant une activit\u00e9 commerciale ou professionnelle qui a conclu un contrat avant le 1er janvier 2021 r., conform\u00e9ment \u00e0 l&rsquo;art. 22[1] du Code civil et conform\u00e9ment aux dispositions du droit de l&rsquo;Union europ\u00e9enne et \u00e0 la jurisprudence de la CJUE, \u00e9tait d\u00e9j\u00e0 consid\u00e9r\u00e9e comme une consommatrice si elle agissait en dehors du cadre de son activit\u00e9 professionnelle, \u00e0 des fins sans rapport avec son entreprise ou son activit\u00e9 professionnelle. .<\/p>\n<p>Comment utiliser le document ?<\/p>\n<p>La politique de confidentialit\u00e9 r\u00e9pond aux obligations d&rsquo;information de l&rsquo;administrateur des donn\u00e9es personnelles, qui est g\u00e9n\u00e9ralement le propri\u00e9taire du site Internet. Il pr\u00e9cise :<\/p>\n<p>qui est le responsable du traitement et comment le contacter\u00a0;<br \/>\nqui est le d\u00e9l\u00e9gu\u00e9 \u00e0 la protection des donn\u00e9es personnelles (si l&rsquo;entreprise en a d\u00e9sign\u00e9 un)\u00a0;<br \/>\n\u00e0 quelles fins les donn\u00e9es personnelles sont collect\u00e9es\u00a0;<br \/>\nquelles donn\u00e9es personnelles sont collect\u00e9es\u00a0;<br \/>\nla dur\u00e9e de conservation des donn\u00e9es personnelles pour une finalit\u00e9 de traitement sp\u00e9cifique\u00a0;<br \/>\ndroits des utilisateurs li\u00e9s \u00e0 la collecte de leurs donn\u00e9es (possibilit\u00e9 de retirer le consentement au traitement, demandes de suppression des donn\u00e9es de la base de donn\u00e9es de l&rsquo;administrateur, possibilit\u00e9 de rectifier et de modifier les donn\u00e9es, de limiter leur traitement et d&rsquo;exprimer des objections) ;<br \/>\nl\u2019utilisation de cookies par le site.<br \/>\nLe document doit \u00eatre compl\u00e9t\u00e9, en r\u00e9pondant \u00e0 toutes les questions, et affich\u00e9 sur le site Web auquel le document se rapporte.<\/p>\n<p>La politique de confidentialit\u00e9 doit \u00eatre consultable \u00e0 tout moment par les utilisateurs du site Web. En particulier, les utilisateurs doivent pouvoir lire ses dispositions avant de fournir des donn\u00e9es personnelles sur le site Internet.<\/p>\n<p>Il est devenu courant que toute personne visitant un site Web accepte la politique de confidentialit\u00e9, avant m\u00eame de commencer \u00e0 partager ses donn\u00e9es personnelles. Cela se fait au moment o\u00f9 une personne appara\u00eet sur un site Web donn\u00e9. Cette pratique est totalement fond\u00e9e sur des principes. Sa justification r\u00e9side dans le fait que la politique de confidentialit\u00e9 contient tr\u00e8s souvent \u00e9galement des informations sur l&rsquo;utilisation de cookies, dont l&rsquo;utilisateur doit \u00eatre inform\u00e9 lorsqu&rsquo;il acc\u00e8de \u00e0 un site Web donn\u00e9 (il peut alors d\u00e9sactiver l&rsquo;utilisation de cookies dans son navigateur).<\/p>\n<p>Base l\u00e9gale:<\/p>\n<p>L&rsquo;obligation d&rsquo;inclure des informations sur le traitement des donn\u00e9es personnelles sur le site Internet r\u00e9sulte du r\u00e8glement (UE) 2016\/679 du Parlement europ\u00e9en et du Conseil du 27 avril 2016 relatif \u00e0 la protection des personnes physiques \u00e0 l&rsquo;\u00e9gard des traitements.<\/p>\n","protected":false},"excerpt":{"rendered":"<p>La politique de confidentialit\u00e9 est un document que tout site  [&#8230;]<\/p>\n","protected":false},"author":1,"featured_media":0,"parent":0,"menu_order":0,"comment_status":"closed","ping_status":"closed","template":"","meta":{"footnotes":""},"class_list":["post-7079","page","type-page","status-publish","hentry"],"yoast_head":"<!-- This site is optimized with the Yoast SEO plugin v26.5 - https:\/\/yoast.com\/wordpress\/plugins\/seo\/ -->\n<title>Politique de confidentialit\u00e9 - Sapor<\/title>\n<meta name=\"robots\" content=\"index, follow, max-snippet:-1, max-image-preview:large, max-video-preview:-1\" \/>\n<link rel=\"canonical\" href=\"https:\/\/sapor.pl\/privacy-policy\/\" \/>\n<meta property=\"og:locale\" content=\"fr_FR\" \/>\n<meta property=\"og:type\" content=\"article\" \/>\n<meta property=\"og:title\" content=\"Politique de confidentialit\u00e9 - Sapor\" \/>\n<meta property=\"og:description\" content=\"La politique de confidentialit\u00e9 est un document que tout site [...]\" \/>\n<meta property=\"og:url\" content=\"https:\/\/sapor.pl\/privacy-policy\/\" \/>\n<meta property=\"og:site_name\" content=\"Sapor\" \/>\n<meta property=\"article:publisher\" content=\"https:\/\/www.facebook.com\/SAPOR.Fabryka.okien.i.drzwi\/\" \/>\n<meta property=\"article:modified_time\" content=\"2023-11-29T23:36:44+00:00\" \/>\n<meta name=\"twitter:card\" content=\"summary_large_image\" \/>\n<meta name=\"twitter:label1\" content=\"Dur\u00e9e de lecture estim\u00e9e\" \/>\n\t<meta name=\"twitter:data1\" content=\"5 minutes\" \/>\n<script type=\"application\/ld+json\" class=\"yoast-schema-graph\">{\"@context\":\"https:\/\/schema.org\",\"@graph\":[{\"@type\":\"WebPage\",\"@id\":\"https:\/\/sapor.pl\/privacy-policy\/\",\"url\":\"https:\/\/sapor.pl\/privacy-policy\/\",\"name\":\"Politique de confidentialit\u00e9 - Sapor\",\"isPartOf\":{\"@id\":\"https:\/\/sapor.pl\/en\/#website\"},\"datePublished\":\"2023-11-29T23:33:00+00:00\",\"dateModified\":\"2023-11-29T23:36:44+00:00\",\"breadcrumb\":{\"@id\":\"https:\/\/sapor.pl\/privacy-policy\/#breadcrumb\"},\"inLanguage\":\"fr-FR\",\"potentialAction\":[{\"@type\":\"ReadAction\",\"target\":[\"https:\/\/sapor.pl\/privacy-policy\/\"]}]},{\"@type\":\"BreadcrumbList\",\"@id\":\"https:\/\/sapor.pl\/privacy-policy\/#breadcrumb\",\"itemListElement\":[{\"@type\":\"ListItem\",\"position\":1,\"name\":\"Page d'accueil\",\"item\":\"https:\/\/sapor.pl\/fr\/\"},{\"@type\":\"ListItem\",\"position\":2,\"name\":\"Politique de confidentialit\u00e9\"}]},{\"@type\":\"WebSite\",\"@id\":\"https:\/\/sapor.pl\/en\/#website\",\"url\":\"https:\/\/sapor.pl\/en\/\",\"name\":\"Sapor\",\"description\":\"\",\"publisher\":{\"@id\":\"https:\/\/sapor.pl\/en\/#organization\"},\"potentialAction\":[{\"@type\":\"SearchAction\",\"target\":{\"@type\":\"EntryPoint\",\"urlTemplate\":\"https:\/\/sapor.pl\/en\/?s={search_term_string}\"},\"query-input\":{\"@type\":\"PropertyValueSpecification\",\"valueRequired\":true,\"valueName\":\"search_term_string\"}}],\"inLanguage\":\"fr-FR\"},{\"@type\":\"Organization\",\"@id\":\"https:\/\/sapor.pl\/en\/#organization\",\"name\":\"Sapor Sp. z o. o.\",\"url\":\"https:\/\/sapor.pl\/en\/\",\"logo\":{\"@type\":\"ImageObject\",\"inLanguage\":\"fr-FR\",\"@id\":\"https:\/\/sapor.pl\/en\/#\/schema\/logo\/image\/\",\"url\":\"https:\/\/sapor.pl\/wp-content\/uploads\/2021\/04\/logo-sapor-e1618419520128.png\",\"contentUrl\":\"https:\/\/sapor.pl\/wp-content\/uploads\/2021\/04\/logo-sapor-e1618419520128.png\",\"width\":140,\"height\":67,\"caption\":\"Sapor Sp. z o. o.\"},\"image\":{\"@id\":\"https:\/\/sapor.pl\/en\/#\/schema\/logo\/image\/\"},\"sameAs\":[\"https:\/\/www.facebook.com\/SAPOR.Fabryka.okien.i.drzwi\/\"]}]}<\/script>\n<!-- \/ Yoast SEO plugin. -->","yoast_head_json":{"title":"Politique de confidentialit\u00e9 - Sapor","robots":{"index":"index","follow":"follow","max-snippet":"max-snippet:-1","max-image-preview":"max-image-preview:large","max-video-preview":"max-video-preview:-1"},"canonical":"https:\/\/sapor.pl\/privacy-policy\/","og_locale":"fr_FR","og_type":"article","og_title":"Politique de confidentialit\u00e9 - Sapor","og_description":"La politique de confidentialit\u00e9 est un document que tout site [...]","og_url":"https:\/\/sapor.pl\/privacy-policy\/","og_site_name":"Sapor","article_publisher":"https:\/\/www.facebook.com\/SAPOR.Fabryka.okien.i.drzwi\/","article_modified_time":"2023-11-29T23:36:44+00:00","twitter_card":"summary_large_image","twitter_misc":{"Dur\u00e9e de lecture estim\u00e9e":"5 minutes"},"schema":{"@context":"https:\/\/schema.org","@graph":[{"@type":"WebPage","@id":"https:\/\/sapor.pl\/privacy-policy\/","url":"https:\/\/sapor.pl\/privacy-policy\/","name":"Politique de confidentialit\u00e9 - Sapor","isPartOf":{"@id":"https:\/\/sapor.pl\/en\/#website"},"datePublished":"2023-11-29T23:33:00+00:00","dateModified":"2023-11-29T23:36:44+00:00","breadcrumb":{"@id":"https:\/\/sapor.pl\/privacy-policy\/#breadcrumb"},"inLanguage":"fr-FR","potentialAction":[{"@type":"ReadAction","target":["https:\/\/sapor.pl\/privacy-policy\/"]}]},{"@type":"BreadcrumbList","@id":"https:\/\/sapor.pl\/privacy-policy\/#breadcrumb","itemListElement":[{"@type":"ListItem","position":1,"name":"Page d'accueil","item":"https:\/\/sapor.pl\/fr\/"},{"@type":"ListItem","position":2,"name":"Politique de confidentialit\u00e9"}]},{"@type":"WebSite","@id":"https:\/\/sapor.pl\/en\/#website","url":"https:\/\/sapor.pl\/en\/","name":"Sapor","description":"","publisher":{"@id":"https:\/\/sapor.pl\/en\/#organization"},"potentialAction":[{"@type":"SearchAction","target":{"@type":"EntryPoint","urlTemplate":"https:\/\/sapor.pl\/en\/?s={search_term_string}"},"query-input":{"@type":"PropertyValueSpecification","valueRequired":true,"valueName":"search_term_string"}}],"inLanguage":"fr-FR"},{"@type":"Organization","@id":"https:\/\/sapor.pl\/en\/#organization","name":"Sapor Sp. z o. o.","url":"https:\/\/sapor.pl\/en\/","logo":{"@type":"ImageObject","inLanguage":"fr-FR","@id":"https:\/\/sapor.pl\/en\/#\/schema\/logo\/image\/","url":"https:\/\/sapor.pl\/wp-content\/uploads\/2021\/04\/logo-sapor-e1618419520128.png","contentUrl":"https:\/\/sapor.pl\/wp-content\/uploads\/2021\/04\/logo-sapor-e1618419520128.png","width":140,"height":67,"caption":"Sapor Sp. z o. o."},"image":{"@id":"https:\/\/sapor.pl\/en\/#\/schema\/logo\/image\/"},"sameAs":["https:\/\/www.facebook.com\/SAPOR.Fabryka.okien.i.drzwi\/"]}]}},"_links":{"self":[{"href":"https:\/\/sapor.pl\/fr\/wp-json\/wp\/v2\/pages\/7079","targetHints":{"allow":["GET"]}}],"collection":[{"href":"https:\/\/sapor.pl\/fr\/wp-json\/wp\/v2\/pages"}],"about":[{"href":"https:\/\/sapor.pl\/fr\/wp-json\/wp\/v2\/types\/page"}],"author":[{"embeddable":true,"href":"https:\/\/sapor.pl\/fr\/wp-json\/wp\/v2\/users\/1"}],"replies":[{"embeddable":true,"href":"https:\/\/sapor.pl\/fr\/wp-json\/wp\/v2\/comments?post=7079"}],"version-history":[{"count":3,"href":"https:\/\/sapor.pl\/fr\/wp-json\/wp\/v2\/pages\/7079\/revisions"}],"predecessor-version":[{"id":7084,"href":"https:\/\/sapor.pl\/fr\/wp-json\/wp\/v2\/pages\/7079\/revisions\/7084"}],"wp:attachment":[{"href":"https:\/\/sapor.pl\/fr\/wp-json\/wp\/v2\/media?parent=7079"}],"curies":[{"name":"wp","href":"https:\/\/api.w.org\/{rel}","templated":true}]}}