{"id":7085,"date":"2023-11-30T00:42:35","date_gmt":"2023-11-29T23:42:35","guid":{"rendered":"https:\/\/sapor.pl\/?page_id=7085"},"modified":"2023-11-30T00:42:35","modified_gmt":"2023-11-29T23:42:35","slug":"rules","status":"publish","type":"page","link":"https:\/\/sapor.pl\/fr\/rules\/","title":{"rendered":"Rules"},"content":{"rendered":"<p>R\u00c9GLEMENTATION DES VENTES<\/p>\n<p>\u00a7 1. DISPOSITIONS G\u00c9N\u00c9RALES<\/p>\n<p>1. La boutique en ligne op\u00e9rant sous l&rsquo;ULR www.e-sapor.com est g\u00e9r\u00e9e par la soci\u00e9t\u00e9 Fabryka Okien i Drzwi SAPOR sp. z o.o. , ul. Pozna\u0144ska 39 Niepruszewo, 64-320 Buk, num\u00e9ro d&rsquo;identification fiscale (NIP) : 7772883776, num\u00e9ro de registre national des entreprises (REGON) : 300188112, ci-apr\u00e8s d\u00e9nomm\u00e9 le vendeur.<\/p>\n<p>\u00a7 2. CONDITIONS D&rsquo;EX\u00c9CUTION DE LA COMMANDE<\/p>\n<p>1. Seule une personne majeure peut \u00eatre cliente de la boutique en ligne www.e-sapor.com, ci-apr\u00e8s d\u00e9nomm\u00e9e l&rsquo;Acheteur.<\/p>\n<p>2. L&rsquo;Acheteur peut passer des commandes 24 heures sur 24 via la page web www.e-sapor.com.<\/p>\n<p>3. L&rsquo;Acheteur passe commande en s\u00e9lectionnant un produit qui l&rsquo;int\u00e9resse et en le configurant comme il le souhaite, dans la limite des options disponibles de l&rsquo;outil de configuration.<\/p>\n<p>4. L&rsquo;Acheteur commande le produit qu&rsquo;il a configur\u00e9 et s\u00e9lectionn\u00e9 en utilisant l&rsquo;option \u00ab\u00a0Ajouter au panier\u00a0\u00bb et fournit toutes les informations requises dans la section \u00ab\u00a0Commande\u00a0\u00bb, en suivant les \u00e9tapes suivantes :<\/p>\n<p>4.1. \u00ab\u00a0Ordre\u00a0\u00bb.<\/p>\n<p>4.2. \u00ab\u00a0Formulaire de commande\u00a0\u00bb.<\/p>\n<p>4.3. \u00ab\u00a0Informations relatives \u00e0 la livraison<\/p>\n<p>4.4. \u00ab\u00a0Frais suppl\u00e9mentaires\u00a0\u00bb<\/p>\n<p>4.5. \u00ab\u00a0Syst\u00e8me de paiement<\/p>\n<p>4.6. \u00ab\u00a0R\u00e9sum\u00e9 de l&rsquo;achat\u00a0\u00bb.<\/p>\n<p>5. L&rsquo;inscription n&rsquo;est pas n\u00e9cessaire pour faire des achats dans la boutique en ligne www.e-sapor.com.<\/p>\n<p>6. En passant une commande, l&rsquo;acheteur conclut avec le vendeur un contrat de vente pour les produits command\u00e9s.<\/p>\n<p>7. La commande est ex\u00e9cut\u00e9e \u00e0 l&rsquo;adresse indiqu\u00e9e par l&rsquo;acheteur au cours de la proc\u00e9dure de commande.<\/p>\n<p>8. L&rsquo;ex\u00e9cution d&rsquo;une commande commence lorsque le paiement est re\u00e7u sur le compte du vendeur et que la commande est effectivement confirm\u00e9e par l&rsquo;acheteur.<\/p>\n<p>9. Le vendeur n&rsquo;est pas responsable de l&rsquo;absence de livraison du produit command\u00e9 ou d&rsquo;un retard dans la livraison et l&rsquo;ex\u00e9cution de la commande si l&rsquo;acheteur a fourni une adresse de livraison incorrecte.<\/p>\n<p>10. Le vendeur se r\u00e9serve le droit de refuser l&rsquo;ex\u00e9cution de la commande si :<\/p>\n<p>10.1. Des erreurs apparaissent dans la commande pass\u00e9e, pour des raisons techniques, qui peuvent exposer l&rsquo;acheteur ou le vendeur \u00e0 des pertes.<\/p>\n<p>10.2. Le service client\u00e8le ne re\u00e7oit pas la confirmation de la version finale de la commande de la part de l&rsquo;Acheteur.<\/p>\n<p>10.3. L&rsquo;acheteur n&rsquo;effectue pas le paiement requis.<\/p>\n<p>10.4. Le produit command\u00e9 ne r\u00e9pond pas aux exigences li\u00e9es \u00e0 la garantie \u00e9mise par le vendeur.<\/p>\n<p>10.5. Le vendeur n&rsquo;est pas en mesure d&rsquo;ex\u00e9cuter la commande pour des raisons ind\u00e9pendantes de sa volont\u00e9.<\/p>\n<p>\u00a7 3. PRIX<\/p>\n<p>1. Les prix de la boutique en ligne www.e-sapor.com sont exprim\u00e9s en euros et incluent la TVA.<\/p>\n<p>2. Le prix d&rsquo;un produit indiqu\u00e9 lors de la commande par le Client est un prix ferme et d\u00e9finitif.<\/p>\n<p>3. Le Vendeur se r\u00e9serve le droit de modifier un prix si la configuration d&rsquo;un produit donn\u00e9 a \u00e9t\u00e9 modifi\u00e9e apr\u00e8s la passation de la commande.<\/p>\n<p>4. L&rsquo;information sur le prix total d&rsquo;une commande est fournie apr\u00e8s que l&rsquo;Acheteur a rempli toutes les \u00e9tapes de l&rsquo;onglet \u00ab\u00a0Commande\u00a0\u00bb vis\u00e9 au \u00a7 2(4).<\/p>\n<p>5. Le vendeur se r\u00e9serve le droit de modifier les prix des produits propos\u00e9s, d&rsquo;introduire de nouveaux produits dans l&rsquo;offre, de mener et d&rsquo;annuler des campagnes promotionnelles et des ventes.<\/p>\n<p>\u00a7 4. CONDITIONS DE PAIEMENT<\/p>\n<p>1. Modalit\u00e9s de paiement d&rsquo;un produit command\u00e9 :<\/p>\n<p>1.1. Commande :<\/p>\n<p>a) L&rsquo;acheteur paie 50 % de la valeur de la commande lors de la passation de la commande, par virement sur le compte bancaire du vendeur fourni par ce dernier,<\/p>\n<p>b) L&rsquo;acheteur paie les 50 % restants de la valeur de la commande, par virement bancaire sur le compte bancaire du vendeur fourni par ce dernier, avant l&rsquo;exp\u00e9dition du produit.<\/p>\n<p>&nbsp;<\/p>\n<p>\u00a7 5. MODIFICATIONS DE L&rsquo;ORDONNANCE<\/p>\n<p>1. L&rsquo;acheteur peut apporter des modifications \u00e0 la commande jusqu&rsquo;au d\u00e9but de l&rsquo;ex\u00e9cution de la commande.<\/p>\n<p>2. \u00c9tant donn\u00e9 que tous les produits de la boutique en ligne www.e-sapor.com sont fabriqu\u00e9s \u00e0 la suite d&rsquo;une commande individuelle de l&rsquo;acheteur, il n&rsquo;est pas possible d&rsquo;annuler ou de modifier la commande apr\u00e8s qu&rsquo;elle a \u00e9t\u00e9 accept\u00e9e pour ex\u00e9cution.<\/p>\n<p>3. Les modifications ne peuvent \u00eatre effectu\u00e9es qu&rsquo;en contactant le service client\u00e8le, par t\u00e9l\u00e9phone ou par courrier \u00e9lectronique.<\/p>\n<p>4. L&rsquo;acheteur doit confirmer chaque modification d&rsquo;une commande pass\u00e9e en signant la \u00ab\u00a0confirmation de commande\u00a0\u00bb et en l&rsquo;envoyant par t\u00e9l\u00e9copie ou par courrier \u00e9lectronique au service client\u00e8le.<\/p>\n<p>\u00a7 6. LIVRAISON<\/p>\n<p>1. Le d\u00e9lai d&rsquo;ex\u00e9cution de la commande est \u00e9tabli sur une base individuelle pour chaque acheteur.<\/p>\n<p>2. Le d\u00e9lai d&rsquo;ex\u00e9cution d\u00e9pend du type de produit command\u00e9, de la couleur, du type de vitrage, etc. Les informations relatives au d\u00e9lai d&rsquo;ex\u00e9cution sont disponibles dans la \u00ab\u00a0Confirmation de commande\u00a0\u00bb.<\/p>\n<p>3. L&rsquo;acheteur peut venir chercher en personne le produit command\u00e9 ou celui-ci peut \u00eatre livr\u00e9 moyennant des frais \u00e0 l&rsquo;adresse qu&rsquo;il a indiqu\u00e9e.<\/p>\n<p>4. En raison de la taille et du poids des produits, l&rsquo;acheteur doit s&rsquo;assurer que les produits seront d\u00e9charg\u00e9s sur le lieu de livraison.<\/p>\n<p>5. L&rsquo;acheteur est tenu de v\u00e9rifier l&rsquo;\u00e9tat des produits en pr\u00e9sence d&rsquo;un livreur.<\/p>\n<p>6. Le vendeur n&rsquo;assume aucune responsabilit\u00e9 pour un retard qui n&rsquo;a pas \u00e9t\u00e9 caus\u00e9 par le vendeur.<\/p>\n<p>&nbsp;<\/p>\n<p>\u00a7 7. GARANTIE ET PLAINTES<\/p>\n<p>1. Tous les produits vendus par le vendeur b\u00e9n\u00e9ficient de la garantie du fabricant. Les conditions de garantie sont reprises dans les documents de garantie livr\u00e9s avec le produit.<\/p>\n<p>2. La p\u00e9riode de r\u00e9paration sous garantie ne prolonge pas la p\u00e9riode de garantie.<\/p>\n<p>3. Le d\u00e9lai \u00e9coul\u00e9 entre le signalement d&rsquo;un d\u00e9faut et l&rsquo;installation d&rsquo;un nouvel \u00e9l\u00e9ment \u00e0 la place d&rsquo;un \u00e9l\u00e9ment d\u00e9fectueux ne prolonge pas la p\u00e9riode de garantie.<\/p>\n<p>4. Les droits \u00e0 la garantie comprennent<\/p>\n<p>a) la r\u00e9paration sous garantie des \u00e9l\u00e9ments de menuiserie<\/p>\n<p>b) le remplacement de certains \u00e9l\u00e9ments de menuiserie en pvc et en aluminium.<\/p>\n<p>5. Le vendeur a le droit de choisir la m\u00e9thode d&rsquo;\u00e9limination d&rsquo;un d\u00e9faut de la menuiserie ou de son \u00e9l\u00e9ment (c&rsquo;est-\u00e0-dire la r\u00e9paration ou le remplacement).<\/p>\n<p>6. L&rsquo;acheteur est tenu de signaler imm\u00e9diatement tout d\u00e9faut des \u00e9l\u00e9ments de menuiserie (r\u00e9clamation), faute de quoi il risque de perdre ses droits \u00e0 la garantie. L&rsquo;acheteur est tenu de prendre toutes les mesures de protection, si les circonstances l&rsquo;exigent, pour pr\u00e9venir ou limiter le risque de perte li\u00e9 \u00e0 un d\u00e9faut de la menuiserie d&rsquo;ouverture, et, en m\u00eame temps, ces mesures de protection ne doivent pas violer les conditions et les r\u00e8gles stipul\u00e9es dans les conditions de garantie.<\/p>\n<p>7. Tous les produits disponibles dans la boutique en ligne\u00a0www.e-sapor.com\u00a0sont sous garantie si\u00a0:<\/p>\n<p>a) ils pr\u00e9sentent des d\u00e9fauts de fabrication.<\/p>\n<p>b) ils ont \u00e9t\u00e9 endommag\u00e9s m\u00e9caniquement lors du transport (\u00e0 l&rsquo;exclusion du transport organis\u00e9 par l&rsquo;Acheteur).<\/p>\n<p>c) le produit ne correspond pas aux sp\u00e9cifications de la commande.<\/p>\n<p>8. Le vendeur prendra position concernant la plainte de l\u2019acheteur dans un d\u00e9lai de 30 jours ouvrables et informera l\u2019acheteur de la mani\u00e8re de la traiter.<\/p>\n<p>9. Une condition n\u00e9cessaire pour que le Vendeur puisse enqu\u00eater sur la r\u00e9clamation est de soumettre au Service Client les documents relatifs au produit faisant l&rsquo;objet de la r\u00e9clamation (description, photos, vid\u00e9o, etc.) accompagn\u00e9s de la copie d&rsquo;une facture.<\/p>\n<p>10. Un rapport de r\u00e9paration\/remplacement sous garantie est \u00e9tabli apr\u00e8s l&rsquo;ach\u00e8vement d&rsquo;une r\u00e9paration ou d&rsquo;un remplacement sous garantie, qui comprend les informations suivantes\u00a0: le type de d\u00e9faut et la m\u00e9thode utilis\u00e9e pour l&rsquo;\u00e9liminer, la date de retrait, l&rsquo;entit\u00e9 qui a r\u00e9par\u00e9 ou supprim\u00e9 le d\u00e9faut. Le rapport mentionn\u00e9 dans la phrase ci-dessus est sign\u00e9 par l&rsquo;Acheteur et l&rsquo;entit\u00e9 qui a effectu\u00e9 la r\u00e9paration\/d\u00e9montage sous garantie.<\/p>\n<p>11. Il est inacceptable que des \u00e9l\u00e9ments d\u00e9fectueux des menuiseries ouvrantes soient retir\u00e9s, ou qu&rsquo;un \u00e9l\u00e9ment d\u00e9fectueux soit d\u00e9mont\u00e9 ou r\u00e9par\u00e9 par une entit\u00e9 autre que le Vendeur ou celle choisie par le Vendeur.<\/p>\n<p>12. Aucun produit disponible dans la boutique en ligne\u00a0www.e-sapor.com\u00a0n&rsquo;est sous garantie si\u00a0:<\/p>\n<p>a) il existe des diff\u00e9rences r\u00e9sultant de param\u00e8tres individuels de l\u2019ordinateur de l\u2019acheteur (couleur, proportions, etc.).<\/p>\n<p>b) ils ont \u00e9t\u00e9 m\u00e9caniquement endommag\u00e9s lors d&rsquo;une installation ou d&rsquo;une utilisation inappropri\u00e9e.<\/p>\n<p>c) ils ont \u00e9t\u00e9 endommag\u00e9s en raison d&rsquo;une exposition prolong\u00e9e \u00e0 des facteurs tels que l&rsquo;humidit\u00e9, l&rsquo;exposition au soleil, etc.<\/p>\n<p>d) ils n&rsquo;ont pas \u00e9t\u00e9 soumis \u00e0 un entretien p\u00e9riodique appropri\u00e9.<\/p>\n<p>13. Le Vendeur n&rsquo;est pas responsable des dommages aux produits survenus pendant le transport et qui n&rsquo;ont pas \u00e9t\u00e9 identifi\u00e9s par l&rsquo;Acheteur lors de leur r\u00e9ception. A la r\u00e9ception des produits, l&rsquo;Acheteur devra v\u00e9rifier l&rsquo;absence de dommages en pr\u00e9sence d&rsquo;un livreur.<\/p>\n<p>14. Les r\u00e9clamations li\u00e9es \u00e0 des dommages intervenus lors du transport sans le rapport \u00e9crit de dommage ou de non-conformit\u00e9 joint, \u00e9tabli lors de la r\u00e9ception du produit et en pr\u00e9sence du livreur, ne seront pas examin\u00e9es.<\/p>\n<p>15. L&rsquo;acheteur perd le droit \u00e0 la garantie si\u00a0:<\/p>\n<p>a) des changements ou modifications ont \u00e9t\u00e9 apport\u00e9s aux \u00e9l\u00e9ments de menuiserie pvc et aluminium sans le consentement du Vendeur ;<\/p>\n<p>b) les r\u00e9parations ont \u00e9t\u00e9 effectu\u00e9es par des entit\u00e9s autres que le Vendeur ou des entit\u00e9s pr\u00e9alablement s\u00e9lectionn\u00e9es et approuv\u00e9es par le Vendeur\u00a0;<\/p>\n<p>c) la menuiserie a \u00e9t\u00e9 install\u00e9e de mani\u00e8re incorrecte ou non conforme au savoir-faire technique\u00a0;<\/p>\n<p>d) les \u00e9l\u00e9ments de menuiserie n&rsquo;ont pas \u00e9t\u00e9 utilis\u00e9s conform\u00e9ment \u00e0 leur destination\u00a0;<\/p>\n<p>e) les menuiseries n&rsquo;ont pas \u00e9t\u00e9 utilis\u00e9es conform\u00e9ment \u00e0 la description technique\u00a0;<\/p>\n<p>f) La carte de garantie est illisible, a \u00e9t\u00e9 falsifi\u00e9e, modifi\u00e9e ou il existe des doutes justifi\u00e9s quant \u00e0 son authenticit\u00e9\u00a0;<\/p>\n<p>g) L&rsquo;Acheteur (ou un tiers) a d\u00e9mont\u00e9 la menuiserie ou son ou ses \u00e9l\u00e9ments.<\/p>\n<p>16. Le vendeur\u00a0:<\/p>\n<p>a) n&rsquo;est pas responsable des dommages aux menuiseries ou \u00e0 leurs \u00e9l\u00e9ments r\u00e9sultant d&rsquo;incidents fortuits ind\u00e9pendants de la volont\u00e9 du Vendeur (force majeure), par exemple : incendie, inondation, inondation des locaux, \u00e9clairs, activit\u00e9s militaires ;<\/p>\n<p>b) n&rsquo;est pas responsable des dommages m\u00e9caniques aux vitrages<\/p>\n<p>c) n&rsquo;est pas responsable des dommages r\u00e9sultant de produits de nettoyage grossiers, de rubans adh\u00e9sifs, de substances chimiques caustiques, d&rsquo;acides ou de solvants.<\/p>\n<p>17. La responsabilit\u00e9 du Vendeur est limit\u00e9e \u00e0 la faute intentionnelle. De plus, le Vendeur n\u2019est pas responsable des pertes de profits de l\u2019Acheteur ou autres co\u00fbts indirects li\u00e9s aux dommages caus\u00e9s aux menuiseries.<\/p>\n<p>18. Le droit de r\u00e9silier le contrat ne s&rsquo;applique pas conform\u00e9ment \u00e0 l&rsquo;art. 10, paragraphe 3, point 4, de la loi sur les services dont les propri\u00e9t\u00e9s sont pr\u00e9cis\u00e9es dans la commande pass\u00e9e par un consommateur. Ces services comprennent des produits fabriqu\u00e9s selon des commandes individuelles. Dans ce cas, il n&rsquo;est pas possible d&rsquo;apporter des modifications aux sp\u00e9cifications du produit ou d&rsquo;annuler la commande en cours d&rsquo;ex\u00e9cution.<\/p>\n<p>\u00a7 8. AUTRES INFORMATIONS<\/p>\n<p>1. Le Vendeur garantit \u00e0 l\u2019Acheteur que les informations personnelles de l\u2019Acheteur fournies lors de la passation d\u2019une commande seront enti\u00e8rement prot\u00e9g\u00e9es. Conform\u00e9ment \u00e0 la loi applicable, ces informations seront utilis\u00e9es uniquement \u00e0 des fins d&rsquo;information et de trading.<\/p>\n<p>2. L&rsquo;outil de configuration du produit permet de s\u00e9lectionner la configuration, mais pour des raisons techniques, toutes les configurations s\u00e9lectionn\u00e9es par l&rsquo;acheteur ne peuvent pas \u00eatre fournies \u2013 si tel est le cas, l&rsquo;acheteur en sera inform\u00e9 lors de la confirmation de la commande.<\/p>\n<p>3. Les diff\u00e9rences r\u00e9sultant des param\u00e8tres individuels de l&rsquo;ordinateur de l&rsquo;Acheteur (couleur, proportions, etc.) ne peuvent \u00eatre consid\u00e9r\u00e9es comme un motif de r\u00e9clamation et de retour du produit achet\u00e9 dans la boutique en ligne\u00a0www.e-sapor.com. Afin d&rsquo;\u00e9viter une telle situation, il est possible de recevoir des \u00e9chantillons de couleurs \u2013 veuillez contacter le Service Client \u00e0 ce sujet.<\/p>\n<p>4. Le taux d&rsquo;isolation thermique (Uw) calcul\u00e9 \u00e0 l&rsquo;aide de l&rsquo;outil de configuration n&rsquo;est qu&rsquo;une valeur compl\u00e9mentaire pour le fabricant lors de la d\u00e9claration de l&rsquo;isolation thermique des fen\u00eatres. La boutique en ligne\u00a0www.e-sapor.com\u00a0ne peut \u00eatre responsable du r\u00e9sultat calcul\u00e9 par l&rsquo;outil de configuration.<\/p>\n<p>5. Les prix indiqu\u00e9s dans la boutique en ligne\u00a0www.e-sapor.com\u00a0sont valables uniquement pour l&rsquo;offre en ligne.<\/p>\n<p>6. Les produits achet\u00e9s via la boutique en ligne\u00a0www.e-sapor.com\u00a0ne peuvent pas faire l&rsquo;objet d&rsquo;un retour. Ces produits sont fabriqu\u00e9s \u00e0 l&rsquo;unit\u00e9 et selon des accords individuels avec l&rsquo;Acheteur (production d\u00e9di\u00e9e au donneur d&rsquo;ordre). Il s&rsquo;ensuit que la r\u00e9glementation qui pr\u00e9voit que les articles command\u00e9s en ligne peuvent \u00eatre retourn\u00e9s dans un d\u00e9lai de 10 jours \u00e0 compter de la date d&rsquo;achat ne s&rsquo;applique pas \u00e0 ces produits.<\/p>\n<p>7. Toutes les questions non incluses dans le pr\u00e9sent r\u00e8glement seront trait\u00e9es sur la base des dispositions du Code civil.<\/p>\n<p>8. Tous les litiges qui pourraient survenir seront transf\u00e9r\u00e9s par les parties pour \u00eatre r\u00e9gl\u00e9s par un tribunal commun comp\u00e9tent.<\/p>\n","protected":false},"excerpt":{"rendered":"<p>R\u00c9GLEMENTATION DES VENTES \u00a7 1. DISPOSITIONS G\u00c9N\u00c9RALES 1. La boutique  [&#8230;]<\/p>\n","protected":false},"author":1,"featured_media":0,"parent":0,"menu_order":0,"comment_status":"closed","ping_status":"closed","template":"","meta":{"footnotes":""},"class_list":["post-7085","page","type-page","status-publish","hentry"],"yoast_head":"<!-- This site is optimized with the Yoast SEO plugin v26.5 - https:\/\/yoast.com\/wordpress\/plugins\/seo\/ -->\n<title>Rules - Sapor<\/title>\n<meta name=\"robots\" content=\"index, follow, max-snippet:-1, max-image-preview:large, max-video-preview:-1\" \/>\n<link rel=\"canonical\" href=\"https:\/\/sapor.pl\/regulamin\/\" \/>\n<meta property=\"og:locale\" content=\"fr_FR\" \/>\n<meta property=\"og:type\" content=\"article\" \/>\n<meta property=\"og:title\" content=\"Rules - Sapor\" \/>\n<meta property=\"og:description\" content=\"R\u00c9GLEMENTATION DES VENTES \u00a7 1. DISPOSITIONS G\u00c9N\u00c9RALES 1. La boutique [...]\" \/>\n<meta property=\"og:url\" content=\"https:\/\/sapor.pl\/regulamin\/\" \/>\n<meta property=\"og:site_name\" content=\"Sapor\" \/>\n<meta property=\"article:publisher\" content=\"https:\/\/www.facebook.com\/SAPOR.Fabryka.okien.i.drzwi\/\" \/>\n<meta name=\"twitter:card\" content=\"summary_large_image\" \/>\n<meta name=\"twitter:label1\" content=\"Dur\u00e9e de lecture estim\u00e9e\" \/>\n\t<meta name=\"twitter:data1\" content=\"12 minutes\" \/>\n<script type=\"application\/ld+json\" class=\"yoast-schema-graph\">{\"@context\":\"https:\/\/schema.org\",\"@graph\":[{\"@type\":\"WebPage\",\"@id\":\"https:\/\/sapor.pl\/regulamin\/\",\"url\":\"https:\/\/sapor.pl\/regulamin\/\",\"name\":\"Rules - Sapor\",\"isPartOf\":{\"@id\":\"https:\/\/sapor.pl\/en\/#website\"},\"datePublished\":\"2023-11-29T23:42:35+00:00\",\"breadcrumb\":{\"@id\":\"https:\/\/sapor.pl\/regulamin\/#breadcrumb\"},\"inLanguage\":\"fr-FR\",\"potentialAction\":[{\"@type\":\"ReadAction\",\"target\":[\"https:\/\/sapor.pl\/regulamin\/\"]}]},{\"@type\":\"BreadcrumbList\",\"@id\":\"https:\/\/sapor.pl\/regulamin\/#breadcrumb\",\"itemListElement\":[{\"@type\":\"ListItem\",\"position\":1,\"name\":\"Page d'accueil\",\"item\":\"https:\/\/sapor.pl\/fr\/\"},{\"@type\":\"ListItem\",\"position\":2,\"name\":\"Rules\"}]},{\"@type\":\"WebSite\",\"@id\":\"https:\/\/sapor.pl\/en\/#website\",\"url\":\"https:\/\/sapor.pl\/en\/\",\"name\":\"Sapor\",\"description\":\"\",\"publisher\":{\"@id\":\"https:\/\/sapor.pl\/en\/#organization\"},\"potentialAction\":[{\"@type\":\"SearchAction\",\"target\":{\"@type\":\"EntryPoint\",\"urlTemplate\":\"https:\/\/sapor.pl\/en\/?s={search_term_string}\"},\"query-input\":{\"@type\":\"PropertyValueSpecification\",\"valueRequired\":true,\"valueName\":\"search_term_string\"}}],\"inLanguage\":\"fr-FR\"},{\"@type\":\"Organization\",\"@id\":\"https:\/\/sapor.pl\/en\/#organization\",\"name\":\"Sapor Sp. z o. o.\",\"url\":\"https:\/\/sapor.pl\/en\/\",\"logo\":{\"@type\":\"ImageObject\",\"inLanguage\":\"fr-FR\",\"@id\":\"https:\/\/sapor.pl\/en\/#\/schema\/logo\/image\/\",\"url\":\"https:\/\/sapor.pl\/wp-content\/uploads\/2021\/04\/logo-sapor-e1618419520128.png\",\"contentUrl\":\"https:\/\/sapor.pl\/wp-content\/uploads\/2021\/04\/logo-sapor-e1618419520128.png\",\"width\":140,\"height\":67,\"caption\":\"Sapor Sp. z o. o.\"},\"image\":{\"@id\":\"https:\/\/sapor.pl\/en\/#\/schema\/logo\/image\/\"},\"sameAs\":[\"https:\/\/www.facebook.com\/SAPOR.Fabryka.okien.i.drzwi\/\"]}]}<\/script>\n<!-- \/ Yoast SEO plugin. -->","yoast_head_json":{"title":"Rules - Sapor","robots":{"index":"index","follow":"follow","max-snippet":"max-snippet:-1","max-image-preview":"max-image-preview:large","max-video-preview":"max-video-preview:-1"},"canonical":"https:\/\/sapor.pl\/regulamin\/","og_locale":"fr_FR","og_type":"article","og_title":"Rules - Sapor","og_description":"R\u00c9GLEMENTATION DES VENTES \u00a7 1. DISPOSITIONS G\u00c9N\u00c9RALES 1. La boutique [...]","og_url":"https:\/\/sapor.pl\/regulamin\/","og_site_name":"Sapor","article_publisher":"https:\/\/www.facebook.com\/SAPOR.Fabryka.okien.i.drzwi\/","twitter_card":"summary_large_image","twitter_misc":{"Dur\u00e9e de lecture estim\u00e9e":"12 minutes"},"schema":{"@context":"https:\/\/schema.org","@graph":[{"@type":"WebPage","@id":"https:\/\/sapor.pl\/regulamin\/","url":"https:\/\/sapor.pl\/regulamin\/","name":"Rules - Sapor","isPartOf":{"@id":"https:\/\/sapor.pl\/en\/#website"},"datePublished":"2023-11-29T23:42:35+00:00","breadcrumb":{"@id":"https:\/\/sapor.pl\/regulamin\/#breadcrumb"},"inLanguage":"fr-FR","potentialAction":[{"@type":"ReadAction","target":["https:\/\/sapor.pl\/regulamin\/"]}]},{"@type":"BreadcrumbList","@id":"https:\/\/sapor.pl\/regulamin\/#breadcrumb","itemListElement":[{"@type":"ListItem","position":1,"name":"Page d'accueil","item":"https:\/\/sapor.pl\/fr\/"},{"@type":"ListItem","position":2,"name":"Rules"}]},{"@type":"WebSite","@id":"https:\/\/sapor.pl\/en\/#website","url":"https:\/\/sapor.pl\/en\/","name":"Sapor","description":"","publisher":{"@id":"https:\/\/sapor.pl\/en\/#organization"},"potentialAction":[{"@type":"SearchAction","target":{"@type":"EntryPoint","urlTemplate":"https:\/\/sapor.pl\/en\/?s={search_term_string}"},"query-input":{"@type":"PropertyValueSpecification","valueRequired":true,"valueName":"search_term_string"}}],"inLanguage":"fr-FR"},{"@type":"Organization","@id":"https:\/\/sapor.pl\/en\/#organization","name":"Sapor Sp. z o. o.","url":"https:\/\/sapor.pl\/en\/","logo":{"@type":"ImageObject","inLanguage":"fr-FR","@id":"https:\/\/sapor.pl\/en\/#\/schema\/logo\/image\/","url":"https:\/\/sapor.pl\/wp-content\/uploads\/2021\/04\/logo-sapor-e1618419520128.png","contentUrl":"https:\/\/sapor.pl\/wp-content\/uploads\/2021\/04\/logo-sapor-e1618419520128.png","width":140,"height":67,"caption":"Sapor Sp. z o. o."},"image":{"@id":"https:\/\/sapor.pl\/en\/#\/schema\/logo\/image\/"},"sameAs":["https:\/\/www.facebook.com\/SAPOR.Fabryka.okien.i.drzwi\/"]}]}},"_links":{"self":[{"href":"https:\/\/sapor.pl\/fr\/wp-json\/wp\/v2\/pages\/7085","targetHints":{"allow":["GET"]}}],"collection":[{"href":"https:\/\/sapor.pl\/fr\/wp-json\/wp\/v2\/pages"}],"about":[{"href":"https:\/\/sapor.pl\/fr\/wp-json\/wp\/v2\/types\/page"}],"author":[{"embeddable":true,"href":"https:\/\/sapor.pl\/fr\/wp-json\/wp\/v2\/users\/1"}],"replies":[{"embeddable":true,"href":"https:\/\/sapor.pl\/fr\/wp-json\/wp\/v2\/comments?post=7085"}],"version-history":[{"count":1,"href":"https:\/\/sapor.pl\/fr\/wp-json\/wp\/v2\/pages\/7085\/revisions"}],"predecessor-version":[{"id":7086,"href":"https:\/\/sapor.pl\/fr\/wp-json\/wp\/v2\/pages\/7085\/revisions\/7086"}],"wp:attachment":[{"href":"https:\/\/sapor.pl\/fr\/wp-json\/wp\/v2\/media?parent=7085"}],"curies":[{"name":"wp","href":"https:\/\/api.w.org\/{rel}","templated":true}]}}