{"id":10916,"date":"2021-05-12T21:29:17","date_gmt":"2021-05-12T19:29:17","guid":{"rendered":"https:\/\/sapor.pl\/about-us\/implementing-innovative-solutions-in-the-company\/"},"modified":"2021-05-12T21:29:17","modified_gmt":"2021-05-12T19:29:17","slug":"implementing-innovative-solutions-in-the-company","status":"publish","type":"page","link":"https:\/\/sapor.pl\/gb\/about-us\/implementing-innovative-solutions-in-the-company\/","title":{"rendered":"Implementing innovative solutions in the company"},"content":{"rendered":"<div class=\"fusion-fullwidth fullwidth-box fusion-builder-row-1 fusion-flex-container nonhundred-percent-fullwidth non-hundred-percent-height-scrolling\" style=\"--awb-border-radius-top-left:0px;--awb-border-radius-top-right:0px;--awb-border-radius-bottom-right:0px;--awb-border-radius-bottom-left:0px;--awb-flex-wrap:wrap;\" ><div class=\"fusion-builder-row fusion-row fusion-flex-align-items-flex-start fusion-flex-content-wrap\" style=\"max-width:1528.8px;margin-left: calc(-4% \/ 2 );margin-right: calc(-4% \/ 2 );\"><div class=\"fusion-layout-column fusion_builder_column fusion-builder-column-0 fusion_builder_column_1_1 1_1 fusion-flex-column\" style=\"--awb-bg-size:cover;--awb-width-large:100%;--awb-margin-top-large:0px;--awb-spacing-right-large:1.92%;--awb-margin-bottom-large:20px;--awb-spacing-left-large:1.92%;--awb-width-medium:100%;--awb-order-medium:0;--awb-spacing-right-medium:1.92%;--awb-spacing-left-medium:1.92%;--awb-width-small:100%;--awb-order-small:0;--awb-spacing-right-small:1.92%;--awb-spacing-left-small:1.92%;\"><div class=\"fusion-column-wrapper fusion-column-has-shadow fusion-flex-justify-content-flex-start fusion-content-layout-column\"><div class=\"fusion-text fusion-text-1\"><p>The company SAPOR Sp. z o.o.&#8221; informs that it has implemented the Project entitled &#8220;Implementation of innovative solutions in the company&#8221; within the framework of action 1.5 Strengthening the competitiveness of enterprises, sub-measure 1.5.2 Strengthening the competitiveness of key areas of the region&#8217;s economy of the Wielkopolska Regional Operational Program 2014-2020 co-financed by the European Regional Development Fund.<\/p>\n<p><img decoding=\"async\" class=\"lazyload size-full wp-image-576 aligncenter\" src=\"https:\/\/sapor.pl\/wp-content\/uploads\/2021\/05\/dotacje.jpg\" data-orig-src=\"https:\/\/sapor.pl\/wp-content\/uploads\/2021\/05\/dotacje.jpg\" alt=\"\" width=\"640\" height=\"75\" srcset=\"data:image\/svg+xml,%3Csvg%20xmlns%3D%27http%3A%2F%2Fwww.w3.org%2F2000%2Fsvg%27%20width%3D%27640%27%20height%3D%2775%27%20viewBox%3D%270%200%20640%2075%27%3E%3Crect%20width%3D%27640%27%20height%3D%2775%27%20fill-opacity%3D%220%22%2F%3E%3C%2Fsvg%3E\" data-srcset=\"https:\/\/sapor.pl\/wp-content\/uploads\/2021\/05\/dotacje-200x23.jpg 200w, https:\/\/sapor.pl\/wp-content\/uploads\/2021\/05\/dotacje-300x35.jpg 300w, https:\/\/sapor.pl\/wp-content\/uploads\/2021\/05\/dotacje-400x47.jpg 400w, https:\/\/sapor.pl\/wp-content\/uploads\/2021\/05\/dotacje-600x70.jpg 600w, https:\/\/sapor.pl\/wp-content\/uploads\/2021\/05\/dotacje.jpg 640w\" data-sizes=\"auto\" data-orig-sizes=\"(max-width: 640px) 100vw, 640px\" \/><\/p>\n<p><strong>Project Objective:<\/strong>\u00a0To increase the competitiveness of SAPOR through the purchase of technologically advanced machinery, computer sets and software to support overall business processes.<\/p>\n<p><strong>Project effects:<\/strong><br \/>\n&#8211; automation and optimization of production;<br \/>\n&#8211; Increasing labor productivity;<br \/>\n&#8211; reduction of waste generation;<br \/>\n&#8211; introduction of a new product to the offer;<br \/>\n&#8211; improvement of the quality of the final product.<\/p>\n<p><strong>Project value:<\/strong>\u00a01.558.902,00 PLN<br \/>\n<strong>European Funds contribution:<\/strong>\u00a0570.330,00 PLN<br \/>\n<strong>Contract number:<\/strong>\u00a0RPWP.01.05.02-30-0246\/15-00<\/p>\n<p class=\"f\">EUROPEAN FUNDS &#8211; FOR THE DEVELOPMENT OF INNOVATIVE WIELKOPOLSKA<\/p>\n<\/div><div class=\"fusion-image-carousel fusion-image-carousel-auto fusion-image-carousel-1 lightbox-enabled fusion-carousel-border\"><div class=\"awb-carousel awb-swiper awb-swiper-carousel awb-carousel--carousel awb-swiper-dots-position-bottom\" data-layout=\"carousel\" data-autoplay=\"no\" data-autoplayspeed=\"2500\" data-autoplaypause=\"no\" data-columns=\"5\" data-columnsmedium=\"1\" data-columnssmall=\"1\" data-itemmargin=\"13\" data-itemwidth=\"180\" data-touchscroll=\"no\" data-freemode=\"no\" data-imagesize=\"auto\" data-scrollitems=\"0\" data-centeredslides=\"no\" data-rotationangle=\"50\" data-depth=\"100\" data-speed=\"500\" data-shadow=\"no\" data-pagination=\"bullets\" style=\"--awb-border-width:1px;--awb-border-color:#e9eaee;\"><div class=\"swiper-wrapper awb-image-carousel-wrapper fusion-flex-align-items-center\"><div class=\"swiper-slide\"><div class=\"fusion-carousel-item-wrapper\"><div class=\"fusion-image-wrapper hover-type-none\"><a data-rel=\"iLightbox[image_carousel_1]\" data-title=\"oprogramowanie\" aria-label=\"oprogramowanie\" href=\"https:\/\/sapor.pl\/wp-content\/uploads\/2021\/05\/oprogramowanie.jpg\" target=\"_self\"><img decoding=\"async\" width=\"760\" height=\"717\" src=\"https:\/\/sapor.pl\/wp-content\/uploads\/2021\/05\/oprogramowanie.jpg\" class=\"attachment-full size-full lazyload\" alt=\"\" srcset=\"data:image\/svg+xml,%3Csvg%20xmlns%3D%27http%3A%2F%2Fwww.w3.org%2F2000%2Fsvg%27%20width%3D%27760%27%20height%3D%27717%27%20viewBox%3D%270%200%20760%20717%27%3E%3Crect%20width%3D%27760%27%20height%3D%27717%27%20fill-opacity%3D%220%22%2F%3E%3C%2Fsvg%3E\" data-orig-src=\"https:\/\/sapor.pl\/wp-content\/uploads\/2021\/05\/oprogramowanie.jpg\" data-srcset=\"https:\/\/sapor.pl\/wp-content\/uploads\/2021\/05\/oprogramowanie-200x189.jpg 200w, https:\/\/sapor.pl\/wp-content\/uploads\/2021\/05\/oprogramowanie-400x377.jpg 400w, https:\/\/sapor.pl\/wp-content\/uploads\/2021\/05\/oprogramowanie-600x566.jpg 600w, https:\/\/sapor.pl\/wp-content\/uploads\/2021\/05\/oprogramowanie.jpg 760w\" data-sizes=\"auto\" \/><\/a><\/div><\/div><\/div><div class=\"swiper-slide\"><div class=\"fusion-carousel-item-wrapper\"><div class=\"fusion-image-wrapper hover-type-none\"><a data-rel=\"iLightbox[image_carousel_1]\" data-title=\"zapytanie-ofertowe-3.1-2016\" aria-label=\"zapytanie-ofertowe-3.1-2016\" href=\"https:\/\/sapor.pl\/wp-content\/uploads\/2021\/05\/zapytanie-ofertowe-3.1-2016.jpg\" target=\"_self\"><img decoding=\"async\" width=\"760\" height=\"722\" src=\"https:\/\/sapor.pl\/wp-content\/uploads\/2021\/05\/zapytanie-ofertowe-3.1-2016.jpg\" class=\"attachment-full size-full lazyload\" alt=\"\" srcset=\"data:image\/svg+xml,%3Csvg%20xmlns%3D%27http%3A%2F%2Fwww.w3.org%2F2000%2Fsvg%27%20width%3D%27760%27%20height%3D%27722%27%20viewBox%3D%270%200%20760%20722%27%3E%3Crect%20width%3D%27760%27%20height%3D%27722%27%20fill-opacity%3D%220%22%2F%3E%3C%2Fsvg%3E\" data-orig-src=\"https:\/\/sapor.pl\/wp-content\/uploads\/2021\/05\/zapytanie-ofertowe-3.1-2016.jpg\" data-srcset=\"https:\/\/sapor.pl\/wp-content\/uploads\/2021\/05\/zapytanie-ofertowe-3.1-2016-200x190.jpg 200w, https:\/\/sapor.pl\/wp-content\/uploads\/2021\/05\/zapytanie-ofertowe-3.1-2016-400x380.jpg 400w, https:\/\/sapor.pl\/wp-content\/uploads\/2021\/05\/zapytanie-ofertowe-3.1-2016-600x570.jpg 600w, https:\/\/sapor.pl\/wp-content\/uploads\/2021\/05\/zapytanie-ofertowe-3.1-2016.jpg 760w\" data-sizes=\"auto\" \/><\/a><\/div><\/div><\/div><div class=\"swiper-slide\"><div class=\"fusion-carousel-item-wrapper\"><div class=\"fusion-image-wrapper hover-type-none\"><a data-rel=\"iLightbox[image_carousel_1]\" data-title=\"wynik-postepowanie\" aria-label=\"wynik-postepowanie\" href=\"https:\/\/sapor.pl\/wp-content\/uploads\/2021\/05\/wynik-postepowanie.jpg\" target=\"_self\"><img decoding=\"async\" width=\"1491\" height=\"2148\" src=\"https:\/\/sapor.pl\/wp-content\/uploads\/2021\/05\/wynik-postepowanie.jpg\" class=\"attachment-full size-full lazyload\" alt=\"\" srcset=\"data:image\/svg+xml,%3Csvg%20xmlns%3D%27http%3A%2F%2Fwww.w3.org%2F2000%2Fsvg%27%20width%3D%271491%27%20height%3D%272148%27%20viewBox%3D%270%200%201491%202148%27%3E%3Crect%20width%3D%271491%27%20height%3D%272148%27%20fill-opacity%3D%220%22%2F%3E%3C%2Fsvg%3E\" data-orig-src=\"https:\/\/sapor.pl\/wp-content\/uploads\/2021\/05\/wynik-postepowanie.jpg\" data-srcset=\"https:\/\/sapor.pl\/wp-content\/uploads\/2021\/05\/wynik-postepowanie-200x288.jpg 200w, https:\/\/sapor.pl\/wp-content\/uploads\/2021\/05\/wynik-postepowanie-400x576.jpg 400w, https:\/\/sapor.pl\/wp-content\/uploads\/2021\/05\/wynik-postepowanie-600x864.jpg 600w, https:\/\/sapor.pl\/wp-content\/uploads\/2021\/05\/wynik-postepowanie-800x1153.jpg 800w, https:\/\/sapor.pl\/wp-content\/uploads\/2021\/05\/wynik-postepowanie-1200x1729.jpg 1200w, https:\/\/sapor.pl\/wp-content\/uploads\/2021\/05\/wynik-postepowanie.jpg 1491w\" data-sizes=\"auto\" \/><\/a><\/div><\/div><\/div><div class=\"swiper-slide\"><div class=\"fusion-carousel-item-wrapper\"><div class=\"fusion-image-wrapper hover-type-none\"><a data-rel=\"iLightbox[image_carousel_1]\" data-title=\"uniewaznienie-postepowania\" aria-label=\"uniewaznienie-postepowania\" href=\"https:\/\/sapor.pl\/wp-content\/uploads\/2021\/05\/uniewaznienie-postepowania.jpg\" target=\"_self\"><img decoding=\"async\" width=\"1438\" height=\"1791\" src=\"https:\/\/sapor.pl\/wp-content\/uploads\/2021\/05\/uniewaznienie-postepowania.jpg\" class=\"attachment-full size-full lazyload\" alt=\"\" srcset=\"data:image\/svg+xml,%3Csvg%20xmlns%3D%27http%3A%2F%2Fwww.w3.org%2F2000%2Fsvg%27%20width%3D%271438%27%20height%3D%271791%27%20viewBox%3D%270%200%201438%201791%27%3E%3Crect%20width%3D%271438%27%20height%3D%271791%27%20fill-opacity%3D%220%22%2F%3E%3C%2Fsvg%3E\" data-orig-src=\"https:\/\/sapor.pl\/wp-content\/uploads\/2021\/05\/uniewaznienie-postepowania.jpg\" data-srcset=\"https:\/\/sapor.pl\/wp-content\/uploads\/2021\/05\/uniewaznienie-postepowania-200x249.jpg 200w, https:\/\/sapor.pl\/wp-content\/uploads\/2021\/05\/uniewaznienie-postepowania-400x498.jpg 400w, https:\/\/sapor.pl\/wp-content\/uploads\/2021\/05\/uniewaznienie-postepowania-600x747.jpg 600w, https:\/\/sapor.pl\/wp-content\/uploads\/2021\/05\/uniewaznienie-postepowania-800x996.jpg 800w, https:\/\/sapor.pl\/wp-content\/uploads\/2021\/05\/uniewaznienie-postepowania-1200x1495.jpg 1200w, https:\/\/sapor.pl\/wp-content\/uploads\/2021\/05\/uniewaznienie-postepowania.jpg 1438w\" data-sizes=\"auto\" \/><\/a><\/div><\/div><\/div><div class=\"swiper-slide\"><div class=\"fusion-carousel-item-wrapper\"><div class=\"fusion-image-wrapper hover-type-none\"><a data-rel=\"iLightbox[image_carousel_1]\" data-title=\"zapytanie-ofertowe-1-2016\" aria-label=\"zapytanie-ofertowe-1-2016\" href=\"https:\/\/sapor.pl\/wp-content\/uploads\/2021\/05\/zapytanie-ofertowe-1-2016.jpg\" target=\"_self\"><img decoding=\"async\" width=\"760\" height=\"744\" src=\"https:\/\/sapor.pl\/wp-content\/uploads\/2021\/05\/zapytanie-ofertowe-1-2016.jpg\" class=\"attachment-full size-full lazyload\" alt=\"\" srcset=\"data:image\/svg+xml,%3Csvg%20xmlns%3D%27http%3A%2F%2Fwww.w3.org%2F2000%2Fsvg%27%20width%3D%27760%27%20height%3D%27744%27%20viewBox%3D%270%200%20760%20744%27%3E%3Crect%20width%3D%27760%27%20height%3D%27744%27%20fill-opacity%3D%220%22%2F%3E%3C%2Fsvg%3E\" data-orig-src=\"https:\/\/sapor.pl\/wp-content\/uploads\/2021\/05\/zapytanie-ofertowe-1-2016.jpg\" data-srcset=\"https:\/\/sapor.pl\/wp-content\/uploads\/2021\/05\/zapytanie-ofertowe-1-2016-200x196.jpg 200w, https:\/\/sapor.pl\/wp-content\/uploads\/2021\/05\/zapytanie-ofertowe-1-2016-400x392.jpg 400w, https:\/\/sapor.pl\/wp-content\/uploads\/2021\/05\/zapytanie-ofertowe-1-2016-600x587.jpg 600w, https:\/\/sapor.pl\/wp-content\/uploads\/2021\/05\/zapytanie-ofertowe-1-2016.jpg 760w\" data-sizes=\"auto\" \/><\/a><\/div><\/div><\/div><div class=\"swiper-slide\"><div class=\"fusion-carousel-item-wrapper\"><div class=\"fusion-image-wrapper hover-type-none\"><a data-rel=\"iLightbox[image_carousel_1]\" data-title=\"zapytanie-ofertowe-2-2016\" aria-label=\"zapytanie-ofertowe-2-2016\" href=\"https:\/\/sapor.pl\/wp-content\/uploads\/2021\/05\/zapytanie-ofertowe-2-2016.jpg\" target=\"_self\"><img decoding=\"async\" width=\"760\" height=\"744\" src=\"https:\/\/sapor.pl\/wp-content\/uploads\/2021\/05\/zapytanie-ofertowe-2-2016.jpg\" class=\"attachment-full size-full lazyload\" alt=\"\" srcset=\"data:image\/svg+xml,%3Csvg%20xmlns%3D%27http%3A%2F%2Fwww.w3.org%2F2000%2Fsvg%27%20width%3D%27760%27%20height%3D%27744%27%20viewBox%3D%270%200%20760%20744%27%3E%3Crect%20width%3D%27760%27%20height%3D%27744%27%20fill-opacity%3D%220%22%2F%3E%3C%2Fsvg%3E\" data-orig-src=\"https:\/\/sapor.pl\/wp-content\/uploads\/2021\/05\/zapytanie-ofertowe-2-2016.jpg\" data-srcset=\"https:\/\/sapor.pl\/wp-content\/uploads\/2021\/05\/zapytanie-ofertowe-2-2016-200x196.jpg 200w, https:\/\/sapor.pl\/wp-content\/uploads\/2021\/05\/zapytanie-ofertowe-2-2016-400x392.jpg 400w, https:\/\/sapor.pl\/wp-content\/uploads\/2021\/05\/zapytanie-ofertowe-2-2016-600x587.jpg 600w, https:\/\/sapor.pl\/wp-content\/uploads\/2021\/05\/zapytanie-ofertowe-2-2016.jpg 760w\" data-sizes=\"auto\" \/><\/a><\/div><\/div><\/div><\/div><div class=\"awb-swiper-button awb-swiper-button-prev\"><i class=\"awb-icon-angle-left\" aria-hidden=\"true\"><\/i><\/div><div class=\"awb-swiper-button awb-swiper-button-next\"><i class=\"awb-icon-angle-right\" aria-hidden=\"true\"><\/i><\/div><\/div><\/div><div class=\"fusion-text fusion-text-2\" style=\"--awb-margin-top:30px;\"><p><strong>W nawi\u0105zaniu do przeprowadzonego post\u0119powania dla zam\u00f3wienia publicznego o szacowanej warto\u015bci powy\u017cej 207 000,00 EUR na zakup:<\/strong><\/p>\n<p>linii technologicznej do produkcji liniowej okien i drzwi z PVC obejmuj\u0105cej urz\u0105dzenia:<\/p>\n<p>linia zgrzewaj\u0105co-czyszcz\u0105ca (1 kpl.), w tym:<br \/>\nzgrzewarka automatyczna (1 szt.),<br \/>\nstacja buforowa (1 szt.),<br \/>\nczyszczarka (1 szt.),<br \/>\nstacja obrotowa (1 szt.);<br \/>\npoziomy st\u00f3\u0142 monta\u017cowy (4 szt.);<br \/>\npoziomy st\u00f3\u0142 monta\u017cowy (6 szt.);<br \/>\npoziomy st\u00f3\u0142 monta\u017cowy (1 szt.);<br \/>\nk\u0105towy poziomy st\u00f3\u0142 monta\u017cowy (1 szt.);<br \/>\nst\u00f3\u0142 pochylany z regulacj\u0105 wysoko\u015bci (1 szt.);<br \/>\npionowy transporter rolkowy (3 szt.);<br \/>\nst\u00f3\u0142 do podci\u0119\u0107 (1 szt.);<br \/>\nfrezarka do s\u0142upk\u00f3w (1 szt.).<\/p>\n<p>zgodnie z zapytaniem ofertowym nr 1\/2016 z dnia 16.02.2016 r. w zwi\u0105zku z planowan\u0105 realizacj\u0105 projektu pn. \u201eWdro\u017cenie innowacyjnych rozwi\u0105za\u0144 w firmie SAPOR Sp. z o.o.\u201d w ramach Wielkopolskiego Regionalnego Programu Operacyjnego na lata 2014-2020, Dzia\u0142anie 1.5 \u201eWzmocnienie konkurencyjno\u015bci przedsi\u0119biorstw\u201d, Poddzia\u0142anie 1.5.2 \u201eWzmocnienie konkurencyjno\u015bci kluczowych obszar\u00f3w gospodarki regionu\u201d, informujemy, i\u017c Fabryka Okien i Drzwi SAPOR Sp. z o.o. dokona\u0142a wyboru dostawcy:<\/p>\n<p><strong>elumatec Polska Sp. z o.o.<\/strong><br \/>\n<strong>ul. Przemys\u0142owa 10<\/strong><br \/>\n<strong>62-300 Wrze\u015bnia<\/strong><br \/>\n<strong>POLSKA<\/strong><\/p>\n<\/div><\/div><\/div><\/div><\/div>\n","protected":false},"excerpt":{"rendered":"","protected":false},"author":1,"featured_media":0,"parent":10818,"menu_order":0,"comment_status":"closed","ping_status":"closed","template":"","meta":{"footnotes":""},"class_list":["post-10916","page","type-page","status-publish","hentry"],"yoast_head":"<!-- This site is optimized with the Yoast SEO plugin v26.5 - https:\/\/yoast.com\/wordpress\/plugins\/seo\/ -->\n<title>Implementing innovative solutions in the company - Sapor<\/title>\n<meta name=\"robots\" content=\"index, follow, max-snippet:-1, max-image-preview:large, max-video-preview:-1\" \/>\n<link rel=\"canonical\" href=\"https:\/\/sapor.pl\/gb\/about-us\/implementing-innovative-solutions-in-the-company\/\" \/>\n<meta property=\"og:locale\" content=\"en_US\" \/>\n<meta property=\"og:type\" content=\"article\" \/>\n<meta property=\"og:title\" content=\"Implementing innovative solutions in the company - Sapor\" \/>\n<meta property=\"og:url\" content=\"https:\/\/sapor.pl\/gb\/about-us\/implementing-innovative-solutions-in-the-company\/\" \/>\n<meta property=\"og:site_name\" content=\"Sapor\" \/>\n<meta property=\"article:publisher\" content=\"https:\/\/www.facebook.com\/SAPOR.Fabryka.okien.i.drzwi\/\" \/>\n<meta property=\"og:image\" content=\"https:\/\/sapor.pl\/wp-content\/uploads\/2021\/05\/dotacje.jpg\" \/>\n\t<meta property=\"og:image:width\" content=\"640\" \/>\n\t<meta property=\"og:image:height\" content=\"75\" \/>\n\t<meta property=\"og:image:type\" content=\"image\/jpeg\" \/>\n<meta name=\"twitter:card\" content=\"summary_large_image\" \/>\n<meta name=\"twitter:label1\" content=\"Est. reading time\" \/>\n\t<meta name=\"twitter:data1\" content=\"6 minutes\" \/>\n<script type=\"application\/ld+json\" class=\"yoast-schema-graph\">{\"@context\":\"https:\/\/schema.org\",\"@graph\":[{\"@type\":\"WebPage\",\"@id\":\"https:\/\/sapor.pl\/gb\/about-us\/implementing-innovative-solutions-in-the-company\/\",\"url\":\"https:\/\/sapor.pl\/gb\/about-us\/implementing-innovative-solutions-in-the-company\/\",\"name\":\"Implementing innovative solutions in the company - Sapor\",\"isPartOf\":{\"@id\":\"https:\/\/sapor.pl\/en\/#website\"},\"primaryImageOfPage\":{\"@id\":\"https:\/\/sapor.pl\/gb\/about-us\/implementing-innovative-solutions-in-the-company\/#primaryimage\"},\"image\":{\"@id\":\"https:\/\/sapor.pl\/gb\/about-us\/implementing-innovative-solutions-in-the-company\/#primaryimage\"},\"thumbnailUrl\":\"https:\/\/sapor.pl\/wp-content\/uploads\/2021\/05\/dotacje.jpg\",\"datePublished\":\"2021-05-12T19:29:17+00:00\",\"breadcrumb\":{\"@id\":\"https:\/\/sapor.pl\/gb\/about-us\/implementing-innovative-solutions-in-the-company\/#breadcrumb\"},\"inLanguage\":\"en-GB\",\"potentialAction\":[{\"@type\":\"ReadAction\",\"target\":[\"https:\/\/sapor.pl\/gb\/about-us\/implementing-innovative-solutions-in-the-company\/\"]}]},{\"@type\":\"ImageObject\",\"inLanguage\":\"en-GB\",\"@id\":\"https:\/\/sapor.pl\/gb\/about-us\/implementing-innovative-solutions-in-the-company\/#primaryimage\",\"url\":\"https:\/\/sapor.pl\/wp-content\/uploads\/2021\/05\/dotacje.jpg\",\"contentUrl\":\"https:\/\/sapor.pl\/wp-content\/uploads\/2021\/05\/dotacje.jpg\"},{\"@type\":\"BreadcrumbList\",\"@id\":\"https:\/\/sapor.pl\/gb\/about-us\/implementing-innovative-solutions-in-the-company\/#breadcrumb\",\"itemListElement\":[{\"@type\":\"ListItem\",\"position\":1,\"name\":\"Startseite\",\"item\":\"https:\/\/sapor.pl\/gb\/\"},{\"@type\":\"ListItem\",\"position\":2,\"name\":\"About Us\",\"item\":\"https:\/\/sapor.pl\/gb\/about-us\/\"},{\"@type\":\"ListItem\",\"position\":3,\"name\":\"Implementing innovative solutions in the company\"}]},{\"@type\":\"WebSite\",\"@id\":\"https:\/\/sapor.pl\/en\/#website\",\"url\":\"https:\/\/sapor.pl\/en\/\",\"name\":\"Sapor\",\"description\":\"\",\"publisher\":{\"@id\":\"https:\/\/sapor.pl\/en\/#organization\"},\"potentialAction\":[{\"@type\":\"SearchAction\",\"target\":{\"@type\":\"EntryPoint\",\"urlTemplate\":\"https:\/\/sapor.pl\/en\/?s={search_term_string}\"},\"query-input\":{\"@type\":\"PropertyValueSpecification\",\"valueRequired\":true,\"valueName\":\"search_term_string\"}}],\"inLanguage\":\"en-GB\"},{\"@type\":\"Organization\",\"@id\":\"https:\/\/sapor.pl\/en\/#organization\",\"name\":\"Sapor Sp. z o. o.\",\"url\":\"https:\/\/sapor.pl\/en\/\",\"logo\":{\"@type\":\"ImageObject\",\"inLanguage\":\"en-GB\",\"@id\":\"https:\/\/sapor.pl\/en\/#\/schema\/logo\/image\/\",\"url\":\"https:\/\/sapor.pl\/wp-content\/uploads\/2021\/04\/logo-sapor-e1618419520128.png\",\"contentUrl\":\"https:\/\/sapor.pl\/wp-content\/uploads\/2021\/04\/logo-sapor-e1618419520128.png\",\"width\":140,\"height\":67,\"caption\":\"Sapor Sp. z o. o.\"},\"image\":{\"@id\":\"https:\/\/sapor.pl\/en\/#\/schema\/logo\/image\/\"},\"sameAs\":[\"https:\/\/www.facebook.com\/SAPOR.Fabryka.okien.i.drzwi\/\"]}]}<\/script>\n<!-- \/ Yoast SEO plugin. -->","yoast_head_json":{"title":"Implementing innovative solutions in the company - Sapor","robots":{"index":"index","follow":"follow","max-snippet":"max-snippet:-1","max-image-preview":"max-image-preview:large","max-video-preview":"max-video-preview:-1"},"canonical":"https:\/\/sapor.pl\/gb\/about-us\/implementing-innovative-solutions-in-the-company\/","og_locale":"en_US","og_type":"article","og_title":"Implementing innovative solutions in the company - Sapor","og_url":"https:\/\/sapor.pl\/gb\/about-us\/implementing-innovative-solutions-in-the-company\/","og_site_name":"Sapor","article_publisher":"https:\/\/www.facebook.com\/SAPOR.Fabryka.okien.i.drzwi\/","og_image":[{"width":640,"height":75,"url":"https:\/\/sapor.pl\/wp-content\/uploads\/2021\/05\/dotacje.jpg","type":"image\/jpeg"}],"twitter_card":"summary_large_image","twitter_misc":{"Est. reading time":"6 minutes"},"schema":{"@context":"https:\/\/schema.org","@graph":[{"@type":"WebPage","@id":"https:\/\/sapor.pl\/gb\/about-us\/implementing-innovative-solutions-in-the-company\/","url":"https:\/\/sapor.pl\/gb\/about-us\/implementing-innovative-solutions-in-the-company\/","name":"Implementing innovative solutions in the company - Sapor","isPartOf":{"@id":"https:\/\/sapor.pl\/en\/#website"},"primaryImageOfPage":{"@id":"https:\/\/sapor.pl\/gb\/about-us\/implementing-innovative-solutions-in-the-company\/#primaryimage"},"image":{"@id":"https:\/\/sapor.pl\/gb\/about-us\/implementing-innovative-solutions-in-the-company\/#primaryimage"},"thumbnailUrl":"https:\/\/sapor.pl\/wp-content\/uploads\/2021\/05\/dotacje.jpg","datePublished":"2021-05-12T19:29:17+00:00","breadcrumb":{"@id":"https:\/\/sapor.pl\/gb\/about-us\/implementing-innovative-solutions-in-the-company\/#breadcrumb"},"inLanguage":"en-GB","potentialAction":[{"@type":"ReadAction","target":["https:\/\/sapor.pl\/gb\/about-us\/implementing-innovative-solutions-in-the-company\/"]}]},{"@type":"ImageObject","inLanguage":"en-GB","@id":"https:\/\/sapor.pl\/gb\/about-us\/implementing-innovative-solutions-in-the-company\/#primaryimage","url":"https:\/\/sapor.pl\/wp-content\/uploads\/2021\/05\/dotacje.jpg","contentUrl":"https:\/\/sapor.pl\/wp-content\/uploads\/2021\/05\/dotacje.jpg"},{"@type":"BreadcrumbList","@id":"https:\/\/sapor.pl\/gb\/about-us\/implementing-innovative-solutions-in-the-company\/#breadcrumb","itemListElement":[{"@type":"ListItem","position":1,"name":"Startseite","item":"https:\/\/sapor.pl\/gb\/"},{"@type":"ListItem","position":2,"name":"About Us","item":"https:\/\/sapor.pl\/gb\/about-us\/"},{"@type":"ListItem","position":3,"name":"Implementing innovative solutions in the company"}]},{"@type":"WebSite","@id":"https:\/\/sapor.pl\/en\/#website","url":"https:\/\/sapor.pl\/en\/","name":"Sapor","description":"","publisher":{"@id":"https:\/\/sapor.pl\/en\/#organization"},"potentialAction":[{"@type":"SearchAction","target":{"@type":"EntryPoint","urlTemplate":"https:\/\/sapor.pl\/en\/?s={search_term_string}"},"query-input":{"@type":"PropertyValueSpecification","valueRequired":true,"valueName":"search_term_string"}}],"inLanguage":"en-GB"},{"@type":"Organization","@id":"https:\/\/sapor.pl\/en\/#organization","name":"Sapor Sp. z o. o.","url":"https:\/\/sapor.pl\/en\/","logo":{"@type":"ImageObject","inLanguage":"en-GB","@id":"https:\/\/sapor.pl\/en\/#\/schema\/logo\/image\/","url":"https:\/\/sapor.pl\/wp-content\/uploads\/2021\/04\/logo-sapor-e1618419520128.png","contentUrl":"https:\/\/sapor.pl\/wp-content\/uploads\/2021\/04\/logo-sapor-e1618419520128.png","width":140,"height":67,"caption":"Sapor Sp. z o. o."},"image":{"@id":"https:\/\/sapor.pl\/en\/#\/schema\/logo\/image\/"},"sameAs":["https:\/\/www.facebook.com\/SAPOR.Fabryka.okien.i.drzwi\/"]}]}},"_links":{"self":[{"href":"https:\/\/sapor.pl\/gb\/wp-json\/wp\/v2\/pages\/10916","targetHints":{"allow":["GET"]}}],"collection":[{"href":"https:\/\/sapor.pl\/gb\/wp-json\/wp\/v2\/pages"}],"about":[{"href":"https:\/\/sapor.pl\/gb\/wp-json\/wp\/v2\/types\/page"}],"author":[{"embeddable":true,"href":"https:\/\/sapor.pl\/gb\/wp-json\/wp\/v2\/users\/1"}],"replies":[{"embeddable":true,"href":"https:\/\/sapor.pl\/gb\/wp-json\/wp\/v2\/comments?post=10916"}],"version-history":[{"count":0,"href":"https:\/\/sapor.pl\/gb\/wp-json\/wp\/v2\/pages\/10916\/revisions"}],"up":[{"embeddable":true,"href":"https:\/\/sapor.pl\/gb\/wp-json\/wp\/v2\/pages\/10818"}],"wp:attachment":[{"href":"https:\/\/sapor.pl\/gb\/wp-json\/wp\/v2\/media?parent=10916"}],"curies":[{"name":"wp","href":"https:\/\/api.w.org\/{rel}","templated":true}]}}