{"id":3942,"date":"2021-05-25T19:39:06","date_gmt":"2021-05-25T17:39:06","guid":{"rendered":"https:\/\/sapor.pl\/5502-2\/"},"modified":"2023-09-09T12:52:42","modified_gmt":"2023-09-09T10:52:42","slug":"5502-2","status":"publish","type":"page","link":"https:\/\/sapor.pl\/it\/5502-2\/","title":{"rendered":"5502"},"content":{"rendered":"<div class=\"fusion-fullwidth fullwidth-box fusion-builder-row-1 fusion-flex-container nonhundred-percent-fullwidth non-hundred-percent-height-scrolling\" style=\"--awb-border-radius-top-left:0px;--awb-border-radius-top-right:0px;--awb-border-radius-bottom-right:0px;--awb-border-radius-bottom-left:0px;--awb-flex-wrap:wrap;\" ><div class=\"fusion-builder-row fusion-row fusion-flex-align-items-flex-start fusion-flex-content-wrap\" style=\"max-width:1528.8px;margin-left: calc(-4% \/ 2 );margin-right: calc(-4% \/ 2 );\"><div class=\"fusion-layout-column fusion_builder_column fusion-builder-column-0 fusion_builder_column_1_1 1_1 fusion-flex-column\" style=\"--awb-bg-size:cover;--awb-width-large:100%;--awb-margin-top-large:0px;--awb-spacing-right-large:1.92%;--awb-margin-bottom-large:20px;--awb-spacing-left-large:1.92%;--awb-width-medium:100%;--awb-order-medium:0;--awb-spacing-right-medium:1.92%;--awb-spacing-left-medium:1.92%;--awb-width-small:100%;--awb-order-small:0;--awb-spacing-right-small:1.92%;--awb-spacing-left-small:1.92%;\"><div class=\"fusion-column-wrapper fusion-column-has-shadow fusion-flex-justify-content-flex-start fusion-content-layout-column\"><div class=\"fusion-text fusion-text-1\"><h2><span style=\"font-weight: 400;\">Finestra in PVC Gealan 5502<br \/>\n<\/span><\/h2>\n<\/div><div class=\"fusion-text fusion-text-2\"><h4><span style=\"font-weight: 400;\">Risparmio energetico e design moderno | la finestra perfetta per i pi\u00f9 esigenti<\/span><\/h4>\n<\/div><\/div><\/div><div class=\"fusion-layout-column fusion_builder_column fusion-builder-column-1 fusion_builder_column_1_2 1_2 fusion-flex-column fusion-flex-align-self-center fusion-animated\" style=\"--awb-bg-size:cover;--awb-width-large:50%;--awb-margin-top-large:0px;--awb-spacing-right-large:3.84%;--awb-margin-bottom-large:20px;--awb-spacing-left-large:3.84%;--awb-width-medium:50%;--awb-order-medium:0;--awb-spacing-right-medium:3.84%;--awb-spacing-left-medium:3.84%;--awb-width-small:100%;--awb-order-small:0;--awb-spacing-right-small:1.92%;--awb-spacing-left-small:1.92%;\" data-animationType=\"slideInLeft\" data-animationDuration=\"0.3\" data-animationOffset=\"top-into-view\"><div class=\"fusion-column-wrapper fusion-column-has-shadow fusion-flex-justify-content-flex-start fusion-content-layout-column\"><div class=\"fusion-text fusion-text-3\"><p><span style=\"font-weight: 400;\">Presentiamo la finestra in PVC Gealan 5502, che soddisfa i pi\u00f9 elevati standard prestazionali ed estetici. \u00c8 la scelta perfetta per i clienti esigenti, che cercano finestre moderne, a risparmio energetico. Grazie al basso coefficiente di trasmittanza termica Uw=0,68, Gealan 5502 garantisce un ottimo isolamento termico e, nel contempo, risulta elegante e armoniosa in qualsiasi ambiente<\/span><\/p>\n<\/div><\/div><\/div><div class=\"fusion-layout-column fusion_builder_column fusion-builder-column-2 fusion_builder_column_1_2 1_2 fusion-flex-column fusion-animated\" style=\"--awb-bg-size:cover;--awb-width-large:50%;--awb-margin-top-large:0px;--awb-spacing-right-large:3.84%;--awb-margin-bottom-large:20px;--awb-spacing-left-large:3.84%;--awb-width-medium:50%;--awb-order-medium:0;--awb-spacing-right-medium:3.84%;--awb-spacing-left-medium:3.84%;--awb-width-small:100%;--awb-order-small:0;--awb-spacing-right-small:1.92%;--awb-spacing-left-small:1.92%;\" data-animationType=\"slideInRight\" data-animationDuration=\"0.3\" data-animationOffset=\"top-into-view\"><div class=\"fusion-column-wrapper fusion-column-has-shadow fusion-flex-justify-content-flex-start fusion-content-layout-column\"><div class=\"fusion-image-element \" style=\"text-align:center;--awb-max-width:400px;--awb-caption-title-font-family:var(--h2_typography-font-family);--awb-caption-title-font-weight:var(--h2_typography-font-weight);--awb-caption-title-font-style:var(--h2_typography-font-style);--awb-caption-title-size:var(--h2_typography-font-size);--awb-caption-title-transform:var(--h2_typography-text-transform);--awb-caption-title-line-height:var(--h2_typography-line-height);--awb-caption-title-letter-spacing:var(--h2_typography-letter-spacing);\"><span class=\" fusion-imageframe imageframe-none imageframe-1 hover-type-none\"><img decoding=\"async\" width=\"600\" height=\"600\" title=\"5502-1\" src=\"https:\/\/sapor.pl\/wp-content\/uploads\/2021\/05\/5502-1.jpg\" data-orig-src=\"https:\/\/sapor.pl\/wp-content\/uploads\/2021\/05\/5502-1.jpg\" alt class=\"lazyload img-responsive wp-image-1041\" srcset=\"data:image\/svg+xml,%3Csvg%20xmlns%3D%27http%3A%2F%2Fwww.w3.org%2F2000%2Fsvg%27%20width%3D%27600%27%20height%3D%27600%27%20viewBox%3D%270%200%20600%20600%27%3E%3Crect%20width%3D%27600%27%20height%3D%27600%27%20fill-opacity%3D%220%22%2F%3E%3C%2Fsvg%3E\" data-srcset=\"https:\/\/sapor.pl\/wp-content\/uploads\/2021\/05\/5502-1-200x200.jpg 200w, https:\/\/sapor.pl\/wp-content\/uploads\/2021\/05\/5502-1-400x400.jpg 400w, https:\/\/sapor.pl\/wp-content\/uploads\/2021\/05\/5502-1.jpg 600w\" data-sizes=\"auto\" data-orig-sizes=\"(max-width: 1024px) 100vw, 600px\" \/><\/span><\/div><\/div><\/div><div class=\"fusion-layout-column fusion_builder_column fusion-builder-column-3 fusion_builder_column_1_2 1_2 fusion-flex-column fusion-flex-align-self-center fusion-animated\" style=\"--awb-bg-size:cover;--awb-width-large:50%;--awb-margin-top-large:0px;--awb-spacing-right-large:3.84%;--awb-margin-bottom-large:20px;--awb-spacing-left-large:3.84%;--awb-width-medium:50%;--awb-order-medium:0;--awb-spacing-right-medium:3.84%;--awb-spacing-left-medium:3.84%;--awb-width-small:100%;--awb-order-small:0;--awb-spacing-right-small:1.92%;--awb-spacing-left-small:1.92%;\" data-animationType=\"slideInLeft\" data-animationDuration=\"0.9\" data-animationOffset=\"top-into-view\"><div class=\"fusion-column-wrapper fusion-column-has-shadow fusion-flex-justify-content-flex-start fusion-content-layout-column\"><div class=\"fusion-image-element \" style=\"text-align:center;--awb-max-width:400px;--awb-caption-title-font-family:var(--h2_typography-font-family);--awb-caption-title-font-weight:var(--h2_typography-font-weight);--awb-caption-title-font-style:var(--h2_typography-font-style);--awb-caption-title-size:var(--h2_typography-font-size);--awb-caption-title-transform:var(--h2_typography-text-transform);--awb-caption-title-line-height:var(--h2_typography-line-height);--awb-caption-title-letter-spacing:var(--h2_typography-letter-spacing);\"><span class=\" fusion-imageframe imageframe-none imageframe-2 hover-type-none\"><img decoding=\"async\" width=\"600\" height=\"600\" title=\"5502-2\" src=\"https:\/\/sapor.pl\/wp-content\/uploads\/2021\/05\/5502-2.jpg\" data-orig-src=\"https:\/\/sapor.pl\/wp-content\/uploads\/2021\/05\/5502-2.jpg\" alt class=\"lazyload img-responsive wp-image-1045\" srcset=\"data:image\/svg+xml,%3Csvg%20xmlns%3D%27http%3A%2F%2Fwww.w3.org%2F2000%2Fsvg%27%20width%3D%27600%27%20height%3D%27600%27%20viewBox%3D%270%200%20600%20600%27%3E%3Crect%20width%3D%27600%27%20height%3D%27600%27%20fill-opacity%3D%220%22%2F%3E%3C%2Fsvg%3E\" data-srcset=\"https:\/\/sapor.pl\/wp-content\/uploads\/2021\/05\/5502-2-200x200.jpg 200w, https:\/\/sapor.pl\/wp-content\/uploads\/2021\/05\/5502-2-400x400.jpg 400w, https:\/\/sapor.pl\/wp-content\/uploads\/2021\/05\/5502-2.jpg 600w\" data-sizes=\"auto\" data-orig-sizes=\"(max-width: 1024px) 100vw, 600px\" \/><\/span><\/div><\/div><\/div><div class=\"fusion-layout-column fusion_builder_column fusion-builder-column-4 fusion_builder_column_1_2 1_2 fusion-flex-column fusion-animated\" style=\"--awb-bg-size:cover;--awb-width-large:50%;--awb-margin-top-large:0px;--awb-spacing-right-large:3.84%;--awb-margin-bottom-large:20px;--awb-spacing-left-large:3.84%;--awb-width-medium:50%;--awb-order-medium:0;--awb-spacing-right-medium:3.84%;--awb-spacing-left-medium:3.84%;--awb-width-small:100%;--awb-order-small:0;--awb-spacing-right-small:1.92%;--awb-spacing-left-small:1.92%;\" data-animationType=\"slideInRight\" data-animationDuration=\"0.9\" data-animationOffset=\"top-into-view\"><div class=\"fusion-column-wrapper fusion-column-has-shadow fusion-flex-justify-content-flex-start fusion-content-layout-column\">\n<div class=\"table-2\">\n<div class=\"table-2\">\n<table style=\"height: 345px;\" width=\"900\">\n<thead>\n<tr>\n<th align=\"left\">Informazioni fondamentali<\/th>\n<th align=\"left\"><\/th>\n<\/tr>\n<\/thead>\n<tbody>\n<tr>\n<td align=\"left\"><strong>Numero di vetri<\/strong><\/td>\n<td align=\"left\">2<\/td>\n<\/tr>\n<tr>\n<td align=\"left\"><strong>Numero di guarnizioni<\/strong><\/td>\n<td align=\"left\">3<\/td>\n<\/tr>\n<tr>\n<td align=\"left\"><strong>Coefficiente Uw<\/strong><\/td>\n<td align=\"left\">0.68<\/td>\n<\/tr>\n<tr>\n<td align=\"left\"><strong>Profondit\u00e0 del profilo<\/strong><\/td>\n<td align=\"left\">70 mm<\/td>\n<\/tr>\n<tr>\n<td align=\"left\"><strong>Saldature<\/strong><\/td>\n<td align=\"left\">V-Perfect<\/td>\n<\/tr>\n<\/tbody>\n<\/table>\n<\/div>\n<\/div>\n<\/div><\/div><div class=\"fusion-layout-column fusion_builder_column fusion-builder-column-5 fusion_builder_column_1_1 1_1 fusion-flex-column\" style=\"--awb-bg-size:cover;--awb-width-large:100%;--awb-margin-top-large:0px;--awb-spacing-right-large:1.92%;--awb-margin-bottom-large:20px;--awb-spacing-left-large:1.92%;--awb-width-medium:100%;--awb-order-medium:0;--awb-spacing-right-medium:1.92%;--awb-spacing-left-medium:1.92%;--awb-width-small:100%;--awb-order-small:0;--awb-spacing-right-small:1.92%;--awb-spacing-left-small:1.92%;\"><div class=\"fusion-column-wrapper fusion-column-has-shadow fusion-flex-justify-content-flex-start fusion-content-layout-column\">\n<div class=\"table-2\">\n<div class=\"table-2\">\n<table style=\"height: 222px;\" width=\"1200\">\n<thead>\n<tr>\n<th align=\"left\">Specifiche tecniche<\/th>\n<th align=\"left\"><\/th>\n<\/tr>\n<\/thead>\n<tbody>\n<tr>\n<td align=\"left\"><strong>Materiale<\/strong><\/td>\n<td align=\"left\">PVC<\/td>\n<\/tr>\n<tr>\n<td align=\"left\"><strong>Marca<\/strong><\/td>\n<td align=\"left\">Gealan<\/td>\n<\/tr>\n<tr>\n<td align=\"left\"><strong>Uf<\/strong><\/td>\n<td align=\"left\">0.92<\/td>\n<\/tr>\n<tr>\n<td align=\"left\"><strong>Ug<\/strong><\/td>\n<td align=\"left\">1.0<\/td>\n<\/tr>\n<tr>\n<td align=\"left\"><strong>Uw<\/strong><\/td>\n<td align=\"left\">0.68<\/td>\n<\/tr>\n<tr>\n<td align=\"left\"><strong>Profondit\u00e0 del telaio<\/strong><\/td>\n<td align=\"left\">70 mm<\/td>\n<\/tr>\n<tr>\n<td align=\"left\"><strong>Profondit\u00e0 dell\u2019anta<\/strong><\/td>\n<td align=\"left\">70 mm<\/td>\n<\/tr>\n<tr>\n<td align=\"left\"><strong>Dimensioni massime dell\u2019anta<\/strong><\/td>\n<td align=\"left\">2.2\/2.4 m2<\/td>\n<\/tr>\n<tr>\n<td align=\"left\"><strong>Peso massimo dell\u2019anta<\/strong><\/td>\n<td align=\"left\">80 kg<\/td>\n<\/tr>\n<\/tbody>\n<\/table>\n<\/div>\n<\/div>\n<\/div><\/div><div class=\"fusion-layout-column fusion_builder_column fusion-builder-column-6 fusion_builder_column_1_1 1_1 fusion-flex-column\" style=\"--awb-bg-size:cover;--awb-width-large:100%;--awb-margin-top-large:0px;--awb-spacing-right-large:1.92%;--awb-margin-bottom-large:20px;--awb-spacing-left-large:1.92%;--awb-width-medium:100%;--awb-order-medium:0;--awb-spacing-right-medium:1.92%;--awb-spacing-left-medium:1.92%;--awb-width-small:100%;--awb-order-small:0;--awb-spacing-right-small:1.92%;--awb-spacing-left-small:1.92%;\"><div class=\"fusion-column-wrapper fusion-column-has-shadow fusion-flex-justify-content-flex-start fusion-content-layout-column\"><div class=\"fusion-text fusion-text-4\"><h3>Conosciamo il profilo per finestre in PVC Gealan 5502<\/h3>\n<p>Presentiamo la finestra in PVC Gealan 5502, che soddisfa i pi\u00f9 elevati standard prestazionali ed estetici. \u00c8 la scelta perfetta per i clienti esigenti, che cercano finestre moderne, a risparmio energetico. Grazie al basso coefficiente di trasmittanza termica Uw=0,68, Gealan 5502 garantisce un ottimo isolamento termico e, nel contempo, risulta elegante e armoniosa in qualsiasi ambiente.<\/p>\n<h3>A chi raccomandiamo le finestre in PVC Gealan 5502?<\/h3>\n<p>A coloro che apprezzano la funzionalit\u00e0 e la durata, ma senza rinunciare all&#8217;estetica e al design moderno.<\/p>\n<p>A investitori, architetti e progettisti che cercano finestre che soddisfino i pi\u00f9 elevati requisiti energetici ed estetici.<\/p>\n<h3>Quale cliente finale potrebbe essere interessato alle finestre Gealan 5502?<\/h3>\n<p>Persone che hanno a cuore l&#8217;ambiente e vogliono ridurre i costi di riscaldamento, grazie a una finestra a risparmio energetico.<\/p>\n<p>Clienti che si attendono un aspetto moderno, una lavorazione di alta qualit\u00e0 e una lunga durata del prodotto.<\/p>\n<h3>Una buona alternativa alle finestre Gealan 5502: Veka Alphaline 90 Plus<\/h3>\n<p>Se stai cercando soluzioni altrettanto efficienti, dovresti considerare in alternativa la finestra Veka Alphaline 90 Plus, che combina un eccellente isolamento termico con un design innovativo.<\/p>\n<h3>Maggiori informazioni sul produttore delle finestre Gealan 5502<\/h3>\n<p>L\u2019azienda Gealan \u00e8 una rinomata produttrice di finestre in PVC, nota per l\u2019innovativit\u00e0 e la professionalit\u00e0. Le sue finestre si distinguono per l&#8217;accurata lavorazione, la durata e l&#8217;efficienza energetica.<\/p>\n<h4>Maggiori informazioni sui punti di forza delle finestre Gealan 5502<\/h4>\n<p>&#8211; Tre guarnizioni, che assicurano un ulteriore isolamento acustico e termico.<\/p>\n<p>&#8211; Precise saldature V-Perfect, che garantiscono tenuta e durata della struttura.<\/p>\n<h3>Sintesi delle finestre Gealan 5502<\/h3>\n<p>La finestra in PVC Gealan 5502 \u00e8 un compendio di prestazioni eccellenti, design moderno e durata. Efficienza energetica, valore estetico e alta qualit\u00e0 la rendono la scelta perfetta per chi si aspetta la migliore finestra nel mercato. Gealan 5502 \u00e8 garanzia di comfort e risparmio energetico in ogni casa o edificio che soddisfi gli attuali standard di edilizia ecologica.<\/p>\n<\/div><\/div><\/div><\/div><\/div>\n","protected":false},"excerpt":{"rendered":"","protected":false},"author":1,"featured_media":0,"parent":0,"menu_order":0,"comment_status":"closed","ping_status":"closed","template":"","meta":{"footnotes":""},"class_list":["post-3942","page","type-page","status-publish","hentry"],"yoast_head":"<!-- This site is optimized with the Yoast SEO plugin v26.5 - https:\/\/yoast.com\/wordpress\/plugins\/seo\/ -->\n<title>5502 - Sapor<\/title>\n<meta name=\"robots\" content=\"index, follow, max-snippet:-1, max-image-preview:large, max-video-preview:-1\" \/>\n<link rel=\"canonical\" href=\"https:\/\/sapor.pl\/okna-gealan-5502\/\" \/>\n<meta property=\"og:locale\" content=\"it_IT\" \/>\n<meta property=\"og:type\" content=\"article\" \/>\n<meta property=\"og:title\" content=\"5502 - Sapor\" \/>\n<meta property=\"og:url\" content=\"https:\/\/sapor.pl\/okna-gealan-5502\/\" \/>\n<meta property=\"og:site_name\" content=\"Sapor\" \/>\n<meta property=\"article:publisher\" content=\"https:\/\/www.facebook.com\/SAPOR.Fabryka.okien.i.drzwi\/\" \/>\n<meta property=\"article:modified_time\" content=\"2023-09-09T10:52:42+00:00\" \/>\n<meta name=\"twitter:card\" content=\"summary_large_image\" \/>\n<meta name=\"twitter:label1\" content=\"Tempo di lettura stimato\" \/>\n\t<meta name=\"twitter:data1\" content=\"9 minuti\" \/>\n<script type=\"application\/ld+json\" class=\"yoast-schema-graph\">{\"@context\":\"https:\/\/schema.org\",\"@graph\":[{\"@type\":\"WebPage\",\"@id\":\"https:\/\/sapor.pl\/okna-gealan-5502\/\",\"url\":\"https:\/\/sapor.pl\/okna-gealan-5502\/\",\"name\":\"5502 - Sapor\",\"isPartOf\":{\"@id\":\"https:\/\/sapor.pl\/en\/#website\"},\"datePublished\":\"2021-05-25T17:39:06+00:00\",\"dateModified\":\"2023-09-09T10:52:42+00:00\",\"breadcrumb\":{\"@id\":\"https:\/\/sapor.pl\/okna-gealan-5502\/#breadcrumb\"},\"inLanguage\":\"it-IT\",\"potentialAction\":[{\"@type\":\"ReadAction\",\"target\":[\"https:\/\/sapor.pl\/okna-gealan-5502\/\"]}]},{\"@type\":\"BreadcrumbList\",\"@id\":\"https:\/\/sapor.pl\/okna-gealan-5502\/#breadcrumb\",\"itemListElement\":[{\"@type\":\"ListItem\",\"position\":1,\"name\":\"Homepage\",\"item\":\"https:\/\/sapor.pl\/de\/\"},{\"@type\":\"ListItem\",\"position\":2,\"name\":\"5502\"}]},{\"@type\":\"WebSite\",\"@id\":\"https:\/\/sapor.pl\/en\/#website\",\"url\":\"https:\/\/sapor.pl\/en\/\",\"name\":\"Sapor\",\"description\":\"\",\"publisher\":{\"@id\":\"https:\/\/sapor.pl\/en\/#organization\"},\"potentialAction\":[{\"@type\":\"SearchAction\",\"target\":{\"@type\":\"EntryPoint\",\"urlTemplate\":\"https:\/\/sapor.pl\/en\/?s={search_term_string}\"},\"query-input\":{\"@type\":\"PropertyValueSpecification\",\"valueRequired\":true,\"valueName\":\"search_term_string\"}}],\"inLanguage\":\"it-IT\"},{\"@type\":\"Organization\",\"@id\":\"https:\/\/sapor.pl\/en\/#organization\",\"name\":\"Sapor Sp. z o. o.\",\"url\":\"https:\/\/sapor.pl\/en\/\",\"logo\":{\"@type\":\"ImageObject\",\"inLanguage\":\"it-IT\",\"@id\":\"https:\/\/sapor.pl\/en\/#\/schema\/logo\/image\/\",\"url\":\"https:\/\/sapor.pl\/wp-content\/uploads\/2021\/04\/logo-sapor-e1618419520128.png\",\"contentUrl\":\"https:\/\/sapor.pl\/wp-content\/uploads\/2021\/04\/logo-sapor-e1618419520128.png\",\"width\":140,\"height\":67,\"caption\":\"Sapor Sp. z o. o.\"},\"image\":{\"@id\":\"https:\/\/sapor.pl\/en\/#\/schema\/logo\/image\/\"},\"sameAs\":[\"https:\/\/www.facebook.com\/SAPOR.Fabryka.okien.i.drzwi\/\"]}]}<\/script>\n<!-- \/ Yoast SEO plugin. -->","yoast_head_json":{"title":"5502 - Sapor","robots":{"index":"index","follow":"follow","max-snippet":"max-snippet:-1","max-image-preview":"max-image-preview:large","max-video-preview":"max-video-preview:-1"},"canonical":"https:\/\/sapor.pl\/okna-gealan-5502\/","og_locale":"it_IT","og_type":"article","og_title":"5502 - Sapor","og_url":"https:\/\/sapor.pl\/okna-gealan-5502\/","og_site_name":"Sapor","article_publisher":"https:\/\/www.facebook.com\/SAPOR.Fabryka.okien.i.drzwi\/","article_modified_time":"2023-09-09T10:52:42+00:00","twitter_card":"summary_large_image","twitter_misc":{"Tempo di lettura stimato":"9 minuti"},"schema":{"@context":"https:\/\/schema.org","@graph":[{"@type":"WebPage","@id":"https:\/\/sapor.pl\/okna-gealan-5502\/","url":"https:\/\/sapor.pl\/okna-gealan-5502\/","name":"5502 - Sapor","isPartOf":{"@id":"https:\/\/sapor.pl\/en\/#website"},"datePublished":"2021-05-25T17:39:06+00:00","dateModified":"2023-09-09T10:52:42+00:00","breadcrumb":{"@id":"https:\/\/sapor.pl\/okna-gealan-5502\/#breadcrumb"},"inLanguage":"it-IT","potentialAction":[{"@type":"ReadAction","target":["https:\/\/sapor.pl\/okna-gealan-5502\/"]}]},{"@type":"BreadcrumbList","@id":"https:\/\/sapor.pl\/okna-gealan-5502\/#breadcrumb","itemListElement":[{"@type":"ListItem","position":1,"name":"Homepage","item":"https:\/\/sapor.pl\/de\/"},{"@type":"ListItem","position":2,"name":"5502"}]},{"@type":"WebSite","@id":"https:\/\/sapor.pl\/en\/#website","url":"https:\/\/sapor.pl\/en\/","name":"Sapor","description":"","publisher":{"@id":"https:\/\/sapor.pl\/en\/#organization"},"potentialAction":[{"@type":"SearchAction","target":{"@type":"EntryPoint","urlTemplate":"https:\/\/sapor.pl\/en\/?s={search_term_string}"},"query-input":{"@type":"PropertyValueSpecification","valueRequired":true,"valueName":"search_term_string"}}],"inLanguage":"it-IT"},{"@type":"Organization","@id":"https:\/\/sapor.pl\/en\/#organization","name":"Sapor Sp. z o. o.","url":"https:\/\/sapor.pl\/en\/","logo":{"@type":"ImageObject","inLanguage":"it-IT","@id":"https:\/\/sapor.pl\/en\/#\/schema\/logo\/image\/","url":"https:\/\/sapor.pl\/wp-content\/uploads\/2021\/04\/logo-sapor-e1618419520128.png","contentUrl":"https:\/\/sapor.pl\/wp-content\/uploads\/2021\/04\/logo-sapor-e1618419520128.png","width":140,"height":67,"caption":"Sapor Sp. z o. o."},"image":{"@id":"https:\/\/sapor.pl\/en\/#\/schema\/logo\/image\/"},"sameAs":["https:\/\/www.facebook.com\/SAPOR.Fabryka.okien.i.drzwi\/"]}]}},"_links":{"self":[{"href":"https:\/\/sapor.pl\/it\/wp-json\/wp\/v2\/pages\/3942","targetHints":{"allow":["GET"]}}],"collection":[{"href":"https:\/\/sapor.pl\/it\/wp-json\/wp\/v2\/pages"}],"about":[{"href":"https:\/\/sapor.pl\/it\/wp-json\/wp\/v2\/types\/page"}],"author":[{"embeddable":true,"href":"https:\/\/sapor.pl\/it\/wp-json\/wp\/v2\/users\/1"}],"replies":[{"embeddable":true,"href":"https:\/\/sapor.pl\/it\/wp-json\/wp\/v2\/comments?post=3942"}],"version-history":[{"count":1,"href":"https:\/\/sapor.pl\/it\/wp-json\/wp\/v2\/pages\/3942\/revisions"}],"predecessor-version":[{"id":3944,"href":"https:\/\/sapor.pl\/it\/wp-json\/wp\/v2\/pages\/3942\/revisions\/3944"}],"wp:attachment":[{"href":"https:\/\/sapor.pl\/it\/wp-json\/wp\/v2\/media?parent=3942"}],"curies":[{"name":"wp","href":"https:\/\/api.w.org\/{rel}","templated":true}]}}