{"id":4026,"date":"2021-05-23T19:04:27","date_gmt":"2021-05-23T17:04:27","guid":{"rendered":"https:\/\/sapor.pl\/refleksole-120\/"},"modified":"2023-09-10T15:30:35","modified_gmt":"2023-09-10T13:30:35","slug":"refleksole-120","status":"publish","type":"page","link":"https:\/\/sapor.pl\/it\/refleksole-120\/","title":{"rendered":"Refleksole 120"},"content":{"rendered":"<div class=\"fusion-fullwidth fullwidth-box fusion-builder-row-1 fusion-flex-container nonhundred-percent-fullwidth non-hundred-percent-height-scrolling\" style=\"--awb-border-radius-top-left:0px;--awb-border-radius-top-right:0px;--awb-border-radius-bottom-right:0px;--awb-border-radius-bottom-left:0px;--awb-flex-wrap:wrap;\" ><div class=\"fusion-builder-row fusion-row fusion-flex-align-items-flex-start fusion-flex-content-wrap\" style=\"max-width:1528.8px;margin-left: calc(-4% \/ 2 );margin-right: calc(-4% \/ 2 );\"><div class=\"fusion-layout-column fusion_builder_column fusion-builder-column-0 fusion_builder_column_1_1 1_1 fusion-flex-column\" style=\"--awb-bg-size:cover;--awb-width-large:100%;--awb-margin-top-large:0px;--awb-spacing-right-large:1.92%;--awb-margin-bottom-large:20px;--awb-spacing-left-large:1.92%;--awb-width-medium:100%;--awb-order-medium:0;--awb-spacing-right-medium:1.92%;--awb-spacing-left-medium:1.92%;--awb-width-small:100%;--awb-order-small:0;--awb-spacing-right-small:1.92%;--awb-spacing-left-small:1.92%;\"><div class=\"fusion-column-wrapper fusion-column-has-shadow fusion-flex-justify-content-flex-start fusion-content-layout-column\"><div class=\"fusion-text fusion-text-1\"><h2><span style=\"font-weight: 400;\">Sistema di schermatura Refleksole 120<\/span><\/h2>\n<\/div><div class=\"fusion-text fusion-text-2\"><h4><span style=\"font-weight: 400;\">Efficienza e regolazione della luce | soluzioni avanzate per il comfort e la riservatezza<\/span><\/h4>\n<\/div><\/div><\/div><div class=\"fusion-layout-column fusion_builder_column fusion-builder-column-1 fusion_builder_column_1_2 1_2 fusion-flex-column fusion-flex-align-self-center fusion-animated\" style=\"--awb-bg-size:cover;--awb-width-large:50%;--awb-margin-top-large:0px;--awb-spacing-right-large:3.84%;--awb-margin-bottom-large:20px;--awb-spacing-left-large:3.84%;--awb-width-medium:50%;--awb-order-medium:0;--awb-spacing-right-medium:3.84%;--awb-spacing-left-medium:3.84%;--awb-width-small:100%;--awb-order-small:0;--awb-spacing-right-small:1.92%;--awb-spacing-left-small:1.92%;\" data-animationType=\"slideInLeft\" data-animationDuration=\"0.9\" data-animationOffset=\"top-into-view\"><div class=\"fusion-column-wrapper fusion-column-has-shadow fusion-flex-justify-content-flex-start fusion-content-layout-column\"><div class=\"fusion-image-element \" style=\"--awb-caption-title-font-family:var(--h2_typography-font-family);--awb-caption-title-font-weight:var(--h2_typography-font-weight);--awb-caption-title-font-style:var(--h2_typography-font-style);--awb-caption-title-size:var(--h2_typography-font-size);--awb-caption-title-transform:var(--h2_typography-text-transform);--awb-caption-title-line-height:var(--h2_typography-line-height);--awb-caption-title-letter-spacing:var(--h2_typography-letter-spacing);\"><span class=\" fusion-imageframe imageframe-none imageframe-1 hover-type-zoomin\"><a href=\"https:\/\/sapor.pl\/wp-content\/uploads\/2021\/05\/refleksole-120-2.jpg\" class=\"fusion-lightbox\" data-rel=\"iLightbox[73d71f619fb1f418e88]\" data-title=\"refleksole-120-2\" title=\"refleksole-120-2\"><img decoding=\"async\" width=\"1000\" height=\"667\" src=\"https:\/\/sapor.pl\/wp-content\/uploads\/2021\/05\/refleksole-120-2.jpg\" data-orig-src=\"https:\/\/sapor.pl\/wp-content\/uploads\/2021\/05\/refleksole-120-2.jpg\" alt class=\"lazyload img-responsive wp-image-856\" srcset=\"data:image\/svg+xml,%3Csvg%20xmlns%3D%27http%3A%2F%2Fwww.w3.org%2F2000%2Fsvg%27%20width%3D%271000%27%20height%3D%27667%27%20viewBox%3D%270%200%201000%20667%27%3E%3Crect%20width%3D%271000%27%20height%3D%27667%27%20fill-opacity%3D%220%22%2F%3E%3C%2Fsvg%3E\" data-srcset=\"https:\/\/sapor.pl\/wp-content\/uploads\/2021\/05\/refleksole-120-2-200x133.jpg 200w, https:\/\/sapor.pl\/wp-content\/uploads\/2021\/05\/refleksole-120-2-400x267.jpg 400w, https:\/\/sapor.pl\/wp-content\/uploads\/2021\/05\/refleksole-120-2-600x400.jpg 600w, https:\/\/sapor.pl\/wp-content\/uploads\/2021\/05\/refleksole-120-2-800x534.jpg 800w, https:\/\/sapor.pl\/wp-content\/uploads\/2021\/05\/refleksole-120-2.jpg 1000w\" data-sizes=\"auto\" data-orig-sizes=\"(max-width: 1024px) 100vw, 800px\" \/><\/a><\/span><\/div><\/div><\/div><div class=\"fusion-layout-column fusion_builder_column fusion-builder-column-2 fusion_builder_column_1_2 1_2 fusion-flex-column fusion-animated\" style=\"--awb-bg-size:cover;--awb-width-large:50%;--awb-margin-top-large:0px;--awb-spacing-right-large:3.84%;--awb-margin-bottom-large:20px;--awb-spacing-left-large:3.84%;--awb-width-medium:50%;--awb-order-medium:0;--awb-spacing-right-medium:3.84%;--awb-spacing-left-medium:3.84%;--awb-width-small:100%;--awb-order-small:0;--awb-spacing-right-small:1.92%;--awb-spacing-left-small:1.92%;\" data-animationType=\"slideInRight\" data-animationDuration=\"0.3\" data-animationOffset=\"top-into-view\"><div class=\"fusion-column-wrapper fusion-column-has-shadow fusion-flex-justify-content-flex-start fusion-content-layout-column\">\n<div class=\"table-2\">\n<div class=\"table-2\">\n<div class=\"table-2\">\n<div class=\"table-2\">\n<div class=\"table-2\">\n<table width=\"100%\">\n<thead>\n<tr>\n<th align=\"left\">Informazioni fondamentali<\/th>\n<th align=\"left\"><\/th>\n<\/tr>\n<\/thead>\n<tbody>\n<tr>\n<td align=\"left\"><strong>Sistema di schermatura<\/strong><\/td>\n<td align=\"left\">Refleksole 120<\/td>\n<\/tr>\n<tr>\n<td align=\"left\"><strong>Impiego<\/strong><\/td>\n<td align=\"left\">finestre, terrazze, vetrate<\/td>\n<\/tr>\n<tr>\n<td align=\"left\"><strong>Materiali<\/strong><\/td>\n<td align=\"left\">tessuto con rivestimento metallizzato<\/td>\n<\/tr>\n<tr>\n<td align=\"left\"><strong>Colori<\/strong><\/td>\n<td align=\"left\">tavolozza RAL e diversi motivi<\/td>\n<\/tr>\n<tr>\n<td align=\"left\"><strong>Metodo di montaggio<\/strong><\/td>\n<td align=\"left\">all\u2019interno o all\u2019esterno<\/td>\n<\/tr>\n<tr>\n<td align=\"left\"><strong>Resistenza agli agenti atmosferici<\/strong><\/td>\n<td align=\"left\">S\u00ec<\/td>\n<\/tr>\n<tr>\n<td align=\"left\"><strong>Resistenza alle radiazioni UV<\/strong><\/td>\n<td align=\"left\">S\u00ec<\/td>\n<\/tr>\n<tr>\n<td align=\"left\"><strong>Resistenza all\u2019umidit\u00e0<\/strong><\/td>\n<td align=\"left\">S\u00ec<\/td>\n<\/tr>\n<tr>\n<td align=\"left\"><strong>Dimensioni disponibili<\/strong><\/td>\n<td align=\"left\">adattabili alle dimensioni degli infissi<\/td>\n<\/tr>\n<tr>\n<td align=\"left\"><strong>Cassonetto per il montaggio a incasso<\/strong><\/td>\n<td align=\"left\">lamiera di alluminio dotata di rilievo che consente l\u2019intonacatura esterna<\/td>\n<\/tr>\n<tr>\n<td align=\"left\"><strong>Cassonetto per montaggio a incasso o su facciata<\/strong><\/td>\n<td align=\"left\">alluminio estruso<\/td>\n<\/tr>\n<tr>\n<td align=\"left\"><strong>Guide<\/strong><\/td>\n<td align=\"left\">listelli in alluminio estruso o cavo in acciaio inossidabile<\/td>\n<\/tr>\n<\/tbody>\n<\/table>\n<\/div>\n<\/div>\n<\/div>\n<\/div>\n<\/div>\n<\/div><\/div><div class=\"fusion-layout-column fusion_builder_column fusion-builder-column-3 fusion_builder_column_1_2 1_2 fusion-flex-column fusion-flex-align-self-center fusion-animated\" style=\"--awb-bg-size:cover;--awb-width-large:50%;--awb-margin-top-large:0px;--awb-spacing-right-large:3.84%;--awb-margin-bottom-large:20px;--awb-spacing-left-large:3.84%;--awb-width-medium:50%;--awb-order-medium:0;--awb-spacing-right-medium:3.84%;--awb-spacing-left-medium:3.84%;--awb-width-small:100%;--awb-order-small:0;--awb-spacing-right-small:1.92%;--awb-spacing-left-small:1.92%;\" data-animationType=\"slideInLeft\" data-animationDuration=\"0.3\" data-animationOffset=\"top-into-view\"><div class=\"fusion-column-wrapper fusion-column-has-shadow fusion-flex-justify-content-flex-start fusion-content-layout-column\">\n<div class=\"table-2\">\n<div class=\"table-2\">\n<div class=\"table-2\">\n<div class=\"table-2\">\n<table width=\"100%\">\n<thead>\n<tr>\n<th align=\"left\">Specifiche tecniche<\/th>\n<th align=\"left\"><\/th>\n<\/tr>\n<\/thead>\n<tbody>\n<tr>\n<td align=\"left\"><strong>Coefficiente di riflessione della luce<\/strong><\/td>\n<td align=\"left\">80%<\/td>\n<\/tr>\n<tr>\n<td align=\"left\"><strong>Coefficiente di trasmissione della luce<\/strong><\/td>\n<td align=\"left\">20%<\/td>\n<\/tr>\n<tr>\n<td align=\"left\"><strong>Percentuale di apertura<\/strong><\/td>\n<td align=\"left\">1-99%<\/td>\n<\/tr>\n<tr>\n<td align=\"left\"><strong>Classe di resistenza al vento<\/strong><\/td>\n<td align=\"left\">fino a 70 km\/h<\/td>\n<\/tr>\n<tr>\n<td align=\"left\"><strong>Propulsione elettrica<\/strong><\/td>\n<td align=\"left\">S\u00ec<\/td>\n<\/tr>\n<tr>\n<td align=\"left\"><strong>Funzionamento manuale<\/strong><\/td>\n<td align=\"left\">No<\/td>\n<\/tr>\n<tr>\n<td align=\"left\"><strong>Impiego all\u2019esterno<\/strong><\/td>\n<td align=\"left\">guide estruse<\/td>\n<\/tr>\n<tr>\n<td align=\"left\"><strong>Ampiezza massima<\/strong><\/td>\n<td align=\"left\">4.0 m<\/td>\n<\/tr>\n<tr>\n<td align=\"left\"><strong>Altezza massima<\/strong><\/td>\n<td align=\"left\">4.0 m<\/td>\n<\/tr>\n<tr>\n<td align=\"left\"><strong>Impiego all\u2019esterno<\/strong><\/td>\n<td align=\"left\">guide a cavo<\/td>\n<\/tr>\n<tr>\n<td align=\"left\"><strong>Ampiezza massima<\/strong><\/td>\n<td align=\"left\">3.5 m<\/td>\n<\/tr>\n<tr>\n<td align=\"left\"><strong>Altezza massima<\/strong><\/td>\n<td align=\"left\">3.0 m<\/td>\n<\/tr>\n<tr>\n<td align=\"left\"><strong>Impiego all\u2019interno<\/strong><\/td>\n<td align=\"left\">guide estruse<\/td>\n<\/tr>\n<tr>\n<td align=\"left\"><strong>Ampiezza massima<\/strong><\/td>\n<td align=\"left\">4.0 m<\/td>\n<\/tr>\n<tr>\n<td align=\"left\"><strong>Altezza massima<\/strong><\/td>\n<td align=\"left\">4.0 m<\/td>\n<\/tr>\n<tr>\n<td align=\"left\"><strong>Impiego all\u2019interno<\/strong><\/td>\n<td align=\"left\">guide a cavo<\/td>\n<\/tr>\n<tr>\n<td align=\"left\"><strong>Ampiezza massima<\/strong><\/td>\n<td align=\"left\">4.0 m<\/td>\n<\/tr>\n<tr>\n<td align=\"left\"><strong>Altezza massima<\/strong><\/td>\n<td align=\"left\">4.0 m<\/td>\n<\/tr>\n<\/tbody>\n<\/table>\n<\/div>\n<\/div>\n<\/div>\n<\/div>\n<\/div><\/div><div class=\"fusion-layout-column fusion_builder_column fusion-builder-column-4 fusion_builder_column_1_2 1_2 fusion-flex-column fusion-flex-align-self-center fusion-animated\" style=\"--awb-bg-size:cover;--awb-width-large:50%;--awb-margin-top-large:0px;--awb-spacing-right-large:3.84%;--awb-margin-bottom-large:20px;--awb-spacing-left-large:3.84%;--awb-width-medium:50%;--awb-order-medium:0;--awb-spacing-right-medium:3.84%;--awb-spacing-left-medium:3.84%;--awb-width-small:100%;--awb-order-small:0;--awb-spacing-right-small:1.92%;--awb-spacing-left-small:1.92%;\" data-animationType=\"slideInRight\" data-animationDuration=\"0.9\" data-animationOffset=\"top-into-view\"><div class=\"fusion-column-wrapper fusion-column-has-shadow fusion-flex-justify-content-flex-start fusion-content-layout-column\"><div class=\"fusion-image-element \" style=\"--awb-caption-title-font-family:var(--h2_typography-font-family);--awb-caption-title-font-weight:var(--h2_typography-font-weight);--awb-caption-title-font-style:var(--h2_typography-font-style);--awb-caption-title-size:var(--h2_typography-font-size);--awb-caption-title-transform:var(--h2_typography-text-transform);--awb-caption-title-line-height:var(--h2_typography-line-height);--awb-caption-title-letter-spacing:var(--h2_typography-letter-spacing);\"><span class=\" fusion-imageframe imageframe-none imageframe-2 hover-type-zoomin\"><a href=\"https:\/\/sapor.pl\/wp-content\/uploads\/2021\/05\/refleksole-120-3.jpg\" class=\"fusion-lightbox\" data-rel=\"iLightbox[1ee7bd1358965b10b3e]\" data-title=\"refleksole-120-3\" title=\"refleksole-120-3\"><img decoding=\"async\" width=\"1500\" height=\"1000\" src=\"https:\/\/sapor.pl\/wp-content\/uploads\/2021\/05\/refleksole-120-3.jpg\" data-orig-src=\"https:\/\/sapor.pl\/wp-content\/uploads\/2021\/05\/refleksole-120-3.jpg\" alt class=\"lazyload img-responsive wp-image-860\" srcset=\"data:image\/svg+xml,%3Csvg%20xmlns%3D%27http%3A%2F%2Fwww.w3.org%2F2000%2Fsvg%27%20width%3D%271500%27%20height%3D%271000%27%20viewBox%3D%270%200%201500%201000%27%3E%3Crect%20width%3D%271500%27%20height%3D%271000%27%20fill-opacity%3D%220%22%2F%3E%3C%2Fsvg%3E\" data-srcset=\"https:\/\/sapor.pl\/wp-content\/uploads\/2021\/05\/refleksole-120-3-200x133.jpg 200w, https:\/\/sapor.pl\/wp-content\/uploads\/2021\/05\/refleksole-120-3-400x267.jpg 400w, https:\/\/sapor.pl\/wp-content\/uploads\/2021\/05\/refleksole-120-3-600x400.jpg 600w, https:\/\/sapor.pl\/wp-content\/uploads\/2021\/05\/refleksole-120-3-800x533.jpg 800w, https:\/\/sapor.pl\/wp-content\/uploads\/2021\/05\/refleksole-120-3-1200x800.jpg 1200w, https:\/\/sapor.pl\/wp-content\/uploads\/2021\/05\/refleksole-120-3.jpg 1500w\" data-sizes=\"auto\" data-orig-sizes=\"(max-width: 1024px) 100vw, 800px\" \/><\/a><\/span><\/div><\/div><\/div><div class=\"fusion-layout-column fusion_builder_column fusion-builder-column-5 fusion_builder_column_1_1 1_1 fusion-flex-column\" style=\"--awb-bg-size:cover;--awb-width-large:100%;--awb-margin-top-large:0px;--awb-spacing-right-large:1.92%;--awb-margin-bottom-large:20px;--awb-spacing-left-large:1.92%;--awb-width-medium:100%;--awb-order-medium:0;--awb-spacing-right-medium:1.92%;--awb-spacing-left-medium:1.92%;--awb-width-small:100%;--awb-order-small:0;--awb-spacing-right-small:1.92%;--awb-spacing-left-small:1.92%;\"><div class=\"fusion-column-wrapper fusion-column-has-shadow fusion-flex-justify-content-flex-start fusion-content-layout-column\"><div class=\"fusion-text fusion-text-3\"><h3>Conosciamo il sistema di schermatura Refleksole 120<\/h3>\n<p>Il sistema di schermatura Refleksole 120 \u00e8 una soluzione moderna per coloro che nei propri ambienti desiderano un&#8217;efficace regolazione della luce e la riservatezza. Realizzato in tessuto con rivestimento metallizzato, la schermatura Refleksole 120 \u00e8 caratterizzata da un&#8217;elevata capacit\u00e0 di riflessione della luce, che consente un&#8217;efficace protezione dall&#8217;eccessivo irraggiamento solare e dal surriscaldamento degli ambienti. La variet\u00e0 di motivi e colori consente di adattarla alle preferenze individuali e allo stile degli interni.<\/p>\n<h3>Impiego del sistema di schermatura Refleksole 120<\/h3>\n<p>&#8211; Sulle finestre, per controllare la quantit\u00e0 di luce in entrata e mantenere la giusta temperatura negli ambienti.<\/p>\n<p>&#8211; Su terrazze e vetrate, per creare spazi accoglienti per il riposo e il relax.<\/p>\n<p>&#8211; Negli ambienti che richiedono riservatezza, per avere una protezione efficace dagli sguardi delle persone dall&#8217;esterno.<\/p>\n<h3>A chi raccomandiamo il sistema di schermatura Refleksole 120?<\/h3>\n<p>A coloro che cercano un sistema di schermatura efficace e funzionale, che consenta di adattare la quantit\u00e0 di luce alle proprie esigenze.<\/p>\n<p>A investitori e architetti che apprezzano l&#8217;estetica e le soluzioni innovative nel campo della protezione degli interni.<\/p>\n<h3>Quale cliente finale potrebbe essere interessato al sistema di schermatura Refleksole 120?<\/h3>\n<p>Clienti che vogliono creare ambienti confortevoli e climatizzati, con attenzione alla protezione dall&#8217;eccessivo irraggiamento solare.<\/p>\n<p>Persone che cercano una soluzione efficace, che garantisca riservatezza e comfort d\u2019uso.<\/p>\n<h3>Una valida alternativa al sistema di schermatura Refleksole 120: Soltis 86<\/h3>\n<p>Se sei interessato a un controllo di livello superiore sulla luce in entrata e a una maggiore efficienza energetica, potresti considerare in alternativa il sistema di schermatura Soltis 86. Questo modello offre soluzioni avanzate e un\u2019ulteriore protezione contro le radiazioni UV.<\/p>\n<h3>Maggiori informazioni sul produttore del sistema di schermatura Refleksole 120<\/h3>\n<p>L&#8217;azienda Refleksole \u00e8 un\u2019apprezzata produttrice di sistemi di schermatura innovativi, attenta alla qualit\u00e0 e alla funzionalit\u00e0 dei propri prodotti. Il sistema di schermatura Refleksole 120 \u00e8 il risultato del suo impegno nel creare soluzioni esclusive per i clienti.<\/p>\n<h4>Maggiori informazioni sui punti di forza del sistema di schermatura Refleksole 120<\/h4>\n<p>&#8211; Elevato coefficiente di riflessione della luce, che assicura un&#8217;efficace regolazione della luce solare e della temperatura negli ambienti.<\/p>\n<p>&#8211; Tessuto robusto con rivestimento metallizzato, resistente all&#8217;umidit\u00e0 e alle radiazioni UV.<\/p>\n<h3>Sintesi del sistema di schermatura Refleksole 120<\/h3>\n<p>Il sistema di schermatura Refleksole 120 \u00e8 la soluzione perfetta per coloro che nei propri ambienti desiderano un&#8217;efficace protezione dall\u2019eccessivo irraggiamento solare e la riservatezza. In virt\u00f9 dei parametri tecnici avanzati, questa schermatura garantisce un uso confortevole. Scegli il sistema di schermatura Refleksole 120 per godere di funzionalit\u00e0, estetica e risparmio energetico, creando ambienti piacevoli e armoniosi.<\/p>\n<\/div><\/div><\/div><\/div><\/div>\n","protected":false},"excerpt":{"rendered":"","protected":false},"author":1,"featured_media":0,"parent":0,"menu_order":0,"comment_status":"closed","ping_status":"closed","template":"","meta":{"footnotes":""},"class_list":["post-4026","page","type-page","status-publish","hentry"],"yoast_head":"<!-- This site is optimized with the Yoast SEO plugin v26.5 - https:\/\/yoast.com\/wordpress\/plugins\/seo\/ -->\n<title>Refleksole 120 - Sapor<\/title>\n<meta name=\"robots\" content=\"index, follow, max-snippet:-1, max-image-preview:large, max-video-preview:-1\" \/>\n<link rel=\"canonical\" href=\"https:\/\/sapor.pl\/refleksole-120\/\" \/>\n<meta property=\"og:locale\" content=\"it_IT\" \/>\n<meta property=\"og:type\" content=\"article\" \/>\n<meta property=\"og:title\" content=\"Refleksole 120 - Sapor\" \/>\n<meta property=\"og:url\" content=\"https:\/\/sapor.pl\/refleksole-120\/\" \/>\n<meta property=\"og:site_name\" content=\"Sapor\" \/>\n<meta property=\"article:publisher\" content=\"https:\/\/www.facebook.com\/SAPOR.Fabryka.okien.i.drzwi\/\" \/>\n<meta property=\"article:modified_time\" content=\"2023-09-10T13:30:35+00:00\" \/>\n<meta name=\"twitter:card\" content=\"summary_large_image\" \/>\n<meta name=\"twitter:label1\" content=\"Tempo di lettura stimato\" \/>\n\t<meta name=\"twitter:data1\" content=\"9 minuti\" \/>\n<script type=\"application\/ld+json\" class=\"yoast-schema-graph\">{\"@context\":\"https:\/\/schema.org\",\"@graph\":[{\"@type\":\"WebPage\",\"@id\":\"https:\/\/sapor.pl\/refleksole-120\/\",\"url\":\"https:\/\/sapor.pl\/refleksole-120\/\",\"name\":\"Refleksole 120 - Sapor\",\"isPartOf\":{\"@id\":\"https:\/\/sapor.pl\/en\/#website\"},\"datePublished\":\"2021-05-23T17:04:27+00:00\",\"dateModified\":\"2023-09-10T13:30:35+00:00\",\"breadcrumb\":{\"@id\":\"https:\/\/sapor.pl\/refleksole-120\/#breadcrumb\"},\"inLanguage\":\"it-IT\",\"potentialAction\":[{\"@type\":\"ReadAction\",\"target\":[\"https:\/\/sapor.pl\/refleksole-120\/\"]}]},{\"@type\":\"BreadcrumbList\",\"@id\":\"https:\/\/sapor.pl\/refleksole-120\/#breadcrumb\",\"itemListElement\":[{\"@type\":\"ListItem\",\"position\":1,\"name\":\"Homepage\",\"item\":\"https:\/\/sapor.pl\/de\/\"},{\"@type\":\"ListItem\",\"position\":2,\"name\":\"Refleksole 120\"}]},{\"@type\":\"WebSite\",\"@id\":\"https:\/\/sapor.pl\/en\/#website\",\"url\":\"https:\/\/sapor.pl\/en\/\",\"name\":\"Sapor\",\"description\":\"\",\"publisher\":{\"@id\":\"https:\/\/sapor.pl\/en\/#organization\"},\"potentialAction\":[{\"@type\":\"SearchAction\",\"target\":{\"@type\":\"EntryPoint\",\"urlTemplate\":\"https:\/\/sapor.pl\/en\/?s={search_term_string}\"},\"query-input\":{\"@type\":\"PropertyValueSpecification\",\"valueRequired\":true,\"valueName\":\"search_term_string\"}}],\"inLanguage\":\"it-IT\"},{\"@type\":\"Organization\",\"@id\":\"https:\/\/sapor.pl\/en\/#organization\",\"name\":\"Sapor Sp. z o. o.\",\"url\":\"https:\/\/sapor.pl\/en\/\",\"logo\":{\"@type\":\"ImageObject\",\"inLanguage\":\"it-IT\",\"@id\":\"https:\/\/sapor.pl\/en\/#\/schema\/logo\/image\/\",\"url\":\"https:\/\/sapor.pl\/wp-content\/uploads\/2021\/04\/logo-sapor-e1618419520128.png\",\"contentUrl\":\"https:\/\/sapor.pl\/wp-content\/uploads\/2021\/04\/logo-sapor-e1618419520128.png\",\"width\":140,\"height\":67,\"caption\":\"Sapor Sp. z o. o.\"},\"image\":{\"@id\":\"https:\/\/sapor.pl\/en\/#\/schema\/logo\/image\/\"},\"sameAs\":[\"https:\/\/www.facebook.com\/SAPOR.Fabryka.okien.i.drzwi\/\"]}]}<\/script>\n<!-- \/ Yoast SEO plugin. -->","yoast_head_json":{"title":"Refleksole 120 - Sapor","robots":{"index":"index","follow":"follow","max-snippet":"max-snippet:-1","max-image-preview":"max-image-preview:large","max-video-preview":"max-video-preview:-1"},"canonical":"https:\/\/sapor.pl\/refleksole-120\/","og_locale":"it_IT","og_type":"article","og_title":"Refleksole 120 - Sapor","og_url":"https:\/\/sapor.pl\/refleksole-120\/","og_site_name":"Sapor","article_publisher":"https:\/\/www.facebook.com\/SAPOR.Fabryka.okien.i.drzwi\/","article_modified_time":"2023-09-10T13:30:35+00:00","twitter_card":"summary_large_image","twitter_misc":{"Tempo di lettura stimato":"9 minuti"},"schema":{"@context":"https:\/\/schema.org","@graph":[{"@type":"WebPage","@id":"https:\/\/sapor.pl\/refleksole-120\/","url":"https:\/\/sapor.pl\/refleksole-120\/","name":"Refleksole 120 - Sapor","isPartOf":{"@id":"https:\/\/sapor.pl\/en\/#website"},"datePublished":"2021-05-23T17:04:27+00:00","dateModified":"2023-09-10T13:30:35+00:00","breadcrumb":{"@id":"https:\/\/sapor.pl\/refleksole-120\/#breadcrumb"},"inLanguage":"it-IT","potentialAction":[{"@type":"ReadAction","target":["https:\/\/sapor.pl\/refleksole-120\/"]}]},{"@type":"BreadcrumbList","@id":"https:\/\/sapor.pl\/refleksole-120\/#breadcrumb","itemListElement":[{"@type":"ListItem","position":1,"name":"Homepage","item":"https:\/\/sapor.pl\/de\/"},{"@type":"ListItem","position":2,"name":"Refleksole 120"}]},{"@type":"WebSite","@id":"https:\/\/sapor.pl\/en\/#website","url":"https:\/\/sapor.pl\/en\/","name":"Sapor","description":"","publisher":{"@id":"https:\/\/sapor.pl\/en\/#organization"},"potentialAction":[{"@type":"SearchAction","target":{"@type":"EntryPoint","urlTemplate":"https:\/\/sapor.pl\/en\/?s={search_term_string}"},"query-input":{"@type":"PropertyValueSpecification","valueRequired":true,"valueName":"search_term_string"}}],"inLanguage":"it-IT"},{"@type":"Organization","@id":"https:\/\/sapor.pl\/en\/#organization","name":"Sapor Sp. z o. o.","url":"https:\/\/sapor.pl\/en\/","logo":{"@type":"ImageObject","inLanguage":"it-IT","@id":"https:\/\/sapor.pl\/en\/#\/schema\/logo\/image\/","url":"https:\/\/sapor.pl\/wp-content\/uploads\/2021\/04\/logo-sapor-e1618419520128.png","contentUrl":"https:\/\/sapor.pl\/wp-content\/uploads\/2021\/04\/logo-sapor-e1618419520128.png","width":140,"height":67,"caption":"Sapor Sp. z o. o."},"image":{"@id":"https:\/\/sapor.pl\/en\/#\/schema\/logo\/image\/"},"sameAs":["https:\/\/www.facebook.com\/SAPOR.Fabryka.okien.i.drzwi\/"]}]}},"_links":{"self":[{"href":"https:\/\/sapor.pl\/it\/wp-json\/wp\/v2\/pages\/4026","targetHints":{"allow":["GET"]}}],"collection":[{"href":"https:\/\/sapor.pl\/it\/wp-json\/wp\/v2\/pages"}],"about":[{"href":"https:\/\/sapor.pl\/it\/wp-json\/wp\/v2\/types\/page"}],"author":[{"embeddable":true,"href":"https:\/\/sapor.pl\/it\/wp-json\/wp\/v2\/users\/1"}],"replies":[{"embeddable":true,"href":"https:\/\/sapor.pl\/it\/wp-json\/wp\/v2\/comments?post=4026"}],"version-history":[{"count":2,"href":"https:\/\/sapor.pl\/it\/wp-json\/wp\/v2\/pages\/4026\/revisions"}],"predecessor-version":[{"id":4028,"href":"https:\/\/sapor.pl\/it\/wp-json\/wp\/v2\/pages\/4026\/revisions\/4028"}],"wp:attachment":[{"href":"https:\/\/sapor.pl\/it\/wp-json\/wp\/v2\/media?parent=4026"}],"curies":[{"name":"wp","href":"https:\/\/api.w.org\/{rel}","templated":true}]}}