{"id":4062,"date":"2023-09-10T17:17:08","date_gmt":"2023-09-10T15:17:08","guid":{"rendered":"https:\/\/sapor.pl\/?page_id=4062"},"modified":"2023-12-03T15:52:41","modified_gmt":"2023-12-03T14:52:41","slug":"veneziane-per-esterno-c80","status":"publish","type":"page","link":"https:\/\/sapor.pl\/it\/veneziane-per-esterno-c80\/","title":{"rendered":"Veneziane per esterno C80"},"content":{"rendered":"<div class=\"fusion-fullwidth fullwidth-box fusion-builder-row-1 fusion-flex-container nonhundred-percent-fullwidth non-hundred-percent-height-scrolling\" style=\"--awb-border-radius-top-left:0px;--awb-border-radius-top-right:0px;--awb-border-radius-bottom-right:0px;--awb-border-radius-bottom-left:0px;--awb-flex-wrap:wrap;\" ><div class=\"fusion-builder-row fusion-row fusion-flex-align-items-flex-start fusion-flex-content-wrap\" style=\"max-width:1528.8px;margin-left: calc(-4% \/ 2 );margin-right: calc(-4% \/ 2 );\"><div class=\"fusion-layout-column fusion_builder_column fusion-builder-column-0 fusion_builder_column_1_1 1_1 fusion-flex-column\" style=\"--awb-bg-size:cover;--awb-width-large:100%;--awb-margin-top-large:0px;--awb-spacing-right-large:1.92%;--awb-margin-bottom-large:20px;--awb-spacing-left-large:1.92%;--awb-width-medium:100%;--awb-order-medium:0;--awb-spacing-right-medium:1.92%;--awb-spacing-left-medium:1.92%;--awb-width-small:100%;--awb-order-small:0;--awb-spacing-right-small:1.92%;--awb-spacing-left-small:1.92%;\"><div class=\"fusion-column-wrapper fusion-column-has-shadow fusion-flex-justify-content-flex-start fusion-content-layout-column\"><div class=\"fusion-text fusion-text-1\"><h2><span style=\"font-weight: 400;\">Sistema di schermatura a Veneziane per esterno C80<\/span><\/h2>\n<\/div><div class=\"fusion-text fusion-text-2\"><h4><span style=\"font-weight: 400;\">Design moderno e precisa regolazione della luce | funzionalit\u00e0 di alto livello<\/span><\/h4>\n<\/div><\/div><\/div><div class=\"fusion-layout-column fusion_builder_column fusion-builder-column-1 fusion_builder_column_1_2 1_2 fusion-flex-column fusion-flex-align-self-center fusion-animated\" style=\"--awb-bg-size:cover;--awb-width-large:50%;--awb-margin-top-large:0px;--awb-spacing-right-large:3.84%;--awb-margin-bottom-large:20px;--awb-spacing-left-large:3.84%;--awb-width-medium:50%;--awb-order-medium:0;--awb-spacing-right-medium:3.84%;--awb-spacing-left-medium:3.84%;--awb-width-small:100%;--awb-order-small:0;--awb-spacing-right-small:1.92%;--awb-spacing-left-small:1.92%;\" data-animationType=\"slideInLeft\" data-animationDuration=\"0.9\" data-animationOffset=\"top-into-view\"><div class=\"fusion-column-wrapper fusion-column-has-shadow fusion-flex-justify-content-flex-start fusion-content-layout-column\"><div class=\"fusion-image-element \" style=\"--awb-caption-title-font-family:var(--h2_typography-font-family);--awb-caption-title-font-weight:var(--h2_typography-font-weight);--awb-caption-title-font-style:var(--h2_typography-font-style);--awb-caption-title-size:var(--h2_typography-font-size);--awb-caption-title-transform:var(--h2_typography-text-transform);--awb-caption-title-line-height:var(--h2_typography-line-height);--awb-caption-title-letter-spacing:var(--h2_typography-letter-spacing);\"><span class=\" fusion-imageframe imageframe-none imageframe-1 hover-type-zoomin\"><a href=\"https:\/\/sapor.pl\/wp-content\/uploads\/2021\/05\/zaluzje-fasadowe-c80-1.jpg\" class=\"fusion-lightbox\" data-rel=\"iLightbox[3dbd47b862b846c286f]\" data-title=\"zaluzje-fasadowe-c80-1\" title=\"zaluzje-fasadowe-c80-1\"><img decoding=\"async\" width=\"1200\" height=\"800\" src=\"https:\/\/sapor.pl\/wp-content\/uploads\/2021\/05\/zaluzje-fasadowe-c80-1.jpg\" data-orig-src=\"https:\/\/sapor.pl\/wp-content\/uploads\/2021\/05\/zaluzje-fasadowe-c80-1.jpg\" alt class=\"lazyload img-responsive wp-image-872\" srcset=\"data:image\/svg+xml,%3Csvg%20xmlns%3D%27http%3A%2F%2Fwww.w3.org%2F2000%2Fsvg%27%20width%3D%271200%27%20height%3D%27800%27%20viewBox%3D%270%200%201200%20800%27%3E%3Crect%20width%3D%271200%27%20height%3D%27800%27%20fill-opacity%3D%220%22%2F%3E%3C%2Fsvg%3E\" data-srcset=\"https:\/\/sapor.pl\/wp-content\/uploads\/2021\/05\/zaluzje-fasadowe-c80-1-200x133.jpg 200w, https:\/\/sapor.pl\/wp-content\/uploads\/2021\/05\/zaluzje-fasadowe-c80-1-400x267.jpg 400w, https:\/\/sapor.pl\/wp-content\/uploads\/2021\/05\/zaluzje-fasadowe-c80-1-600x400.jpg 600w, https:\/\/sapor.pl\/wp-content\/uploads\/2021\/05\/zaluzje-fasadowe-c80-1-800x533.jpg 800w, https:\/\/sapor.pl\/wp-content\/uploads\/2021\/05\/zaluzje-fasadowe-c80-1.jpg 1200w\" data-sizes=\"auto\" data-orig-sizes=\"(max-width: 1024px) 100vw, 800px\" \/><\/a><\/span><\/div><\/div><\/div><div class=\"fusion-layout-column fusion_builder_column fusion-builder-column-2 fusion_builder_column_1_2 1_2 fusion-flex-column fusion-animated\" style=\"--awb-bg-size:cover;--awb-width-large:50%;--awb-margin-top-large:0px;--awb-spacing-right-large:3.84%;--awb-margin-bottom-large:20px;--awb-spacing-left-large:3.84%;--awb-width-medium:50%;--awb-order-medium:0;--awb-spacing-right-medium:3.84%;--awb-spacing-left-medium:3.84%;--awb-width-small:100%;--awb-order-small:0;--awb-spacing-right-small:1.92%;--awb-spacing-left-small:1.92%;\" data-animationType=\"slideInRight\" data-animationDuration=\"0.3\" data-animationOffset=\"top-into-view\"><div class=\"fusion-column-wrapper fusion-column-has-shadow fusion-flex-justify-content-flex-start fusion-content-layout-column\">\n<div class=\"table-2\">\n<div class=\"table-2\">\n<div class=\"table-2\">\n<div class=\"table-2\">\n<table width=\"100%\">\n<thead>\n<tr>\n<th align=\"left\">Informazioni fondamentali<\/th>\n<th align=\"left\"><\/th>\n<\/tr>\n<\/thead>\n<tbody>\n<tr>\n<td align=\"left\"><strong>Sistema di schermatura<\/strong><\/td>\n<td align=\"left\">Veneziane per esterno C80<\/td>\n<\/tr>\n<tr>\n<td align=\"left\"><strong>Impiego<\/strong><\/td>\n<td align=\"left\">Prospetti, vetrate, facciate<\/td>\n<\/tr>\n<tr>\n<td align=\"left\"><strong>Materiali<\/strong><\/td>\n<td align=\"left\">cassonetto in alluminio estruso o lamiera schermante<\/td>\n<\/tr>\n<tr>\n<td align=\"left\"><strong>Colori<\/strong><\/td>\n<td align=\"left\">tavolozza RAL<\/td>\n<\/tr>\n<tr>\n<td align=\"left\"><strong>Metodo di montaggio<\/strong><\/td>\n<td align=\"left\">esterno<\/td>\n<\/tr>\n<tr>\n<td align=\"left\"><strong>Resistance to weather conditions<\/strong><\/td>\n<td align=\"left\">S\u00ec<\/td>\n<\/tr>\n<tr>\n<td align=\"left\"><strong>Resistenza alle radiazioni UV<\/strong><\/td>\n<td align=\"left\">S\u00ec<\/td>\n<\/tr>\n<tr>\n<td align=\"left\"><strong>Resistenza all\u2019umidit\u00e0<\/strong><\/td>\n<td align=\"left\">S\u00ec<\/td>\n<\/tr>\n<tr>\n<td align=\"left\"><strong>Dimensioni disponibili<\/strong><\/td>\n<td align=\"left\">adattabili alle dimensioni del prospetto e della facciata<\/td>\n<\/tr>\n<\/tbody>\n<\/table>\n<\/div>\n<\/div>\n<\/div>\n<\/div>\n<\/div><\/div><div class=\"fusion-layout-column fusion_builder_column fusion-builder-column-3 fusion_builder_column_1_2 1_2 fusion-flex-column fusion-flex-align-self-center fusion-animated\" style=\"--awb-bg-size:cover;--awb-width-large:50%;--awb-margin-top-large:0px;--awb-spacing-right-large:3.84%;--awb-margin-bottom-large:20px;--awb-spacing-left-large:3.84%;--awb-width-medium:50%;--awb-order-medium:0;--awb-spacing-right-medium:3.84%;--awb-spacing-left-medium:3.84%;--awb-width-small:100%;--awb-order-small:0;--awb-spacing-right-small:1.92%;--awb-spacing-left-small:1.92%;\" data-animationType=\"slideInLeft\" data-animationDuration=\"0.3\" data-animationOffset=\"top-into-view\"><div class=\"fusion-column-wrapper fusion-column-has-shadow fusion-flex-justify-content-flex-start fusion-content-layout-column\">\n<div class=\"table-2\">\n<div class=\"table-2\">\n<div class=\"table-2\">\n<table width=\"100%\">\n<thead>\n<tr>\n<th align=\"left\">Specifiche tecniche<\/th>\n<th align=\"left\"><\/th>\n<\/tr>\n<\/thead>\n<tbody>\n<tr>\n<td align=\"left\"><strong>Dimensioni delle veneziane<\/strong><\/td>\n<td align=\"left\">adattabili alle esigenze del cliente<\/td>\n<\/tr>\n<tr>\n<td align=\"left\"><strong>Ampiezza massima<\/strong><\/td>\n<td align=\"left\">fino a 4,5 metri<\/td>\n<\/tr>\n<tr>\n<td align=\"left\"><strong>Estensione massima<\/strong><\/td>\n<td align=\"left\">fino a 5 metri<\/td>\n<\/tr>\n<tr>\n<td align=\"left\"><strong>Classe di resistenza al vento<\/strong><\/td>\n<td align=\"left\">fino a 120 km\/h<\/td>\n<\/tr>\n<tr>\n<td align=\"left\"><strong>Altezza massima della terrazza<\/strong><\/td>\n<td align=\"left\">adattabile alle esigenze del cliente<\/td>\n<\/tr>\n<tr>\n<td align=\"left\"><strong>Propulsione elettrica<\/strong><\/td>\n<td align=\"left\">S\u00ec<\/td>\n<\/tr>\n<tr>\n<td align=\"left\"><strong>Funzionamento manuale<\/strong><\/td>\n<td align=\"left\">S\u00ec<\/td>\n<\/tr>\n<tr>\n<td align=\"left\"><strong>Forma delle lamelle<\/strong><\/td>\n<td align=\"left\">C<\/td>\n<\/tr>\n<tr>\n<td align=\"left\"><strong>Regolazione dell&#8217;angolo di inclinazione delle lamelle<\/strong><\/td>\n<td align=\"left\">da 0 a 180 gradi<\/td>\n<\/tr>\n<\/tbody>\n<\/table>\n<\/div>\n<\/div>\n<\/div>\n<\/div><\/div><div class=\"fusion-layout-column fusion_builder_column fusion-builder-column-4 fusion_builder_column_1_2 1_2 fusion-flex-column fusion-animated\" style=\"--awb-bg-size:cover;--awb-width-large:50%;--awb-margin-top-large:0px;--awb-spacing-right-large:3.84%;--awb-margin-bottom-large:20px;--awb-spacing-left-large:3.84%;--awb-width-medium:50%;--awb-order-medium:0;--awb-spacing-right-medium:3.84%;--awb-spacing-left-medium:3.84%;--awb-width-small:100%;--awb-order-small:0;--awb-spacing-right-small:1.92%;--awb-spacing-left-small:1.92%;\" data-animationType=\"slideInRight\" data-animationDuration=\"0.9\" data-animationOffset=\"top-into-view\"><div class=\"fusion-column-wrapper fusion-column-has-shadow fusion-flex-justify-content-flex-start fusion-content-layout-column\"><div class=\"fusion-image-element \" style=\"--awb-caption-title-font-family:var(--h2_typography-font-family);--awb-caption-title-font-weight:var(--h2_typography-font-weight);--awb-caption-title-font-style:var(--h2_typography-font-style);--awb-caption-title-size:var(--h2_typography-font-size);--awb-caption-title-transform:var(--h2_typography-text-transform);--awb-caption-title-line-height:var(--h2_typography-line-height);--awb-caption-title-letter-spacing:var(--h2_typography-letter-spacing);\"><span class=\" fusion-imageframe imageframe-none imageframe-2 hover-type-zoomin\"><a href=\"https:\/\/sapor.pl\/wp-content\/uploads\/2021\/05\/zaluzje-fasadowe-c80-5.jpg\" class=\"fusion-lightbox\" data-rel=\"iLightbox[b1f036c4cedcf879ec2]\" data-title=\"zaluzje-fasadowe-c80-5\" title=\"zaluzje-fasadowe-c80-5\"><img decoding=\"async\" width=\"1200\" height=\"800\" src=\"https:\/\/sapor.pl\/wp-content\/uploads\/2021\/05\/zaluzje-fasadowe-c80-5.jpg\" data-orig-src=\"https:\/\/sapor.pl\/wp-content\/uploads\/2021\/05\/zaluzje-fasadowe-c80-5.jpg\" alt class=\"lazyload img-responsive wp-image-876\" srcset=\"data:image\/svg+xml,%3Csvg%20xmlns%3D%27http%3A%2F%2Fwww.w3.org%2F2000%2Fsvg%27%20width%3D%271200%27%20height%3D%27800%27%20viewBox%3D%270%200%201200%20800%27%3E%3Crect%20width%3D%271200%27%20height%3D%27800%27%20fill-opacity%3D%220%22%2F%3E%3C%2Fsvg%3E\" data-srcset=\"https:\/\/sapor.pl\/wp-content\/uploads\/2021\/05\/zaluzje-fasadowe-c80-5-200x133.jpg 200w, https:\/\/sapor.pl\/wp-content\/uploads\/2021\/05\/zaluzje-fasadowe-c80-5-400x267.jpg 400w, https:\/\/sapor.pl\/wp-content\/uploads\/2021\/05\/zaluzje-fasadowe-c80-5-600x400.jpg 600w, https:\/\/sapor.pl\/wp-content\/uploads\/2021\/05\/zaluzje-fasadowe-c80-5-800x533.jpg 800w, https:\/\/sapor.pl\/wp-content\/uploads\/2021\/05\/zaluzje-fasadowe-c80-5.jpg 1200w\" data-sizes=\"auto\" data-orig-sizes=\"(max-width: 1024px) 100vw, 800px\" \/><\/a><\/span><\/div><\/div><\/div><div class=\"fusion-layout-column fusion_builder_column fusion-builder-column-5 fusion_builder_column_1_1 1_1 fusion-flex-column\" style=\"--awb-bg-size:cover;--awb-width-large:100%;--awb-margin-top-large:0px;--awb-spacing-right-large:1.92%;--awb-margin-bottom-large:20px;--awb-spacing-left-large:1.92%;--awb-width-medium:100%;--awb-order-medium:0;--awb-spacing-right-medium:1.92%;--awb-spacing-left-medium:1.92%;--awb-width-small:100%;--awb-order-small:0;--awb-spacing-right-small:1.92%;--awb-spacing-left-small:1.92%;\"><div class=\"fusion-column-wrapper fusion-column-has-shadow fusion-flex-justify-content-flex-start fusion-content-layout-column\"><div class=\"fusion-text fusion-text-3\"><h3>Conosciamo il sistema di schermatura a Veneziane per esterno C80<\/h3>\n<p>Il sistema di schermatura a Veneziane per esterno C80 \u00e8 una soluzione innovativa per chi desidera una protezione funzionale contro l&#8217;eccessivo irraggiamento solare e la garanzia di una regolazione precisa della quantit\u00e0 di luce in ingresso. Realizzate in alluminio, le Veneziane C80 sono caratterizzate da un design moderno che si adatta perfettamente a vari generi di prospetti e facciate. Grazie alla possibilit\u00e0 di regolare l&#8217;angolo delle lamelle da 0 a 180 gradi, gli utilizzatori possono dosare l&#8217;illuminazione interna secondo le proprie preferenze, ottenendo intimit\u00e0 e comfort negli ambienti interni.<\/p>\n<h3>Impiego del sistema di schermatura a Veneziane per esterno C80<\/h3>\n<p>&#8211; Sulle facciate degli edifici, per controllare l\u2019irraggiamento solare e la temperatura interna, nonch\u00e9 per garantire un aspetto esterno gradevole.<\/p>\n<p>&#8211; Sulle grandi vetrate, per dosare efficacemente la quantit\u00e0 di luce in ingresso ed evitare un eccessivo riscaldamento degli ambienti.<\/p>\n<p>&#8211; Sulle facciate di strutture pubbliche come uffici, alberghi e centri commerciali, per creare un aspetto professionale e moderno.<\/p>\n<h3>A chi raccomandiamo il sistema di schermatura a Veneziane per esterno C80?<\/h3>\n<p>A coloro che apprezzano il design moderno e la funzionalit\u00e0 in un unico prodotto.<\/p>\n<p>Ad architetti e investitori che desiderano integrare soluzioni innovative e belle negli edifici che progettano.<\/p>\n<h3>Quale cliente finale potrebbe essere interessato al sistema di schermatura a Veneziane per esterno C80?<\/h3>\n<p>Clienti che desiderano una regolazione precisa della luce e il mantenimento della riservatezza all&#8217;interno della propria casa o del proprio ufficio.<\/p>\n<p>Persone che cercano una soluzione che protegga efficacemente gli ambienti dall&#8217;eccesso di luce solare e dal surriscaldamento.<\/p>\n<h3>Una buona alternativa al sistema di schermatura a Veneziane per esterno C80: facciate a pannelli Reynaers<\/h3>\n<p>Se sei interessato a una flessibilit\u00e0 di progettazione ancora maggiore e a soluzioni tecniche avanzate, potresti considerare in alternativa le facciate a pannelli Reynaers. Questo modello offre soluzioni moderne e possibilit\u00e0 di personalizzazione esclusive.<\/p>\n<h3>Maggiori informazioni sul produttore del sistema di schermatura a Veneziane per esterno C80<\/h3>\n<p>L&#8217;azienda produttrice di Veneziane per esterno C80 \u00e8 apprezzata per i sistemi di schermatura innovativi ed \u00e8 nota per l\u2019elevata qualit\u00e0 e professionalit\u00e0. Il sistema di schermatura a Veneziane per esterno C80 \u00e8 il risultato del suo impegno nel creare soluzioni eccellenti per i clienti.<\/p>\n<h4>Maggiori informazioni sui punti di forza del sistema di schermatura a Veneziane per esterno C80<\/h4>\n<p>&#8211; Alluminio durevole e resistenza all&#8217;umidit\u00e0 e alle radiazioni UV, che garantiscono funzionalit\u00e0 e bellezza a lungo termine.<\/p>\n<p>&#8211; Regolazione precisa dell&#8217;angolo di inclinazione delle lamelle, che consente il pieno controllo della quantit\u00e0 di luce negli ambienti.<\/p>\n<h3>Sintesi del sistema di schermatura a Veneziane per esterno C80<\/h3>\n<p>Il sistema di schermatura a Veneziane per esterno C80 costituisce la soluzione perfetta per chi desidera una protezione avanzata dall\u2019irraggiamento solare e un design moderno per prospetti e facciate. In virt\u00f9 dei parametri tecnici avanzati, questa schermatura garantisce un uso confortevole, creando nel contempo strutture dall\u2019aspetto professionale. Scegli il sistema di schermatura a Veneziane per esterno C80 per garantire efficienza ed eleganza ai tuoi progetti architettonici.<\/p>\n<\/div><\/div><\/div><\/div><\/div>\n","protected":false},"excerpt":{"rendered":"","protected":false},"author":1,"featured_media":0,"parent":0,"menu_order":0,"comment_status":"closed","ping_status":"closed","template":"","meta":{"footnotes":""},"class_list":["post-4062","page","type-page","status-publish","hentry"],"yoast_head":"<!-- This site is optimized with the Yoast SEO plugin v26.5 - https:\/\/yoast.com\/wordpress\/plugins\/seo\/ -->\n<title>Veneziane per esterno C80 - Sapor<\/title>\n<meta name=\"robots\" content=\"index, follow, max-snippet:-1, max-image-preview:large, max-video-preview:-1\" \/>\n<link rel=\"canonical\" href=\"https:\/\/sapor.pl\/zaluzje-fasadowe-c80\/\" \/>\n<meta property=\"og:locale\" content=\"it_IT\" \/>\n<meta property=\"og:type\" content=\"article\" \/>\n<meta property=\"og:title\" content=\"Veneziane per esterno C80 - Sapor\" \/>\n<meta property=\"og:url\" content=\"https:\/\/sapor.pl\/zaluzje-fasadowe-c80\/\" \/>\n<meta property=\"og:site_name\" content=\"Sapor\" \/>\n<meta property=\"article:publisher\" content=\"https:\/\/www.facebook.com\/SAPOR.Fabryka.okien.i.drzwi\/\" \/>\n<meta property=\"article:modified_time\" content=\"2023-12-03T14:52:41+00:00\" \/>\n<meta name=\"twitter:card\" content=\"summary_large_image\" \/>\n<meta name=\"twitter:label1\" content=\"Tempo di lettura stimato\" \/>\n\t<meta name=\"twitter:data1\" content=\"10 minuti\" \/>\n<script type=\"application\/ld+json\" class=\"yoast-schema-graph\">{\"@context\":\"https:\/\/schema.org\",\"@graph\":[{\"@type\":\"WebPage\",\"@id\":\"https:\/\/sapor.pl\/zaluzje-fasadowe-c80\/\",\"url\":\"https:\/\/sapor.pl\/zaluzje-fasadowe-c80\/\",\"name\":\"Veneziane per esterno C80 - Sapor\",\"isPartOf\":{\"@id\":\"https:\/\/sapor.pl\/en\/#website\"},\"datePublished\":\"2023-09-10T15:17:08+00:00\",\"dateModified\":\"2023-12-03T14:52:41+00:00\",\"breadcrumb\":{\"@id\":\"https:\/\/sapor.pl\/zaluzje-fasadowe-c80\/#breadcrumb\"},\"inLanguage\":\"it-IT\",\"potentialAction\":[{\"@type\":\"ReadAction\",\"target\":[\"https:\/\/sapor.pl\/zaluzje-fasadowe-c80\/\"]}]},{\"@type\":\"BreadcrumbList\",\"@id\":\"https:\/\/sapor.pl\/zaluzje-fasadowe-c80\/#breadcrumb\",\"itemListElement\":[{\"@type\":\"ListItem\",\"position\":1,\"name\":\"Homepage\",\"item\":\"https:\/\/sapor.pl\/de\/\"},{\"@type\":\"ListItem\",\"position\":2,\"name\":\"Veneziane per esterno C80\"}]},{\"@type\":\"WebSite\",\"@id\":\"https:\/\/sapor.pl\/en\/#website\",\"url\":\"https:\/\/sapor.pl\/en\/\",\"name\":\"Sapor\",\"description\":\"\",\"publisher\":{\"@id\":\"https:\/\/sapor.pl\/en\/#organization\"},\"potentialAction\":[{\"@type\":\"SearchAction\",\"target\":{\"@type\":\"EntryPoint\",\"urlTemplate\":\"https:\/\/sapor.pl\/en\/?s={search_term_string}\"},\"query-input\":{\"@type\":\"PropertyValueSpecification\",\"valueRequired\":true,\"valueName\":\"search_term_string\"}}],\"inLanguage\":\"it-IT\"},{\"@type\":\"Organization\",\"@id\":\"https:\/\/sapor.pl\/en\/#organization\",\"name\":\"Sapor Sp. z o. o.\",\"url\":\"https:\/\/sapor.pl\/en\/\",\"logo\":{\"@type\":\"ImageObject\",\"inLanguage\":\"it-IT\",\"@id\":\"https:\/\/sapor.pl\/en\/#\/schema\/logo\/image\/\",\"url\":\"https:\/\/sapor.pl\/wp-content\/uploads\/2021\/04\/logo-sapor-e1618419520128.png\",\"contentUrl\":\"https:\/\/sapor.pl\/wp-content\/uploads\/2021\/04\/logo-sapor-e1618419520128.png\",\"width\":140,\"height\":67,\"caption\":\"Sapor Sp. z o. o.\"},\"image\":{\"@id\":\"https:\/\/sapor.pl\/en\/#\/schema\/logo\/image\/\"},\"sameAs\":[\"https:\/\/www.facebook.com\/SAPOR.Fabryka.okien.i.drzwi\/\"]}]}<\/script>\n<!-- \/ Yoast SEO plugin. -->","yoast_head_json":{"title":"Veneziane per esterno C80 - Sapor","robots":{"index":"index","follow":"follow","max-snippet":"max-snippet:-1","max-image-preview":"max-image-preview:large","max-video-preview":"max-video-preview:-1"},"canonical":"https:\/\/sapor.pl\/zaluzje-fasadowe-c80\/","og_locale":"it_IT","og_type":"article","og_title":"Veneziane per esterno C80 - Sapor","og_url":"https:\/\/sapor.pl\/zaluzje-fasadowe-c80\/","og_site_name":"Sapor","article_publisher":"https:\/\/www.facebook.com\/SAPOR.Fabryka.okien.i.drzwi\/","article_modified_time":"2023-12-03T14:52:41+00:00","twitter_card":"summary_large_image","twitter_misc":{"Tempo di lettura stimato":"10 minuti"},"schema":{"@context":"https:\/\/schema.org","@graph":[{"@type":"WebPage","@id":"https:\/\/sapor.pl\/zaluzje-fasadowe-c80\/","url":"https:\/\/sapor.pl\/zaluzje-fasadowe-c80\/","name":"Veneziane per esterno C80 - Sapor","isPartOf":{"@id":"https:\/\/sapor.pl\/en\/#website"},"datePublished":"2023-09-10T15:17:08+00:00","dateModified":"2023-12-03T14:52:41+00:00","breadcrumb":{"@id":"https:\/\/sapor.pl\/zaluzje-fasadowe-c80\/#breadcrumb"},"inLanguage":"it-IT","potentialAction":[{"@type":"ReadAction","target":["https:\/\/sapor.pl\/zaluzje-fasadowe-c80\/"]}]},{"@type":"BreadcrumbList","@id":"https:\/\/sapor.pl\/zaluzje-fasadowe-c80\/#breadcrumb","itemListElement":[{"@type":"ListItem","position":1,"name":"Homepage","item":"https:\/\/sapor.pl\/de\/"},{"@type":"ListItem","position":2,"name":"Veneziane per esterno C80"}]},{"@type":"WebSite","@id":"https:\/\/sapor.pl\/en\/#website","url":"https:\/\/sapor.pl\/en\/","name":"Sapor","description":"","publisher":{"@id":"https:\/\/sapor.pl\/en\/#organization"},"potentialAction":[{"@type":"SearchAction","target":{"@type":"EntryPoint","urlTemplate":"https:\/\/sapor.pl\/en\/?s={search_term_string}"},"query-input":{"@type":"PropertyValueSpecification","valueRequired":true,"valueName":"search_term_string"}}],"inLanguage":"it-IT"},{"@type":"Organization","@id":"https:\/\/sapor.pl\/en\/#organization","name":"Sapor Sp. z o. o.","url":"https:\/\/sapor.pl\/en\/","logo":{"@type":"ImageObject","inLanguage":"it-IT","@id":"https:\/\/sapor.pl\/en\/#\/schema\/logo\/image\/","url":"https:\/\/sapor.pl\/wp-content\/uploads\/2021\/04\/logo-sapor-e1618419520128.png","contentUrl":"https:\/\/sapor.pl\/wp-content\/uploads\/2021\/04\/logo-sapor-e1618419520128.png","width":140,"height":67,"caption":"Sapor Sp. z o. o."},"image":{"@id":"https:\/\/sapor.pl\/en\/#\/schema\/logo\/image\/"},"sameAs":["https:\/\/www.facebook.com\/SAPOR.Fabryka.okien.i.drzwi\/"]}]}},"_links":{"self":[{"href":"https:\/\/sapor.pl\/it\/wp-json\/wp\/v2\/pages\/4062","targetHints":{"allow":["GET"]}}],"collection":[{"href":"https:\/\/sapor.pl\/it\/wp-json\/wp\/v2\/pages"}],"about":[{"href":"https:\/\/sapor.pl\/it\/wp-json\/wp\/v2\/types\/page"}],"author":[{"embeddable":true,"href":"https:\/\/sapor.pl\/it\/wp-json\/wp\/v2\/users\/1"}],"replies":[{"embeddable":true,"href":"https:\/\/sapor.pl\/it\/wp-json\/wp\/v2\/comments?post=4062"}],"version-history":[{"count":3,"href":"https:\/\/sapor.pl\/it\/wp-json\/wp\/v2\/pages\/4062\/revisions"}],"predecessor-version":[{"id":7288,"href":"https:\/\/sapor.pl\/it\/wp-json\/wp\/v2\/pages\/4062\/revisions\/7288"}],"wp:attachment":[{"href":"https:\/\/sapor.pl\/it\/wp-json\/wp\/v2\/media?parent=4062"}],"curies":[{"name":"wp","href":"https:\/\/api.w.org\/{rel}","templated":true}]}}