{"id":4066,"date":"2021-05-23T19:05:27","date_gmt":"2021-05-23T17:05:27","guid":{"rendered":"https:\/\/sapor.pl\/zaluzje-fasadowe-z90\/"},"modified":"2023-12-03T15:53:10","modified_gmt":"2023-12-03T14:53:10","slug":"veneziane-per-esterno-z90","status":"publish","type":"page","link":"https:\/\/sapor.pl\/it\/veneziane-per-esterno-z90\/","title":{"rendered":"Veneziane per esterno Z90"},"content":{"rendered":"<div class=\"fusion-fullwidth fullwidth-box fusion-builder-row-1 fusion-flex-container nonhundred-percent-fullwidth non-hundred-percent-height-scrolling\" style=\"--awb-border-radius-top-left:0px;--awb-border-radius-top-right:0px;--awb-border-radius-bottom-right:0px;--awb-border-radius-bottom-left:0px;--awb-flex-wrap:wrap;\" ><div class=\"fusion-builder-row fusion-row fusion-flex-align-items-flex-start fusion-flex-content-wrap\" style=\"max-width:1528.8px;margin-left: calc(-4% \/ 2 );margin-right: calc(-4% \/ 2 );\"><div class=\"fusion-layout-column fusion_builder_column fusion-builder-column-0 fusion_builder_column_1_1 1_1 fusion-flex-column\" style=\"--awb-bg-size:cover;--awb-width-large:100%;--awb-margin-top-large:0px;--awb-spacing-right-large:1.92%;--awb-margin-bottom-large:20px;--awb-spacing-left-large:1.92%;--awb-width-medium:100%;--awb-order-medium:0;--awb-spacing-right-medium:1.92%;--awb-spacing-left-medium:1.92%;--awb-width-small:100%;--awb-order-small:0;--awb-spacing-right-small:1.92%;--awb-spacing-left-small:1.92%;\"><div class=\"fusion-column-wrapper fusion-column-has-shadow fusion-flex-justify-content-flex-start fusion-content-layout-column\"><div class=\"fusion-text fusion-text-1\"><h2><span style=\"font-weight: 400;\">Sistema di schermatura a Veneziane per esterno Z90<\/span><\/h2>\n<\/div><div class=\"fusion-text fusion-text-2\"><h4><span style=\"font-weight: 400;\">Modernit\u00e0 ed efficienza | la soluzione perfetta per ampie superfici vetrate<\/span><\/h4>\n<\/div><\/div><\/div><div class=\"fusion-layout-column fusion_builder_column fusion-builder-column-1 fusion_builder_column_1_2 1_2 fusion-flex-column fusion-flex-align-self-center fusion-animated\" style=\"--awb-bg-size:cover;--awb-width-large:50%;--awb-margin-top-large:0px;--awb-spacing-right-large:3.84%;--awb-margin-bottom-large:20px;--awb-spacing-left-large:3.84%;--awb-width-medium:50%;--awb-order-medium:0;--awb-spacing-right-medium:3.84%;--awb-spacing-left-medium:3.84%;--awb-width-small:100%;--awb-order-small:0;--awb-spacing-right-small:1.92%;--awb-spacing-left-small:1.92%;\" data-animationType=\"slideInLeft\" data-animationDuration=\"0.9\" data-animationOffset=\"top-into-view\"><div class=\"fusion-column-wrapper fusion-column-has-shadow fusion-flex-justify-content-flex-start fusion-content-layout-column\"><div class=\"fusion-image-element \" style=\"--awb-caption-title-font-family:var(--h2_typography-font-family);--awb-caption-title-font-weight:var(--h2_typography-font-weight);--awb-caption-title-font-style:var(--h2_typography-font-style);--awb-caption-title-size:var(--h2_typography-font-size);--awb-caption-title-transform:var(--h2_typography-text-transform);--awb-caption-title-line-height:var(--h2_typography-line-height);--awb-caption-title-letter-spacing:var(--h2_typography-letter-spacing);\"><span class=\" fusion-imageframe imageframe-none imageframe-1 hover-type-zoomin\"><a href=\"https:\/\/sapor.pl\/wp-content\/uploads\/2021\/05\/zaluzje-fasadowe-c80-3.jpg\" class=\"fusion-lightbox\" data-rel=\"iLightbox[30ca95f9011c7cb5fab]\" data-title=\"zaluzje-fasadowe-c80-3\" title=\"zaluzje-fasadowe-c80-3\"><img decoding=\"async\" width=\"1200\" height=\"797\" src=\"https:\/\/sapor.pl\/wp-content\/uploads\/2021\/05\/zaluzje-fasadowe-c80-3.jpg\" data-orig-src=\"https:\/\/sapor.pl\/wp-content\/uploads\/2021\/05\/zaluzje-fasadowe-c80-3.jpg\" alt class=\"lazyload img-responsive wp-image-882\" srcset=\"data:image\/svg+xml,%3Csvg%20xmlns%3D%27http%3A%2F%2Fwww.w3.org%2F2000%2Fsvg%27%20width%3D%271200%27%20height%3D%27797%27%20viewBox%3D%270%200%201200%20797%27%3E%3Crect%20width%3D%271200%27%20height%3D%27797%27%20fill-opacity%3D%220%22%2F%3E%3C%2Fsvg%3E\" data-srcset=\"https:\/\/sapor.pl\/wp-content\/uploads\/2021\/05\/zaluzje-fasadowe-c80-3-200x133.jpg 200w, https:\/\/sapor.pl\/wp-content\/uploads\/2021\/05\/zaluzje-fasadowe-c80-3-400x266.jpg 400w, https:\/\/sapor.pl\/wp-content\/uploads\/2021\/05\/zaluzje-fasadowe-c80-3-600x399.jpg 600w, https:\/\/sapor.pl\/wp-content\/uploads\/2021\/05\/zaluzje-fasadowe-c80-3-800x531.jpg 800w, https:\/\/sapor.pl\/wp-content\/uploads\/2021\/05\/zaluzje-fasadowe-c80-3.jpg 1200w\" data-sizes=\"auto\" data-orig-sizes=\"(max-width: 1024px) 100vw, 800px\" \/><\/a><\/span><\/div><\/div><\/div><div class=\"fusion-layout-column fusion_builder_column fusion-builder-column-2 fusion_builder_column_1_2 1_2 fusion-flex-column fusion-animated\" style=\"--awb-bg-size:cover;--awb-width-large:50%;--awb-margin-top-large:0px;--awb-spacing-right-large:3.84%;--awb-margin-bottom-large:20px;--awb-spacing-left-large:3.84%;--awb-width-medium:50%;--awb-order-medium:0;--awb-spacing-right-medium:3.84%;--awb-spacing-left-medium:3.84%;--awb-width-small:100%;--awb-order-small:0;--awb-spacing-right-small:1.92%;--awb-spacing-left-small:1.92%;\" data-animationType=\"slideInRight\" data-animationDuration=\"0.3\" data-animationOffset=\"top-into-view\"><div class=\"fusion-column-wrapper fusion-column-has-shadow fusion-flex-justify-content-flex-start fusion-content-layout-column\">\n<div class=\"table-2\">\n<div class=\"table-2\">\n<div class=\"table-2\">\n<table width=\"100%\">\n<thead>\n<tr>\n<th align=\"left\">Informazioni fondamentali<\/th>\n<th align=\"left\"><\/th>\n<\/tr>\n<\/thead>\n<tbody>\n<tr>\n<td align=\"left\"><strong>Sistema di schermatura<\/strong><\/td>\n<td align=\"left\">Veneziane per esterno Z90<\/td>\n<\/tr>\n<tr>\n<td align=\"left\"><strong>Impiego<\/strong><\/td>\n<td align=\"left\">Ampie superfici vetrate, facciate<\/td>\n<\/tr>\n<tr>\n<td align=\"left\"><strong>Materiale<\/strong><\/td>\n<td align=\"left\">alluminio estruso<\/td>\n<\/tr>\n<tr>\n<td align=\"left\"><strong>Colori<\/strong><\/td>\n<td align=\"left\">tavolozza RAL<\/td>\n<\/tr>\n<tr>\n<td align=\"left\"><strong>Metodo di montaggio<\/strong><\/td>\n<td align=\"left\">esterno<\/td>\n<\/tr>\n<tr>\n<td align=\"left\"><strong>Resistenza agli agenti atmosferici<\/strong><\/td>\n<td align=\"left\">S\u00ec<\/td>\n<\/tr>\n<tr>\n<td align=\"left\"><strong>Resistenza alle radiazioni UV<\/strong><\/td>\n<td align=\"left\">S\u00ec<\/td>\n<\/tr>\n<tr>\n<td align=\"left\"><strong>Resistenza all\u2019umidit\u00e0<\/strong><\/td>\n<td align=\"left\">S\u00ec<\/td>\n<\/tr>\n<tr>\n<td align=\"left\"><strong>Dimensioni disponibili<\/strong><\/td>\n<td align=\"left\">adattabili alle dimensioni delle facciate e vetrate di grande superficie<\/td>\n<\/tr>\n<\/tbody>\n<\/table>\n<\/div>\n<\/div>\n<\/div>\n<\/div><\/div><div class=\"fusion-layout-column fusion_builder_column fusion-builder-column-3 fusion_builder_column_1_2 1_2 fusion-flex-column fusion-flex-align-self-center fusion-animated\" style=\"--awb-bg-size:cover;--awb-width-large:50%;--awb-margin-top-large:0px;--awb-spacing-right-large:3.84%;--awb-margin-bottom-large:20px;--awb-spacing-left-large:3.84%;--awb-width-medium:50%;--awb-order-medium:0;--awb-spacing-right-medium:3.84%;--awb-spacing-left-medium:3.84%;--awb-width-small:100%;--awb-order-small:0;--awb-spacing-right-small:1.92%;--awb-spacing-left-small:1.92%;\" data-animationType=\"slideInLeft\" data-animationDuration=\"0.3\" data-animationOffset=\"top-into-view\"><div class=\"fusion-column-wrapper fusion-column-has-shadow fusion-flex-justify-content-flex-start fusion-content-layout-column\">\n<div class=\"table-2\">\n<div class=\"table-2\">\n<table width=\"100%\">\n<thead>\n<tr>\n<th align=\"left\">Specifiche tecniche<\/th>\n<th align=\"left\"><\/th>\n<\/tr>\n<\/thead>\n<tbody>\n<tr>\n<td align=\"left\"><strong>Dimensioni delle veneziane<\/strong><\/td>\n<td align=\"left\">adattabili alle esigenze del cliente<\/td>\n<\/tr>\n<tr>\n<td align=\"left\"><strong>Ampiezza massima<\/strong><\/td>\n<td align=\"left\">fino a 4,5 metri<\/td>\n<\/tr>\n<tr>\n<td align=\"left\"><strong>Estensione massima<\/strong><\/td>\n<td align=\"left\">fino a 5 metri<\/td>\n<\/tr>\n<tr>\n<td align=\"left\"><strong>Classe di resistenza al vento<\/strong><\/td>\n<td align=\"left\">fino a 160 km\/h<\/td>\n<\/tr>\n<tr>\n<td align=\"left\"><strong>Altezza massima della terrazza<\/strong><\/td>\n<td align=\"left\">adattabile alle esigenze del cliente<\/td>\n<\/tr>\n<tr>\n<td align=\"left\"><strong>Propulsione elettrica<\/strong><\/td>\n<td align=\"left\">S\u00ec<\/td>\n<\/tr>\n<tr>\n<td align=\"left\"><strong>Funzionamento manuale<\/strong><\/td>\n<td align=\"left\">S\u00ec<\/td>\n<\/tr>\n<tr>\n<td align=\"left\"><strong>Forma delle lamelle<\/strong><\/td>\n<td align=\"left\">Z<\/td>\n<\/tr>\n<tr>\n<td align=\"left\"><strong>Regolazione dell&#8217;angolo di inclinazione delle lamelle<\/strong><\/td>\n<td align=\"left\">da 0 a 135 gradi<\/td>\n<\/tr>\n<\/tbody>\n<\/table>\n<\/div>\n<\/div>\n<\/div><\/div><div class=\"fusion-layout-column fusion_builder_column fusion-builder-column-4 fusion_builder_column_1_2 1_2 fusion-flex-column fusion-animated\" style=\"--awb-bg-size:cover;--awb-width-large:50%;--awb-margin-top-large:0px;--awb-spacing-right-large:3.84%;--awb-margin-bottom-large:20px;--awb-spacing-left-large:3.84%;--awb-width-medium:50%;--awb-order-medium:0;--awb-spacing-right-medium:3.84%;--awb-spacing-left-medium:3.84%;--awb-width-small:100%;--awb-order-small:0;--awb-spacing-right-small:1.92%;--awb-spacing-left-small:1.92%;\" data-animationType=\"slideInRight\" data-animationDuration=\"0.9\" data-animationOffset=\"top-into-view\"><div class=\"fusion-column-wrapper fusion-column-has-shadow fusion-flex-justify-content-flex-start fusion-content-layout-column\"><div class=\"fusion-image-element \" style=\"--awb-caption-title-font-family:var(--h2_typography-font-family);--awb-caption-title-font-weight:var(--h2_typography-font-weight);--awb-caption-title-font-style:var(--h2_typography-font-style);--awb-caption-title-size:var(--h2_typography-font-size);--awb-caption-title-transform:var(--h2_typography-text-transform);--awb-caption-title-line-height:var(--h2_typography-line-height);--awb-caption-title-letter-spacing:var(--h2_typography-letter-spacing);\"><span class=\" fusion-imageframe imageframe-none imageframe-2 hover-type-zoomin\"><a href=\"https:\/\/sapor.pl\/wp-content\/uploads\/2021\/05\/zaluzje-fasadowe-c80-2.jpg\" class=\"fusion-lightbox\" data-rel=\"iLightbox[ffc7733259178eb4f26]\" data-title=\"zaluzje-fasadowe-c80-2\" title=\"zaluzje-fasadowe-c80-2\"><img decoding=\"async\" width=\"1200\" height=\"800\" src=\"https:\/\/sapor.pl\/wp-content\/uploads\/2021\/05\/zaluzje-fasadowe-c80-2.jpg\" data-orig-src=\"https:\/\/sapor.pl\/wp-content\/uploads\/2021\/05\/zaluzje-fasadowe-c80-2.jpg\" alt class=\"lazyload img-responsive wp-image-886\" srcset=\"data:image\/svg+xml,%3Csvg%20xmlns%3D%27http%3A%2F%2Fwww.w3.org%2F2000%2Fsvg%27%20width%3D%271200%27%20height%3D%27800%27%20viewBox%3D%270%200%201200%20800%27%3E%3Crect%20width%3D%271200%27%20height%3D%27800%27%20fill-opacity%3D%220%22%2F%3E%3C%2Fsvg%3E\" data-srcset=\"https:\/\/sapor.pl\/wp-content\/uploads\/2021\/05\/zaluzje-fasadowe-c80-2-200x133.jpg 200w, https:\/\/sapor.pl\/wp-content\/uploads\/2021\/05\/zaluzje-fasadowe-c80-2-400x267.jpg 400w, https:\/\/sapor.pl\/wp-content\/uploads\/2021\/05\/zaluzje-fasadowe-c80-2-600x400.jpg 600w, https:\/\/sapor.pl\/wp-content\/uploads\/2021\/05\/zaluzje-fasadowe-c80-2-800x533.jpg 800w, https:\/\/sapor.pl\/wp-content\/uploads\/2021\/05\/zaluzje-fasadowe-c80-2.jpg 1200w\" data-sizes=\"auto\" data-orig-sizes=\"(max-width: 1024px) 100vw, 800px\" \/><\/a><\/span><\/div><\/div><\/div><div class=\"fusion-layout-column fusion_builder_column fusion-builder-column-5 fusion_builder_column_1_1 1_1 fusion-flex-column\" style=\"--awb-bg-size:cover;--awb-width-large:100%;--awb-margin-top-large:0px;--awb-spacing-right-large:1.92%;--awb-margin-bottom-large:20px;--awb-spacing-left-large:1.92%;--awb-width-medium:100%;--awb-order-medium:0;--awb-spacing-right-medium:1.92%;--awb-spacing-left-medium:1.92%;--awb-width-small:100%;--awb-order-small:0;--awb-spacing-right-small:1.92%;--awb-spacing-left-small:1.92%;\"><div class=\"fusion-column-wrapper fusion-column-has-shadow fusion-flex-justify-content-flex-start fusion-content-layout-column\"><div class=\"fusion-text fusion-text-3\"><h3>Conosciamo il sistema di schermatura a Veneziane per esterno Z90<\/h3>\n<p>Il sistema di schermatura a Veneziane per esterno Z90 \u00e8 una soluzione innovativa per coloro che cercano schermature moderne ed efficienti per grandi superfici vetrate. Realizzate in alluminio, le Veneziane Z90 offrono un&#8217;eccellente protezione contro l&#8217;eccessivo irraggiamento solare, ma con la possibilit\u00e0 di dosare con precisione la quantit\u00e0 di luce in ingresso. L&#8217;adozione delle Veneziane per esterno Z90 \u00e8 particolarmente vantaggiosa per grandi facciate e vetrate, dove \u00e8 importante non solo la protezione dalla luce solare, ma anche l\u2019aspetto moderno ed elegante dell&#8217;edificio.<\/p>\n<h3>Impiego del sistema di schermatura a Veneziane per esterno Z90<\/h3>\n<p>&#8211; Negli edifici per uffici e negli edifici di pubblica utilit\u00e0, per garantire un&#8217;efficace protezione dalla radiazione solare e garantire condizioni di lavoro e di utilizzo confortevoli.<\/p>\n<p>&#8211; Nei grandi complessi commerciali e nelle gallerie commerciali, dove le facciate costituiscono una parte significativa della superficie dell&#8217;edificio ed \u00e8 necessario garantire un&#8217;adeguata protezione dalle radiazioni UV e dal riscaldamento degli interni.<\/p>\n<p>&#8211; In spazi ricreativi come piscine o centri sportivi, per garantire ai frequentatori condizioni confortevoli e un aspetto gradevole.<\/p>\n<h3>A chi raccomandiamo il sistema di schermatura a Veneziane per esterno Z90?<\/h3>\n<p>A coloro che cercano soluzioni avanzate per schermare grandi superfici vetrate.<\/p>\n<p>A investitori, architetti e sviluppatori che desiderano realizzare edifici moderni e funzionali che soddisfino elevati standard estetici.<\/p>\n<h3>Quale cliente finale potrebbe essere interessato al sistema di schermatura a Veneziane per esterno Z90?<\/h3>\n<p>Clienti che desiderano ottenere una regolazione perfetta dell&#8217;illuminazione e mantenere il pieno controllo sull&#8217;irraggiamento solare all&#8217;interno del proprio edificio.<\/p>\n<p>Persone che apprezzano il design moderno e che vogliono sottolineare il carattere esclusivo della propria architettura.<\/p>\n<h3>Una buona alternativa al sistema di schermatura a Veneziane per esterno Z90: Veneziane per esterno Z70<\/h3>\n<p>Se sei interessato a una flessibilit\u00e0 ancora maggiore nella regolazione dell&#8217;angolo di inclinazione delle lamelle, potresti considerare in alternativa le veneziane per esterno Z70. Questo modello offre vantaggi simili, ma consente una regolazione ancora pi\u00f9 precisa dell&#8217;illuminazione negli interni.<\/p>\n<h3>Maggiori informazioni sul produttore del sistema di schermatura a Veneziane per esterno Z90<\/h3>\n<p>L&#8217;azienda produttrice delle Veneziane per esterno Z90 \u00e8 apprezzata per i sistemi di schermatura innovativi ed \u00e8 nota per l\u2019elevata qualit\u00e0 e professionalit\u00e0. Il sistema di schermatura a Veneziane per esterno Z90 \u00e8 il risultato del suo impegno nel creare soluzioni eccellenti per i clienti.<\/p>\n<h4>Maggiori informazioni sui punti di forza del sistema di schermatura a Veneziane per esterno Z90<\/h4>\n<p>&#8211; Alluminio durevole e resistenza agli agenti atmosferici, che garantiscono funzionalit\u00e0 di lunga durata.<\/p>\n<p>&#8211; Elevata efficienza nella regolazione dell&#8217;illuminazione, che consente di regolare la quantit\u00e0 di luce negli ambienti in funzione delle preferenze individuali.<\/p>\n<h3>Sintesi del sistema di schermatura a Veneziane per esterno Z90<\/h3>\n<p>Il sistema di schermatura a Veneziane per esterno Z90 \u00e8 la soluzione perfetta per coloro che desiderano soluzioni avanzate per schermare grandi superfici vetrate. In virt\u00f9 dei parametri tecnici avanzati, questa schermatura garantisce prestazioni e design eccellenti, creando un aspetto moderno e professionale per l&#8217;edificio. Scegli il sistema di schermatura a Veneziane per esterno Z90 per godere non solo di un&#8217;efficace protezione dalla radiazione solare, ma anche per preservare l&#8217;aspetto moderno ed elegante della tua architettura.<\/p>\n<\/div><\/div><\/div><\/div><\/div>\n","protected":false},"excerpt":{"rendered":"","protected":false},"author":1,"featured_media":0,"parent":0,"menu_order":0,"comment_status":"closed","ping_status":"closed","template":"","meta":{"footnotes":""},"class_list":["post-4066","page","type-page","status-publish","hentry"],"yoast_head":"<!-- This site is optimized with the Yoast SEO plugin v26.5 - https:\/\/yoast.com\/wordpress\/plugins\/seo\/ -->\n<title>Veneziane per esterno Z90 - Sapor<\/title>\n<meta name=\"robots\" content=\"index, follow, max-snippet:-1, max-image-preview:large, max-video-preview:-1\" \/>\n<link rel=\"canonical\" href=\"https:\/\/sapor.pl\/zaluzje-fasadowe-z90\/\" \/>\n<meta property=\"og:locale\" content=\"it_IT\" \/>\n<meta property=\"og:type\" content=\"article\" \/>\n<meta property=\"og:title\" content=\"Veneziane per esterno Z90 - Sapor\" \/>\n<meta property=\"og:url\" content=\"https:\/\/sapor.pl\/zaluzje-fasadowe-z90\/\" \/>\n<meta property=\"og:site_name\" content=\"Sapor\" \/>\n<meta property=\"article:publisher\" content=\"https:\/\/www.facebook.com\/SAPOR.Fabryka.okien.i.drzwi\/\" \/>\n<meta property=\"article:modified_time\" content=\"2023-12-03T14:53:10+00:00\" \/>\n<meta name=\"twitter:card\" content=\"summary_large_image\" \/>\n<meta name=\"twitter:label1\" content=\"Tempo di lettura stimato\" \/>\n\t<meta name=\"twitter:data1\" content=\"10 minuti\" \/>\n<script type=\"application\/ld+json\" class=\"yoast-schema-graph\">{\"@context\":\"https:\/\/schema.org\",\"@graph\":[{\"@type\":\"WebPage\",\"@id\":\"https:\/\/sapor.pl\/zaluzje-fasadowe-z90\/\",\"url\":\"https:\/\/sapor.pl\/zaluzje-fasadowe-z90\/\",\"name\":\"Veneziane per esterno Z90 - Sapor\",\"isPartOf\":{\"@id\":\"https:\/\/sapor.pl\/en\/#website\"},\"datePublished\":\"2021-05-23T17:05:27+00:00\",\"dateModified\":\"2023-12-03T14:53:10+00:00\",\"breadcrumb\":{\"@id\":\"https:\/\/sapor.pl\/zaluzje-fasadowe-z90\/#breadcrumb\"},\"inLanguage\":\"it-IT\",\"potentialAction\":[{\"@type\":\"ReadAction\",\"target\":[\"https:\/\/sapor.pl\/zaluzje-fasadowe-z90\/\"]}]},{\"@type\":\"BreadcrumbList\",\"@id\":\"https:\/\/sapor.pl\/zaluzje-fasadowe-z90\/#breadcrumb\",\"itemListElement\":[{\"@type\":\"ListItem\",\"position\":1,\"name\":\"Homepage\",\"item\":\"https:\/\/sapor.pl\/de\/\"},{\"@type\":\"ListItem\",\"position\":2,\"name\":\"Veneziane per esterno Z90\"}]},{\"@type\":\"WebSite\",\"@id\":\"https:\/\/sapor.pl\/en\/#website\",\"url\":\"https:\/\/sapor.pl\/en\/\",\"name\":\"Sapor\",\"description\":\"\",\"publisher\":{\"@id\":\"https:\/\/sapor.pl\/en\/#organization\"},\"potentialAction\":[{\"@type\":\"SearchAction\",\"target\":{\"@type\":\"EntryPoint\",\"urlTemplate\":\"https:\/\/sapor.pl\/en\/?s={search_term_string}\"},\"query-input\":{\"@type\":\"PropertyValueSpecification\",\"valueRequired\":true,\"valueName\":\"search_term_string\"}}],\"inLanguage\":\"it-IT\"},{\"@type\":\"Organization\",\"@id\":\"https:\/\/sapor.pl\/en\/#organization\",\"name\":\"Sapor Sp. z o. o.\",\"url\":\"https:\/\/sapor.pl\/en\/\",\"logo\":{\"@type\":\"ImageObject\",\"inLanguage\":\"it-IT\",\"@id\":\"https:\/\/sapor.pl\/en\/#\/schema\/logo\/image\/\",\"url\":\"https:\/\/sapor.pl\/wp-content\/uploads\/2021\/04\/logo-sapor-e1618419520128.png\",\"contentUrl\":\"https:\/\/sapor.pl\/wp-content\/uploads\/2021\/04\/logo-sapor-e1618419520128.png\",\"width\":140,\"height\":67,\"caption\":\"Sapor Sp. z o. o.\"},\"image\":{\"@id\":\"https:\/\/sapor.pl\/en\/#\/schema\/logo\/image\/\"},\"sameAs\":[\"https:\/\/www.facebook.com\/SAPOR.Fabryka.okien.i.drzwi\/\"]}]}<\/script>\n<!-- \/ Yoast SEO plugin. -->","yoast_head_json":{"title":"Veneziane per esterno Z90 - Sapor","robots":{"index":"index","follow":"follow","max-snippet":"max-snippet:-1","max-image-preview":"max-image-preview:large","max-video-preview":"max-video-preview:-1"},"canonical":"https:\/\/sapor.pl\/zaluzje-fasadowe-z90\/","og_locale":"it_IT","og_type":"article","og_title":"Veneziane per esterno Z90 - Sapor","og_url":"https:\/\/sapor.pl\/zaluzje-fasadowe-z90\/","og_site_name":"Sapor","article_publisher":"https:\/\/www.facebook.com\/SAPOR.Fabryka.okien.i.drzwi\/","article_modified_time":"2023-12-03T14:53:10+00:00","twitter_card":"summary_large_image","twitter_misc":{"Tempo di lettura stimato":"10 minuti"},"schema":{"@context":"https:\/\/schema.org","@graph":[{"@type":"WebPage","@id":"https:\/\/sapor.pl\/zaluzje-fasadowe-z90\/","url":"https:\/\/sapor.pl\/zaluzje-fasadowe-z90\/","name":"Veneziane per esterno Z90 - Sapor","isPartOf":{"@id":"https:\/\/sapor.pl\/en\/#website"},"datePublished":"2021-05-23T17:05:27+00:00","dateModified":"2023-12-03T14:53:10+00:00","breadcrumb":{"@id":"https:\/\/sapor.pl\/zaluzje-fasadowe-z90\/#breadcrumb"},"inLanguage":"it-IT","potentialAction":[{"@type":"ReadAction","target":["https:\/\/sapor.pl\/zaluzje-fasadowe-z90\/"]}]},{"@type":"BreadcrumbList","@id":"https:\/\/sapor.pl\/zaluzje-fasadowe-z90\/#breadcrumb","itemListElement":[{"@type":"ListItem","position":1,"name":"Homepage","item":"https:\/\/sapor.pl\/de\/"},{"@type":"ListItem","position":2,"name":"Veneziane per esterno Z90"}]},{"@type":"WebSite","@id":"https:\/\/sapor.pl\/en\/#website","url":"https:\/\/sapor.pl\/en\/","name":"Sapor","description":"","publisher":{"@id":"https:\/\/sapor.pl\/en\/#organization"},"potentialAction":[{"@type":"SearchAction","target":{"@type":"EntryPoint","urlTemplate":"https:\/\/sapor.pl\/en\/?s={search_term_string}"},"query-input":{"@type":"PropertyValueSpecification","valueRequired":true,"valueName":"search_term_string"}}],"inLanguage":"it-IT"},{"@type":"Organization","@id":"https:\/\/sapor.pl\/en\/#organization","name":"Sapor Sp. z o. o.","url":"https:\/\/sapor.pl\/en\/","logo":{"@type":"ImageObject","inLanguage":"it-IT","@id":"https:\/\/sapor.pl\/en\/#\/schema\/logo\/image\/","url":"https:\/\/sapor.pl\/wp-content\/uploads\/2021\/04\/logo-sapor-e1618419520128.png","contentUrl":"https:\/\/sapor.pl\/wp-content\/uploads\/2021\/04\/logo-sapor-e1618419520128.png","width":140,"height":67,"caption":"Sapor Sp. z o. o."},"image":{"@id":"https:\/\/sapor.pl\/en\/#\/schema\/logo\/image\/"},"sameAs":["https:\/\/www.facebook.com\/SAPOR.Fabryka.okien.i.drzwi\/"]}]}},"_links":{"self":[{"href":"https:\/\/sapor.pl\/it\/wp-json\/wp\/v2\/pages\/4066","targetHints":{"allow":["GET"]}}],"collection":[{"href":"https:\/\/sapor.pl\/it\/wp-json\/wp\/v2\/pages"}],"about":[{"href":"https:\/\/sapor.pl\/it\/wp-json\/wp\/v2\/types\/page"}],"author":[{"embeddable":true,"href":"https:\/\/sapor.pl\/it\/wp-json\/wp\/v2\/users\/1"}],"replies":[{"embeddable":true,"href":"https:\/\/sapor.pl\/it\/wp-json\/wp\/v2\/comments?post=4066"}],"version-history":[{"count":2,"href":"https:\/\/sapor.pl\/it\/wp-json\/wp\/v2\/pages\/4066\/revisions"}],"predecessor-version":[{"id":7289,"href":"https:\/\/sapor.pl\/it\/wp-json\/wp\/v2\/pages\/4066\/revisions\/7289"}],"wp:attachment":[{"href":"https:\/\/sapor.pl\/it\/wp-json\/wp\/v2\/media?parent=4066"}],"curies":[{"name":"wp","href":"https:\/\/api.w.org\/{rel}","templated":true}]}}