{"id":4357,"date":"2023-09-14T19:52:40","date_gmt":"2023-09-14T17:52:40","guid":{"rendered":"https:\/\/sapor.pl\/alluminio\/finestre-in-alluminio\/mb-60-hi\/"},"modified":"2025-01-14T14:47:27","modified_gmt":"2025-01-14T13:47:27","slug":"mb-60-hi","status":"publish","type":"page","link":"https:\/\/sapor.pl\/it\/alluminio\/finestre-in-alluminio\/mb-60-hi\/","title":{"rendered":"MB-60 HI"},"content":{"rendered":"<div class=\"fusion-fullwidth fullwidth-box fusion-builder-row-1 fusion-flex-container nonhundred-percent-fullwidth non-hundred-percent-height-scrolling\" style=\"--awb-border-radius-top-left:0px;--awb-border-radius-top-right:0px;--awb-border-radius-bottom-right:0px;--awb-border-radius-bottom-left:0px;--awb-flex-wrap:wrap;\" ><div class=\"fusion-builder-row fusion-row fusion-flex-align-items-flex-start fusion-flex-content-wrap\" style=\"max-width:1528.8px;margin-left: calc(-4% \/ 2 );margin-right: calc(-4% \/ 2 );\"><div class=\"fusion-layout-column fusion_builder_column fusion-builder-column-0 fusion_builder_column_2_3 2_3 fusion-flex-column fusion-flex-align-self-center fusion-animated\" style=\"--awb-bg-size:cover;--awb-width-large:66.666666666667%;--awb-margin-top-large:0px;--awb-spacing-right-large:2.88%;--awb-margin-bottom-large:20px;--awb-spacing-left-large:2.88%;--awb-width-medium:66.666666666667%;--awb-order-medium:0;--awb-spacing-right-medium:2.88%;--awb-spacing-left-medium:2.88%;--awb-width-small:100%;--awb-order-small:0;--awb-spacing-right-small:1.92%;--awb-spacing-left-small:1.92%;\" data-animationType=\"slideInLeft\" data-animationDuration=\"0.9\" data-animationOffset=\"top-into-view\"><div class=\"fusion-column-wrapper fusion-column-has-shadow fusion-flex-justify-content-flex-start fusion-content-layout-column\"><div class=\"fusion-text fusion-text-1\" style=\"--awb-font-size:18px;--awb-margin-right:10px;--awb-margin-left:10px;\"><p>Il sistema MB-60HI \u00e8 una soluzione avanzata per finestre e porte che offre un elevato isolamento termico, ideale per le moderne costruzioni ad alta efficienza energetica. Grazie ai profili migliorati con inserti isolanti che riducono al minimo la perdita di calore, \u00e8 la scelta preferita per i progetti che richiedono un&#8217;eccellente efficienza energetica e un design estetico.<\/p>\n<\/div><\/div><\/div><div class=\"fusion-layout-column fusion_builder_column fusion-builder-column-1 fusion_builder_column_1_3 1_3 fusion-flex-column fusion-animated\" style=\"--awb-padding-top-small:0px;--awb-bg-size:cover;--awb-width-large:33.333333333333%;--awb-margin-top-large:0px;--awb-spacing-right-large:5.76%;--awb-margin-bottom-large:20px;--awb-spacing-left-large:5.76%;--awb-width-medium:33.333333333333%;--awb-order-medium:0;--awb-spacing-right-medium:5.76%;--awb-spacing-left-medium:5.76%;--awb-width-small:100%;--awb-order-small:0;--awb-spacing-right-small:1.92%;--awb-spacing-left-small:1.92%;\" data-animationType=\"slideInRight\" data-animationDuration=\"0.9\" data-animationOffset=\"top-into-view\"><div class=\"fusion-column-wrapper fusion-column-has-shadow fusion-flex-justify-content-flex-start fusion-content-layout-column\"><div class=\"fusion-image-element \" style=\"text-align:center;--awb-max-width:450px;--awb-caption-title-font-family:var(--h2_typography-font-family);--awb-caption-title-font-weight:var(--h2_typography-font-weight);--awb-caption-title-font-style:var(--h2_typography-font-style);--awb-caption-title-size:var(--h2_typography-font-size);--awb-caption-title-transform:var(--h2_typography-text-transform);--awb-caption-title-line-height:var(--h2_typography-line-height);--awb-caption-title-letter-spacing:var(--h2_typography-letter-spacing);\"><span class=\" fusion-imageframe imageframe-none imageframe-1 hover-type-none\"><img decoding=\"async\" width=\"1200\" height=\"1200\" alt=\"MB60 HI\" title=\"1\" src=\"https:\/\/sapor.pl\/wp-content\/uploads\/2024\/04\/1-3.png\" data-orig-src=\"https:\/\/sapor.pl\/wp-content\/uploads\/2024\/04\/1-3.png\" class=\"lazyload img-responsive wp-image-8924\" srcset=\"data:image\/svg+xml,%3Csvg%20xmlns%3D%27http%3A%2F%2Fwww.w3.org%2F2000%2Fsvg%27%20width%3D%271200%27%20height%3D%271200%27%20viewBox%3D%270%200%201200%201200%27%3E%3Crect%20width%3D%271200%27%20height%3D%271200%27%20fill-opacity%3D%220%22%2F%3E%3C%2Fsvg%3E\" data-srcset=\"https:\/\/sapor.pl\/wp-content\/uploads\/2024\/04\/1-3-200x200.png 200w, https:\/\/sapor.pl\/wp-content\/uploads\/2024\/04\/1-3-400x400.png 400w, https:\/\/sapor.pl\/wp-content\/uploads\/2024\/04\/1-3-600x600.png 600w, https:\/\/sapor.pl\/wp-content\/uploads\/2024\/04\/1-3-800x800.png 800w, https:\/\/sapor.pl\/wp-content\/uploads\/2024\/04\/1-3.png 1200w\" data-sizes=\"auto\" data-orig-sizes=\"(max-width: 1024px) 100vw, 600px\" \/><\/span><\/div><\/div><\/div><div class=\"fusion-layout-column fusion_builder_column fusion-builder-column-2 fusion_builder_column_1_2 1_2 fusion-flex-column fusion-animated\" style=\"--awb-padding-top-small:0px;--awb-bg-size:cover;--awb-width-large:50%;--awb-margin-top-large:0px;--awb-spacing-right-large:3.84%;--awb-margin-bottom-large:20px;--awb-spacing-left-large:3.84%;--awb-width-medium:50%;--awb-order-medium:0;--awb-spacing-right-medium:3.84%;--awb-spacing-left-medium:3.84%;--awb-width-small:100%;--awb-order-small:0;--awb-spacing-right-small:1.92%;--awb-spacing-left-small:1.92%;\" data-animationType=\"slideInRight\" data-animationDuration=\"0.9\" data-animationOffset=\"top-into-view\"><div class=\"fusion-column-wrapper fusion-column-has-shadow fusion-flex-justify-content-flex-start fusion-content-layout-column\"><div class=\"fusion-image-element \" style=\"text-align:center;--awb-max-width:450px;--awb-caption-title-font-family:var(--h2_typography-font-family);--awb-caption-title-font-weight:var(--h2_typography-font-weight);--awb-caption-title-font-style:var(--h2_typography-font-style);--awb-caption-title-size:var(--h2_typography-font-size);--awb-caption-title-transform:var(--h2_typography-text-transform);--awb-caption-title-line-height:var(--h2_typography-line-height);--awb-caption-title-letter-spacing:var(--h2_typography-letter-spacing);\"><span class=\" fusion-imageframe imageframe-none imageframe-2 hover-type-none\"><img decoding=\"async\" width=\"1200\" height=\"1200\" title=\"2\" src=\"https:\/\/sapor.pl\/wp-content\/uploads\/2024\/04\/2-3.png\" data-orig-src=\"https:\/\/sapor.pl\/wp-content\/uploads\/2024\/04\/2-3.png\" alt class=\"lazyload img-responsive wp-image-8929\" srcset=\"data:image\/svg+xml,%3Csvg%20xmlns%3D%27http%3A%2F%2Fwww.w3.org%2F2000%2Fsvg%27%20width%3D%271200%27%20height%3D%271200%27%20viewBox%3D%270%200%201200%201200%27%3E%3Crect%20width%3D%271200%27%20height%3D%271200%27%20fill-opacity%3D%220%22%2F%3E%3C%2Fsvg%3E\" data-srcset=\"https:\/\/sapor.pl\/wp-content\/uploads\/2024\/04\/2-3-200x200.png 200w, https:\/\/sapor.pl\/wp-content\/uploads\/2024\/04\/2-3-400x400.png 400w, https:\/\/sapor.pl\/wp-content\/uploads\/2024\/04\/2-3-600x600.png 600w, https:\/\/sapor.pl\/wp-content\/uploads\/2024\/04\/2-3-800x800.png 800w, https:\/\/sapor.pl\/wp-content\/uploads\/2024\/04\/2-3.png 1200w\" data-sizes=\"auto\" data-orig-sizes=\"(max-width: 1024px) 100vw, 800px\" \/><\/span><\/div><\/div><\/div><div class=\"fusion-layout-column fusion_builder_column fusion-builder-column-3 fusion_builder_column_1_2 1_2 fusion-flex-column fusion-animated\" style=\"--awb-padding-top-small:0px;--awb-bg-size:cover;--awb-width-large:50%;--awb-margin-top-large:0px;--awb-spacing-right-large:3.84%;--awb-margin-bottom-large:20px;--awb-spacing-left-large:3.84%;--awb-width-medium:50%;--awb-order-medium:0;--awb-spacing-right-medium:3.84%;--awb-spacing-left-medium:3.84%;--awb-width-small:100%;--awb-order-small:0;--awb-spacing-right-small:1.92%;--awb-spacing-left-small:1.92%;\" data-animationType=\"slideInRight\" data-animationDuration=\"0.9\" data-animationOffset=\"top-into-view\"><div class=\"fusion-column-wrapper fusion-column-has-shadow fusion-flex-justify-content-flex-start fusion-content-layout-column\"><div class=\"fusion-image-element \" style=\"text-align:center;--awb-max-width:450px;--awb-caption-title-font-family:var(--h2_typography-font-family);--awb-caption-title-font-weight:var(--h2_typography-font-weight);--awb-caption-title-font-style:var(--h2_typography-font-style);--awb-caption-title-size:var(--h2_typography-font-size);--awb-caption-title-transform:var(--h2_typography-text-transform);--awb-caption-title-line-height:var(--h2_typography-line-height);--awb-caption-title-letter-spacing:var(--h2_typography-letter-spacing);\"><span class=\" fusion-imageframe imageframe-none imageframe-3 hover-type-none\"><img decoding=\"async\" width=\"1200\" height=\"1200\" title=\"3\" src=\"https:\/\/sapor.pl\/wp-content\/uploads\/2024\/04\/3-3.png\" data-orig-src=\"https:\/\/sapor.pl\/wp-content\/uploads\/2024\/04\/3-3.png\" alt class=\"lazyload img-responsive wp-image-8934\" srcset=\"data:image\/svg+xml,%3Csvg%20xmlns%3D%27http%3A%2F%2Fwww.w3.org%2F2000%2Fsvg%27%20width%3D%271200%27%20height%3D%271200%27%20viewBox%3D%270%200%201200%201200%27%3E%3Crect%20width%3D%271200%27%20height%3D%271200%27%20fill-opacity%3D%220%22%2F%3E%3C%2Fsvg%3E\" data-srcset=\"https:\/\/sapor.pl\/wp-content\/uploads\/2024\/04\/3-3-200x200.png 200w, https:\/\/sapor.pl\/wp-content\/uploads\/2024\/04\/3-3-400x400.png 400w, https:\/\/sapor.pl\/wp-content\/uploads\/2024\/04\/3-3-600x600.png 600w, https:\/\/sapor.pl\/wp-content\/uploads\/2024\/04\/3-3-800x800.png 800w, https:\/\/sapor.pl\/wp-content\/uploads\/2024\/04\/3-3.png 1200w\" data-sizes=\"auto\" data-orig-sizes=\"(max-width: 1024px) 100vw, 800px\" \/><\/span><\/div><\/div><\/div><div class=\"fusion-layout-column fusion_builder_column fusion-builder-column-4 fusion_builder_column_1_2 1_2 fusion-flex-column fusion-flex-align-self-center fusion-animated\" style=\"--awb-bg-size:cover;--awb-width-large:50%;--awb-margin-top-large:0px;--awb-spacing-right-large:3.84%;--awb-margin-bottom-large:20px;--awb-spacing-left-large:3.84%;--awb-width-medium:50%;--awb-order-medium:0;--awb-spacing-right-medium:3.84%;--awb-spacing-left-medium:3.84%;--awb-width-small:100%;--awb-order-small:0;--awb-spacing-right-small:1.92%;--awb-spacing-left-small:1.92%;\" data-animationType=\"slideInLeft\" data-animationDuration=\"0.9\" data-animationOffset=\"top-into-view\"><div class=\"fusion-column-wrapper fusion-column-has-shadow fusion-flex-justify-content-flex-start fusion-content-layout-column\"><div class=\"fusion-image-element \" style=\"text-align:center;--awb-caption-title-font-family:var(--h2_typography-font-family);--awb-caption-title-font-weight:var(--h2_typography-font-weight);--awb-caption-title-font-style:var(--h2_typography-font-style);--awb-caption-title-size:var(--h2_typography-font-size);--awb-caption-title-transform:var(--h2_typography-text-transform);--awb-caption-title-line-height:var(--h2_typography-line-height);--awb-caption-title-letter-spacing:var(--h2_typography-letter-spacing);\"><span class=\" fusion-imageframe imageframe-none imageframe-4 hover-type-none\"><img decoding=\"async\" width=\"300\" height=\"400\" title=\"mb-60hi-3\" src=\"https:\/\/sapor.pl\/wp-content\/uploads\/2021\/06\/mb-60hi-3.jpg\" data-orig-src=\"https:\/\/sapor.pl\/wp-content\/uploads\/2021\/06\/mb-60hi-3.jpg\" alt class=\"lazyload img-responsive wp-image-1865\" srcset=\"data:image\/svg+xml,%3Csvg%20xmlns%3D%27http%3A%2F%2Fwww.w3.org%2F2000%2Fsvg%27%20width%3D%27300%27%20height%3D%27400%27%20viewBox%3D%270%200%20300%20400%27%3E%3Crect%20width%3D%27300%27%20height%3D%27400%27%20fill-opacity%3D%220%22%2F%3E%3C%2Fsvg%3E\" data-srcset=\"https:\/\/sapor.pl\/wp-content\/uploads\/2021\/06\/mb-60hi-3-200x267.jpg 200w, https:\/\/sapor.pl\/wp-content\/uploads\/2021\/06\/mb-60hi-3.jpg 300w\" data-sizes=\"auto\" data-orig-sizes=\"(max-width: 1024px) 100vw, 300px\" \/><\/span><\/div><\/div><\/div><div class=\"fusion-layout-column fusion_builder_column fusion-builder-column-5 fusion_builder_column_1_2 1_2 fusion-flex-column fusion-flex-align-self-center fusion-animated\" style=\"--awb-bg-size:cover;--awb-width-large:50%;--awb-margin-top-large:0px;--awb-spacing-right-large:3.84%;--awb-margin-bottom-large:20px;--awb-spacing-left-large:3.84%;--awb-width-medium:20%;--awb-order-medium:0;--awb-spacing-right-medium:9.6%;--awb-spacing-left-medium:9.6%;--awb-width-small:100%;--awb-order-small:0;--awb-spacing-right-small:1.92%;--awb-spacing-left-small:1.92%;\" data-animationType=\"slideInRight\" data-animationDuration=\"0.9\" data-animationOffset=\"top-into-view\"><div class=\"fusion-column-wrapper fusion-column-has-shadow fusion-flex-justify-content-flex-start fusion-content-layout-column\"><div style=\"text-align:center;\"><a class=\"fusion-button button-flat fusion-button-default-size button-custom fusion-button-default button-1 fusion-button-default-span fusion-button-default-type\" style=\"--button_accent_color:#ffffff;--button_accent_hover_color:#ffffff;--button_border_hover_color:#780404;--button-border-radius-top-left:0;--button-border-radius-top-right:0;--button-border-radius-bottom-right:0;--button-border-radius-bottom-left:0;--button_gradient_top_color:var(--awb-custom_color_1);--button_gradient_bottom_color:var(--awb-custom_color_1);--button_gradient_top_color_hover:var(--awb-custom_color_2);--button_gradient_bottom_color_hover:var(--awb-custom_color_2);\" target=\"_blank\" rel=\"noopener noreferrer\" href=\"\/wp-content\/uploads\/2021\/06\/atest-pzh-systemy-mb.pdf\"><i class=\"fa-file-pdf fas awb-button__icon awb-button__icon--default button-icon-left\" aria-hidden=\"true\"><\/i><span class=\"fusion-button-text awb-button__text awb-button__text--default\">Omologazione PZH per sistemi MB<\/span><\/a><\/div><div style=\"text-align:center;\"><a class=\"fusion-button button-flat fusion-button-default-size button-custom fusion-button-default button-2 fusion-button-default-span fusion-button-default-type\" style=\"--awb-margin-top:15px;--button_accent_color:#ffffff;--button_accent_hover_color:#ffffff;--button_border_hover_color:#780404;--button-border-radius-top-left:0;--button-border-radius-top-right:0;--button-border-radius-bottom-right:0;--button-border-radius-bottom-left:0;--button_gradient_top_color:var(--awb-custom_color_1);--button_gradient_bottom_color:var(--awb-custom_color_1);--button_gradient_top_color_hover:var(--awb-custom_color_2);--button_gradient_bottom_color_hover:var(--awb-custom_color_2);\" target=\"_blank\" rel=\"noopener noreferrer\" href=\"\/wp-content\/uploads\/2021\/06\/ulotka-MB-60.pdf\"><i class=\"fa-file-pdf fas awb-button__icon awb-button__icon--default button-icon-left\" aria-hidden=\"true\"><\/i><span class=\"fusion-button-text awb-button__text awb-button__text--default\">Opuscolo MB-60HI<\/span><\/a><\/div><div style=\"text-align:center;\"><a class=\"fusion-button button-flat fusion-button-default-size button-custom fusion-button-default button-3 fusion-button-default-span fusion-button-default-type\" style=\"--awb-margin-top:15px;--button_accent_color:#ffffff;--button_accent_hover_color:#ffffff;--button_border_hover_color:#780404;--button-border-radius-top-left:0;--button-border-radius-top-right:0;--button-border-radius-bottom-right:0;--button-border-radius-bottom-left:0;--button_gradient_top_color:var(--awb-custom_color_1);--button_gradient_bottom_color:var(--awb-custom_color_1);--button_gradient_top_color_hover:var(--awb-custom_color_2);--button_gradient_bottom_color_hover:var(--awb-custom_color_2);\" target=\"_blank\" rel=\"noopener noreferrer\" href=\"\/wp-content\/uploads\/2021\/06\/ulotka-drzwi-przesuwne-i-harmonijkowe.pdf\"><i class=\"fa-file-pdf fas awb-button__icon awb-button__icon--default button-icon-left\" aria-hidden=\"true\"><\/i><span class=\"fusion-button-text awb-button__text awb-button__text--default\">Sistemi scorrevoli e pieghevoli<\/span><\/a><\/div><\/div><\/div><div class=\"fusion-layout-column fusion_builder_column fusion-builder-column-6 fusion_builder_column_1_1 1_1 fusion-flex-column fusion-flex-align-self-center fusion-animated\" style=\"--awb-bg-size:cover;--awb-width-large:100%;--awb-margin-top-large:0px;--awb-spacing-right-large:1.92%;--awb-margin-bottom-large:20px;--awb-spacing-left-large:1.92%;--awb-width-medium:100%;--awb-order-medium:0;--awb-spacing-right-medium:1.92%;--awb-spacing-left-medium:1.92%;--awb-width-small:100%;--awb-order-small:0;--awb-spacing-right-small:1.92%;--awb-spacing-left-small:1.92%;\" data-animationType=\"slideInLeft\" data-animationDuration=\"0.9\" data-animationOffset=\"top-into-view\"><div class=\"fusion-column-wrapper fusion-column-has-shadow fusion-flex-justify-content-flex-start fusion-content-layout-column\"><div class=\"fusion-text fusion-text-2 fusion-text-no-margin\" style=\"--awb-font-size:18px;--awb-margin-top:20px;--awb-margin-bottom:20px;\"><h2><strong>Conoscere il sistema per porte e finestre MB-60HI<\/strong><\/h2>\n<p>Il sistema di finestre e porte MB-60HI \u00e8 una soluzione ad alto isolamento termico, una risposta ai crescenti requisiti di efficienza energetica nell&#8217;edilizia. Basato sul collaudato sistema MB-60 e sulle sue varianti, l&#8217;MB-60HI si distingue per le sue migliori prestazioni isolanti grazie all&#8217;uso di inserti speciali nelle camere dei profili, che aumentano il coefficiente Uf a 1,48 W\/(m2*K).<\/p>\n<h2><strong>A chi consigliamo il sistema MB-60HI?<\/strong><\/h2>\n<p>Architetti e progettisti alla ricerca di soluzioni tecnologicamente avanzate per finestre che offrano sia estetica che prestazioni isolanti eccezionali.<\/p>\n<h2><strong>Una buona alternativa<\/strong><\/h2>\n<p>Per chi desidera un isolamento termico ancora pi\u00f9 elevato, il sistema MB-SR50 HI pu\u00f2 essere una buona scelta, in quanto offre ulteriori opzioni di isolamento nelle facciate di traversi e colonne.<\/p>\n<h2><strong>Ulteriori informazioni sul sistema MB-60HI<\/strong><\/h2>\n<p>Il sistema MB-60HI \u00e8 ideale per l&#8217;utilizzo sia in abitazioni singole che nell&#8217;ambito di progetti di facciata pi\u00f9 ampi. Un maggiore isolamento termico si traduce in una riduzione dei costi energetici e in un maggiore comfort.<\/p>\n<p>Per soddisfare l&#8217;esigenza di materiali da costruzione con un isolamento termico mantenuto ad un livello elevato, sono stati sviluppati diversi sistemi di finestre a taglio termico. Il loro design segue quello dei sistemi di base &#8211; MB-60, MB-60US, MB-60E e MB-60EF &#8211; che sono molto apprezzati e affidabili. Tra questi, spicca l&#8217;MB-60HI.<\/p>\n<p>Vantaggi del sistema MB-60HI<\/p>\n<p>Nel caso di costruzioni basate sul sistema MB-60HI, il coefficiente Uf \u00e8 di 1,48 W\/(m2*K) e dipende dagli accessori e dai profili utilizzati.<\/p>\n<p>Per aumentare l&#8217;isolamento termico, gli inserti devono essere collocati nelle camere centrali dei profili di alluminio. Gli inserti speciali hanno un basso coefficiente di conducibilit\u00e0 termica e quindi riducono al minimo il flusso termico. La posizione centrale delle cartucce riduce inoltre l&#8217;irraggiamento e la convezione termica.<\/p>\n<p>Identiche al sistema base, le finestre MB-60HI sono utilizzate con successo in edifici singoli e facciate in alluminio. Quando vengono installati come tamponamento in una parete di traversi e colonne, \u00e8 consigliabile combinarli con MB-SR50 HI, un sistema con un maggiore isolamento termico.<\/p>\n<h2><strong>Sintesi<\/strong><\/h2>\n<p>MB-60HI \u00e8 una scelta eccellente per i progetti in cui il risparmio energetico \u00e8 una priorit\u00e0 senza compromettere il design. Questa soluzione combina innovazione tecnica e funzionalit\u00e0, diventando la scelta preferita nell&#8217;edilizia moderna.<\/p>\n<\/div><\/div><\/div><\/div><\/div>\n","protected":false},"excerpt":{"rendered":"","protected":false},"author":1,"featured_media":0,"parent":4351,"menu_order":0,"comment_status":"closed","ping_status":"closed","template":"","meta":{"footnotes":""},"class_list":["post-4357","page","type-page","status-publish","hentry"],"yoast_head":"<!-- This site is optimized with the Yoast SEO plugin v27.4 - https:\/\/yoast.com\/product\/yoast-seo-wordpress\/ -->\n<title>MB-60 HI - Sapor<\/title>\n<meta name=\"robots\" content=\"index, follow, max-snippet:-1, max-image-preview:large, max-video-preview:-1\" \/>\n<link rel=\"canonical\" href=\"https:\/\/sapor.pl\/en\/aluminum-windows\/mb-60-hi\/\" \/>\n<meta property=\"og:locale\" content=\"it_IT\" \/>\n<meta property=\"og:type\" content=\"article\" \/>\n<meta property=\"og:title\" content=\"MB-60 HI - Sapor\" \/>\n<meta property=\"og:url\" content=\"https:\/\/sapor.pl\/en\/aluminum-windows\/mb-60-hi\/\" \/>\n<meta property=\"og:site_name\" content=\"Sapor\" \/>\n<meta property=\"article:publisher\" content=\"https:\/\/www.facebook.com\/SAPOR.Fabryka.okien.i.drzwi\/\" \/>\n<meta property=\"article:modified_time\" content=\"2025-01-14T13:47:27+00:00\" \/>\n<meta name=\"twitter:card\" content=\"summary_large_image\" \/>\n<meta name=\"twitter:label1\" content=\"Tempo di lettura stimato\" \/>\n\t<meta name=\"twitter:data1\" content=\"21 minuti\" \/>\n<script type=\"application\/ld+json\" class=\"yoast-schema-graph\">{\"@context\":\"https:\\\/\\\/schema.org\",\"@graph\":[{\"@type\":\"WebPage\",\"@id\":\"https:\\\/\\\/sapor.pl\\\/en\\\/aluminum-windows\\\/mb-60-hi\\\/\",\"url\":\"https:\\\/\\\/sapor.pl\\\/en\\\/aluminum-windows\\\/mb-60-hi\\\/\",\"name\":\"MB-60 HI - Sapor\",\"isPartOf\":{\"@id\":\"https:\\\/\\\/sapor.pl\\\/en\\\/#website\"},\"datePublished\":\"2023-09-14T17:52:40+00:00\",\"dateModified\":\"2025-01-14T13:47:27+00:00\",\"breadcrumb\":{\"@id\":\"https:\\\/\\\/sapor.pl\\\/en\\\/aluminum-windows\\\/mb-60-hi\\\/#breadcrumb\"},\"inLanguage\":\"it-IT\",\"potentialAction\":[{\"@type\":\"ReadAction\",\"target\":[\"https:\\\/\\\/sapor.pl\\\/en\\\/aluminum-windows\\\/mb-60-hi\\\/\"]}]},{\"@type\":\"BreadcrumbList\",\"@id\":\"https:\\\/\\\/sapor.pl\\\/en\\\/aluminum-windows\\\/mb-60-hi\\\/#breadcrumb\",\"itemListElement\":[{\"@type\":\"ListItem\",\"position\":1,\"name\":\"Homepage\",\"item\":\"https:\\\/\\\/sapor.pl\\\/de\\\/\"},{\"@type\":\"ListItem\",\"position\":2,\"name\":\"Alluminio\",\"item\":\"https:\\\/\\\/sapor.pl\\\/aluminium\\\/\"},{\"@type\":\"ListItem\",\"position\":3,\"name\":\"Finestre in alluminio\",\"item\":\"https:\\\/\\\/sapor.pl\\\/aluminium\\\/okna-aluminiowe\\\/\"},{\"@type\":\"ListItem\",\"position\":4,\"name\":\"MB-60 HI\"}]},{\"@type\":\"WebSite\",\"@id\":\"https:\\\/\\\/sapor.pl\\\/en\\\/#website\",\"url\":\"https:\\\/\\\/sapor.pl\\\/en\\\/\",\"name\":\"Sapor\",\"description\":\"\",\"publisher\":{\"@id\":\"https:\\\/\\\/sapor.pl\\\/en\\\/#organization\"},\"potentialAction\":[{\"@type\":\"SearchAction\",\"target\":{\"@type\":\"EntryPoint\",\"urlTemplate\":\"https:\\\/\\\/sapor.pl\\\/en\\\/?s={search_term_string}\"},\"query-input\":{\"@type\":\"PropertyValueSpecification\",\"valueRequired\":true,\"valueName\":\"search_term_string\"}}],\"inLanguage\":\"it-IT\"},{\"@type\":\"Organization\",\"@id\":\"https:\\\/\\\/sapor.pl\\\/en\\\/#organization\",\"name\":\"Sapor Sp. z o. o.\",\"url\":\"https:\\\/\\\/sapor.pl\\\/en\\\/\",\"logo\":{\"@type\":\"ImageObject\",\"inLanguage\":\"it-IT\",\"@id\":\"https:\\\/\\\/sapor.pl\\\/en\\\/#\\\/schema\\\/logo\\\/image\\\/\",\"url\":\"https:\\\/\\\/sapor.pl\\\/wp-content\\\/uploads\\\/2021\\\/04\\\/logo-sapor-e1618419520128.png\",\"contentUrl\":\"https:\\\/\\\/sapor.pl\\\/wp-content\\\/uploads\\\/2021\\\/04\\\/logo-sapor-e1618419520128.png\",\"width\":140,\"height\":67,\"caption\":\"Sapor Sp. z o. o.\"},\"image\":{\"@id\":\"https:\\\/\\\/sapor.pl\\\/en\\\/#\\\/schema\\\/logo\\\/image\\\/\"},\"sameAs\":[\"https:\\\/\\\/www.facebook.com\\\/SAPOR.Fabryka.okien.i.drzwi\\\/\"]}]}<\/script>\n<!-- \/ Yoast SEO plugin. -->","yoast_head_json":{"title":"MB-60 HI - Sapor","robots":{"index":"index","follow":"follow","max-snippet":"max-snippet:-1","max-image-preview":"max-image-preview:large","max-video-preview":"max-video-preview:-1"},"canonical":"https:\/\/sapor.pl\/en\/aluminum-windows\/mb-60-hi\/","og_locale":"it_IT","og_type":"article","og_title":"MB-60 HI - Sapor","og_url":"https:\/\/sapor.pl\/en\/aluminum-windows\/mb-60-hi\/","og_site_name":"Sapor","article_publisher":"https:\/\/www.facebook.com\/SAPOR.Fabryka.okien.i.drzwi\/","article_modified_time":"2025-01-14T13:47:27+00:00","twitter_card":"summary_large_image","twitter_misc":{"Tempo di lettura stimato":"21 minuti"},"schema":{"@context":"https:\/\/schema.org","@graph":[{"@type":"WebPage","@id":"https:\/\/sapor.pl\/en\/aluminum-windows\/mb-60-hi\/","url":"https:\/\/sapor.pl\/en\/aluminum-windows\/mb-60-hi\/","name":"MB-60 HI - Sapor","isPartOf":{"@id":"https:\/\/sapor.pl\/en\/#website"},"datePublished":"2023-09-14T17:52:40+00:00","dateModified":"2025-01-14T13:47:27+00:00","breadcrumb":{"@id":"https:\/\/sapor.pl\/en\/aluminum-windows\/mb-60-hi\/#breadcrumb"},"inLanguage":"it-IT","potentialAction":[{"@type":"ReadAction","target":["https:\/\/sapor.pl\/en\/aluminum-windows\/mb-60-hi\/"]}]},{"@type":"BreadcrumbList","@id":"https:\/\/sapor.pl\/en\/aluminum-windows\/mb-60-hi\/#breadcrumb","itemListElement":[{"@type":"ListItem","position":1,"name":"Homepage","item":"https:\/\/sapor.pl\/de\/"},{"@type":"ListItem","position":2,"name":"Alluminio","item":"https:\/\/sapor.pl\/aluminium\/"},{"@type":"ListItem","position":3,"name":"Finestre in alluminio","item":"https:\/\/sapor.pl\/aluminium\/okna-aluminiowe\/"},{"@type":"ListItem","position":4,"name":"MB-60 HI"}]},{"@type":"WebSite","@id":"https:\/\/sapor.pl\/en\/#website","url":"https:\/\/sapor.pl\/en\/","name":"Sapor","description":"","publisher":{"@id":"https:\/\/sapor.pl\/en\/#organization"},"potentialAction":[{"@type":"SearchAction","target":{"@type":"EntryPoint","urlTemplate":"https:\/\/sapor.pl\/en\/?s={search_term_string}"},"query-input":{"@type":"PropertyValueSpecification","valueRequired":true,"valueName":"search_term_string"}}],"inLanguage":"it-IT"},{"@type":"Organization","@id":"https:\/\/sapor.pl\/en\/#organization","name":"Sapor Sp. z o. o.","url":"https:\/\/sapor.pl\/en\/","logo":{"@type":"ImageObject","inLanguage":"it-IT","@id":"https:\/\/sapor.pl\/en\/#\/schema\/logo\/image\/","url":"https:\/\/sapor.pl\/wp-content\/uploads\/2021\/04\/logo-sapor-e1618419520128.png","contentUrl":"https:\/\/sapor.pl\/wp-content\/uploads\/2021\/04\/logo-sapor-e1618419520128.png","width":140,"height":67,"caption":"Sapor Sp. z o. o."},"image":{"@id":"https:\/\/sapor.pl\/en\/#\/schema\/logo\/image\/"},"sameAs":["https:\/\/www.facebook.com\/SAPOR.Fabryka.okien.i.drzwi\/"]}]}},"_links":{"self":[{"href":"https:\/\/sapor.pl\/it\/wp-json\/wp\/v2\/pages\/4357","targetHints":{"allow":["GET"]}}],"collection":[{"href":"https:\/\/sapor.pl\/it\/wp-json\/wp\/v2\/pages"}],"about":[{"href":"https:\/\/sapor.pl\/it\/wp-json\/wp\/v2\/types\/page"}],"author":[{"embeddable":true,"href":"https:\/\/sapor.pl\/it\/wp-json\/wp\/v2\/users\/1"}],"replies":[{"embeddable":true,"href":"https:\/\/sapor.pl\/it\/wp-json\/wp\/v2\/comments?post=4357"}],"version-history":[{"count":3,"href":"https:\/\/sapor.pl\/it\/wp-json\/wp\/v2\/pages\/4357\/revisions"}],"predecessor-version":[{"id":10811,"href":"https:\/\/sapor.pl\/it\/wp-json\/wp\/v2\/pages\/4357\/revisions\/10811"}],"up":[{"embeddable":true,"href":"https:\/\/sapor.pl\/it\/wp-json\/wp\/v2\/pages\/4351"}],"wp:attachment":[{"href":"https:\/\/sapor.pl\/it\/wp-json\/wp\/v2\/media?parent=4357"}],"curies":[{"name":"wp","href":"https:\/\/api.w.org\/{rel}","templated":true}]}}