{"id":8164,"date":"2024-03-02T20:26:18","date_gmt":"2024-03-02T19:26:18","guid":{"rendered":"https:\/\/sapor.pl\/gealan-lineare\/"},"modified":"2024-03-02T20:39:21","modified_gmt":"2024-03-02T19:39:21","slug":"gealan-lineare","status":"publish","type":"page","link":"https:\/\/sapor.pl\/it\/gealan-lineare\/","title":{"rendered":"Gealan Lineare"},"content":{"rendered":"<div class=\"fusion-fullwidth fullwidth-box fusion-builder-row-1 fusion-flex-container nonhundred-percent-fullwidth non-hundred-percent-height-scrolling\" style=\"--awb-border-radius-top-left:0px;--awb-border-radius-top-right:0px;--awb-border-radius-bottom-right:0px;--awb-border-radius-bottom-left:0px;--awb-flex-wrap:wrap;\" ><div class=\"fusion-builder-row fusion-row fusion-flex-align-items-flex-start fusion-flex-content-wrap\" style=\"max-width:1528.8px;margin-left: calc(-4% \/ 2 );margin-right: calc(-4% \/ 2 );\"><div class=\"fusion-layout-column fusion_builder_column fusion-builder-column-0 fusion_builder_column_1_1 1_1 fusion-flex-column\" style=\"--awb-bg-size:cover;--awb-width-large:100%;--awb-margin-top-large:0px;--awb-spacing-right-large:1.92%;--awb-margin-bottom-large:20px;--awb-spacing-left-large:1.92%;--awb-width-medium:100%;--awb-order-medium:0;--awb-spacing-right-medium:1.92%;--awb-spacing-left-medium:1.92%;--awb-width-small:100%;--awb-order-small:0;--awb-spacing-right-small:1.92%;--awb-spacing-left-small:1.92%;\"><div class=\"fusion-column-wrapper fusion-column-has-shadow fusion-flex-justify-content-flex-start fusion-content-layout-column\"><div class=\"fusion-text fusion-text-1\"><h2 class=\"fusion-responsive-typography-calculated\" style=\"--fontsize: 40; line-height: 1.2;\" data-fontsize=\"40\" data-lineheight=\"48px\"><strong>Finestra lineare in PVC Gealan<\/strong><\/h2>\n<\/div><div class=\"fusion-text fusion-text-2 fusion-animated\" data-animationType=\"slideInUp\" data-animationDuration=\"0.9\" data-animationOffset=\"top-into-view\"><p>Ecologia e imitazione dell&#8217;alluminio ai massimi livelli | finestre premium ideali per il programma &#8220;Aria pulita&#8221;<\/p>\n<\/div><\/div><\/div><div class=\"fusion-layout-column fusion_builder_column fusion-builder-column-1 fusion_builder_column_1_1 1_1 fusion-flex-column\" style=\"--awb-bg-size:cover;--awb-width-large:100%;--awb-margin-top-large:0px;--awb-spacing-right-large:1.92%;--awb-margin-bottom-large:20px;--awb-spacing-left-large:1.92%;--awb-width-medium:100%;--awb-order-medium:0;--awb-spacing-right-medium:1.92%;--awb-spacing-left-medium:1.92%;--awb-width-small:100%;--awb-order-small:0;--awb-spacing-right-small:1.92%;--awb-spacing-left-small:1.92%;\"><div class=\"fusion-column-wrapper fusion-column-has-shadow fusion-flex-justify-content-flex-start fusion-content-layout-column\"><div class=\"fusion-text fusion-text-3\"><p>Le finestre in PVC Gealan Linear, con una profondit\u00e0 del profilo di 74 mm, combinano i vantaggi di un design moderno con un&#8217;elevata funzionalit\u00e0. Il loro design innovativo garantisce un eccellente isolamento termico grazie all&#8217;utilizzo di una tecnologia di tenuta avanzata e di un profilo dalla geometria ottimizzata. Il sistema \u00e8 caratterizzato da un design minimalista, che consente di realizzare ampie vetrate che lasciano entrare pi\u00f9 luce negli interni e offrono una vista migliore. Grazie alla tecnologia di incollaggio del vetro al telaio, queste finestre offrono una maggiore stabilit\u00e0 e migliori prestazioni di isolamento. Gealan Linear \u00e8 la soluzione ideale per chi cerca finestre moderne, resistenti ed efficienti dal punto di vista energetico per la propria casa.<\/p>\n<\/div><\/div><\/div><div class=\"fusion-layout-column fusion_builder_column fusion-builder-column-2 fusion_builder_column_1_3 1_3 fusion-flex-column\" style=\"--awb-bg-size:cover;--awb-width-large:33.333333333333%;--awb-margin-top-large:0px;--awb-spacing-right-large:5.76%;--awb-margin-bottom-large:20px;--awb-spacing-left-large:5.76%;--awb-width-medium:33.333333333333%;--awb-order-medium:0;--awb-spacing-right-medium:5.76%;--awb-spacing-left-medium:5.76%;--awb-width-small:100%;--awb-order-small:0;--awb-spacing-right-small:1.92%;--awb-spacing-left-small:1.92%;\"><div class=\"fusion-column-wrapper fusion-column-has-shadow fusion-flex-justify-content-flex-start fusion-content-layout-column\"><div class=\"fusion-image-element \" style=\"text-align:center;--awb-caption-title-font-family:var(--h2_typography-font-family);--awb-caption-title-font-weight:var(--h2_typography-font-weight);--awb-caption-title-font-style:var(--h2_typography-font-style);--awb-caption-title-size:var(--h2_typography-font-size);--awb-caption-title-transform:var(--h2_typography-text-transform);--awb-caption-title-line-height:var(--h2_typography-line-height);--awb-caption-title-letter-spacing:var(--h2_typography-letter-spacing);\"><span class=\" fusion-imageframe imageframe-none imageframe-1 hover-type-none fusion-animated\" data-animationType=\"slideInRight\" data-animationDuration=\"0.3\" data-animationOffset=\"top-into-view\"><img decoding=\"async\" width=\"1080\" height=\"1080\" alt=\"gealan linear\" title=\"sapor (1)\" src=\"https:\/\/sapor.pl\/wp-content\/uploads\/2024\/03\/sapor-1.png\" data-orig-src=\"https:\/\/sapor.pl\/wp-content\/uploads\/2024\/03\/sapor-1.png\" class=\"lazyload img-responsive wp-image-8192\" srcset=\"data:image\/svg+xml,%3Csvg%20xmlns%3D%27http%3A%2F%2Fwww.w3.org%2F2000%2Fsvg%27%20width%3D%271080%27%20height%3D%271080%27%20viewBox%3D%270%200%201080%201080%27%3E%3Crect%20width%3D%271080%27%20height%3D%271080%27%20fill-opacity%3D%220%22%2F%3E%3C%2Fsvg%3E\" data-srcset=\"https:\/\/sapor.pl\/wp-content\/uploads\/2024\/03\/sapor-1-200x200.png 200w, https:\/\/sapor.pl\/wp-content\/uploads\/2024\/03\/sapor-1-400x400.png 400w, https:\/\/sapor.pl\/wp-content\/uploads\/2024\/03\/sapor-1-600x600.png 600w, https:\/\/sapor.pl\/wp-content\/uploads\/2024\/03\/sapor-1-800x800.png 800w, https:\/\/sapor.pl\/wp-content\/uploads\/2024\/03\/sapor-1.png 1080w\" data-sizes=\"auto\" data-orig-sizes=\"(max-width: 1024px) 100vw, 600px\" \/><\/span><\/div><\/div><\/div><div class=\"fusion-layout-column fusion_builder_column fusion-builder-column-3 fusion_builder_column_1_3 1_3 fusion-flex-column\" style=\"--awb-bg-size:cover;--awb-width-large:33.333333333333%;--awb-margin-top-large:0px;--awb-spacing-right-large:5.76%;--awb-margin-bottom-large:20px;--awb-spacing-left-large:5.76%;--awb-width-medium:33.333333333333%;--awb-order-medium:0;--awb-spacing-right-medium:5.76%;--awb-spacing-left-medium:5.76%;--awb-width-small:100%;--awb-order-small:0;--awb-spacing-right-small:1.92%;--awb-spacing-left-small:1.92%;\"><div class=\"fusion-column-wrapper fusion-column-has-shadow fusion-flex-justify-content-flex-start fusion-content-layout-column\"><div class=\"fusion-image-element \" style=\"--awb-caption-title-font-family:var(--h2_typography-font-family);--awb-caption-title-font-weight:var(--h2_typography-font-weight);--awb-caption-title-font-style:var(--h2_typography-font-style);--awb-caption-title-size:var(--h2_typography-font-size);--awb-caption-title-transform:var(--h2_typography-text-transform);--awb-caption-title-line-height:var(--h2_typography-line-height);--awb-caption-title-letter-spacing:var(--h2_typography-letter-spacing);\"><span class=\" fusion-imageframe imageframe-none imageframe-2 hover-type-none\"><img decoding=\"async\" width=\"1080\" height=\"1080\" alt=\"gealan linear\" title=\"sapor\" src=\"https:\/\/sapor.pl\/wp-content\/uploads\/2024\/03\/sapor.png\" data-orig-src=\"https:\/\/sapor.pl\/wp-content\/uploads\/2024\/03\/sapor.png\" class=\"lazyload img-responsive wp-image-8187\" srcset=\"data:image\/svg+xml,%3Csvg%20xmlns%3D%27http%3A%2F%2Fwww.w3.org%2F2000%2Fsvg%27%20width%3D%271080%27%20height%3D%271080%27%20viewBox%3D%270%200%201080%201080%27%3E%3Crect%20width%3D%271080%27%20height%3D%271080%27%20fill-opacity%3D%220%22%2F%3E%3C%2Fsvg%3E\" data-srcset=\"https:\/\/sapor.pl\/wp-content\/uploads\/2024\/03\/sapor-200x200.png 200w, https:\/\/sapor.pl\/wp-content\/uploads\/2024\/03\/sapor-400x400.png 400w, https:\/\/sapor.pl\/wp-content\/uploads\/2024\/03\/sapor-600x600.png 600w, https:\/\/sapor.pl\/wp-content\/uploads\/2024\/03\/sapor-800x800.png 800w, https:\/\/sapor.pl\/wp-content\/uploads\/2024\/03\/sapor.png 1080w\" data-sizes=\"auto\" data-orig-sizes=\"(max-width: 1024px) 100vw, 600px\" \/><\/span><\/div><\/div><\/div><div class=\"fusion-layout-column fusion_builder_column fusion-builder-column-4 fusion_builder_column_1_3 1_3 fusion-flex-column\" style=\"--awb-bg-size:cover;--awb-width-large:33.333333333333%;--awb-margin-top-large:0px;--awb-spacing-right-large:5.76%;--awb-margin-bottom-large:20px;--awb-spacing-left-large:5.76%;--awb-width-medium:33.333333333333%;--awb-order-medium:0;--awb-spacing-right-medium:5.76%;--awb-spacing-left-medium:5.76%;--awb-width-small:100%;--awb-order-small:0;--awb-spacing-right-small:1.92%;--awb-spacing-left-small:1.92%;\"><div class=\"fusion-column-wrapper fusion-column-has-shadow fusion-flex-justify-content-flex-start fusion-content-layout-column\"><div class=\"fusion-image-element \" style=\"--awb-caption-title-font-family:var(--h2_typography-font-family);--awb-caption-title-font-weight:var(--h2_typography-font-weight);--awb-caption-title-font-style:var(--h2_typography-font-style);--awb-caption-title-size:var(--h2_typography-font-size);--awb-caption-title-transform:var(--h2_typography-text-transform);--awb-caption-title-line-height:var(--h2_typography-line-height);--awb-caption-title-letter-spacing:var(--h2_typography-letter-spacing);\"><span class=\" fusion-imageframe imageframe-none imageframe-3 hover-type-none\"><img decoding=\"async\" width=\"1080\" height=\"1080\" alt=\"gealan linear\" title=\"4\" src=\"https:\/\/sapor.pl\/wp-content\/uploads\/2024\/03\/4.png\" data-orig-src=\"https:\/\/sapor.pl\/wp-content\/uploads\/2024\/03\/4.png\" class=\"lazyload img-responsive wp-image-8181\" srcset=\"data:image\/svg+xml,%3Csvg%20xmlns%3D%27http%3A%2F%2Fwww.w3.org%2F2000%2Fsvg%27%20width%3D%271080%27%20height%3D%271080%27%20viewBox%3D%270%200%201080%201080%27%3E%3Crect%20width%3D%271080%27%20height%3D%271080%27%20fill-opacity%3D%220%22%2F%3E%3C%2Fsvg%3E\" data-srcset=\"https:\/\/sapor.pl\/wp-content\/uploads\/2024\/03\/4-200x200.png 200w, https:\/\/sapor.pl\/wp-content\/uploads\/2024\/03\/4-400x400.png 400w, https:\/\/sapor.pl\/wp-content\/uploads\/2024\/03\/4-600x600.png 600w, https:\/\/sapor.pl\/wp-content\/uploads\/2024\/03\/4-800x800.png 800w, https:\/\/sapor.pl\/wp-content\/uploads\/2024\/03\/4.png 1080w\" data-sizes=\"auto\" data-orig-sizes=\"(max-width: 1024px) 100vw, 600px\" \/><\/span><\/div><\/div><\/div><div class=\"fusion-layout-column fusion_builder_column fusion-builder-column-5 fusion_builder_column_1_1 1_1 fusion-flex-column\" style=\"--awb-bg-size:cover;--awb-width-large:100%;--awb-margin-top-large:0px;--awb-spacing-right-large:1.92%;--awb-margin-bottom-large:20px;--awb-spacing-left-large:1.92%;--awb-width-medium:100%;--awb-order-medium:0;--awb-spacing-right-medium:1.92%;--awb-spacing-left-medium:1.92%;--awb-width-small:100%;--awb-order-small:0;--awb-spacing-right-small:1.92%;--awb-spacing-left-small:1.92%;\"><div class=\"fusion-column-wrapper fusion-column-has-shadow fusion-flex-justify-content-flex-start fusion-content-layout-column\">\n<div class=\"table-2\">\n<table style=\"height: 345px;\" width=\"900\">\n<thead>\n<tr>\n<th align=\"left\">Informazioni di base<\/th>\n<th align=\"left\"><\/th>\n<\/tr>\n<\/thead>\n<tbody>\n<tr>\n<td align=\"left\"><strong>Numero di riquadri<\/strong><\/td>\n<td align=\"left\">3<\/td>\n<\/tr>\n<tr>\n<td align=\"left\"><strong>Numero di guarnizioni<\/strong><\/td>\n<td align=\"left\">3<\/td>\n<\/tr>\n<tr>\n<td align=\"left\"><strong>Coefficiente Uw<\/strong><\/td>\n<td align=\"left\">0.78<\/td>\n<\/tr>\n<tr>\n<td align=\"left\"><strong>Profondit\u00e0 del profilo<\/strong><\/td>\n<td align=\"left\">74 mm<\/td>\n<\/tr>\n<tr>\n<td align=\"left\"><strong>Saldatura<\/strong><\/td>\n<td align=\"left\">V-Perfetto<\/td>\n<\/tr>\n<\/tbody>\n<\/table>\n<\/div>\n\n<div class=\"table-2 fusion-no-medium-visibility\">\n<table style=\"height: 222px;\" width=\"1200\">\n<thead>\n<tr>\n<th align=\"left\">Specifiche tecniche<\/th>\n<th align=\"left\"><\/th>\n<\/tr>\n<\/thead>\n<tbody>\n<tr>\n<td align=\"left\"><strong>Materiale<\/strong><\/td>\n<td align=\"left\">PVC<\/td>\n<\/tr>\n<tr>\n<td align=\"left\"><strong>Marchio<\/strong><\/td>\n<td align=\"left\">Gealan<\/td>\n<\/tr>\n<tr>\n<td align=\"left\"><strong>Uf<\/strong><\/td>\n<td align=\"left\">1.0<\/td>\n<\/tr>\n<tr>\n<td align=\"left\"><strong>Ug<\/strong><\/td>\n<td align=\"left\">0.5<\/td>\n<\/tr>\n<tr>\n<td align=\"left\"><strong>Uw<\/strong><\/td>\n<td align=\"left\">0.78<\/td>\n<\/tr>\n<tr>\n<td align=\"left\"><strong>Profondit\u00e0 del telaio<\/strong><\/td>\n<td align=\"left\">74 mm<\/td>\n<\/tr>\n<tr>\n<td align=\"left\"><strong>Profondit\u00e0 dell&#8217;anta<\/strong><\/td>\n<td align=\"left\">74 mm<\/td>\n<\/tr>\n<tr>\n<td align=\"left\"><strong>Dimensione massima dell&#8217;anta<\/strong><\/td>\n<td align=\"left\">2,5 m2<\/td>\n<\/tr>\n<tr>\n<td align=\"left\"><strong>Max. peso dell&#8217;ala<\/strong><\/td>\n<td align=\"left\">130 kg<\/td>\n<\/tr>\n<\/tbody>\n<\/table>\n<\/div>\n<div class=\"fusion-text fusion-text-4 fusion-animated\" data-animationType=\"slideInUp\" data-animationDuration=\"0.3\" data-animationOffset=\"top-into-view\"><h1>Conoscere il profilo finestra in PVC &#8211; Gealan Linear<\/h1>\n<p><em>Efficienza energetica, design moderno e possibilit\u00e0 di finanziamento da parte del Programma Aria Pulita.<\/em><\/p>\n<p>Le finestre Gealan Linear sono la soluzione ideale per i progetti che richiedono un design moderno e un&#8217;elevata efficienza energetica. Grazie all&#8217;avanzata tecnologia di produzione e all&#8217;utilizzo di un&#8217;innovativa guarnizione centrale, queste finestre in PVC non solo sono efficienti dal punto di vista energetico, ma offrono anche un design eccezionale.<\/p>\n<h2>A chi consigliamo le finestre in PVC Gealan Linear?<\/h2>\n<p>Le finestre in PVC Gealan Linear sono particolarmente indicate per gli investitori e gli sviluppatori che cercano soluzioni moderne, estetiche e ad alta efficienza energetica per i loro progetti. Sono ideali per chi apprezza il minimalismo e l&#8217;eleganza, ma anche per chi pone l&#8217;accento sugli aspetti ecologici ed economici della costruzione. Il sistema \u00e8 ideale per i moderni edifici residenziali, direzionali e commerciali in cui sono importanti sia l&#8217;estetica che l&#8217;elevato isolamento termico.<\/p>\n<h2>Quale tipo di cliente finale dovrebbe essere interessato alle finestre Gealan Linear?<\/h2>\n<p>Il cliente finale che dovrebbe essere interessato alle finestre lineari Gealan \u00e8 quello che cerca finestre di alta qualit\u00e0 che combinino design moderno e funzionalit\u00e0. Ideale per chi apprezza l&#8217;estetica e il minimalismo ma non vuole rinunciare a un&#8217;elevata efficienza energetica. Gealan Linear \u00e8 anche una scelta eccellente per chi \u00e8 attento all&#8217;ambiente, grazie all&#8217;utilizzo di materiali riciclati. I clienti che desiderano durata, affidabilit\u00e0 e comfort nel rispetto dell&#8217;ambiente troveranno in Gealan Linear la risposta alle loro esigenze.<\/p>\n<h2>Offrire Gealan Linear ai clienti che danno importanza a questo aspetto:<\/h2>\n<p>Offrire Gealan Linear ai clienti che danno priorit\u00e0 al design moderno, all&#8217;efficienza energetica e alle soluzioni edilizie ecocompatibili. Ideale per chi cerca finestre ad alto isolamento termico e vuole che la propria casa o edificio si distingua per un&#8217;estetica simile all&#8217;alluminio. Il sistema \u00e8 dedicato anche a chi apprezza la durata e la bassa manutenzione, offrendo prodotti di alta qualit\u00e0 a un prezzo ragionevole.<\/p>\n<h2>Una buona alternativa alle finestre Gealan Linear &#8211; VEKA SOFTLINE 82MD<\/h2>\n<p>Le finestre Gealan Linear sono la scelta perfetta per chi apprezza la modernit\u00e0 e l&#8217;efficienza energetica. In alternativa, le finestre VEKA SOFTLINE 82MD possono offrire un elevato isolamento termico e un design moderno ed esteticamente gradevole. VEKA SOFTLINE 82MD \u00e8 la soluzione per i clienti che cercano finestre con parametri tecnici leggermente diversi, magari pi\u00f9 adatti alle esigenze specifiche dei loro progetti.<\/p>\n<h2>Maggiori informazioni sul produttore di finestre Gealan Linear<\/h2>\n<div class=\"flex-1 overflow-hidden\">\n<div class=\"react-scroll-to-bottom--css-czanw-79elbk h-full\">\n<div class=\"react-scroll-to-bottom--css-czanw-1n7m0yu\">\n<div class=\"flex flex-col text-sm pb-9\">\n<div class=\"w-full text-token-text-primary\" data-testid=\"conversation-turn-48\">\n<div class=\"px-4 py-2 justify-center text-base md:gap-6 m-auto\">\n<div class=\"flex flex-1 text-base mx-auto gap-3 md:px-5 lg:px-1 xl:px-5 md:max-w-3xl lg:max-w-&#091;40rem&#093; xl:max-w-&#091;48rem&#093; group final-completion\">\n<div class=\"relative flex w-full flex-col agent-turn\">\n<div class=\"flex-col gap-1 md:gap-3\">\n<div class=\"flex flex-grow flex-col max-w-full\">\n<div class=\"min-h-&#091;20px&#093; text-message flex flex-col items-start gap-3 whitespace-pre-wrap break-words &#091;.text-message+&amp;&#093;:mt-5 overflow-x-auto\" data-message-author-role=\"assistant\" data-message-id=\"c3883817-ab43-4d35-b5c6-286e39b400b8\">\n<div class=\"markdown prose w-full break-words dark:prose-invert dark\">\n<p>GEALAN \u00e8 un produttore affermato di sistemi per porte e finestre in PVC, noto per la sua innovazione e il suo impegno per la sostenibilit\u00e0. L&#8217;azienda offre un&#8217;ampia gamma di prodotti che soddisfano le esigenze dell&#8217;edilizia moderna, con particolare attenzione all&#8217;efficienza energetica, alla durata e all&#8217;estetica. Grazie all&#8217;impegno nello sviluppo e nel miglioramento continuo dei suoi prodotti, GEALAN mantiene la sua posizione di leader di mercato, offrendo soluzioni che soddisfano elevati standard qualitativi ed ecologici.<\/p>\n<\/div>\n<\/div>\n<\/div>\n<\/div>\n<\/div>\n<\/div>\n<\/div>\n<\/div>\n<\/div>\n<\/div>\n<\/div>\n<\/div>\n<h3>Ulteriori informazioni sui punti di forza delle finestre lineari Gealan<\/h3>\n<p>I punti di forza della finestra Gealan Linear sono soprattutto l&#8217;estetica moderna e l&#8217;elevato isolamento termico, che la rendono perfettamente adatta alle esigenze di un&#8217;edilizia ad alta efficienza energetica. L&#8217;innovativa guarnizione centrale migliora notevolmente le prestazioni termiche e l&#8217;uso della tecnologia STV\u00ae (incollaggio a secco del vetro) aumenta la stabilit\u00e0 dell&#8217;intera finestra. Inoltre, il sistema \u00e8 ecocompatibile, il che lo rende una scelta eccellente per chi ha a cuore l&#8217;ambiente.<\/p>\n<h2>Sintesi delle finestre lineari Gealan<\/h2>\n<div class=\"flex-1 overflow-hidden\">\n<div class=\"react-scroll-to-bottom--css-czanw-79elbk h-full\">\n<div class=\"react-scroll-to-bottom--css-czanw-1n7m0yu\">\n<div class=\"flex flex-col text-sm pb-9\">\n<div class=\"w-full text-token-text-primary\" data-testid=\"conversation-turn-54\">\n<div class=\"px-4 py-2 justify-center text-base md:gap-6 m-auto\">\n<div class=\"flex flex-1 text-base mx-auto gap-3 md:px-5 lg:px-1 xl:px-5 md:max-w-3xl lg:max-w-&#091;40rem&#093; xl:max-w-&#091;48rem&#093; group final-completion\">\n<div class=\"relative flex w-full flex-col agent-turn\">\n<div class=\"flex-col gap-1 md:gap-3\">\n<div class=\"flex flex-grow flex-col max-w-full\">\n<div class=\"min-h-&#091;20px&#093; text-message flex flex-col items-start gap-3 whitespace-pre-wrap break-words &#091;.text-message+&amp;&#093;:mt-5 overflow-x-auto\" data-message-author-role=\"assistant\" data-message-id=\"7385f17f-051d-4a7e-898f-1af8d6788fc1\">\n<div class=\"markdown prose w-full break-words dark:prose-invert dark\">\n<p>Le finestre Gealan Linear rappresentano la combinazione ideale di modernit\u00e0, efficienza energetica e rispetto dell&#8217;ambiente. Le loro caratteristiche high-tech, come le innovative guarnizioni e la tecnologia STV\u00ae , garantiscono un isolamento termico e una stabilit\u00e0 eccezionali. Inoltre, grazie alla capacit\u00e0 di utilizzare materiali riciclati, sono una scelta ecologica per l&#8217;edilizia moderna. Il sistema Gealan Linear, grazie alla sua estetica e ai suoi parametri, \u00e8 la soluzione perfetta per chi cerca finestre in PVC con un aspetto di alta gamma che ricorda l&#8217;alluminio, senza rinunciare ai vantaggi economici e ambientali.<\/p>\n<\/div>\n<\/div>\n<\/div>\n<\/div>\n<\/div>\n<\/div>\n<\/div>\n<\/div>\n<\/div>\n<\/div>\n<\/div>\n<\/div>\n<\/div><\/div><\/div><\/div><\/div>\n","protected":false},"excerpt":{"rendered":"","protected":false},"author":1,"featured_media":0,"parent":0,"menu_order":0,"comment_status":"closed","ping_status":"closed","template":"","meta":{"footnotes":""},"class_list":["post-8164","page","type-page","status-publish","hentry"],"yoast_head":"<!-- This site is optimized with the Yoast SEO plugin v27.5 - https:\/\/yoast.com\/product\/yoast-seo-wordpress\/ -->\n<title>Gealan Lineare - Sapor<\/title>\n<meta name=\"robots\" content=\"index, follow, max-snippet:-1, max-image-preview:large, max-video-preview:-1\" \/>\n<link rel=\"canonical\" href=\"https:\/\/sapor.pl\/gealan-linear\/\" \/>\n<meta property=\"og:locale\" content=\"it_IT\" \/>\n<meta property=\"og:type\" content=\"article\" \/>\n<meta property=\"og:title\" content=\"Gealan Lineare - Sapor\" \/>\n<meta property=\"og:url\" content=\"https:\/\/sapor.pl\/gealan-linear\/\" \/>\n<meta property=\"og:site_name\" content=\"Sapor\" \/>\n<meta property=\"article:publisher\" content=\"https:\/\/www.facebook.com\/SAPOR.Fabryka.okien.i.drzwi\/\" \/>\n<meta property=\"article:modified_time\" content=\"2024-03-02T19:39:21+00:00\" \/>\n<meta name=\"twitter:card\" content=\"summary_large_image\" \/>\n<meta name=\"twitter:label1\" content=\"Tempo di lettura stimato\" \/>\n\t<meta name=\"twitter:data1\" content=\"18 minuti\" \/>\n<script type=\"application\/ld+json\" class=\"yoast-schema-graph\">{\"@context\":\"https:\\\/\\\/schema.org\",\"@graph\":[{\"@type\":\"WebPage\",\"@id\":\"https:\\\/\\\/sapor.pl\\\/gealan-linear\\\/\",\"url\":\"https:\\\/\\\/sapor.pl\\\/gealan-linear\\\/\",\"name\":\"Gealan Lineare - Sapor\",\"isPartOf\":{\"@id\":\"https:\\\/\\\/sapor.pl\\\/en\\\/#website\"},\"datePublished\":\"2024-03-02T19:26:18+00:00\",\"dateModified\":\"2024-03-02T19:39:21+00:00\",\"breadcrumb\":{\"@id\":\"https:\\\/\\\/sapor.pl\\\/gealan-linear\\\/#breadcrumb\"},\"inLanguage\":\"it-IT\",\"potentialAction\":[{\"@type\":\"ReadAction\",\"target\":[\"https:\\\/\\\/sapor.pl\\\/gealan-linear\\\/\"]}]},{\"@type\":\"BreadcrumbList\",\"@id\":\"https:\\\/\\\/sapor.pl\\\/gealan-linear\\\/#breadcrumb\",\"itemListElement\":[{\"@type\":\"ListItem\",\"position\":1,\"name\":\"Homepage\",\"item\":\"https:\\\/\\\/sapor.pl\\\/de\\\/\"},{\"@type\":\"ListItem\",\"position\":2,\"name\":\"Gealan Lineare\"}]},{\"@type\":\"WebSite\",\"@id\":\"https:\\\/\\\/sapor.pl\\\/en\\\/#website\",\"url\":\"https:\\\/\\\/sapor.pl\\\/en\\\/\",\"name\":\"Sapor\",\"description\":\"\",\"publisher\":{\"@id\":\"https:\\\/\\\/sapor.pl\\\/en\\\/#organization\"},\"potentialAction\":[{\"@type\":\"SearchAction\",\"target\":{\"@type\":\"EntryPoint\",\"urlTemplate\":\"https:\\\/\\\/sapor.pl\\\/en\\\/?s={search_term_string}\"},\"query-input\":{\"@type\":\"PropertyValueSpecification\",\"valueRequired\":true,\"valueName\":\"search_term_string\"}}],\"inLanguage\":\"it-IT\"},{\"@type\":\"Organization\",\"@id\":\"https:\\\/\\\/sapor.pl\\\/en\\\/#organization\",\"name\":\"Sapor Sp. z o. o.\",\"url\":\"https:\\\/\\\/sapor.pl\\\/en\\\/\",\"logo\":{\"@type\":\"ImageObject\",\"inLanguage\":\"it-IT\",\"@id\":\"https:\\\/\\\/sapor.pl\\\/en\\\/#\\\/schema\\\/logo\\\/image\\\/\",\"url\":\"https:\\\/\\\/sapor.pl\\\/wp-content\\\/uploads\\\/2021\\\/04\\\/logo-sapor-e1618419520128.png\",\"contentUrl\":\"https:\\\/\\\/sapor.pl\\\/wp-content\\\/uploads\\\/2021\\\/04\\\/logo-sapor-e1618419520128.png\",\"width\":140,\"height\":67,\"caption\":\"Sapor Sp. z o. o.\"},\"image\":{\"@id\":\"https:\\\/\\\/sapor.pl\\\/en\\\/#\\\/schema\\\/logo\\\/image\\\/\"},\"sameAs\":[\"https:\\\/\\\/www.facebook.com\\\/SAPOR.Fabryka.okien.i.drzwi\\\/\"]}]}<\/script>\n<!-- \/ Yoast SEO plugin. -->","yoast_head_json":{"title":"Gealan Lineare - Sapor","robots":{"index":"index","follow":"follow","max-snippet":"max-snippet:-1","max-image-preview":"max-image-preview:large","max-video-preview":"max-video-preview:-1"},"canonical":"https:\/\/sapor.pl\/gealan-linear\/","og_locale":"it_IT","og_type":"article","og_title":"Gealan Lineare - Sapor","og_url":"https:\/\/sapor.pl\/gealan-linear\/","og_site_name":"Sapor","article_publisher":"https:\/\/www.facebook.com\/SAPOR.Fabryka.okien.i.drzwi\/","article_modified_time":"2024-03-02T19:39:21+00:00","twitter_card":"summary_large_image","twitter_misc":{"Tempo di lettura stimato":"18 minuti"},"schema":{"@context":"https:\/\/schema.org","@graph":[{"@type":"WebPage","@id":"https:\/\/sapor.pl\/gealan-linear\/","url":"https:\/\/sapor.pl\/gealan-linear\/","name":"Gealan Lineare - Sapor","isPartOf":{"@id":"https:\/\/sapor.pl\/en\/#website"},"datePublished":"2024-03-02T19:26:18+00:00","dateModified":"2024-03-02T19:39:21+00:00","breadcrumb":{"@id":"https:\/\/sapor.pl\/gealan-linear\/#breadcrumb"},"inLanguage":"it-IT","potentialAction":[{"@type":"ReadAction","target":["https:\/\/sapor.pl\/gealan-linear\/"]}]},{"@type":"BreadcrumbList","@id":"https:\/\/sapor.pl\/gealan-linear\/#breadcrumb","itemListElement":[{"@type":"ListItem","position":1,"name":"Homepage","item":"https:\/\/sapor.pl\/de\/"},{"@type":"ListItem","position":2,"name":"Gealan Lineare"}]},{"@type":"WebSite","@id":"https:\/\/sapor.pl\/en\/#website","url":"https:\/\/sapor.pl\/en\/","name":"Sapor","description":"","publisher":{"@id":"https:\/\/sapor.pl\/en\/#organization"},"potentialAction":[{"@type":"SearchAction","target":{"@type":"EntryPoint","urlTemplate":"https:\/\/sapor.pl\/en\/?s={search_term_string}"},"query-input":{"@type":"PropertyValueSpecification","valueRequired":true,"valueName":"search_term_string"}}],"inLanguage":"it-IT"},{"@type":"Organization","@id":"https:\/\/sapor.pl\/en\/#organization","name":"Sapor Sp. z o. o.","url":"https:\/\/sapor.pl\/en\/","logo":{"@type":"ImageObject","inLanguage":"it-IT","@id":"https:\/\/sapor.pl\/en\/#\/schema\/logo\/image\/","url":"https:\/\/sapor.pl\/wp-content\/uploads\/2021\/04\/logo-sapor-e1618419520128.png","contentUrl":"https:\/\/sapor.pl\/wp-content\/uploads\/2021\/04\/logo-sapor-e1618419520128.png","width":140,"height":67,"caption":"Sapor Sp. z o. o."},"image":{"@id":"https:\/\/sapor.pl\/en\/#\/schema\/logo\/image\/"},"sameAs":["https:\/\/www.facebook.com\/SAPOR.Fabryka.okien.i.drzwi\/"]}]}},"_links":{"self":[{"href":"https:\/\/sapor.pl\/it\/wp-json\/wp\/v2\/pages\/8164","targetHints":{"allow":["GET"]}}],"collection":[{"href":"https:\/\/sapor.pl\/it\/wp-json\/wp\/v2\/pages"}],"about":[{"href":"https:\/\/sapor.pl\/it\/wp-json\/wp\/v2\/types\/page"}],"author":[{"embeddable":true,"href":"https:\/\/sapor.pl\/it\/wp-json\/wp\/v2\/users\/1"}],"replies":[{"embeddable":true,"href":"https:\/\/sapor.pl\/it\/wp-json\/wp\/v2\/comments?post=8164"}],"version-history":[{"count":3,"href":"https:\/\/sapor.pl\/it\/wp-json\/wp\/v2\/pages\/8164\/revisions"}],"predecessor-version":[{"id":8207,"href":"https:\/\/sapor.pl\/it\/wp-json\/wp\/v2\/pages\/8164\/revisions\/8207"}],"wp:attachment":[{"href":"https:\/\/sapor.pl\/it\/wp-json\/wp\/v2\/media?parent=8164"}],"curies":[{"name":"wp","href":"https:\/\/api.w.org\/{rel}","templated":true}]}}